{"id":90,"date":"2026-01-21T14:39:41","date_gmt":"2026-01-21T13:39:41","guid":{"rendered":"https:\/\/supexup.formatome.fr\/2025-2026\/MCO1B\/1\/?post_type=product&#038;p=90"},"modified":"2026-01-21T14:43:14","modified_gmt":"2026-01-21T13:43:14","slug":"etui-a-pilule-amor-amor","status":"publish","type":"product","link":"https:\/\/supexup.formatome.fr\/2025-2026\/MCO1B\/1\/?product=etui-a-pilule-amor-amor","title":{"rendered":"\u00c9tui \u00e0 pilule &#8211; AMOR AMOR"},"content":{"rendered":"","protected":false},"excerpt":{"rendered":"<div class=\"product__description product__block product__block--gap-1 \">\n<div class=\"rte\">\n<div class=\"text-truncator rte no-scrollbar text-truncator--hidden\">\n<p data-end=\"332\" data-start=\"143\">Ne rate plus jamais ta pilule gr\u00e2ce \u00e0 notre mod\u00e8le\u00a0<strong>AMOR AMOR<\/strong>\u00a0!<\/p>\n<p data-end=\"332\" data-start=\"143\">Fix\u00e9 au dos de ton smartphone, il t\u2019accompagne partout et t\u2019assure d\u2019avoir toujours ta pilule \u00e0 port\u00e9e de main.<\/p>\n<ul data-end=\"618\" data-start=\"334\">\n<li data-end=\"372\" data-start=\"334\">\n<p data-end=\"372\" data-start=\"336\">Sa<strong data-end=\"349\" data-start=\"336\">\u00a0<\/strong>couleur<strong data-end=\"349\" data-start=\"336\">\u00a0<\/strong>d&rsquo;un\u00a0<strong>rouge<\/strong>\u00a0\u00e9clatant te promet une \u00e9l\u00e9gance qui ne passe pas inaper\u00e7ue<\/p>\n<\/li>\n<li data-end=\"498\" data-start=\"419\">\n<p data-end=\"498\" data-start=\"421\">Son<strong data-end=\"451\" data-start=\"421\">\u00a0design discret et tendance<\/strong>\u00a0est parfait pour s\u2019int\u00e9grer parfaitement \u00e0 ton t\u00e9l\u00e9phone<\/p>\n<\/li>\n<li data-end=\"552\" data-start=\"499\">\n<p data-end=\"552\" data-start=\"501\">Il inclut une<strong data-end=\"520\" data-start=\"501\">\u00a0fixation solide<\/strong>\u00a0\u00e0 l\u2019arri\u00e8re de ton smartphone<\/p>\n<\/li>\n<li data-end=\"618\" data-start=\"553\">\n<p data-end=\"618\" data-start=\"555\">Il est<strong data-end=\"595\" data-start=\"555\">\u00a0id\u00e9al pour ne plus oublier ta pilule<\/strong>, m\u00eame avec une journ\u00e9e de Girl Boss<\/p>\n<\/li>\n<\/ul>\n<\/div>\n<p><button class=\"button button--text button--uppercase text-truncator__button\" type=\"button\"><span class=\"text-truncator__button-text\">Lire plus<\/span><\/button><\/p>\n<\/div>\n<\/div>\n<div class=\"product__text product__block product__block--gap-1 product__text--none product__text--body caption caption--small\">\n<div class=\"product__text--body-wrapper\">\n<div class=\"product__text--body no-animation\">\n<div class=\"product__text--content\">Fabriqu\u00e9 en France<\/div>\n<\/div>\n<\/div>\n<\/div>\n<div class=\"product__text product__block product__block--gap-1 product__text--none product__text--body caption caption--small\">\n<div class=\"product__text--body-wrapper\">\n<div class=\"product__text--body no-animation\">\n<div class=\"product__text--content\">Compatible avec tous les t\u00e9l\u00e9phones<\/div>\n<\/div>\n<\/div>\n<\/div>\n<div class=\"product__text product__block product__block--gap-1 product__text--none product__text--body caption caption--small\">\n<div class=\"product__text--body-wrapper\">\n<div class=\"product__text--body no-animation\">\n<div class=\"product__text--content\">Installation ultra-simple<\/div>\n<\/div>\n<\/div>\n<\/div>\n","protected":false},"featured_media":91,"comment_status":"open","ping_status":"closed","template":"","meta":{"site-sidebar-layout":"default","site-content-layout":"","ast-site-content-layout":"default","site-content-style":"default","site-sidebar-style":"default","ast-global-header-display":"","ast-banner-title-visibility":"","ast-main-header-display":"","ast-hfb-above-header-display":"","ast-hfb-below-header-display":"","ast-hfb-mobile-header-display":"","site-post-title":"","ast-breadcrumbs-content":"","ast-featured-img":"","footer-sml-layout":"","theme-transparent-header-meta":"default","adv-header-id-meta":"","stick-header-meta":"","header-above-stick-meta":"","header-main-stick-meta":"","header-below-stick-meta":"","astra-migrate-meta-layouts":"set","ast-page-background-enabled":"default","ast-page-background-meta":{"desktop":{"background-color":"var(--ast-global-color-5)","background-image":"","background-repeat":"repeat","background-position":"center center","background-size":"auto","background-attachment":"scroll","background-type":"","background-media":"","overlay-type":"","overlay-color":"","overlay-opacity":"","overlay-gradient":""},"tablet":{"background-color":"","background-image":"","background-repeat":"repeat","background-position":"center center","background-size":"auto","background-attachment":"scroll","background-type":"","background-media":"","overlay-type":"","overlay-color":"","overlay-opacity":"","overlay-gradient":""},"mobile":{"background-color":"","background-image":"","background-repeat":"repeat","background-position":"center center","background-size":"auto","background-attachment":"scroll","background-type":"","background-media":"","overlay-type":"","overlay-color":"","overlay-opacity":"","overlay-gradient":""}},"ast-content-background-meta":{"desktop":{"background-color":"var(--ast-global-color-4)","background-image":"","background-repeat":"repeat","background-position":"center center","background-size":"auto","background-attachment":"scroll","background-type":"","background-media":"","overlay-type":"","overlay-color":"","overlay-opacity":"","overlay-gradient":""},"tablet":{"background-color":"var(--ast-global-color-4)","background-image":"","background-repeat":"repeat","background-position":"center center","background-size":"auto","background-attachment":"scroll","background-type":"","background-media":"","overlay-type":"","overlay-color":"","overlay-opacity":"","overlay-gradient":""},"mobile":{"background-color":"var(--ast-global-color-4)","background-image":"","background-repeat":"repeat","background-position":"center center","background-size":"auto","background-attachment":"scroll","background-type":"","background-media":"","overlay-type":"","overlay-color":"","overlay-opacity":"","overlay-gradient":""}}},"product_brand":[],"product_cat":[17],"product_tag":[],"class_list":{"0":"post-90","1":"product","2":"type-product","3":"status-publish","4":"has-post-thumbnail","6":"product_cat-non-classe","7":"desktop-align-left","8":"tablet-align-left","9":"mobile-align-left","11":"first","12":"instock","13":"sale","14":"shipping-taxable","15":"purchasable","16":"product-type-simple"},"_links":{"self":[{"href":"https:\/\/supexup.formatome.fr\/2025-2026\/MCO1B\/1\/index.php?rest_route=\/wp\/v2\/product\/90","targetHints":{"allow":["GET"]}}],"collection":[{"href":"https:\/\/supexup.formatome.fr\/2025-2026\/MCO1B\/1\/index.php?rest_route=\/wp\/v2\/product"}],"about":[{"href":"https:\/\/supexup.formatome.fr\/2025-2026\/MCO1B\/1\/index.php?rest_route=\/wp\/v2\/types\/product"}],"replies":[{"embeddable":true,"href":"https:\/\/supexup.formatome.fr\/2025-2026\/MCO1B\/1\/index.php?rest_route=%2Fwp%2Fv2%2Fcomments&post=90"}],"wp:featuredmedia":[{"embeddable":true,"href":"https:\/\/supexup.formatome.fr\/2025-2026\/MCO1B\/1\/index.php?rest_route=\/wp\/v2\/media\/91"}],"wp:attachment":[{"href":"https:\/\/supexup.formatome.fr\/2025-2026\/MCO1B\/1\/index.php?rest_route=%2Fwp%2Fv2%2Fmedia&parent=90"}],"wp:term":[{"taxonomy":"product_brand","embeddable":true,"href":"https:\/\/supexup.formatome.fr\/2025-2026\/MCO1B\/1\/index.php?rest_route=%2Fwp%2Fv2%2Fproduct_brand&post=90"},{"taxonomy":"product_cat","embeddable":true,"href":"https:\/\/supexup.formatome.fr\/2025-2026\/MCO1B\/1\/index.php?rest_route=%2Fwp%2Fv2%2Fproduct_cat&post=90"},{"taxonomy":"product_tag","embeddable":true,"href":"https:\/\/supexup.formatome.fr\/2025-2026\/MCO1B\/1\/index.php?rest_route=%2Fwp%2Fv2%2Fproduct_tag&post=90"}],"curies":[{"name":"wp","href":"https:\/\/api.w.org\/{rel}","templated":true}]}}