{"id":6,"date":"2026-03-25T16:49:11","date_gmt":"2026-03-25T15:49:11","guid":{"rendered":"https:\/\/supexup.formatome.fr\/2025-2026\/MCO1A\/9\/?page_id=6"},"modified":"2026-03-25T16:49:11","modified_gmt":"2026-03-25T15:49:11","slug":"ines","status":"publish","type":"page","link":"https:\/\/supexup.formatome.fr\/2025-2026\/MCO1A\/9\/ines\/","title":{"rendered":"ines"},"content":{"rendered":"\n<h2 class=\"wp-block-heading has-text-align-center\">L&rsquo;Atelier du Parfum<\/h2>\n\n\n\n<div class=\"wp-block-columns is-layout-flex wp-container-core-columns-is-layout-28f84493 wp-block-columns-is-layout-flex\">\n<div class=\"wp-block-column is-layout-flow wp-block-column-is-layout-flow\">\n<figure class=\"wp-block-image size-full is-resized\"><img loading=\"lazy\" decoding=\"async\" width=\"140\" height=\"200\" src=\"https:\/\/supexup.formatome.fr\/2025-2026\/MCO1A\/9\/wp-content\/uploads\/2026\/03\/2.jpg\" alt=\"\" class=\"wp-image-29\" style=\"width:252px;height:auto\"\/><\/figure>\n<\/div>\n\n\n\n<div class=\"wp-block-column is-layout-flow wp-block-column-is-layout-flow\">\n<figure class=\"wp-block-image size-full is-resized\"><img loading=\"lazy\" decoding=\"async\" width=\"200\" height=\"220\" src=\"https:\/\/supexup.formatome.fr\/2025-2026\/MCO1A\/9\/wp-content\/uploads\/2026\/03\/zadig-1.jpg\" alt=\"\" class=\"wp-image-28\" style=\"width:352px;height:auto\"\/><\/figure>\n<\/div>\n\n\n\n<div class=\"wp-block-column is-layout-flow wp-block-column-is-layout-flow\">\n<figure class=\"wp-block-image size-full is-resized\"><img loading=\"lazy\" decoding=\"async\" width=\"140\" height=\"200\" src=\"https:\/\/supexup.formatome.fr\/2025-2026\/MCO1A\/9\/wp-content\/uploads\/2026\/03\/3.jpg\" alt=\"\" class=\"wp-image-30\" style=\"width:262px;height:auto\"\/><\/figure>\n<\/div>\n<\/div>\n\n\n\n<blockquote class=\"wp-block-quote is-layout-flow wp-block-quote-is-layout-flow\">\n<p class=\"has-text-align-center\"><em>\u00a0\u00bb Le parfum est l&#8217;empreinte invisible qui laisse une trace inoubliable \u00a0\u00bb <\/em><\/p>\n<\/blockquote>\n\n\n\n<div class=\"wp-block-columns is-layout-flex wp-container-core-columns-is-layout-28f84493 wp-block-columns-is-layout-flex\">\n<div class=\"wp-block-column is-layout-flow wp-block-column-is-layout-flow\">\n<figure class=\"wp-block-image aligncenter size-full is-resized\"><img loading=\"lazy\" decoding=\"async\" width=\"800\" height=\"573\" src=\"https:\/\/supexup.formatome.fr\/2025-2026\/MCO1A\/9\/wp-content\/uploads\/2026\/03\/23-1.jpg\" alt=\"\" class=\"wp-image-38\" style=\"aspect-ratio:1.3961944006787057;width:430px;height:auto\" srcset=\"https:\/\/supexup.formatome.fr\/2025-2026\/MCO1A\/9\/wp-content\/uploads\/2026\/03\/23-1.jpg 800w, https:\/\/supexup.formatome.fr\/2025-2026\/MCO1A\/9\/wp-content\/uploads\/2026\/03\/23-1-300x215.jpg 300w, https:\/\/supexup.formatome.fr\/2025-2026\/MCO1A\/9\/wp-content\/uploads\/2026\/03\/23-1-768x550.jpg 768w\" sizes=\"auto, (max-width: 800px) 100vw, 800px\" \/><\/figure>\n<\/div>\n\n\n\n<div class=\"wp-block-column is-layout-flow wp-block-column-is-layout-flow\">\n<figure class=\"wp-block-image size-large\"><img loading=\"lazy\" decoding=\"async\" width=\"1024\" height=\"576\" src=\"https:\/\/supexup.formatome.fr\/2025-2026\/MCO1A\/9\/wp-content\/uploads\/2026\/03\/24-1-1024x576.jpg\" alt=\"\" class=\"wp-image-39\" srcset=\"https:\/\/supexup.formatome.fr\/2025-2026\/MCO1A\/9\/wp-content\/uploads\/2026\/03\/24-1-1024x576.jpg 1024w, https:\/\/supexup.formatome.fr\/2025-2026\/MCO1A\/9\/wp-content\/uploads\/2026\/03\/24-1-300x169.jpg 300w, https:\/\/supexup.formatome.fr\/2025-2026\/MCO1A\/9\/wp-content\/uploads\/2026\/03\/24-1-768x432.jpg 768w, https:\/\/supexup.formatome.fr\/2025-2026\/MCO1A\/9\/wp-content\/uploads\/2026\/03\/24-1.jpg 1200w\" sizes=\"auto, (max-width: 1024px) 100vw, 1024px\" \/><\/figure>\n<\/div>\n<\/div>\n\n\n\n<p>Notre objectif est de vous offrir bien plus qu\u2019un simple parfum : une v\u00e9ritable exp\u00e9rience sensorielle. Nous s\u00e9lectionnons avec soin des fragrances de qualit\u00e9 afin de vous proposer des senteurs uniques, capables de r\u00e9v\u00e9ler votre personnalit\u00e9 et d\u2019accompagner chacun de vos moments. Nous esp\u00e9rons sinc\u00e8rement vous satisfaire en vous proposant les meilleurs parfums, alliant \u00e9l\u00e9gance, authenticit\u00e9 et \u00e9motion.<\/p>\n\n\n\n<p><\/p>\n","protected":false},"excerpt":{"rendered":"<p>L&rsquo;Atelier du Parfum \u00a0\u00bb Le parfum est l&#8217;empreinte invisible qui laisse une trace inoubliable \u00a0\u00bb Notre objectif est de vous [&hellip;]<\/p>\n","protected":false},"author":1,"featured_media":0,"parent":0,"menu_order":0,"comment_status":"closed","ping_status":"closed","template":"","meta":{"site-sidebar-layout":"default","site-content-layout":"","ast-site-content-layout":"default","site-content-style":"default","site-sidebar-style":"default","ast-global-header-display":"","ast-banner-title-visibility":"","ast-main-header-display":"","ast-hfb-above-header-display":"","ast-hfb-below-header-display":"","ast-hfb-mobile-header-display":"","site-post-title":"","ast-breadcrumbs-content":"","ast-featured-img":"","footer-sml-layout":"","ast-disable-related-posts":"","theme-transparent-header-meta":"","adv-header-id-meta":"","stick-header-meta":"","header-above-stick-meta":"","header-main-stick-meta":"","header-below-stick-meta":"","astra-migrate-meta-layouts":"default","ast-page-background-enabled":"default","ast-page-background-meta":{"desktop":{"background-color":"var(--ast-global-color-5)","background-image":"","background-repeat":"repeat","background-position":"center center","background-size":"auto","background-attachment":"scroll","background-type":"","background-media":"","overlay-type":"","overlay-color":"","overlay-opacity":"","overlay-gradient":""},"tablet":{"background-color":"","background-image":"","background-repeat":"repeat","background-position":"center center","background-size":"auto","background-attachment":"scroll","background-type":"","background-media":"","overlay-type":"","overlay-color":"","overlay-opacity":"","overlay-gradient":""},"mobile":{"background-color":"","background-image":"","background-repeat":"repeat","background-position":"center center","background-size":"auto","background-attachment":"scroll","background-type":"","background-media":"","overlay-type":"","overlay-color":"","overlay-opacity":"","overlay-gradient":""}},"ast-content-background-meta":{"desktop":{"background-color":"var(--ast-global-color-4)","background-image":"","background-repeat":"repeat","background-position":"center center","background-size":"auto","background-attachment":"scroll","background-type":"","background-media":"","overlay-type":"","overlay-color":"","overlay-opacity":"","overlay-gradient":""},"tablet":{"background-color":"var(--ast-global-color-4)","background-image":"","background-repeat":"repeat","background-position":"center center","background-size":"auto","background-attachment":"scroll","background-type":"","background-media":"","overlay-type":"","overlay-color":"","overlay-opacity":"","overlay-gradient":""},"mobile":{"background-color":"var(--ast-global-color-4)","background-image":"","background-repeat":"repeat","background-position":"center center","background-size":"auto","background-attachment":"scroll","background-type":"","background-media":"","overlay-type":"","overlay-color":"","overlay-opacity":"","overlay-gradient":""}},"footnotes":""},"class_list":["post-6","page","type-page","status-publish","hentry"],"_links":{"self":[{"href":"https:\/\/supexup.formatome.fr\/2025-2026\/MCO1A\/9\/wp-json\/wp\/v2\/pages\/6","targetHints":{"allow":["GET"]}}],"collection":[{"href":"https:\/\/supexup.formatome.fr\/2025-2026\/MCO1A\/9\/wp-json\/wp\/v2\/pages"}],"about":[{"href":"https:\/\/supexup.formatome.fr\/2025-2026\/MCO1A\/9\/wp-json\/wp\/v2\/types\/page"}],"author":[{"embeddable":true,"href":"https:\/\/supexup.formatome.fr\/2025-2026\/MCO1A\/9\/wp-json\/wp\/v2\/users\/1"}],"replies":[{"embeddable":true,"href":"https:\/\/supexup.formatome.fr\/2025-2026\/MCO1A\/9\/wp-json\/wp\/v2\/comments?post=6"}],"version-history":[{"count":8,"href":"https:\/\/supexup.formatome.fr\/2025-2026\/MCO1A\/9\/wp-json\/wp\/v2\/pages\/6\/revisions"}],"predecessor-version":[{"id":42,"href":"https:\/\/supexup.formatome.fr\/2025-2026\/MCO1A\/9\/wp-json\/wp\/v2\/pages\/6\/revisions\/42"}],"wp:attachment":[{"href":"https:\/\/supexup.formatome.fr\/2025-2026\/MCO1A\/9\/wp-json\/wp\/v2\/media?parent=6"}],"curies":[{"name":"wp","href":"https:\/\/api.w.org\/{rel}","templated":true}]}}