{"id":68,"date":"2026-03-25T16:09:59","date_gmt":"2026-03-25T15:09:59","guid":{"rendered":"https:\/\/supexup.formatome.fr\/2025-2026\/MCO1A\/6\/?page_id=68"},"modified":"2026-03-25T16:11:45","modified_gmt":"2026-03-25T15:11:45","slug":"dior","status":"publish","type":"page","link":"https:\/\/supexup.formatome.fr\/2025-2026\/MCO1A\/6\/","title":{"rendered":"DIOR"},"content":{"rendered":"\n<p><\/p>\n\n\n\n<p><\/p>\n\n\n\n<p><\/p>\n\n\n\n<p><\/p>\n\n\n\n<p><\/p>\n\n\n\n<p><\/p>\n\n\n\n<p><\/p>\n\n\n\n<p><\/p>\n\n\n\n<p><\/p>\n\n\n\n<p><\/p>\n\n\n\n<p><\/p>\n\n\n\n<p><\/p>\n\n\n\n<p><\/p>\n\n\n\n<p><\/p>\n\n\n\n<p><\/p>\n\n\n\n<p class=\"has-text-align-center\" style=\"border-top-left-radius:0px;border-top-right-radius:0px;border-bottom-left-radius:0px;border-bottom-right-radius:0px;font-size:75px;font-style:italic;font-weight:1000\"><strong>DIOR<\/strong> Parfum<\/p>\n\n\n\n<figure class=\"wp-block-image size-large\"><img loading=\"lazy\" decoding=\"async\" width=\"1024\" height=\"575\" src=\"https:\/\/supexup.formatome.fr\/2025-2026\/MCO1A\/6\/wp-content\/uploads\/2026\/03\/IMG_0422-1024x575.jpeg\" alt=\"\" class=\"wp-image-69\" srcset=\"https:\/\/supexup.formatome.fr\/2025-2026\/MCO1A\/6\/wp-content\/uploads\/2026\/03\/IMG_0422-1024x575.jpeg 1024w, https:\/\/supexup.formatome.fr\/2025-2026\/MCO1A\/6\/wp-content\/uploads\/2026\/03\/IMG_0422-300x169.jpeg 300w, https:\/\/supexup.formatome.fr\/2025-2026\/MCO1A\/6\/wp-content\/uploads\/2026\/03\/IMG_0422-768x432.jpeg 768w, https:\/\/supexup.formatome.fr\/2025-2026\/MCO1A\/6\/wp-content\/uploads\/2026\/03\/IMG_0422.jpeg 1260w\" sizes=\"auto, (max-width: 1024px) 100vw, 1024px\" \/><\/figure>\n\n\n\n<p>Depuis 1947, la maison Dior incarne l\u2019excellence et le raffinement \u00e0 la fran\u00e7aise. Fond\u00e9e par Christian Dior, elle impose une vision unique du luxe o\u00f9 chaque parfum devient une v\u00e9ritable signature. Alliant tradition, innovation et \u00e9motion, Dior a su traverser les \u00e9poques en cr\u00e9ant des fragrances iconiques, pens\u00e9es pour r\u00e9v\u00e9ler la personnalit\u00e9 de chacun et laisser une empreinte inoubliable.  <\/p>\n\n\n\n<blockquote class=\"wp-block-quote is-layout-flow wp-block-quote-is-layout-flow\">\n<p>\u00ab&nbsp;Je cr\u00e9e des parfums pour qu\u2019ils laissent une trace inoubliable.&nbsp;\u00bb. <\/p>\n\n\n\n<p>Christian Dior<\/p>\n<\/blockquote>\n","protected":false},"excerpt":{"rendered":"<p>DIOR Parfum Depuis 1947, la maison Dior incarne l\u2019excellence et le raffinement \u00e0 la fran\u00e7aise. Fond\u00e9e par Christian Dior, elle [&hellip;]<\/p>\n","protected":false},"author":1,"featured_media":0,"parent":0,"menu_order":0,"comment_status":"closed","ping_status":"closed","template":"","meta":{"site-sidebar-layout":"default","site-content-layout":"","ast-site-content-layout":"default","site-content-style":"default","site-sidebar-style":"default","ast-global-header-display":"","ast-banner-title-visibility":"","ast-main-header-display":"","ast-hfb-above-header-display":"","ast-hfb-below-header-display":"","ast-hfb-mobile-header-display":"","site-post-title":"disabled","ast-breadcrumbs-content":"","ast-featured-img":"","footer-sml-layout":"","ast-disable-related-posts":"","theme-transparent-header-meta":"","adv-header-id-meta":"","stick-header-meta":"","header-above-stick-meta":"","header-main-stick-meta":"","header-below-stick-meta":"","astra-migrate-meta-layouts":"default","ast-page-background-enabled":"default","ast-page-background-meta":{"desktop":{"background-color":"var(--ast-global-color-5)","background-image":"","background-repeat":"repeat","background-position":"center center","background-size":"auto","background-attachment":"scroll","background-type":"","background-media":"","overlay-type":"","overlay-color":"","overlay-opacity":"","overlay-gradient":""},"tablet":{"background-color":"","background-image":"","background-repeat":"repeat","background-position":"center center","background-size":"auto","background-attachment":"scroll","background-type":"","background-media":"","overlay-type":"","overlay-color":"","overlay-opacity":"","overlay-gradient":""},"mobile":{"background-color":"","background-image":"","background-repeat":"repeat","background-position":"center center","background-size":"auto","background-attachment":"scroll","background-type":"","background-media":"","overlay-type":"","overlay-color":"","overlay-opacity":"","overlay-gradient":""}},"ast-content-background-meta":{"desktop":{"background-color":"var(--ast-global-color-4)","background-image":"","background-repeat":"repeat","background-position":"center center","background-size":"auto","background-attachment":"scroll","background-type":"","background-media":"","overlay-type":"","overlay-color":"","overlay-opacity":"","overlay-gradient":""},"tablet":{"background-color":"var(--ast-global-color-4)","background-image":"","background-repeat":"repeat","background-position":"center center","background-size":"auto","background-attachment":"scroll","background-type":"","background-media":"","overlay-type":"","overlay-color":"","overlay-opacity":"","overlay-gradient":""},"mobile":{"background-color":"var(--ast-global-color-4)","background-image":"","background-repeat":"repeat","background-position":"center center","background-size":"auto","background-attachment":"scroll","background-type":"","background-media":"","overlay-type":"","overlay-color":"","overlay-opacity":"","overlay-gradient":""}},"footnotes":""},"class_list":["post-68","page","type-page","status-publish","hentry"],"_links":{"self":[{"href":"https:\/\/supexup.formatome.fr\/2025-2026\/MCO1A\/6\/wp-json\/wp\/v2\/pages\/68","targetHints":{"allow":["GET"]}}],"collection":[{"href":"https:\/\/supexup.formatome.fr\/2025-2026\/MCO1A\/6\/wp-json\/wp\/v2\/pages"}],"about":[{"href":"https:\/\/supexup.formatome.fr\/2025-2026\/MCO1A\/6\/wp-json\/wp\/v2\/types\/page"}],"author":[{"embeddable":true,"href":"https:\/\/supexup.formatome.fr\/2025-2026\/MCO1A\/6\/wp-json\/wp\/v2\/users\/1"}],"replies":[{"embeddable":true,"href":"https:\/\/supexup.formatome.fr\/2025-2026\/MCO1A\/6\/wp-json\/wp\/v2\/comments?post=68"}],"version-history":[{"count":2,"href":"https:\/\/supexup.formatome.fr\/2025-2026\/MCO1A\/6\/wp-json\/wp\/v2\/pages\/68\/revisions"}],"predecessor-version":[{"id":72,"href":"https:\/\/supexup.formatome.fr\/2025-2026\/MCO1A\/6\/wp-json\/wp\/v2\/pages\/68\/revisions\/72"}],"wp:attachment":[{"href":"https:\/\/supexup.formatome.fr\/2025-2026\/MCO1A\/6\/wp-json\/wp\/v2\/media?parent=68"}],"curies":[{"name":"wp","href":"https:\/\/api.w.org\/{rel}","templated":true}]}}