{"id":6,"date":"2026-03-25T14:46:54","date_gmt":"2026-03-25T13:46:54","guid":{"rendered":"https:\/\/supexup.formatome.fr\/2025-2026\/MCO1A\/2\/?page_id=6"},"modified":"2026-03-25T16:20:05","modified_gmt":"2026-03-25T15:20:05","slug":"tas-snap","status":"publish","type":"page","link":"https:\/\/supexup.formatome.fr\/2025-2026\/MCO1A\/2\/","title":{"rendered":"CASIOAK ACCUEIL"},"content":{"rendered":"\n<pre class=\"wp-block-verse has-text-align-left\"><strong><em>Montres G-SHOCK CASIOAK<\/em><\/strong><\/pre>\n\n\n\n<figure class=\"wp-block-image size-large\"><img loading=\"lazy\" decoding=\"async\" width=\"1024\" height=\"86\" src=\"https:\/\/supexup.formatome.fr\/2025-2026\/MCO1A\/2\/wp-content\/uploads\/2026\/03\/Casio_WEB_5-1024x86.jpg\" alt=\"\" class=\"wp-image-25\" srcset=\"https:\/\/supexup.formatome.fr\/2025-2026\/MCO1A\/2\/wp-content\/uploads\/2026\/03\/Casio_WEB_5-1024x86.jpg 1024w, https:\/\/supexup.formatome.fr\/2025-2026\/MCO1A\/2\/wp-content\/uploads\/2026\/03\/Casio_WEB_5-300x25.jpg 300w, https:\/\/supexup.formatome.fr\/2025-2026\/MCO1A\/2\/wp-content\/uploads\/2026\/03\/Casio_WEB_5-768x65.jpg 768w, https:\/\/supexup.formatome.fr\/2025-2026\/MCO1A\/2\/wp-content\/uploads\/2026\/03\/Casio_WEB_5-1536x129.jpg 1536w, https:\/\/supexup.formatome.fr\/2025-2026\/MCO1A\/2\/wp-content\/uploads\/2026\/03\/Casio_WEB_5.jpg 1998w\" sizes=\"auto, (max-width: 1024px) 100vw, 1024px\" \/><\/figure>\n\n\n\n<details class=\"wp-block-details is-layout-flow wp-block-details-is-layout-flow\"><summary><em>La CASIOAK, c\u2019est l\u2019alliance parfaite entre style et performance.<br>Avec son design octogonal iconique, elle impose une pr\u00e9sence unique au poignet \u2014 \u00e0 la fois moderne, sportive et \u00e9l\u00e9gante. Son affichage analogique-digital et sa robustesse l\u00e9gendaire en font une montre pr\u00eate \u00e0 tout, sans compromis sur le style.<br>Minimaliste, r\u00e9sistante, intemporelle.<br>La CASIOAK, c\u2019est le d\u00e9tail qui fait la diff\u00e9rence.<\/em><\/summary>\n<p>   <\/p>\n<\/details>\n\n\n\n<figure class=\"wp-block-image size-full is-resized\"><img loading=\"lazy\" decoding=\"async\" width=\"1074\" height=\"716\" src=\"https:\/\/supexup.formatome.fr\/2025-2026\/MCO1A\/2\/wp-content\/uploads\/2026\/03\/GSHOCK-CasiOak-Chronographs-1-1074x716-1.jpg\" alt=\"\" class=\"wp-image-24\" style=\"aspect-ratio:1.7777777777777777;object-fit:contain;width:1021px;height:auto\" srcset=\"https:\/\/supexup.formatome.fr\/2025-2026\/MCO1A\/2\/wp-content\/uploads\/2026\/03\/GSHOCK-CasiOak-Chronographs-1-1074x716-1.jpg 1074w, https:\/\/supexup.formatome.fr\/2025-2026\/MCO1A\/2\/wp-content\/uploads\/2026\/03\/GSHOCK-CasiOak-Chronographs-1-1074x716-1-300x200.jpg 300w, https:\/\/supexup.formatome.fr\/2025-2026\/MCO1A\/2\/wp-content\/uploads\/2026\/03\/GSHOCK-CasiOak-Chronographs-1-1074x716-1-1024x683.jpg 1024w, https:\/\/supexup.formatome.fr\/2025-2026\/MCO1A\/2\/wp-content\/uploads\/2026\/03\/GSHOCK-CasiOak-Chronographs-1-1074x716-1-768x512.jpg 768w\" sizes=\"auto, (max-width: 1074px) 100vw, 1074px\" \/><\/figure>\n\n\n\n<h2 class=\"wp-block-heading\"><em>D\u00e9couvrez nos mod\u00e8les<\/em><\/h2>\n\n\n\n<div class=\"wp-block-columns are-vertically-aligned-center is-layout-flex wp-container-core-columns-is-layout-28f84493 wp-block-columns-is-layout-flex\">\n<div class=\"wp-block-column is-vertically-aligned-center is-layout-flow wp-block-column-is-layout-flow\">\n<figure class=\"wp-block-image size-full is-resized\"><img loading=\"lazy\" decoding=\"async\" width=\"794\" height=\"794\" src=\"https:\/\/supexup.formatome.fr\/2025-2026\/MCO1A\/2\/wp-content\/uploads\/2026\/03\/il_794xN.7024419531_esfk-3.webp\" alt=\"\" class=\"wp-image-33\" style=\"width:286px;height:auto\" srcset=\"https:\/\/supexup.formatome.fr\/2025-2026\/MCO1A\/2\/wp-content\/uploads\/2026\/03\/il_794xN.7024419531_esfk-3.webp 794w, https:\/\/supexup.formatome.fr\/2025-2026\/MCO1A\/2\/wp-content\/uploads\/2026\/03\/il_794xN.7024419531_esfk-3-300x300.webp 300w, https:\/\/supexup.formatome.fr\/2025-2026\/MCO1A\/2\/wp-content\/uploads\/2026\/03\/il_794xN.7024419531_esfk-3-150x150.webp 150w, https:\/\/supexup.formatome.fr\/2025-2026\/MCO1A\/2\/wp-content\/uploads\/2026\/03\/il_794xN.7024419531_esfk-3-768x768.webp 768w\" sizes=\"auto, (max-width: 794px) 100vw, 794px\" \/><\/figure>\n<\/div>\n\n\n\n<div class=\"wp-block-column is-vertically-aligned-center is-layout-flow wp-block-column-is-layout-flow\">\n<figure class=\"wp-block-image size-full is-resized\"><img loading=\"lazy\" decoding=\"async\" width=\"794\" height=\"794\" src=\"https:\/\/supexup.formatome.fr\/2025-2026\/MCO1A\/2\/wp-content\/uploads\/2026\/03\/il_794xN.6979571068_orfa-1.webp\" alt=\"\" class=\"wp-image-34\" style=\"width:286px;height:auto\" srcset=\"https:\/\/supexup.formatome.fr\/2025-2026\/MCO1A\/2\/wp-content\/uploads\/2026\/03\/il_794xN.6979571068_orfa-1.webp 794w, https:\/\/supexup.formatome.fr\/2025-2026\/MCO1A\/2\/wp-content\/uploads\/2026\/03\/il_794xN.6979571068_orfa-1-300x300.webp 300w, https:\/\/supexup.formatome.fr\/2025-2026\/MCO1A\/2\/wp-content\/uploads\/2026\/03\/il_794xN.6979571068_orfa-1-150x150.webp 150w, https:\/\/supexup.formatome.fr\/2025-2026\/MCO1A\/2\/wp-content\/uploads\/2026\/03\/il_794xN.6979571068_orfa-1-768x768.webp 768w\" sizes=\"auto, (max-width: 794px) 100vw, 794px\" \/><\/figure>\n<\/div>\n\n\n\n<div class=\"wp-block-column is-vertically-aligned-center is-layout-flow wp-block-column-is-layout-flow\">\n<figure class=\"wp-block-image size-full is-resized\"><img loading=\"lazy\" decoding=\"async\" width=\"794\" height=\"794\" src=\"https:\/\/supexup.formatome.fr\/2025-2026\/MCO1A\/2\/wp-content\/uploads\/2026\/03\/il_794xN.7361898050_20gg.webp\" alt=\"\" class=\"wp-image-38\" style=\"width:288px;height:auto\" srcset=\"https:\/\/supexup.formatome.fr\/2025-2026\/MCO1A\/2\/wp-content\/uploads\/2026\/03\/il_794xN.7361898050_20gg.webp 794w, https:\/\/supexup.formatome.fr\/2025-2026\/MCO1A\/2\/wp-content\/uploads\/2026\/03\/il_794xN.7361898050_20gg-300x300.webp 300w, https:\/\/supexup.formatome.fr\/2025-2026\/MCO1A\/2\/wp-content\/uploads\/2026\/03\/il_794xN.7361898050_20gg-150x150.webp 150w, https:\/\/supexup.formatome.fr\/2025-2026\/MCO1A\/2\/wp-content\/uploads\/2026\/03\/il_794xN.7361898050_20gg-768x768.webp 768w\" sizes=\"auto, (max-width: 794px) 100vw, 794px\" \/><\/figure>\n<\/div>\n<\/div>\n\n\n\n<div class=\"wp-block-columns is-layout-flex wp-container-core-columns-is-layout-28f84493 wp-block-columns-is-layout-flex\">\n<div class=\"wp-block-column is-layout-flow wp-block-column-is-layout-flow\">\n<figure class=\"wp-block-image size-full is-resized\"><img loading=\"lazy\" decoding=\"async\" width=\"794\" height=\"794\" src=\"https:\/\/supexup.formatome.fr\/2025-2026\/MCO1A\/2\/wp-content\/uploads\/2026\/03\/il_794xN.6794159578_nox6.webp\" alt=\"\" class=\"wp-image-39\" style=\"width:288px;height:auto\" srcset=\"https:\/\/supexup.formatome.fr\/2025-2026\/MCO1A\/2\/wp-content\/uploads\/2026\/03\/il_794xN.6794159578_nox6.webp 794w, https:\/\/supexup.formatome.fr\/2025-2026\/MCO1A\/2\/wp-content\/uploads\/2026\/03\/il_794xN.6794159578_nox6-300x300.webp 300w, https:\/\/supexup.formatome.fr\/2025-2026\/MCO1A\/2\/wp-content\/uploads\/2026\/03\/il_794xN.6794159578_nox6-150x150.webp 150w, https:\/\/supexup.formatome.fr\/2025-2026\/MCO1A\/2\/wp-content\/uploads\/2026\/03\/il_794xN.6794159578_nox6-768x768.webp 768w\" sizes=\"auto, (max-width: 794px) 100vw, 794px\" \/><\/figure>\n<\/div>\n\n\n\n<div class=\"wp-block-column is-layout-flow wp-block-column-is-layout-flow\">\n<figure class=\"wp-block-image size-full is-resized\"><img loading=\"lazy\" decoding=\"async\" width=\"794\" height=\"794\" src=\"https:\/\/supexup.formatome.fr\/2025-2026\/MCO1A\/2\/wp-content\/uploads\/2026\/03\/il_794xN.6794313576_ds7n.webp\" alt=\"\" class=\"wp-image-36\" style=\"width:290px;height:auto\" srcset=\"https:\/\/supexup.formatome.fr\/2025-2026\/MCO1A\/2\/wp-content\/uploads\/2026\/03\/il_794xN.6794313576_ds7n.webp 794w, https:\/\/supexup.formatome.fr\/2025-2026\/MCO1A\/2\/wp-content\/uploads\/2026\/03\/il_794xN.6794313576_ds7n-300x300.webp 300w, https:\/\/supexup.formatome.fr\/2025-2026\/MCO1A\/2\/wp-content\/uploads\/2026\/03\/il_794xN.6794313576_ds7n-150x150.webp 150w, https:\/\/supexup.formatome.fr\/2025-2026\/MCO1A\/2\/wp-content\/uploads\/2026\/03\/il_794xN.6794313576_ds7n-768x768.webp 768w\" sizes=\"auto, (max-width: 794px) 100vw, 794px\" \/><\/figure>\n<\/div>\n\n\n\n<div class=\"wp-block-column is-layout-flow wp-block-column-is-layout-flow\">\n<figure class=\"wp-block-image size-full is-resized\"><img loading=\"lazy\" decoding=\"async\" width=\"794\" height=\"794\" src=\"https:\/\/supexup.formatome.fr\/2025-2026\/MCO1A\/2\/wp-content\/uploads\/2026\/03\/il_794xN.6978344402_5kam-1.webp\" alt=\"\" class=\"wp-image-35\" style=\"width:290px;height:auto\" srcset=\"https:\/\/supexup.formatome.fr\/2025-2026\/MCO1A\/2\/wp-content\/uploads\/2026\/03\/il_794xN.6978344402_5kam-1.webp 794w, https:\/\/supexup.formatome.fr\/2025-2026\/MCO1A\/2\/wp-content\/uploads\/2026\/03\/il_794xN.6978344402_5kam-1-300x300.webp 300w, https:\/\/supexup.formatome.fr\/2025-2026\/MCO1A\/2\/wp-content\/uploads\/2026\/03\/il_794xN.6978344402_5kam-1-150x150.webp 150w, https:\/\/supexup.formatome.fr\/2025-2026\/MCO1A\/2\/wp-content\/uploads\/2026\/03\/il_794xN.6978344402_5kam-1-768x768.webp 768w\" sizes=\"auto, (max-width: 794px) 100vw, 794px\" \/><\/figure>\n<\/div>\n<\/div>\n\n\n\n<p><\/p>\n","protected":false},"excerpt":{"rendered":"<p>Montres G-SHOCK CASIOAK D\u00e9couvrez nos mod\u00e8les<\/p>\n","protected":false},"author":1,"featured_media":0,"parent":0,"menu_order":0,"comment_status":"closed","ping_status":"closed","template":"","meta":{"site-sidebar-layout":"default","site-content-layout":"","ast-site-content-layout":"default","site-content-style":"default","site-sidebar-style":"default","ast-global-header-display":"","ast-banner-title-visibility":"","ast-main-header-display":"","ast-hfb-above-header-display":"","ast-hfb-below-header-display":"","ast-hfb-mobile-header-display":"","site-post-title":"disabled","ast-breadcrumbs-content":"","ast-featured-img":"","footer-sml-layout":"","ast-disable-related-posts":"","theme-transparent-header-meta":"","adv-header-id-meta":"","stick-header-meta":"","header-above-stick-meta":"","header-main-stick-meta":"","header-below-stick-meta":"","astra-migrate-meta-layouts":"default","ast-page-background-enabled":"default","ast-page-background-meta":{"desktop":{"background-color":"var(--ast-global-color-5)","background-image":"","background-repeat":"repeat","background-position":"center center","background-size":"auto","background-attachment":"scroll","background-type":"","background-media":"","overlay-type":"","overlay-color":"","overlay-opacity":"","overlay-gradient":""},"tablet":{"background-color":"","background-image":"","background-repeat":"repeat","background-position":"center center","background-size":"auto","background-attachment":"scroll","background-type":"","background-media":"","overlay-type":"","overlay-color":"","overlay-opacity":"","overlay-gradient":""},"mobile":{"background-color":"","background-image":"","background-repeat":"repeat","background-position":"center center","background-size":"auto","background-attachment":"scroll","background-type":"","background-media":"","overlay-type":"","overlay-color":"","overlay-opacity":"","overlay-gradient":""}},"ast-content-background-meta":{"desktop":{"background-color":"var(--ast-global-color-4)","background-image":"","background-repeat":"repeat","background-position":"center center","background-size":"auto","background-attachment":"scroll","background-type":"","background-media":"","overlay-type":"","overlay-color":"","overlay-opacity":"","overlay-gradient":""},"tablet":{"background-color":"var(--ast-global-color-4)","background-image":"","background-repeat":"repeat","background-position":"center center","background-size":"auto","background-attachment":"scroll","background-type":"","background-media":"","overlay-type":"","overlay-color":"","overlay-opacity":"","overlay-gradient":""},"mobile":{"background-color":"var(--ast-global-color-4)","background-image":"","background-repeat":"repeat","background-position":"center center","background-size":"auto","background-attachment":"scroll","background-type":"","background-media":"","overlay-type":"","overlay-color":"","overlay-opacity":"","overlay-gradient":""}},"footnotes":""},"class_list":["post-6","page","type-page","status-publish","hentry"],"_links":{"self":[{"href":"https:\/\/supexup.formatome.fr\/2025-2026\/MCO1A\/2\/wp-json\/wp\/v2\/pages\/6","targetHints":{"allow":["GET"]}}],"collection":[{"href":"https:\/\/supexup.formatome.fr\/2025-2026\/MCO1A\/2\/wp-json\/wp\/v2\/pages"}],"about":[{"href":"https:\/\/supexup.formatome.fr\/2025-2026\/MCO1A\/2\/wp-json\/wp\/v2\/types\/page"}],"author":[{"embeddable":true,"href":"https:\/\/supexup.formatome.fr\/2025-2026\/MCO1A\/2\/wp-json\/wp\/v2\/users\/1"}],"replies":[{"embeddable":true,"href":"https:\/\/supexup.formatome.fr\/2025-2026\/MCO1A\/2\/wp-json\/wp\/v2\/comments?post=6"}],"version-history":[{"count":5,"href":"https:\/\/supexup.formatome.fr\/2025-2026\/MCO1A\/2\/wp-json\/wp\/v2\/pages\/6\/revisions"}],"predecessor-version":[{"id":40,"href":"https:\/\/supexup.formatome.fr\/2025-2026\/MCO1A\/2\/wp-json\/wp\/v2\/pages\/6\/revisions\/40"}],"wp:attachment":[{"href":"https:\/\/supexup.formatome.fr\/2025-2026\/MCO1A\/2\/wp-json\/wp\/v2\/media?parent=6"}],"curies":[{"name":"wp","href":"https:\/\/api.w.org\/{rel}","templated":true}]}}