{"id":53,"date":"2024-10-31T15:24:07","date_gmt":"2024-10-31T14:24:07","guid":{"rendered":"https:\/\/supexup.formatome.fr\/2024-2025\/RPMC\/7\/?page_id=53"},"modified":"2025-02-18T11:05:14","modified_gmt":"2025-02-18T10:05:14","slug":"test","status":"publish","type":"page","link":"https:\/\/supexup.formatome.fr\/2024-2025\/RPMC\/7\/test\/","title":{"rendered":"TEST"},"content":{"rendered":"<p>[et_pb_section fb_built=\u00a0\u00bb1&Prime; admin_label=\u00a0\u00bbHeader &#038; About\u00a0\u00bb _builder_version=\u00a0\u00bb4.27.0&Prime; _module_preset=\u00a0\u00bbdefault\u00a0\u00bb background_color=\u00a0\u00bbgcid-555f765c-f894-450b-b9e2-169a23b01a51&Prime; hover_enabled=\u00a0\u00bb0&Prime; collapsed=\u00a0\u00bbon\u00a0\u00bb global_colors_info=\u00a0\u00bb{%22gcid-555f765c-f894-450b-b9e2-169a23b01a51%22:%91%22background_color%22%93}\u00a0\u00bb sticky_enabled=\u00a0\u00bb0&Prime;][et_pb_row _builder_version=\u00a0\u00bb4.24.2&Prime; _module_preset=\u00a0\u00bbdefault\u00a0\u00bb max_width=\u00a0\u00bb500px\u00a0\u00bb global_colors_info=\u00a0\u00bb{}\u00a0\u00bb][et_pb_column type=\u00a0\u00bb4_4&Prime; _builder_version=\u00a0\u00bb4.24.2&Prime; _module_preset=\u00a0\u00bbdefault\u00a0\u00bb global_colors_info=\u00a0\u00bb{}\u00a0\u00bb][et_pb_text _builder_version=\u00a0\u00bb4.27.0&Prime; _module_preset=\u00a0\u00bb83d01da1-4511-4989-854f-9eb4122f1e89&Prime; text_font=\u00a0\u00bbAbhaya Libre||||||||\u00a0\u00bb text_orientation=\u00a0\u00bbcenter\u00a0\u00bb custom_margin=\u00a0\u00bb||10px||false|false\u00a0\u00bb global_colors_info=\u00a0\u00bb{}\u00a0\u00bb]<\/p>\n<h1>Trouvez votre style de lecture&#8230;<\/h1>\n<p>[\/et_pb_text][et_pb_text _builder_version=\u00a0\u00bb4.27.0&Prime; _module_preset=\u00a0\u00bb88e1a45c-cc7e-42e2-b3e0-e58a374faedb\u00a0\u00bb text_font=\u00a0\u00bbAbhaya Libre||||||||\u00a0\u00bb text_font_size=\u00a0\u00bb11px\u00a0\u00bb header_6_font=\u00a0\u00bbAbhaya Libre|700|||||||\u00a0\u00bb text_orientation=\u00a0\u00bbcenter\u00a0\u00bb global_colors_info=\u00a0\u00bb{}\u00a0\u00bb]<\/p>\n<h6>Effectuez le TEST ci-dessous afin que nous puissons personnaliser vos moments de d\u00e9tentes.<\/h6>\n<p>[\/et_pb_text][et_pb_image src=\u00a0\u00bbhttp:\/\/supexup.formatome.fr\/2024-2025\/RPMC\/7\/wp-content\/uploads\/2025\/01\/IMG_7982.jpg\u00a0\u00bb title_text=\u00a0\u00bbIMG_7982&Prime; align=\u00a0\u00bbcenter\u00a0\u00bb _builder_version=\u00a0\u00bb4.27.0&Prime; _module_preset=\u00a0\u00bbdefault\u00a0\u00bb border_radii=\u00a0\u00bboff|500px|500px||\u00a0\u00bb global_colors_info=\u00a0\u00bb{}\u00a0\u00bb][\/et_pb_image][\/et_pb_column][\/et_pb_row][et_pb_row column_structure=\u00a0\u00bb1_2,1_2&Prime; _builder_version=\u00a0\u00bb4.24.2&Prime; _module_preset=\u00a0\u00bbdefault\u00a0\u00bb global_colors_info=\u00a0\u00bb{}\u00a0\u00bb][et_pb_column type=\u00a0\u00bb1_2&Prime; _builder_version=\u00a0\u00bb4.24.2&Prime; _module_preset=\u00a0\u00bbdefault\u00a0\u00bb global_colors_info=\u00a0\u00bb{}\u00a0\u00bb][et_pb_text _builder_version=\u00a0\u00bb4.27.0&Prime; _module_preset=\u00a0\u00bb3fab6bb3-c6c2-4575-a733-6ce92d1f925d\u00a0\u00bb text_font=\u00a0\u00bbAbhaya Libre||||||||\u00a0\u00bb text_font_size=\u00a0\u00bb16px\u00a0\u00bb global_colors_info=\u00a0\u00bb{}\u00a0\u00bb]<\/p>\n<p>Ce test a \u00e9t\u00e9 con\u00e7u pour mieux comprendre vos go\u00fbts et vos habitudes de lecture. Gr\u00e2ce \u00e0 vos r\u00e9ponses, nous pourrons vous proposer une s\u00e9lection de livres parfaitement adapt\u00e9e \u00e0 vos envies et \u00e0 vos centres d&rsquo;int\u00e9r\u00eat. Que vous soyez amateur de thrillers palpitants , de romances \u00e9mouvantes ou de d\u00e9couvertes inspirantes, notre objectif est de vous offrir une exp\u00e9rience de lecture personnalis\u00e9e qui vous correspond vraiment. Prenez quelques instants pour r\u00e9pondre et laissez-nous vous guider vers votre prochaine grande lecture !<\/p>\n<p>[\/et_pb_text][\/et_pb_column][et_pb_column type=\u00a0\u00bb1_2&Prime; _builder_version=\u00a0\u00bb4.24.2&Prime; _module_preset=\u00a0\u00bbdefault\u00a0\u00bb global_colors_info=\u00a0\u00bb{}\u00a0\u00bb][et_pb_text _builder_version=\u00a0\u00bb4.27.0&Prime; _module_preset=\u00a0\u00bb88e1a45c-cc7e-42e2-b3e0-e58a374faedb\u00a0\u00bb header_6_font=\u00a0\u00bbAbhaya Libre|700|||||||\u00a0\u00bb global_colors_info=\u00a0\u00bb{}\u00a0\u00bb]<\/p>\n<h6>D\u00e9couvrez votre univers litt\u00e9raire id\u00e9al ! Prenez quelques instants pour partager vos go\u00fbts et vos habitudes, et laissez-nous faire le reste.<\/h6>\n<p>[\/et_pb_text][et_pb_button button_url=\u00a0\u00bbhttps:\/\/docs.google.com\/forms\/d\/e\/1FAIpQLSfFip5ons5T7OM-uR_eg9RqpYpYfWJQjtIUCwZTkZB7xrKEiA\/viewform?usp=dialog\u00a0\u00bb button_text=\u00a0\u00bbFaire le TEST\u00a0\u00bb _builder_version=\u00a0\u00bb4.27.0&Prime; _module_preset=\u00a0\u00bbe9d75a05-793e-4975-9f5a-c992330f766d\u00a0\u00bb button_font=\u00a0\u00bbAbhaya Libre|700|||||||\u00a0\u00bb global_colors_info=\u00a0\u00bb{}\u00a0\u00bb][\/et_pb_button][\/et_pb_column][\/et_pb_row][\/et_pb_section]<\/p>\n","protected":false},"excerpt":{"rendered":"<p>Trouvez votre style de lecture&#8230;Effectuez le TEST ci-dessous afin que nous puissons personnaliser vos moments de d\u00e9tentes.Ce test a \u00e9t\u00e9 con\u00e7u pour mieux comprendre vos go\u00fbts et vos habitudes de lecture. Gr\u00e2ce \u00e0 vos r\u00e9ponses, nous pourrons vous proposer une s\u00e9lection de livres parfaitement adapt\u00e9e \u00e0 vos envies et \u00e0 vos centres d&rsquo;int\u00e9r\u00eat. Que vous [&hellip;]<\/p>\n","protected":false},"author":1,"featured_media":0,"parent":0,"menu_order":0,"comment_status":"closed","ping_status":"closed","template":"","meta":{"_et_pb_use_builder":"on","_et_pb_old_content":"","_et_gb_content_width":"","footnotes":""},"class_list":["post-53","page","type-page","status-publish","hentry"],"_links":{"self":[{"href":"https:\/\/supexup.formatome.fr\/2024-2025\/RPMC\/7\/wp-json\/wp\/v2\/pages\/53","targetHints":{"allow":["GET"]}}],"collection":[{"href":"https:\/\/supexup.formatome.fr\/2024-2025\/RPMC\/7\/wp-json\/wp\/v2\/pages"}],"about":[{"href":"https:\/\/supexup.formatome.fr\/2024-2025\/RPMC\/7\/wp-json\/wp\/v2\/types\/page"}],"author":[{"embeddable":true,"href":"https:\/\/supexup.formatome.fr\/2024-2025\/RPMC\/7\/wp-json\/wp\/v2\/users\/1"}],"replies":[{"embeddable":true,"href":"https:\/\/supexup.formatome.fr\/2024-2025\/RPMC\/7\/wp-json\/wp\/v2\/comments?post=53"}],"version-history":[{"count":7,"href":"https:\/\/supexup.formatome.fr\/2024-2025\/RPMC\/7\/wp-json\/wp\/v2\/pages\/53\/revisions"}],"predecessor-version":[{"id":343,"href":"https:\/\/supexup.formatome.fr\/2024-2025\/RPMC\/7\/wp-json\/wp\/v2\/pages\/53\/revisions\/343"}],"wp:attachment":[{"href":"https:\/\/supexup.formatome.fr\/2024-2025\/RPMC\/7\/wp-json\/wp\/v2\/media?parent=53"}],"curies":[{"name":"wp","href":"https:\/\/api.w.org\/{rel}","templated":true}]}}