{"id":47,"date":"2024-10-31T15:21:34","date_gmt":"2024-10-31T14:21:34","guid":{"rendered":"https:\/\/supexup.formatome.fr\/2024-2025\/RPMC\/7\/?page_id=47"},"modified":"2025-02-03T13:50:17","modified_gmt":"2025-02-03T12:50:17","slug":"faq","status":"publish","type":"page","link":"https:\/\/supexup.formatome.fr\/2024-2025\/RPMC\/7\/faq\/","title":{"rendered":"FAQ"},"content":{"rendered":"<p>[et_pb_section fb_built=\u00a0\u00bb1&Prime; admin_label=\u00a0\u00bbHeader\u00a0\u00bb _builder_version=\u00a0\u00bb4.25.1&Prime; _module_preset=\u00a0\u00bbdefault\u00a0\u00bb background_color=\u00a0\u00bbgcid-8544a4e2-27b8-420a-83de-1cee04f2fb29&Prime; locked=\u00a0\u00bboff\u00a0\u00bb collapsed=\u00a0\u00bbon\u00a0\u00bb global_colors_info=\u00a0\u00bb{%22gcid-8544a4e2-27b8-420a-83de-1cee04f2fb29%22:%91%22background_color%22%93}\u00a0\u00bb][et_pb_row _builder_version=\u00a0\u00bb4.25.1&Prime; _module_preset=\u00a0\u00bbdefault\u00a0\u00bb global_colors_info=\u00a0\u00bb{}\u00a0\u00bb][et_pb_column type=\u00a0\u00bb4_4&Prime; _builder_version=\u00a0\u00bb4.25.1&Prime; _module_preset=\u00a0\u00bbdefault\u00a0\u00bb global_colors_info=\u00a0\u00bb{}\u00a0\u00bb][et_pb_heading title=\u00a0\u00bbFAQ&#8230;\u00a0\u00bb _builder_version=\u00a0\u00bb4.27.0&Prime; _module_preset=\u00a0\u00bb94ac8a81-09f7-46c4-ad0d-0dd2b7caf5d6&Prime; custom_padding=\u00a0\u00bb20px||||false|false\u00a0\u00bb hover_enabled=\u00a0\u00bb0&Prime; border_width_top=\u00a0\u00bb2px\u00a0\u00bb locked=\u00a0\u00bboff\u00a0\u00bb global_colors_info=\u00a0\u00bb{}\u00a0\u00bb title_font=\u00a0\u00bbAbhaya Libre||||||||\u00a0\u00bb sticky_enabled=\u00a0\u00bb0&Prime;][\/et_pb_heading][\/et_pb_column][\/et_pb_row][et_pb_row column_structure=\u00a0\u00bb1_3,2_3&Prime; _builder_version=\u00a0\u00bb4.25.1&Prime; _module_preset=\u00a0\u00bbdefault\u00a0\u00bb global_colors_info=\u00a0\u00bb{}\u00a0\u00bb][et_pb_column type=\u00a0\u00bb1_3&Prime; _builder_version=\u00a0\u00bb4.25.1&Prime; _module_preset=\u00a0\u00bbdefault\u00a0\u00bb global_colors_info=\u00a0\u00bb{}\u00a0\u00bb][et_pb_image src=\u00a0\u00bbhttp:\/\/supexup.formatome.fr\/2024-2025\/RPMC\/7\/wp-content\/uploads\/2025\/01\/IMG_7991.jpg\u00a0\u00bb title_text=\u00a0\u00bbIMG_7991&Prime; _builder_version=\u00a0\u00bb4.27.0&Prime; _module_preset=\u00a0\u00bbdefault\u00a0\u00bb global_colors_info=\u00a0\u00bb{}\u00a0\u00bb][\/et_pb_image][\/et_pb_column][et_pb_column type=\u00a0\u00bb2_3&Prime; _builder_version=\u00a0\u00bb4.25.1&Prime; _module_preset=\u00a0\u00bbdefault\u00a0\u00bb global_colors_info=\u00a0\u00bb{}\u00a0\u00bb][et_pb_accordion toggle_icon=\u00a0\u00bb&#xf067;||fa||900&Prime; _builder_version=\u00a0\u00bb4.27.0&Prime; _module_preset=\u00a0\u00bb095469dc-8783-45da-9751-f3acc899a1a0&Prime; hover_enabled=\u00a0\u00bb0&Prime; locked=\u00a0\u00bboff\u00a0\u00bb global_colors_info=\u00a0\u00bb{%22gcid-bcc99e3b-722a-4dba-85e5-49c6d1592562%22:%91%22link_text_color%22,%22quote_border_color%22,%22link_text_color%22,%22quote_border_color%22%93,%22gcid-fa3e187d-20a7-4c5a-962d-49a38117a4cc%22:%91%22quote_text_color%22,%22quote_text_color%22,%22quote_text_color%22%93}\u00a0\u00bb quote_font_size_tablet=\u00a0\u00bb18px\u00a0\u00bb quote_font_size_phone=\u00a0\u00bb16px\u00a0\u00bb quote_font_size_last_edited=\u00a0\u00bbon|phone\u00a0\u00bb sticky_enabled=\u00a0\u00bb0&Prime;][et_pb_accordion_item title=\u00a0\u00bbQu&rsquo;est ce que le FAQ ?\u00a0\u00bb open=\u00a0\u00bboff\u00a0\u00bb _builder_version=\u00a0\u00bb4.27.0&Prime; _module_preset=\u00a0\u00bb6e141a54-bc26-4a77-bc96-0c0786f700e9&Prime; hover_enabled=\u00a0\u00bb0&Prime; global_colors_info=\u00a0\u00bb{}\u00a0\u00bb toggle_font=\u00a0\u00bbAbhaya Libre||||||||\u00a0\u00bb closed_toggle_font=\u00a0\u00bbAbhaya Libre||||||||\u00a0\u00bb sticky_enabled=\u00a0\u00bb0&Prime; body_font=\u00a0\u00bbAbhaya Libre||||||||\u00a0\u00bb body_font_size=\u00a0\u00bb16px\u00a0\u00bb]<\/p>\n<p>La FAQ, ou Foire Aux Questions, est une rubrique sp\u00e9cialement con\u00e7ue pour r\u00e9pondre aux questions les plus courantes que vous pourriez vous poser. Que ce soit sur nos produits, nos services, les modalit\u00e9s de livraison, de paiement ou tout autre sujet, cette section est l\u00e0 pour vous guider et vous apporter des r\u00e9ponses rapides et claires. Notre objectif est de simplifier votre exp\u00e9rience en vous offrant un acc\u00e8s direct \u00e0 l&rsquo;information dont vous avez besoin, \u00e0 tout moment. elle a \u00e9t\u00e9 pens\u00e9e pour vous !<\/p>\n<p>[\/et_pb_accordion_item][et_pb_accordion_item title=\u00a0\u00bbQuels formats de livres proposez-vous ?\u00a0\u00bb _builder_version=\u00a0\u00bb4.27.0&Prime; _module_preset=\u00a0\u00bb6e141a54-bc26-4a77-bc96-0c0786f700e9&Prime; hover_enabled=\u00a0\u00bb0&Prime; global_colors_info=\u00a0\u00bb{}\u00a0\u00bb open=\u00a0\u00bboff\u00a0\u00bb toggle_font=\u00a0\u00bbAbhaya Libre||||||||\u00a0\u00bb sticky_enabled=\u00a0\u00bb0&Prime; body_font=\u00a0\u00bbAbhaya Libre||||||||\u00a0\u00bb body_font_size=\u00a0\u00bb16px\u00a0\u00bb]<\/p>\n<p>Nous proposons plusieurs formats de livres : Poches, Broch\u00e9s, Collectors&#8230; Le choix du format se fait principalement sur la base de votre TEST de personnalisation de lecture que vous retrouverez dans l&rsquo;onglet \u00ab\u00a0TEST\u00a0\u00bb.<\/p>\n<p>[\/et_pb_accordion_item][et_pb_accordion_item title=\u00a0\u00bbPuis-je offrir un abonnement en cadeau ?\u00a0\u00bb _builder_version=\u00a0\u00bb4.27.0&Prime; _module_preset=\u00a0\u00bb6e141a54-bc26-4a77-bc96-0c0786f700e9&Prime; hover_enabled=\u00a0\u00bb0&Prime; global_colors_info=\u00a0\u00bb{}\u00a0\u00bb open=\u00a0\u00bboff\u00a0\u00bb toggle_font=\u00a0\u00bbAbhaya Libre||||||||\u00a0\u00bb sticky_enabled=\u00a0\u00bb0&Prime; body_font=\u00a0\u00bbAbhaya Libre||||||||\u00a0\u00bb body_font_size=\u00a0\u00bb16px\u00a0\u00bb]<\/p>\n<p>Oui, il est tout \u00e0 fait possible d&rsquo;offrir un abonnement comme cadeau. Nous proposons des abonnement allant de 3 mois \u00e0 1 an \u00e0 des tarifs attractifs. Il vous suffit de passer commande avec votre moyen de paiement et d&rsquo;indiquer l&rsquo;adresse de reception de l&rsquo;heureux \u00e9lu !<\/p>\n<p>[\/et_pb_accordion_item][et_pb_accordion_item title=\u00a0\u00bbPuis-je modifier ou annuler mon abonnement ?\u00a0\u00bb _builder_version=\u00a0\u00bb4.27.0&Prime; _module_preset=\u00a0\u00bb6e141a54-bc26-4a77-bc96-0c0786f700e9&Prime; hover_enabled=\u00a0\u00bb0&Prime; global_colors_info=\u00a0\u00bb{}\u00a0\u00bb open=\u00a0\u00bboff\u00a0\u00bb toggle_font=\u00a0\u00bbAbhaya Libre||||||||\u00a0\u00bb sticky_enabled=\u00a0\u00bb0&Prime; body_font=\u00a0\u00bbAbhaya Libre||||||||\u00a0\u00bb body_font_size=\u00a0\u00bb16px\u00a0\u00bb]<\/p>\n<p>Malheuresement les abonnement sont soumis \u00e0 des engamements respectifs (de 3 mois \u00e0 1 an suivant l&rsquo;abonnement choisi) sans interruption. Cependant vous pouvez choisir le format \u00ab\u00a0box cadeau\u00a0\u00bb qui est un achat ind\u00e9pendant et unitaire. Cette box est sans engagement, \u00e0 offrir ou \u00e0 garder pour soi \ud83d\ude42<\/p>\n<p>[\/et_pb_accordion_item][et_pb_accordion_item title=\u00a0\u00bbQue faire si je re\u00e7ois un livre que j&rsquo;ai d\u00e9j\u00e0 lu ?\u00a0\u00bb _builder_version=\u00a0\u00bb4.27.0&Prime; _module_preset=\u00a0\u00bb6e141a54-bc26-4a77-bc96-0c0786f700e9&Prime; hover_enabled=\u00a0\u00bb0&Prime; global_colors_info=\u00a0\u00bb{}\u00a0\u00bb open=\u00a0\u00bbon\u00a0\u00bb toggle_font=\u00a0\u00bbAbhaya Libre||||||||\u00a0\u00bb sticky_enabled=\u00a0\u00bb0&Prime; body_font=\u00a0\u00bbAbhaya Libre||||||||\u00a0\u00bb body_font_size=\u00a0\u00bb16px\u00a0\u00bb]<\/p>\n<p>Gr\u00e2ce au TEST de personnalisation de lecture que vous aurez effectu\u00e9 en amont le risque de recevoir un livre que vous ayez d\u00e9j\u00e0 lu est tr\u00e8s mince car c&rsquo;est vous m\u00eame qui nous indiqu\u00e9 les livres d\u00e9j\u00e0 pr\u00e9sent dans votre biblioth\u00e8que. Cependant il arrive de ne pas se rappell\u00e9 de tout les titres&#8230; Pour cela, pas de panique, contactez notre service SAV dans l&rsquo;onglet \u00ab\u00a0Contact\u00a0\u00bb, expliquez leurs la situation et nous reprendrons votre box pour l&rsquo;\u00e9changer contre une autre lecture (attention le livre de doit pas \u00eatre enlev\u00e9 de son blister, cela permet de garentir le produit \u00ab\u00a0neuf\u00a0\u00bb).<\/p>\n<p>[\/et_pb_accordion_item][\/et_pb_accordion][\/et_pb_column][\/et_pb_row][\/et_pb_section]<\/p>\n","protected":false},"excerpt":{"rendered":"<p>La FAQ, ou Foire Aux Questions, est une rubrique sp\u00e9cialement con\u00e7ue pour r\u00e9pondre aux questions les plus courantes que vous pourriez vous poser. Que ce soit sur nos produits, nos services, les modalit\u00e9s de livraison, de paiement ou tout autre sujet, cette section est l\u00e0 pour vous guider et vous apporter des r\u00e9ponses rapides et [&hellip;]<\/p>\n","protected":false},"author":1,"featured_media":0,"parent":0,"menu_order":0,"comment_status":"closed","ping_status":"closed","template":"","meta":{"_et_pb_use_builder":"on","_et_pb_old_content":"<!-- wp:divi\/placeholder \/-->","_et_gb_content_width":"","footnotes":""},"class_list":["post-47","page","type-page","status-publish","hentry"],"_links":{"self":[{"href":"https:\/\/supexup.formatome.fr\/2024-2025\/RPMC\/7\/wp-json\/wp\/v2\/pages\/47","targetHints":{"allow":["GET"]}}],"collection":[{"href":"https:\/\/supexup.formatome.fr\/2024-2025\/RPMC\/7\/wp-json\/wp\/v2\/pages"}],"about":[{"href":"https:\/\/supexup.formatome.fr\/2024-2025\/RPMC\/7\/wp-json\/wp\/v2\/types\/page"}],"author":[{"embeddable":true,"href":"https:\/\/supexup.formatome.fr\/2024-2025\/RPMC\/7\/wp-json\/wp\/v2\/users\/1"}],"replies":[{"embeddable":true,"href":"https:\/\/supexup.formatome.fr\/2024-2025\/RPMC\/7\/wp-json\/wp\/v2\/comments?post=47"}],"version-history":[{"count":4,"href":"https:\/\/supexup.formatome.fr\/2024-2025\/RPMC\/7\/wp-json\/wp\/v2\/pages\/47\/revisions"}],"predecessor-version":[{"id":334,"href":"https:\/\/supexup.formatome.fr\/2024-2025\/RPMC\/7\/wp-json\/wp\/v2\/pages\/47\/revisions\/334"}],"wp:attachment":[{"href":"https:\/\/supexup.formatome.fr\/2024-2025\/RPMC\/7\/wp-json\/wp\/v2\/media?parent=47"}],"curies":[{"name":"wp","href":"https:\/\/api.w.org\/{rel}","templated":true}]}}