{"id":45,"date":"2024-10-31T15:20:45","date_gmt":"2024-10-31T14:20:45","guid":{"rendered":"https:\/\/supexup.formatome.fr\/2024-2025\/RPMC\/7\/?page_id=45"},"modified":"2025-02-03T13:46:26","modified_gmt":"2025-02-03T12:46:26","slug":"blog","status":"publish","type":"page","link":"https:\/\/supexup.formatome.fr\/2024-2025\/RPMC\/7\/blog\/","title":{"rendered":"Blog"},"content":{"rendered":"<p>[et_pb_section fb_built=\u00a0\u00bb1&Prime; admin_label=\u00a0\u00bbHeader &#038; Blog\u00a0\u00bb _builder_version=\u00a0\u00bb4.25.1&Prime; _module_preset=\u00a0\u00bbdefault\u00a0\u00bb background_color=\u00a0\u00bbgcid-8544a4e2-27b8-420a-83de-1cee04f2fb29&Prime; collapsed=\u00a0\u00bbon\u00a0\u00bb global_colors_info=\u00a0\u00bb{%22gcid-8544a4e2-27b8-420a-83de-1cee04f2fb29%22:%91%22background_color%22%93}\u00a0\u00bb][et_pb_row column_structure=\u00a0\u00bb1_2,1_2&Prime; _builder_version=\u00a0\u00bb4.25.1&Prime; _module_preset=\u00a0\u00bbdefault\u00a0\u00bb locked=\u00a0\u00bboff\u00a0\u00bb global_colors_info=\u00a0\u00bb{}\u00a0\u00bb][et_pb_column type=\u00a0\u00bb1_2&Prime; _builder_version=\u00a0\u00bb4.25.1&Prime; _module_preset=\u00a0\u00bbdefault\u00a0\u00bb global_colors_info=\u00a0\u00bb{}\u00a0\u00bb][et_pb_heading title=\u00a0\u00bbBlog&#8230;\u00a0\u00bb _builder_version=\u00a0\u00bb4.27.0&Prime; _module_preset=\u00a0\u00bbb313c31f-beb4-4709-a3da-e9f71bbcb175&Prime; custom_padding=\u00a0\u00bb20px||||false|false\u00a0\u00bb hover_enabled=\u00a0\u00bb0&Prime; border_width_top=\u00a0\u00bb2px\u00a0\u00bb locked=\u00a0\u00bboff\u00a0\u00bb global_colors_info=\u00a0\u00bb{}\u00a0\u00bb title_font=\u00a0\u00bbAbhaya Libre||||||||\u00a0\u00bb sticky_enabled=\u00a0\u00bb0&Prime;][\/et_pb_heading][et_pb_image src=\u00a0\u00bbhttp:\/\/supexup.formatome.fr\/2024-2025\/RPMC\/7\/wp-content\/uploads\/2025\/01\/IMG_7990.jpg\u00a0\u00bb title_text=\u00a0\u00bbIMG_7990&Prime; _builder_version=\u00a0\u00bb4.27.0&Prime; _module_preset=\u00a0\u00bbdefault\u00a0\u00bb width=\u00a0\u00bb100%\u00a0\u00bb max_width=\u00a0\u00bb100%\u00a0\u00bb global_colors_info=\u00a0\u00bb{}\u00a0\u00bb][\/et_pb_image][\/et_pb_column][et_pb_column type=\u00a0\u00bb1_2&Prime; _builder_version=\u00a0\u00bb4.27.0&Prime; _module_preset=\u00a0\u00bbdefault\u00a0\u00bb global_colors_info=\u00a0\u00bb{}\u00a0\u00bb][et_pb_blog posts_number=\u00a0\u00bb9&Prime; include_categories=\u00a0\u00bb27,21,20&Prime; show_author=\u00a0\u00bboff\u00a0\u00bb show_date=\u00a0\u00bboff\u00a0\u00bb masonry_tile_background_color=\u00a0\u00bbrgba(255,255,255,0.6)\u00a0\u00bb _builder_version=\u00a0\u00bb4.27.0&Prime; _module_preset=\u00a0\u00bb35a99a3b-9509-4db2-b259-0ae178efedf8&Prime; hover_enabled=\u00a0\u00bb0&Prime; custom_css_read_more=\u00a0\u00bbmargin-top: 10px !important;||display: block;\u00a0\u00bb locked=\u00a0\u00bboff\u00a0\u00bb global_colors_info=\u00a0\u00bb{%22gcid-bcc99e3b-722a-4dba-85e5-49c6d1592562%22:%91%22link_text_color%22,%22quote_border_color%22%93,%22gcid-fa3e187d-20a7-4c5a-962d-49a38117a4cc%22:%91%22quote_text_color%22,%22meta_text_color%22,%22header_text_color%22,%22read_more_text_color%22%93}\u00a0\u00bb header_font=\u00a0\u00bbAbhaya Libre|700|||||||\u00a0\u00bb header_font_size=\u00a0\u00bb26px\u00a0\u00bb sticky_enabled=\u00a0\u00bb0&Prime;][\/et_pb_blog][\/et_pb_column][\/et_pb_row][\/et_pb_section][et_pb_section fb_built=\u00a0\u00bb1&Prime; admin_label=\u00a0\u00bbFooter\u00a0\u00bb _builder_version=\u00a0\u00bb4.25.1&Prime; _module_preset=\u00a0\u00bbdefault\u00a0\u00bb background_color=\u00a0\u00bbgcid-8544a4e2-27b8-420a-83de-1cee04f2fb29&Prime; saved_tabs=\u00a0\u00bball\u00a0\u00bb collapsed=\u00a0\u00bbon\u00a0\u00bb global_colors_info=\u00a0\u00bb{%22gcid-8544a4e2-27b8-420a-83de-1cee04f2fb29%22:%91%22background_color%22%93}\u00a0\u00bb][et_pb_row column_structure=\u00a0\u00bb1_2,1_2&Prime; _builder_version=\u00a0\u00bb4.25.1&Prime; _module_preset=\u00a0\u00bbdefault\u00a0\u00bb global_colors_info=\u00a0\u00bb{}\u00a0\u00bb][et_pb_column type=\u00a0\u00bb1_2&Prime; _builder_version=\u00a0\u00bb4.25.1&Prime; _module_preset=\u00a0\u00bbdefault\u00a0\u00bb global_colors_info=\u00a0\u00bb{}\u00a0\u00bb][et_pb_heading title=\u00a0\u00bbRejoignez notre Newsletters&#8230;\u00a0\u00bb _builder_version=\u00a0\u00bb4.27.0&Prime; _module_preset=\u00a0\u00bbc88581a5-1c8f-42e6-8554-1065f43d86eb\u00a0\u00bb hover_enabled=\u00a0\u00bb0&Prime; global_colors_info=\u00a0\u00bb{}\u00a0\u00bb title_font=\u00a0\u00bbAbhaya Libre||||||||\u00a0\u00bb sticky_enabled=\u00a0\u00bb0&Prime;][\/et_pb_heading][et_pb_text _builder_version=\u00a0\u00bb4.27.0&Prime; _module_preset=\u00a0\u00bb4e0e9b85-a2d8-43b0-953a-7751dd987c57&Prime; hover_enabled=\u00a0\u00bb0&Prime; global_colors_info=\u00a0\u00bb{}\u00a0\u00bb header_font=\u00a0\u00bbAbhaya Libre||||||||\u00a0\u00bb text_font=\u00a0\u00bbAbhaya Libre||||||||\u00a0\u00bb text_font_size=\u00a0\u00bb16px\u00a0\u00bb sticky_enabled=\u00a0\u00bb0&Prime;]<\/p>\n<p>Chaque mois, retrouvez des id\u00e9es, des actualit\u00e9s et des inspirations qui nous animent autant que vous. Notre objectif ? Vous tenir inform\u00e9, vous inspirer et vous rapprocher de ce qui compte vraiment pour vous. Merci de nous permettre de partager cette passion commune \u00e0 traversez nos newsletters !<\/p>\n<p>[\/et_pb_text][\/et_pb_column][et_pb_column type=\u00a0\u00bb1_2&Prime; _builder_version=\u00a0\u00bb4.25.1&Prime; _module_preset=\u00a0\u00bbdefault\u00a0\u00bb global_colors_info=\u00a0\u00bb{}\u00a0\u00bb][et_pb_signup mailchimp_list=\u00a0\u00bbundefined|elegantthemestest|1ea2bbd026&Prime; first_name_field=\u00a0\u00bboff\u00a0\u00bb last_name_field=\u00a0\u00bboff\u00a0\u00bb button_text=\u00a0\u00bbS&rsquo;abonner\u00a0\u00bb _builder_version=\u00a0\u00bb4.27.0&Prime; _module_preset=\u00a0\u00bb4d41c81c-a15e-477f-b6b1-4e660484050b\u00a0\u00bb form_field_font_size=\u00a0\u00bb14px\u00a0\u00bb hover_enabled=\u00a0\u00bb0&Prime; locked=\u00a0\u00bboff\u00a0\u00bb global_colors_info=\u00a0\u00bb{%22gcid-fa3e187d-20a7-4c5a-962d-49a38117a4cc%22:%91%22button_bg_color%22,%22form_field_text_color%22,%22button_bg_color%22%93}\u00a0\u00bb button_font=\u00a0\u00bbAbhaya Libre|700||on|||||\u00a0\u00bb button_text_size=\u00a0\u00bb21px\u00a0\u00bb sticky_enabled=\u00a0\u00bb0&Prime;][\/et_pb_signup][\/et_pb_column][\/et_pb_row][\/et_pb_section]<\/p>\n","protected":false},"excerpt":{"rendered":"<p>Chaque mois, retrouvez des id\u00e9es, des actualit\u00e9s et des inspirations qui nous animent autant que vous. Notre objectif ? Vous tenir inform\u00e9, vous inspirer et vous rapprocher de ce qui compte vraiment pour vous. Merci de nous permettre de partager cette passion commune \u00e0 traversez nos newsletters !<\/p>\n","protected":false},"author":1,"featured_media":0,"parent":0,"menu_order":0,"comment_status":"closed","ping_status":"closed","template":"","meta":{"_et_pb_use_builder":"on","_et_pb_old_content":"<!-- wp:divi\/placeholder \/-->","_et_gb_content_width":"","footnotes":""},"class_list":["post-45","page","type-page","status-publish","hentry"],"_links":{"self":[{"href":"https:\/\/supexup.formatome.fr\/2024-2025\/RPMC\/7\/wp-json\/wp\/v2\/pages\/45","targetHints":{"allow":["GET"]}}],"collection":[{"href":"https:\/\/supexup.formatome.fr\/2024-2025\/RPMC\/7\/wp-json\/wp\/v2\/pages"}],"about":[{"href":"https:\/\/supexup.formatome.fr\/2024-2025\/RPMC\/7\/wp-json\/wp\/v2\/types\/page"}],"author":[{"embeddable":true,"href":"https:\/\/supexup.formatome.fr\/2024-2025\/RPMC\/7\/wp-json\/wp\/v2\/users\/1"}],"replies":[{"embeddable":true,"href":"https:\/\/supexup.formatome.fr\/2024-2025\/RPMC\/7\/wp-json\/wp\/v2\/comments?post=45"}],"version-history":[{"count":6,"href":"https:\/\/supexup.formatome.fr\/2024-2025\/RPMC\/7\/wp-json\/wp\/v2\/pages\/45\/revisions"}],"predecessor-version":[{"id":332,"href":"https:\/\/supexup.formatome.fr\/2024-2025\/RPMC\/7\/wp-json\/wp\/v2\/pages\/45\/revisions\/332"}],"wp:attachment":[{"href":"https:\/\/supexup.formatome.fr\/2024-2025\/RPMC\/7\/wp-json\/wp\/v2\/media?parent=45"}],"curies":[{"name":"wp","href":"https:\/\/api.w.org\/{rel}","templated":true}]}}