{"id":34,"date":"2024-10-31T15:15:02","date_gmt":"2024-10-31T14:15:02","guid":{"rendered":"https:\/\/supexup.formatome.fr\/2024-2025\/RPMC\/7\/?page_id=34"},"modified":"2025-02-18T11:20:23","modified_gmt":"2025-02-18T10:20:23","slug":"abonnement","status":"publish","type":"page","link":"https:\/\/supexup.formatome.fr\/2024-2025\/RPMC\/7\/abonnement\/","title":{"rendered":"Abonnements"},"content":{"rendered":"<p>[et_pb_section fb_built=\u00a0\u00bb1&Prime; admin_label=\u00a0\u00bbHeader\u00a0\u00bb _builder_version=\u00a0\u00bb4.27.0&Prime; _module_preset=\u00a0\u00bbdefault\u00a0\u00bb background_color=\u00a0\u00bbgcid-695690f7-1400-435d-ab5d-81e5d8a43692&Prime; background_image=\u00a0\u00bbhttp:\/\/supexup.formatome.fr\/2024-2025\/RPMC\/7\/wp-content\/uploads\/2025\/01\/IMG_7993.jpg\u00a0\u00bb module_alignment=\u00a0\u00bbcenter\u00a0\u00bb min_height=\u00a0\u00bb100px\u00a0\u00bb height=\u00a0\u00bb501px\u00a0\u00bb custom_padding=\u00a0\u00bb8%||8%||true|false\u00a0\u00bb locked=\u00a0\u00bboff\u00a0\u00bb collapsed=\u00a0\u00bbon\u00a0\u00bb global_colors_info=\u00a0\u00bb{%22gcid-695690f7-1400-435d-ab5d-81e5d8a43692%22:%91%22background_color%22%93}\u00a0\u00bb][et_pb_row _builder_version=\u00a0\u00bb4.27.0&Prime; _module_preset=\u00a0\u00bbdefault\u00a0\u00bb width=\u00a0\u00bb100%\u00a0\u00bb max_width=\u00a0\u00bb1350px\u00a0\u00bb module_alignment=\u00a0\u00bbcenter\u00a0\u00bb min_height=\u00a0\u00bb1000px\u00a0\u00bb height=\u00a0\u00bb1000px\u00a0\u00bb max_height=\u00a0\u00bb1000px\u00a0\u00bb global_colors_info=\u00a0\u00bb{}\u00a0\u00bb][et_pb_column type=\u00a0\u00bb4_4&Prime; _builder_version=\u00a0\u00bb4.27.0&Prime; _module_preset=\u00a0\u00bbdefault\u00a0\u00bb background_color=\u00a0\u00bb#FFFFFF\u00a0\u00bb z_index=\u00a0\u00bb10&Prime; custom_padding=\u00a0\u00bb60px|60px|60px|60px|true|true\u00a0\u00bb custom_padding_tablet=\u00a0\u00bb30px|30px|30px|30px|true|true\u00a0\u00bb custom_padding_phone=\u00a0\u00bb20px|20px|20px|20px|true|true\u00a0\u00bb custom_padding_last_edited=\u00a0\u00bbon|desktop\u00a0\u00bb global_colors_info=\u00a0\u00bb{}\u00a0\u00bb][et_pb_heading title=\u00a0\u00bbLe Secret de la Page\u00a0\u00bb _builder_version=\u00a0\u00bb4.27.0&Prime; _module_preset=\u00a0\u00bb9d41637e-1aef-45e7-8510-dd29fe55937b\u00a0\u00bb title_font=\u00a0\u00bbAbhaya Libre|700||on|||||\u00a0\u00bb title_text_color=\u00a0\u00bbgcid-672c49ec-b8cc-4f22-a785-dec4ee1498c5&Prime; locked=\u00a0\u00bboff\u00a0\u00bb global_colors_info=\u00a0\u00bb{%22gcid-672c49ec-b8cc-4f22-a785-dec4ee1498c5%22:%91%22title_text_color%22%93}\u00a0\u00bb][\/et_pb_heading][et_pb_heading title=\u00a0\u00bbTrouvez l&rsquo;abonnement qui refl\u00e8te votre \u00e2me de lecteur !\u00a0\u00bb _builder_version=\u00a0\u00bb4.27.0&Prime; _module_preset=\u00a0\u00bb803cb354-14aa-4329-8295-175c7ec5b676&Prime; title_font=\u00a0\u00bbAbhaya Libre|500|||||||\u00a0\u00bb title_font_size=\u00a0\u00bb54px\u00a0\u00bb global_colors_info=\u00a0\u00bb{}\u00a0\u00bb][\/et_pb_heading][\/et_pb_column][\/et_pb_row][\/et_pb_section][et_pb_section fb_built=\u00a0\u00bb1&Prime; admin_label=\u00a0\u00bbServices\u00a0\u00bb _builder_version=\u00a0\u00bb4.25.1&Prime; _module_preset=\u00a0\u00bbdefault\u00a0\u00bb background_color=\u00a0\u00bbgcid-695690f7-1400-435d-ab5d-81e5d8a43692&Prime; collapsed=\u00a0\u00bbon\u00a0\u00bb global_colors_info=\u00a0\u00bb{%22gcid-695690f7-1400-435d-ab5d-81e5d8a43692%22:%91%22background_color%22%93}\u00a0\u00bb][et_pb_row column_structure=\u00a0\u00bb1_3,1_3,1_3&Prime; _builder_version=\u00a0\u00bb4.25.1&Prime; _module_preset=\u00a0\u00bbdefault\u00a0\u00bb locked=\u00a0\u00bboff\u00a0\u00bb global_colors_info=\u00a0\u00bb{}\u00a0\u00bb][et_pb_column type=\u00a0\u00bb1_3&Prime; _builder_version=\u00a0\u00bb4.25.1&Prime; _module_preset=\u00a0\u00bbdefault\u00a0\u00bb global_colors_info=\u00a0\u00bb{}\u00a0\u00bb][et_pb_image src=\u00a0\u00bbhttp:\/\/supexup.formatome.fr\/2024-2025\/RPMC\/7\/wp-content\/uploads\/2025\/02\/3.png\u00a0\u00bb title_text=\u00a0\u00bb3&Prime; _builder_version=\u00a0\u00bb4.27.0&Prime; _module_preset=\u00a0\u00bbdefault\u00a0\u00bb width=\u00a0\u00bb70%\u00a0\u00bb max_width=\u00a0\u00bb100%\u00a0\u00bb module_alignment=\u00a0\u00bbcenter\u00a0\u00bb hover_enabled=\u00a0\u00bb0&Prime; global_colors_info=\u00a0\u00bb{}\u00a0\u00bb sticky_enabled=\u00a0\u00bb0&Prime;][\/et_pb_image][et_pb_heading title=\u00a0\u00bbAbonnement mensuel &#8211; 3 mois d&rsquo;engagements\u00a0\u00bb _builder_version=\u00a0\u00bb4.27.0&Prime; _module_preset=\u00a0\u00bb73d4b56a-c875-419a-b9e6-a694a86179b3&Prime; title_font=\u00a0\u00bbAbhaya Libre|500|||||||\u00a0\u00bb title_text_align=\u00a0\u00bbcenter\u00a0\u00bb custom_margin=\u00a0\u00bb||10px||false|false\u00a0\u00bb locked=\u00a0\u00bboff\u00a0\u00bb global_colors_info=\u00a0\u00bb{}\u00a0\u00bb][\/et_pb_heading][et_pb_text _builder_version=\u00a0\u00bb4.27.0&Prime; _module_preset=\u00a0\u00bb67405507-a935-4861-8299-7adae7acac92&Prime; text_font=\u00a0\u00bbAbhaya Libre||||||||\u00a0\u00bb text_font_size=\u00a0\u00bb16px\u00a0\u00bb header_font=\u00a0\u00bbAbhaya Libre|500|||||||\u00a0\u00bb text_orientation=\u00a0\u00bbcenter\u00a0\u00bb locked=\u00a0\u00bboff\u00a0\u00bb global_colors_info=\u00a0\u00bb{}\u00a0\u00bb]<\/p>\n<p>Envie de tester nos boxs ? L&rsquo;engagement 3 mois est recommand\u00e9 pour les nouveaux lecteurs. Un moyen sur de tester notre programme tout en douceur&#8230;<\/p>\n<p>[\/et_pb_text][et_pb_button button_url=\u00a0\u00bbhttps:\/\/www.lakube.com\/box-kube-originale?_gl=1*rw33ff*_up*MQ..*_gs*MQ..&#038;gclid=CjwKCAiA-ty8BhA_EiwAkyoa342mdWLBtvaJOKOZcBYqcPUoqKfVavvRl4Odl8w4PB7uw7ubH10z3hoC7hUQAvD_BwE\u00a0\u00bb button_text=\u00a0\u00bbEn savoir +\u00a0\u00bb button_alignment=\u00a0\u00bbcenter\u00a0\u00bb _builder_version=\u00a0\u00bb4.27.0&Prime; _module_preset=\u00a0\u00bba0dec662-6ea0-4e97-a862-5f57eafcbec1&Prime; button_font=\u00a0\u00bbAbhaya Libre|600||on|||||\u00a0\u00bb global_colors_info=\u00a0\u00bb{}\u00a0\u00bb][\/et_pb_button][\/et_pb_column][et_pb_column type=\u00a0\u00bb1_3&Prime; _builder_version=\u00a0\u00bb4.25.1&Prime; _module_preset=\u00a0\u00bbdefault\u00a0\u00bb global_colors_info=\u00a0\u00bb{}\u00a0\u00bb][et_pb_image src=\u00a0\u00bbhttp:\/\/supexup.formatome.fr\/2024-2025\/RPMC\/7\/wp-content\/uploads\/2025\/02\/6.png\u00a0\u00bb title_text=\u00a0\u00bb6&Prime; _builder_version=\u00a0\u00bb4.27.0&Prime; _module_preset=\u00a0\u00bbdefault\u00a0\u00bb width=\u00a0\u00bb70%\u00a0\u00bb module_alignment=\u00a0\u00bbcenter\u00a0\u00bb hover_enabled=\u00a0\u00bb0&Prime; global_colors_info=\u00a0\u00bb{}\u00a0\u00bb sticky_enabled=\u00a0\u00bb0&Prime;][\/et_pb_image][et_pb_heading title=\u00a0\u00bbAbonnement mensuel &#8211; 6 mois d&rsquo;engagements\u00a0\u00bb _builder_version=\u00a0\u00bb4.27.0&Prime; _module_preset=\u00a0\u00bb73d4b56a-c875-419a-b9e6-a694a86179b3&Prime; title_font=\u00a0\u00bbAbhaya Libre|500|||||||\u00a0\u00bb title_text_align=\u00a0\u00bbcenter\u00a0\u00bb custom_margin=\u00a0\u00bb||10px||false|false\u00a0\u00bb locked=\u00a0\u00bboff\u00a0\u00bb global_colors_info=\u00a0\u00bb{}\u00a0\u00bb][\/et_pb_heading][et_pb_text _builder_version=\u00a0\u00bb4.27.0&Prime; _module_preset=\u00a0\u00bb67405507-a935-4861-8299-7adae7acac92&Prime; text_font=\u00a0\u00bbAbhaya Libre||||||||\u00a0\u00bb text_font_size=\u00a0\u00bb16px\u00a0\u00bb header_font=\u00a0\u00bbAbhaya Libre|500|||||||\u00a0\u00bb header_6_font=\u00a0\u00bbAbhaya Libre|500|||||||\u00a0\u00bb text_orientation=\u00a0\u00bbcenter\u00a0\u00bb locked=\u00a0\u00bboff\u00a0\u00bb global_colors_info=\u00a0\u00bb{}\u00a0\u00bb]<\/p>\n<p>L&rsquo;engagement 6 mois est recommand\u00e9 pour des lecteurs engag\u00e9s. Recevez votre box de fa\u00e7on mensuel. Une p\u00e9riode suffismment longue pour pouvoir tester diff\u00e9rents auteurs ou style de lecture !<\/p>\n<p>[\/et_pb_text][et_pb_button button_url=\u00a0\u00bbhttps:\/\/www.lakube.com\/box-kube-originale?_gl=1*rw33ff*_up*MQ..*_gs*MQ..&#038;gclid=CjwKCAiA-ty8BhA_EiwAkyoa342mdWLBtvaJOKOZcBYqcPUoqKfVavvRl4Odl8w4PB7uw7ubH10z3hoC7hUQAvD_BwE\u00a0\u00bb button_text=\u00a0\u00bbEn savoir +\u00a0\u00bb button_alignment=\u00a0\u00bbcenter\u00a0\u00bb _builder_version=\u00a0\u00bb4.27.0&Prime; _module_preset=\u00a0\u00bba0dec662-6ea0-4e97-a862-5f57eafcbec1&Prime; button_font=\u00a0\u00bbAbhaya Libre|600||on|||||\u00a0\u00bb custom_padding=\u00a0\u00bb11px|40px|11px|24px|true|false\u00a0\u00bb global_colors_info=\u00a0\u00bb{}\u00a0\u00bb][\/et_pb_button][\/et_pb_column][et_pb_column type=\u00a0\u00bb1_3&Prime; _builder_version=\u00a0\u00bb4.25.1&Prime; _module_preset=\u00a0\u00bbdefault\u00a0\u00bb global_colors_info=\u00a0\u00bb{}\u00a0\u00bb][et_pb_image src=\u00a0\u00bbhttp:\/\/supexup.formatome.fr\/2024-2025\/RPMC\/7\/wp-content\/uploads\/2025\/02\/1.png\u00a0\u00bb title_text=\u00a0\u00bb1&Prime; _builder_version=\u00a0\u00bb4.27.0&Prime; _module_preset=\u00a0\u00bbdefault\u00a0\u00bb module_alignment=\u00a0\u00bbcenter\u00a0\u00bb hover_enabled=\u00a0\u00bb0&Prime; global_colors_info=\u00a0\u00bb{}\u00a0\u00bb show_bottom_space_last_edited=\u00a0\u00bbon|phone\u00a0\u00bb width_last_edited=\u00a0\u00bboff|desktop\u00a0\u00bb sticky_enabled=\u00a0\u00bb0&Prime; width=\u00a0\u00bb70%\u00a0\u00bb][\/et_pb_image][et_pb_heading title=\u00a0\u00bbAbonnement mensuel &#8211; 1 an d&rsquo;engagement\u00a0\u00bb _builder_version=\u00a0\u00bb4.27.0&Prime; _module_preset=\u00a0\u00bb73d4b56a-c875-419a-b9e6-a694a86179b3&Prime; title_font=\u00a0\u00bbAbhaya Libre|500|||||||\u00a0\u00bb title_text_align=\u00a0\u00bbcenter\u00a0\u00bb custom_margin=\u00a0\u00bb||10px||false|false\u00a0\u00bb locked=\u00a0\u00bboff\u00a0\u00bb global_colors_info=\u00a0\u00bb{}\u00a0\u00bb][\/et_pb_heading][et_pb_text _builder_version=\u00a0\u00bb4.27.0&Prime; _module_preset=\u00a0\u00bb67405507-a935-4861-8299-7adae7acac92&Prime; text_font=\u00a0\u00bbAbhaya Libre||||||||\u00a0\u00bb text_font_size=\u00a0\u00bb16px\u00a0\u00bb text_orientation=\u00a0\u00bbcenter\u00a0\u00bb locked=\u00a0\u00bboff\u00a0\u00bb global_colors_info=\u00a0\u00bb{}\u00a0\u00bb]<\/p>\n<p>On ne vous la fait plus ! Vous \u00eates grand lecteur, laissez vous embarquer dans cette avanture pour d\u00e9couvrir une vari\u00e9t\u00e9 de genre de lecture, d&rsquo;auteurs et tester nos goodies ! Cette box est id\u00e9ale pour les lecteurs r\u00e9guliers.<\/p>\n<p>[\/et_pb_text][et_pb_button button_url=\u00a0\u00bbhttps:\/\/www.lakube.com\/box-kube-originale?_gl=1*rw33ff*_up*MQ..*_gs*MQ..&#038;gclid=CjwKCAiA-ty8BhA_EiwAkyoa342mdWLBtvaJOKOZcBYqcPUoqKfVavvRl4Odl8w4PB7uw7ubH10z3hoC7hUQAvD_BwE\u00a0\u00bb button_text=\u00a0\u00bbEn savoir +\u00a0\u00bb button_alignment=\u00a0\u00bbcenter\u00a0\u00bb _builder_version=\u00a0\u00bb4.27.0&Prime; _module_preset=\u00a0\u00bba0dec662-6ea0-4e97-a862-5f57eafcbec1&Prime; button_font=\u00a0\u00bbAbhaya Libre|600||on|||||\u00a0\u00bb custom_padding=\u00a0\u00bb9px|40px|9px|24px|true|false\u00a0\u00bb global_colors_info=\u00a0\u00bb{}\u00a0\u00bb][\/et_pb_button][\/et_pb_column][\/et_pb_row][\/et_pb_section][et_pb_section fb_built=\u00a0\u00bb1&Prime; admin_label=\u00a0\u00bbFooter\u00a0\u00bb _builder_version=\u00a0\u00bb4.27.0&Prime; _module_preset=\u00a0\u00bbdefault\u00a0\u00bb background_color=\u00a0\u00bb#FFFFFF\u00a0\u00bb saved_tabs=\u00a0\u00bball\u00a0\u00bb collapsed=\u00a0\u00bbon\u00a0\u00bb global_colors_info=\u00a0\u00bb{}\u00a0\u00bb][et_pb_row _builder_version=\u00a0\u00bb4.25.1&Prime; _module_preset=\u00a0\u00bbdefault\u00a0\u00bb global_colors_info=\u00a0\u00bb{}\u00a0\u00bb][et_pb_column type=\u00a0\u00bb4_4&Prime; _builder_version=\u00a0\u00bb4.25.1&Prime; _module_preset=\u00a0\u00bbdefault\u00a0\u00bb global_colors_info=\u00a0\u00bb{}\u00a0\u00bb][et_pb_image src=\u00a0\u00bb@ET-DC@eyJkeW5hbWljIjp0cnVlLCJjb250ZW50Ijoic2l0ZV9sb2dvIiwic2V0dGluZ3MiOnt9fQ==@\u00a0\u00bb url=\u00a0\u00bb@ET-DC@eyJkeW5hbWljIjp0cnVlLCJjb250ZW50IjoiaG9tZV91cmwiLCJzZXR0aW5ncyI6e319@\u00a0\u00bb align=\u00a0\u00bbcenter\u00a0\u00bb _builder_version=\u00a0\u00bb4.27.0&Prime; _dynamic_attributes=\u00a0\u00bbsrc,url\u00a0\u00bb _module_preset=\u00a0\u00bbdefault\u00a0\u00bb width=\u00a0\u00bb18%\u00a0\u00bb max_width=\u00a0\u00bb28%\u00a0\u00bb module_alignment=\u00a0\u00bbcenter\u00a0\u00bb global_colors_info=\u00a0\u00bb{}\u00a0\u00bb][\/et_pb_image][\/et_pb_column][\/et_pb_row][\/et_pb_section]<\/p>\n","protected":false},"excerpt":{"rendered":"<p>Envie de tester nos boxs ? L&rsquo;engagement 3 mois est recommand\u00e9 pour les nouveaux lecteurs. Un moyen sur de tester notre programme tout en douceur&#8230;L&rsquo;engagement 6 mois est recommand\u00e9 pour des lecteurs engag\u00e9s. Recevez votre box de fa\u00e7on mensuel. Une p\u00e9riode suffismment longue pour pouvoir tester diff\u00e9rents auteurs ou style de lecture !On ne vous [&hellip;]<\/p>\n","protected":false},"author":1,"featured_media":0,"parent":0,"menu_order":0,"comment_status":"closed","ping_status":"closed","template":"","meta":{"_et_pb_use_builder":"on","_et_pb_old_content":"","_et_gb_content_width":"","footnotes":""},"class_list":["post-34","page","type-page","status-publish","hentry"],"_links":{"self":[{"href":"https:\/\/supexup.formatome.fr\/2024-2025\/RPMC\/7\/wp-json\/wp\/v2\/pages\/34","targetHints":{"allow":["GET"]}}],"collection":[{"href":"https:\/\/supexup.formatome.fr\/2024-2025\/RPMC\/7\/wp-json\/wp\/v2\/pages"}],"about":[{"href":"https:\/\/supexup.formatome.fr\/2024-2025\/RPMC\/7\/wp-json\/wp\/v2\/types\/page"}],"author":[{"embeddable":true,"href":"https:\/\/supexup.formatome.fr\/2024-2025\/RPMC\/7\/wp-json\/wp\/v2\/users\/1"}],"replies":[{"embeddable":true,"href":"https:\/\/supexup.formatome.fr\/2024-2025\/RPMC\/7\/wp-json\/wp\/v2\/comments?post=34"}],"version-history":[{"count":8,"href":"https:\/\/supexup.formatome.fr\/2024-2025\/RPMC\/7\/wp-json\/wp\/v2\/pages\/34\/revisions"}],"predecessor-version":[{"id":349,"href":"https:\/\/supexup.formatome.fr\/2024-2025\/RPMC\/7\/wp-json\/wp\/v2\/pages\/34\/revisions\/349"}],"wp:attachment":[{"href":"https:\/\/supexup.formatome.fr\/2024-2025\/RPMC\/7\/wp-json\/wp\/v2\/media?parent=34"}],"curies":[{"name":"wp","href":"https:\/\/api.w.org\/{rel}","templated":true}]}}