{"id":27,"date":"2024-10-31T15:09:13","date_gmt":"2024-10-31T14:09:13","guid":{"rendered":"https:\/\/supexup.formatome.fr\/2024-2025\/RPMC\/4\/?page_id=27"},"modified":"2025-02-18T12:17:57","modified_gmt":"2025-02-18T11:17:57","slug":"a-propos","status":"publish","type":"page","link":"https:\/\/supexup.formatome.fr\/2024-2025\/RPMC\/4\/a-propos\/","title":{"rendered":"\u00c0 PROPOS"},"content":{"rendered":"[et_pb_section fb_built=\u00a0\u00bb1&Prime; admin_label=\u00a0\u00bbsection\u00a0\u00bb _builder_version=\u00a0\u00bb4.16&Prime; global_colors_info=\u00a0\u00bb{}\u00a0\u00bb][et_pb_row admin_label=\u00a0\u00bbrow\u00a0\u00bb _builder_version=\u00a0\u00bb4.16&Prime; background_size=\u00a0\u00bbinitial\u00a0\u00bb background_position=\u00a0\u00bbtop_left\u00a0\u00bb background_repeat=\u00a0\u00bbrepeat\u00a0\u00bb global_colors_info=\u00a0\u00bb{}\u00a0\u00bb][et_pb_column type=\u00a0\u00bb4_4&Prime; _builder_version=\u00a0\u00bb4.16&Prime; custom_padding=\u00a0\u00bb|||\u00a0\u00bb global_colors_info=\u00a0\u00bb{}\u00a0\u00bb custom_padding__hover=\u00a0\u00bb|||\u00a0\u00bb][et_pb_text admin_label=\u00a0\u00bbText\u00a0\u00bb _builder_version=\u00a0\u00bb4.16&Prime; background_size=\u00a0\u00bbinitial\u00a0\u00bb background_position=\u00a0\u00bbtop_left\u00a0\u00bb background_repeat=\u00a0\u00bbrepeat\u00a0\u00bb global_colors_info=\u00a0\u00bb{}\u00a0\u00bb][\/et_pb_text][\/et_pb_column][\/et_pb_row][et_pb_row column_structure=\u00a0\u00bb2_3,1_3&Prime; _builder_version=\u00a0\u00bb4.27.3&Prime; _module_preset=\u00a0\u00bbdefault\u00a0\u00bb global_colors_info=\u00a0\u00bb{}\u00a0\u00bb][et_pb_column type=\u00a0\u00bb2_3&Prime; _builder_version=\u00a0\u00bb4.27.3&Prime; _module_preset=\u00a0\u00bbdefault\u00a0\u00bb global_colors_info=\u00a0\u00bb{}\u00a0\u00bb][et_pb_text _builder_version=\u00a0\u00bb4.27.3&Prime; _module_preset=\u00a0\u00bbdefault\u00a0\u00bb text_font=\u00a0\u00bbOpen Sans|||on|||||\u00a0\u00bb text_text_color=\u00a0\u00bbgcid-83442372-b2b2-4c5d-9423-fe0bdaee13b6&Prime; text_font_size=\u00a0\u00bb40px\u00a0\u00bb global_colors_info=\u00a0\u00bb{%22gcid-83442372-b2b2-4c5d-9423-fe0bdaee13b6%22:%91%22text_text_color%22%93}\u00a0\u00bb]<p>\u00c0 PROPOS<\/p>[\/et_pb_text][et_pb_text _builder_version=\u00a0\u00bb4.27.3&Prime; _module_preset=\u00a0\u00bbdefault\u00a0\u00bb text_font=\u00a0\u00bbOpen Sans||||||||\u00a0\u00bb text_text_color=\u00a0\u00bb#000000&Prime; text_font_size=\u00a0\u00bb15px\u00a0\u00bb global_colors_info=\u00a0\u00bb{}\u00a0\u00bb]<p>Moi c\u2019est Clara,<\/p>\n<p><span>Autonome, organis\u00e9e et curieuse, j&rsquo;adore apprendre, relever de nouveaux d\u00e9fis et sortir de ma zone de confort. <\/span><\/p>\n<p><span>On me d\u00e9crit souvent comme solaire, dot\u00e9e d&rsquo;une grande capacit\u00e9 d&rsquo;analyse, d&rsquo;\u00e9coute et de remise en question. <\/span><span>Ces qualit\u00e9s me permettent de m&rsquo;adapter rapidement et d&rsquo;exceller dans mes projets. <\/span><\/p>\n<p><span>Mon objectif : toujours m&rsquo;am\u00e9liorer et apporter le meilleur de moi-m\u00eame.<\/span><\/p>[\/et_pb_text][et_pb_button button_url=\u00a0\u00bb@ET-DC@eyJkeW5hbWljIjp0cnVlLCJjb250ZW50IjoicG9zdF9saW5rX3VybF9hdHRhY2htZW50Iiwic2V0dGluZ3MiOnsicG9zdF9pZCI6IjMzNyJ9fQ==@\u00a0\u00bb button_text=\u00a0\u00bbT\u00e9l\u00e9charger mon CV\u00a0\u00bb _builder_version=\u00a0\u00bb4.27.4&Prime; _dynamic_attributes=\u00a0\u00bbbutton_url\u00a0\u00bb _module_preset=\u00a0\u00bbdefault\u00a0\u00bb custom_button=\u00a0\u00bbon\u00a0\u00bb button_text_size=\u00a0\u00bb14px\u00a0\u00bb button_text_color=\u00a0\u00bb#000000&Prime; global_colors_info=\u00a0\u00bb{}\u00a0\u00bb][\/et_pb_button][\/et_pb_column][et_pb_column type=\u00a0\u00bb1_3&Prime; _builder_version=\u00a0\u00bb4.27.3&Prime; _module_preset=\u00a0\u00bbdefault\u00a0\u00bb global_colors_info=\u00a0\u00bb{}\u00a0\u00bb][et_pb_image src=\u00a0\u00bbhttp:\/\/supexup.formatome.fr\/2024-2025\/RPMC\/4\/wp-content\/uploads\/2025\/02\/IMG_7866-1-scaled.jpeg\u00a0\u00bb title_text=\u00a0\u00bbIMG_7866&Prime; _builder_version=\u00a0\u00bb4.27.4&Prime; _module_preset=\u00a0\u00bbdefault\u00a0\u00bb global_colors_info=\u00a0\u00bb{}\u00a0\u00bb][\/et_pb_image][\/et_pb_column][\/et_pb_row][et_pb_row _builder_version=\u00a0\u00bb4.27.3&Prime; _module_preset=\u00a0\u00bbdefault\u00a0\u00bb global_colors_info=\u00a0\u00bb{}\u00a0\u00bb][et_pb_column type=\u00a0\u00bb4_4&Prime; _builder_version=\u00a0\u00bb4.27.3&Prime; _module_preset=\u00a0\u00bbdefault\u00a0\u00bb global_colors_info=\u00a0\u00bb{}\u00a0\u00bb][et_pb_divider color=\u00a0\u00bb#000000&Prime; _builder_version=\u00a0\u00bb4.27.3&Prime; _module_preset=\u00a0\u00bbdefault\u00a0\u00bb global_colors_info=\u00a0\u00bb{}\u00a0\u00bb][\/et_pb_divider][\/et_pb_column][\/et_pb_row][et_pb_row column_structure=\u00a0\u00bb1_3,2_3&Prime; _builder_version=\u00a0\u00bb4.27.3&Prime; _module_preset=\u00a0\u00bbdefault\u00a0\u00bb global_colors_info=\u00a0\u00bb{}\u00a0\u00bb][et_pb_column type=\u00a0\u00bb1_3&Prime; _builder_version=\u00a0\u00bb4.27.3&Prime; _module_preset=\u00a0\u00bbdefault\u00a0\u00bb global_colors_info=\u00a0\u00bb{}\u00a0\u00bb][et_pb_image src=\u00a0\u00bbhttp:\/\/supexup.formatome.fr\/2024-2025\/RPMC\/4\/wp-content\/uploads\/2025\/01\/IMG_2160-scaled.jpg\u00a0\u00bb title_text=\u00a0\u00bbIMG_2160&Prime; align=\u00a0\u00bbcenter\u00a0\u00bb _builder_version=\u00a0\u00bb4.27.3&Prime; _module_preset=\u00a0\u00bbdefault\u00a0\u00bb global_colors_info=\u00a0\u00bb{}\u00a0\u00bb][\/et_pb_image][\/et_pb_column][et_pb_column type=\u00a0\u00bb2_3&Prime; _builder_version=\u00a0\u00bb4.27.3&Prime; _module_preset=\u00a0\u00bbdefault\u00a0\u00bb global_colors_info=\u00a0\u00bb{}\u00a0\u00bb][et_pb_text _builder_version=\u00a0\u00bb4.27.4&Prime; _module_preset=\u00a0\u00bbdefault\u00a0\u00bb text_font=\u00a0\u00bbOpen Sans|||on|||||\u00a0\u00bb text_text_color=\u00a0\u00bbgcid-7b11b1ed-ac7c-457c-8957-f2ed6ae7b49f\u00a0\u00bb text_font_size=\u00a0\u00bb40px\u00a0\u00bb text_orientation=\u00a0\u00bbright\u00a0\u00bb hover_enabled=\u00a0\u00bb0&Prime; global_colors_info=\u00a0\u00bb{%22gcid-7b11b1ed-ac7c-457c-8957-f2ed6ae7b49f%22:%91%22text_text_color%22%93}\u00a0\u00bb disabled_on=\u00a0\u00bbon|off|off\u00a0\u00bb sticky_enabled=\u00a0\u00bb0&Prime;]<p>MON HISTOIRE<\/p>[\/et_pb_text][et_pb_text _builder_version=\u00a0\u00bb4.27.4&Prime; _module_preset=\u00a0\u00bbdefault\u00a0\u00bb text_font=\u00a0\u00bbOpen Sans|||on|||||\u00a0\u00bb text_text_color=\u00a0\u00bbgcid-7b11b1ed-ac7c-457c-8957-f2ed6ae7b49f\u00a0\u00bb text_font_size=\u00a0\u00bb40px\u00a0\u00bb hover_enabled=\u00a0\u00bb0&Prime; global_colors_info=\u00a0\u00bb{%22gcid-7b11b1ed-ac7c-457c-8957-f2ed6ae7b49f%22:%91%22text_text_color%22%93}\u00a0\u00bb disabled_on=\u00a0\u00bboff|on|on\u00a0\u00bb sticky_enabled=\u00a0\u00bb0&Prime;]<p>MON HISTOIRE<\/p>[\/et_pb_text][et_pb_divider show_divider=\u00a0\u00bboff\u00a0\u00bb _builder_version=\u00a0\u00bb4.27.3&Prime; _module_preset=\u00a0\u00bbdefault\u00a0\u00bb global_colors_info=\u00a0\u00bb{}\u00a0\u00bb][\/et_pb_divider][et_pb_text _builder_version=\u00a0\u00bb4.27.4&Prime; _module_preset=\u00a0\u00bbdefault\u00a0\u00bb text_font=\u00a0\u00bbOpen Sans||||||||\u00a0\u00bb text_text_color=\u00a0\u00bb#000000&Prime; text_font_size=\u00a0\u00bb15px\u00a0\u00bb hover_enabled=\u00a0\u00bb0&Prime; global_colors_info=\u00a0\u00bb{}\u00a0\u00bb sticky_enabled=\u00a0\u00bb0&Prime;]<p>En 2019, alors que j\u2019avais 15 ans, mes parents ont pris la d\u00e9cision audacieuse de nous emmener, mon fr\u00e8re a\u00een\u00e9, ma s\u0153ur jumelle et moi, parcourir le monde pendant 8 mois.<\/p>\n<p>Au fil de nos d\u00e9couvertes \u00e0 travers les continents et les cultures fascinantes que nous avons explor\u00e9es, j\u2019ai d\u00e9velopp\u00e9 une v\u00e9ritable passion pour la cr\u00e9ation de contenu. Capturer chaque moment, retranscrire chaque \u00e9motion, et les partager \u00e0 travers mon blog et mes r\u00e9seaux sociaux est rapidement devenu une vocation.<\/p>\n<p>Cette passion, n\u00e9e de cette exp\u00e9rience unique, continue d\u2019inspirer mes projets et nourrit mon engagement dans le domaine de la communication et du storytelling.<\/p>[\/et_pb_text][\/et_pb_column][\/et_pb_row][\/et_pb_section]","protected":false},"excerpt":{"rendered":"<p>\u00c0 PROPOSMoi c\u2019est Clara, Autonome, organis\u00e9e et curieuse, j&rsquo;adore apprendre, relever de nouveaux d\u00e9fis et sortir de ma zone de confort. On me d\u00e9crit souvent comme solaire, dot\u00e9e d&rsquo;une grande capacit\u00e9 d&rsquo;analyse, d&rsquo;\u00e9coute et de remise en question. Ces qualit\u00e9s me permettent de m&rsquo;adapter rapidement et d&rsquo;exceller dans mes projets. Mon objectif : toujours m&rsquo;am\u00e9liorer [&hellip;]<\/p>\n","protected":false},"author":1,"featured_media":0,"parent":0,"menu_order":0,"comment_status":"closed","ping_status":"closed","template":"","meta":{"_et_pb_use_builder":"on","_et_pb_old_content":"<!-- wp:divi\/placeholder \/-->","_et_gb_content_width":"","footnotes":""},"class_list":["post-27","page","type-page","status-publish","hentry"],"_links":{"self":[{"href":"https:\/\/supexup.formatome.fr\/2024-2025\/RPMC\/4\/wp-json\/wp\/v2\/pages\/27","targetHints":{"allow":["GET"]}}],"collection":[{"href":"https:\/\/supexup.formatome.fr\/2024-2025\/RPMC\/4\/wp-json\/wp\/v2\/pages"}],"about":[{"href":"https:\/\/supexup.formatome.fr\/2024-2025\/RPMC\/4\/wp-json\/wp\/v2\/types\/page"}],"author":[{"embeddable":true,"href":"https:\/\/supexup.formatome.fr\/2024-2025\/RPMC\/4\/wp-json\/wp\/v2\/users\/1"}],"replies":[{"embeddable":true,"href":"https:\/\/supexup.formatome.fr\/2024-2025\/RPMC\/4\/wp-json\/wp\/v2\/comments?post=27"}],"version-history":[{"count":15,"href":"https:\/\/supexup.formatome.fr\/2024-2025\/RPMC\/4\/wp-json\/wp\/v2\/pages\/27\/revisions"}],"predecessor-version":[{"id":427,"href":"https:\/\/supexup.formatome.fr\/2024-2025\/RPMC\/4\/wp-json\/wp\/v2\/pages\/27\/revisions\/427"}],"wp:attachment":[{"href":"https:\/\/supexup.formatome.fr\/2024-2025\/RPMC\/4\/wp-json\/wp\/v2\/media?parent=27"}],"curies":[{"name":"wp","href":"https:\/\/api.w.org\/{rel}","templated":true}]}}