{"id":367,"date":"2025-01-27T09:23:22","date_gmt":"2025-01-27T08:23:22","guid":{"rendered":"https:\/\/supexup.formatome.fr\/2024-2025\/RPMC\/3\/?page_id=367"},"modified":"2025-02-25T10:12:47","modified_gmt":"2025-02-25T09:12:47","slug":"linstitut","status":"publish","type":"page","link":"https:\/\/supexup.formatome.fr\/2024-2025\/RPMC\/3\/?page_id=367","title":{"rendered":"L&rsquo;institut"},"content":{"rendered":"<p>[et_pb_section fb_built=\u00a0\u00bb1&Prime; admin_label=\u00a0\u00bbHeader\u00a0\u00bb _builder_version=\u00a0\u00bb4.27.0&Prime; _module_preset=\u00a0\u00bbdefault\u00a0\u00bb use_background_color_gradient=\u00a0\u00bbon\u00a0\u00bb background_color_gradient_stops=\u00a0\u00bbgcid-904649ba-8489-45ef-bc4d-794bd4d0fcba 15%|rgba(243,239,229,0) 70%|gcid-904649ba-8489-45ef-bc4d-794bd4d0fcba 95%\u00a0\u00bb background_color_gradient_overlays_image=\u00a0\u00bbon\u00a0\u00bb background_image=\u00a0\u00bbhttps:\/\/supexup.formatome.fr\/2024-2025\/RPMC\/3\/wp-content\/uploads\/2025\/01\/Capture-decran-2025-01-27-a-12.21.06.png\u00a0\u00bb background_position=\u00a0\u00bbbottom_center\u00a0\u00bb custom_padding=\u00a0\u00bb8vw||43vw||false|false\u00a0\u00bb collapsed=\u00a0\u00bbon\u00a0\u00bb global_colors_info=\u00a0\u00bb{%22gcid-904649ba-8489-45ef-bc4d-794bd4d0fcba%22:%91%22background_color_gradient_stops%22,%22background_color_gradient_stops%22%93}\u00a0\u00bb][et_pb_row _builder_version=\u00a0\u00bb4.20.0&Prime; _module_preset=\u00a0\u00bbdefault\u00a0\u00bb global_colors_info=\u00a0\u00bb{}\u00a0\u00bb][et_pb_column type=\u00a0\u00bb4_4&Prime; _builder_version=\u00a0\u00bb4.20.0&Prime; _module_preset=\u00a0\u00bbdefault\u00a0\u00bb global_colors_info=\u00a0\u00bb{}\u00a0\u00bb][et_pb_text _builder_version=\u00a0\u00bb4.20.0&Prime; _module_preset=\u00a0\u00bb3cb9ba46-307e-4274-80c2-1dd77e4b44cc\u00a0\u00bb text_orientation=\u00a0\u00bbcenter\u00a0\u00bb global_colors_info=\u00a0\u00bb{}\u00a0\u00bb]<\/p>\n<h1>L&rsquo;INSTITUT<\/h1>\n<p>[\/et_pb_text][et_pb_button button_url=\u00a0\u00bbhttps:\/\/booksy.com\/fr-fr\/48251_institut-nbl_onglerie_101931_campagnan\u00a0\u00bb button_text=\u00a0\u00bbPrendre rendez-vous \u00a0\u00bb button_alignment=\u00a0\u00bbcenter\u00a0\u00bb _builder_version=\u00a0\u00bb4.27.0&Prime; _module_preset=\u00a0\u00bb8cc3e367-4703-4d83-8bf5-b29d5aa45b34&Prime; global_colors_info=\u00a0\u00bb{}\u00a0\u00bb][\/et_pb_button][\/et_pb_column][\/et_pb_row][\/et_pb_section][et_pb_section fb_built=\u00a0\u00bb1&Prime; admin_label=\u00a0\u00bbGallery\u00a0\u00bb _builder_version=\u00a0\u00bb4.20.0&Prime; _module_preset=\u00a0\u00bbdefault\u00a0\u00bb background_color=\u00a0\u00bbgcid-904649ba-8489-45ef-bc4d-794bd4d0fcba\u00a0\u00bb custom_padding=\u00a0\u00bb||87px|||\u00a0\u00bb collapsed=\u00a0\u00bbon\u00a0\u00bb global_colors_info=\u00a0\u00bb{%22gcid-904649ba-8489-45ef-bc4d-794bd4d0fcba%22:%91%22background_color%22%93}\u00a0\u00bb][et_pb_row column_structure=\u00a0\u00bb1_2,1_2&Prime; _builder_version=\u00a0\u00bb4.20.0&Prime; _module_preset=\u00a0\u00bbdefault\u00a0\u00bb custom_margin_tablet=\u00a0\u00bb||60px||false|false\u00a0\u00bb custom_margin_phone=\u00a0\u00bb||60px||false|false\u00a0\u00bb custom_margin_last_edited=\u00a0\u00bbon|tablet\u00a0\u00bb custom_padding=\u00a0\u00bb||0px||false|false\u00a0\u00bb global_colors_info=\u00a0\u00bb{}\u00a0\u00bb][et_pb_column type=\u00a0\u00bb1_2&Prime; _builder_version=\u00a0\u00bb4.20.0&Prime; _module_preset=\u00a0\u00bbdefault\u00a0\u00bb global_colors_info=\u00a0\u00bb{}\u00a0\u00bb][et_pb_image src=\u00a0\u00bbhttps:\/\/supexup.formatome.fr\/2024-2025\/RPMC\/3\/wp-content\/uploads\/2025\/01\/D3595B7C-F651-422A-9E00-DD8EAEB68445.mov\u00a0\u00bb title_text=\u00a0\u00bbD3595B7C-F651-422A-9E00-DD8EAEB68445&Prime; _builder_version=\u00a0\u00bb4.27.0&Prime; _module_preset=\u00a0\u00bbdefault\u00a0\u00bb global_colors_info=\u00a0\u00bb{}\u00a0\u00bb][\/et_pb_image][\/et_pb_column][et_pb_column type=\u00a0\u00bb1_2&Prime; _builder_version=\u00a0\u00bb4.20.0&Prime; _module_preset=\u00a0\u00bbdefault\u00a0\u00bb custom_padding=\u00a0\u00bb60px||60px||true|false\u00a0\u00bb custom_padding_tablet=\u00a0\u00bb0px||0px||true|false\u00a0\u00bb custom_padding_phone=\u00a0\u00bb0px||0px||true|false\u00a0\u00bb custom_padding_last_edited=\u00a0\u00bbon|tablet\u00a0\u00bb global_colors_info=\u00a0\u00bb{}\u00a0\u00bb][et_pb_text _builder_version=\u00a0\u00bb4.20.0&Prime; _module_preset=\u00a0\u00bbea34b71d-3ae8-453f-8d74-829b7d65587a\u00a0\u00bb custom_margin=\u00a0\u00bb-39px|||||\u00a0\u00bb global_colors_info=\u00a0\u00bb{}\u00a0\u00bb]<\/p>\n<h2><span>Un lieu pens\u00e9 pour vous<\/span><\/h2>\n<p>[\/et_pb_text][et_pb_text _builder_version=\u00a0\u00bb4.27.0&Prime; _module_preset=\u00a0\u00bbc57e76fb-5e4d-4031-951b-7c57e5c82053&Prime; custom_margin=\u00a0\u00bb||2px|||\u00a0\u00bb global_colors_info=\u00a0\u00bb{}\u00a0\u00bb]<\/p>\n<p>Mon institut a \u00e9t\u00e9 pens\u00e9 pour offrir un cadre calme, \u00e9l\u00e9gant et moderne, reflet de ma personnalit\u00e9. L\u2019espace climatis\u00e9 vous garantit une atmosph\u00e8re agr\u00e9able et sereine, id\u00e9ale pour un moment de d\u00e9tente ou une pause beaut\u00e9.<\/p>\n<p>L\u2019espace de travail, \u00e0 la fois moderne et fonctionnel, est con\u00e7u pour vous offrir des soins dans des conditions optimales, tout en restant fid\u00e8le \u00e0 l\u2019esth\u00e9tique soign\u00e9e qui caract\u00e9rise notre lieu.<\/p>\n<p><span>Chaque moment pass\u00e9 dans notre institut est une invitation \u00e0 la relaxation, o\u00f9 le souci du d\u00e9tail et l\u2019attention \u00e0 vos besoins sont notre priorit\u00e9.<\/span><\/p>\n<p>[\/et_pb_text][et_pb_image src=\u00a0\u00bbhttps:\/\/supexup.formatome.fr\/2024-2025\/RPMC\/3\/wp-content\/uploads\/2025\/02\/IMG_1363.jpeg\u00a0\u00bb title_text=\u00a0\u00bbIMG_1363&Prime; _builder_version=\u00a0\u00bb4.27.0&Prime; _module_preset=\u00a0\u00bbdefault\u00a0\u00bb custom_margin=\u00a0\u00bb1px|||||\u00a0\u00bb custom_padding=\u00a0\u00bb82px|||||\u00a0\u00bb global_colors_info=\u00a0\u00bb{}\u00a0\u00bb][\/et_pb_image][\/et_pb_column][\/et_pb_row][et_pb_row _builder_version=\u00a0\u00bb4.20.0&Prime; _module_preset=\u00a0\u00bbdefault\u00a0\u00bb custom_padding=\u00a0\u00bb0px||0px||true|false\u00a0\u00bb global_colors_info=\u00a0\u00bb{%22gcid-70405ffa-9041-4b6a-a9b0-2fbdad20b313%22:%91%22background_color_gradient_stops%22%93}\u00a0\u00bb][et_pb_column type=\u00a0\u00bb4_4&Prime; _builder_version=\u00a0\u00bb4.20.0&Prime; _module_preset=\u00a0\u00bbdefault\u00a0\u00bb global_colors_info=\u00a0\u00bb{}\u00a0\u00bb][et_pb_image src=\u00a0\u00bbhttps:\/\/supexup.formatome.fr\/2024-2025\/RPMC\/3\/wp-content\/uploads\/2024\/10\/beauty-esthetician-43.png\u00a0\u00bb title_text=\u00a0\u00bbbeauty-esthetician-43&Prime; _builder_version=\u00a0\u00bb4.20.0&Prime; _module_preset=\u00a0\u00bbdefault\u00a0\u00bb transform_translate=\u00a0\u00bb20%|-5%\u00a0\u00bb transform_translate_linked=\u00a0\u00bboff\u00a0\u00bb positioning=\u00a0\u00bbabsolute\u00a0\u00bb position_origin_a=\u00a0\u00bbbottom_right\u00a0\u00bb vertical_offset=\u00a0\u00bb59px\u00a0\u00bb horizontal_offset=\u00a0\u00bb20px\u00a0\u00bb width=\u00a0\u00bb22.8%\u00a0\u00bb custom_margin=\u00a0\u00bb20px|-49px|-58px|||\u00a0\u00bb custom_padding=\u00a0\u00bb|0px||||\u00a0\u00bb global_colors_info=\u00a0\u00bb{}\u00a0\u00bb][\/et_pb_image][\/et_pb_column][\/et_pb_row][\/et_pb_section][et_pb_section fb_built=\u00a0\u00bb1&Prime; admin_label=\u00a0\u00bbCall to Action\u00a0\u00bb _builder_version=\u00a0\u00bb4.27.0&Prime; _module_preset=\u00a0\u00bbdefault\u00a0\u00bb use_background_color_gradient=\u00a0\u00bbon\u00a0\u00bb background_color_gradient_stops=\u00a0\u00bbrgba(0,0,0,0.5) 0%|rgba(0,0,0,0.5) 100%\u00a0\u00bb background_color_gradient_overlays_image=\u00a0\u00bbon\u00a0\u00bb background_image=\u00a0\u00bbhttps:\/\/supexup.formatome.fr\/2024-2025\/RPMC\/3\/wp-content\/uploads\/2025\/02\/IMG_1362.jpeg\u00a0\u00bb parallax=\u00a0\u00bbon\u00a0\u00bb custom_padding=\u00a0\u00bb15vw||15vw||true|false\u00a0\u00bb locked=\u00a0\u00bboff\u00a0\u00bb collapsed=\u00a0\u00bbon\u00a0\u00bb global_colors_info=\u00a0\u00bb{}\u00a0\u00bb][et_pb_row _builder_version=\u00a0\u00bb4.20.0&Prime; _module_preset=\u00a0\u00bbdefault\u00a0\u00bb max_width=\u00a0\u00bb719px\u00a0\u00bb global_colors_info=\u00a0\u00bb{}\u00a0\u00bb][et_pb_column type=\u00a0\u00bb4_4&Prime; _builder_version=\u00a0\u00bb4.20.0&Prime; _module_preset=\u00a0\u00bbdefault\u00a0\u00bb global_colors_info=\u00a0\u00bb{}\u00a0\u00bb][et_pb_text _builder_version=\u00a0\u00bb4.27.0&Prime; _module_preset=\u00a0\u00bbea34b71d-3ae8-453f-8d74-829b7d65587a\u00a0\u00bb header_2_text_color=\u00a0\u00bb#FFFFFF\u00a0\u00bb header_2_font_size=\u00a0\u00bb110px\u00a0\u00bb text_orientation=\u00a0\u00bbcenter\u00a0\u00bb width=\u00a0\u00bb100%\u00a0\u00bb max_width=\u00a0\u00bb100%\u00a0\u00bb custom_padding=\u00a0\u00bb|||0px||\u00a0\u00bb global_colors_info=\u00a0\u00bb{}\u00a0\u00bb]<\/p>\n<h2><span>Le bien-\u00eatre commence ici.<\/span><\/h2>\n<p>[\/et_pb_text][\/et_pb_column][\/et_pb_row][\/et_pb_section][et_pb_section fb_built=\u00a0\u00bb1&Prime; admin_label=\u00a0\u00bbService\u00a0\u00bb _builder_version=\u00a0\u00bb4.20.0&Prime; _module_preset=\u00a0\u00bbdefault\u00a0\u00bb background_color=\u00a0\u00bbgcid-904649ba-8489-45ef-bc4d-794bd4d0fcba\u00a0\u00bb custom_margin=\u00a0\u00bb||-185px|||\u00a0\u00bb collapsed=\u00a0\u00bbon\u00a0\u00bb global_colors_info=\u00a0\u00bb{%22gcid-904649ba-8489-45ef-bc4d-794bd4d0fcba%22:%91%22background_color%22%93}\u00a0\u00bb][et_pb_row column_structure=\u00a0\u00bb1_2,1_2&Prime; _builder_version=\u00a0\u00bb4.20.0&Prime; _module_preset=\u00a0\u00bbdefault\u00a0\u00bb global_colors_info=\u00a0\u00bb{}\u00a0\u00bb][et_pb_column type=\u00a0\u00bb1_2&Prime; _builder_version=\u00a0\u00bb4.20.0&Prime; _module_preset=\u00a0\u00bbdefault\u00a0\u00bb global_colors_info=\u00a0\u00bb{}\u00a0\u00bb][et_pb_text _builder_version=\u00a0\u00bb4.20.0&Prime; _module_preset=\u00a0\u00bbea34b71d-3ae8-453f-8d74-829b7d65587a\u00a0\u00bb global_colors_info=\u00a0\u00bb{}\u00a0\u00bb]<\/p>\n<h2><span>Un accueil chaleureux et attentionn\u00e9<\/span><\/h2>\n<p>[\/et_pb_text][et_pb_text _builder_version=\u00a0\u00bb4.27.0&Prime; _module_preset=\u00a0\u00bbc57e76fb-5e4d-4031-951b-7c57e5c82053&Prime; global_colors_info=\u00a0\u00bb{}\u00a0\u00bb]<\/p>\n<p>D\u00e8s votre arriv\u00e9e, je vous accueille chaleureusement pour que vous vous sentiez imm\u00e9diatement \u00e0 l\u2019aise. L\u2019exp\u00e9rience que je vous propose est personnalis\u00e9e : que vous souhaitiez discuter ou \u00e9couter de la musique, je m\u2019adapte \u00e0 vos envies et \u00e0 votre humeur.<\/p>\n<p>Vous b\u00e9n\u00e9ficiez d\u2019un soin attentif et sur mesure dans un cadre apaisant. Installez-vous confortablement et profitez pleinement de votre moment.<\/p>\n<p>[\/et_pb_text][et_pb_text _builder_version=\u00a0\u00bb4.20.0&Prime; _module_preset=\u00a0\u00bbea34b71d-3ae8-453f-8d74-829b7d65587a\u00a0\u00bb global_colors_info=\u00a0\u00bb{}\u00a0\u00bb]<\/p>\n<h2><span>Le confort au c\u0153ur de votre soin<\/span><\/h2>\n<p>[\/et_pb_text][et_pb_text _builder_version=\u00a0\u00bb4.27.0&Prime; _module_preset=\u00a0\u00bbc57e76fb-5e4d-4031-951b-7c57e5c82053&Prime; global_colors_info=\u00a0\u00bb{}\u00a0\u00bb]<\/p>\n<p><span>Votre confort est notre priorit\u00e9. Vous serez install\u00e9e dans un fauteuil, con\u00e7u pour vous offrir une d\u00e9tente totale pendant votre soin.<\/span><\/p>\n<p data-start=\"531\" data-end=\"856\">Si vous \u00eates accompagn\u00e9e, nous avons \u00e9galement pens\u00e9 \u00e0 vos proches. Un canap\u00e9 douillet est mis \u00e0 leur disposition, afin qu&rsquo;ils puissent eux aussi profiter d\u2019un moment de tranquillit\u00e9 et de confort. Leur bien-\u00eatre est tout aussi important.<\/p>\n<p data-start=\"858\" data-end=\"1319\" data-is-last-node=\"\" data-is-only-node=\"\">Chaque \u00e9l\u00e9ment de votre exp\u00e9rience a \u00e9t\u00e9 minutieusement r\u00e9fl\u00e9chi et am\u00e9nag\u00e9 pour cr\u00e9er une atmosph\u00e8re agr\u00e9able et apaisante. De l\u2019ambiance lumineuse \u00e0 l&rsquo;agencement de l\u2019espace, tout a \u00e9t\u00e9 pens\u00e9 pour que vous vous sentiez d\u00e9tendue et en parfaite harmonie avec votre environnement. Notre objectif est de vous offrir une exp\u00e9rience qui ne soit pas seulement un soin, mais un v\u00e9ritable moment de relaxation et de plaisir, o\u00f9 chaque d\u00e9tail contribue \u00e0 votre confort.<\/p>\n<p>[\/et_pb_text][\/et_pb_column][et_pb_column type=\u00a0\u00bb1_2&Prime; _builder_version=\u00a0\u00bb4.20.0&Prime; _module_preset=\u00a0\u00bbdefault\u00a0\u00bb global_colors_info=\u00a0\u00bb{}\u00a0\u00bb][et_pb_image src=\u00a0\u00bbhttps:\/\/supexup.formatome.fr\/2024-2025\/RPMC\/3\/wp-content\/uploads\/2025\/01\/IMG_0769.jpg\u00a0\u00bb title_text=\u00a0\u00bbIMG_0769&Prime; _builder_version=\u00a0\u00bb4.27.0&Prime; _module_preset=\u00a0\u00bbdefault\u00a0\u00bb global_colors_info=\u00a0\u00bb{}\u00a0\u00bb][\/et_pb_image][et_pb_image src=\u00a0\u00bbhttps:\/\/supexup.formatome.fr\/2024-2025\/RPMC\/3\/wp-content\/uploads\/2024\/12\/beauty-esthetician-39.png\u00a0\u00bb title_text=\u00a0\u00bbbeauty-esthetician-39&Prime; _builder_version=\u00a0\u00bb4.20.0&Prime; _module_preset=\u00a0\u00bbdefault\u00a0\u00bb transform_translate=\u00a0\u00bb30%|-20%\u00a0\u00bb transform_translate_linked=\u00a0\u00bboff\u00a0\u00bb positioning=\u00a0\u00bbabsolute\u00a0\u00bb position_origin_a=\u00a0\u00bbtop_right\u00a0\u00bb z_index=\u00a0\u00bb1&Prime; width=\u00a0\u00bb40%\u00a0\u00bb global_colors_info=\u00a0\u00bb{}\u00a0\u00bb][\/et_pb_image][\/et_pb_column][\/et_pb_row][\/et_pb_section]<\/p>\n","protected":false},"excerpt":{"rendered":"<p>L&rsquo;INSTITUTUn lieu pens\u00e9 pour vousMon institut a \u00e9t\u00e9 pens\u00e9 pour offrir un cadre calme, \u00e9l\u00e9gant et moderne, reflet de ma personnalit\u00e9. L\u2019espace climatis\u00e9 vous garantit une atmosph\u00e8re agr\u00e9able et sereine, id\u00e9ale pour un moment de d\u00e9tente ou une pause beaut\u00e9. L\u2019espace de travail, \u00e0 la fois moderne et fonctionnel, est con\u00e7u pour vous offrir des [&hellip;]<\/p>\n","protected":false},"author":1,"featured_media":0,"parent":0,"menu_order":0,"comment_status":"closed","ping_status":"closed","template":"","meta":{"_et_pb_use_builder":"on","_et_pb_old_content":"","_et_gb_content_width":"","footnotes":""},"class_list":["post-367","page","type-page","status-publish","hentry"],"_links":{"self":[{"href":"https:\/\/supexup.formatome.fr\/2024-2025\/RPMC\/3\/index.php?rest_route=\/wp\/v2\/pages\/367","targetHints":{"allow":["GET"]}}],"collection":[{"href":"https:\/\/supexup.formatome.fr\/2024-2025\/RPMC\/3\/index.php?rest_route=\/wp\/v2\/pages"}],"about":[{"href":"https:\/\/supexup.formatome.fr\/2024-2025\/RPMC\/3\/index.php?rest_route=\/wp\/v2\/types\/page"}],"author":[{"embeddable":true,"href":"https:\/\/supexup.formatome.fr\/2024-2025\/RPMC\/3\/index.php?rest_route=\/wp\/v2\/users\/1"}],"replies":[{"embeddable":true,"href":"https:\/\/supexup.formatome.fr\/2024-2025\/RPMC\/3\/index.php?rest_route=%2Fwp%2Fv2%2Fcomments&post=367"}],"version-history":[{"count":21,"href":"https:\/\/supexup.formatome.fr\/2024-2025\/RPMC\/3\/index.php?rest_route=\/wp\/v2\/pages\/367\/revisions"}],"predecessor-version":[{"id":504,"href":"https:\/\/supexup.formatome.fr\/2024-2025\/RPMC\/3\/index.php?rest_route=\/wp\/v2\/pages\/367\/revisions\/504"}],"wp:attachment":[{"href":"https:\/\/supexup.formatome.fr\/2024-2025\/RPMC\/3\/index.php?rest_route=%2Fwp%2Fv2%2Fmedia&parent=367"}],"curies":[{"name":"wp","href":"https:\/\/api.w.org\/{rel}","templated":true}]}}