{"id":20,"date":"2024-10-31T15:11:55","date_gmt":"2024-10-31T14:11:55","guid":{"rendered":"https:\/\/supexup.formatome.fr\/2024-2025\/RPMC\/1\/?page_id=20"},"modified":"2025-02-18T10:41:02","modified_gmt":"2025-02-18T09:41:02","slug":"qui-sommes-nous","status":"publish","type":"page","link":"https:\/\/supexup.formatome.fr\/2024-2025\/RPMC\/1\/?page_id=20","title":{"rendered":"Qui sommes nous ?"},"content":{"rendered":"<p>[et_pb_section fb_built=\u00a0\u00bb1&Prime; _builder_version=\u00a0\u00bb4.27.0&Prime; _module_preset=\u00a0\u00bbdefault\u00a0\u00bb global_colors_info=\u00a0\u00bb{}\u00a0\u00bb theme_builder_area=\u00a0\u00bbpost_content\u00a0\u00bb][et_pb_row _builder_version=\u00a0\u00bb4.27.4&Prime; _module_preset=\u00a0\u00bbdefault\u00a0\u00bb column_structure=\u00a0\u00bb1_2,1_2&Prime; theme_builder_area=\u00a0\u00bbpost_content\u00a0\u00bb][et_pb_column _builder_version=\u00a0\u00bb4.27.4&Prime; _module_preset=\u00a0\u00bbdefault\u00a0\u00bb type=\u00a0\u00bb1_2&Prime; theme_builder_area=\u00a0\u00bbpost_content\u00a0\u00bb][et_pb_team_member name=\u00a0\u00bbMaxime JEAN\u00a0\u00bb image_url=\u00a0\u00bbhttps:\/\/supexup.formatome.fr\/2024-2025\/RPMC\/1\/wp-content\/uploads\/2024\/10\/IMG_20210403_210836_705.jpg\u00a0\u00bb _builder_version=\u00a0\u00bb4.27.4&Prime; _module_preset=\u00a0\u00bbdefault\u00a0\u00bb theme_builder_area=\u00a0\u00bbpost_content\u00a0\u00bb title_text=\u00a0\u00bbIMG_20210403_210836_705&Prime; hover_enabled=\u00a0\u00bb0&Prime; sticky_enabled=\u00a0\u00bb0&Prime;][\/et_pb_team_member][\/et_pb_column][et_pb_column _builder_version=\u00a0\u00bb4.27.4&Prime; _module_preset=\u00a0\u00bbdefault\u00a0\u00bb type=\u00a0\u00bb1_2&Prime; theme_builder_area=\u00a0\u00bbpost_content\u00a0\u00bb][et_pb_text _builder_version=\u00a0\u00bb4.27.4&Prime; _module_preset=\u00a0\u00bbdefault\u00a0\u00bb theme_builder_area=\u00a0\u00bbpost_content\u00a0\u00bb]<\/p>\n<p data-start=\"0\" data-end=\"345\">L&rsquo;image pr\u00e9sente un portrait d&rsquo;un homme jeune, aux traits bien d\u00e9finis, avec une barbe courte et soign\u00e9e. Il a les cheveux bruns, coup\u00e9s court sur les c\u00f4t\u00e9s et l\u00e9g\u00e8rement plus longs sur le dessus. Son teint est clair, et son expression faciale est neutre avec un l\u00e9ger sourire. Son regard est dirig\u00e9 l\u00e9g\u00e8rement sur le c\u00f4t\u00e9, et il semble d\u00e9tendu.<\/p>\n<p data-start=\"347\" data-end=\"618\">L&rsquo;\u00e9clairage est chaleureux, mettant en valeur les contours de son visage avec une douce lumi\u00e8re venant du c\u00f4t\u00e9 gauche de l&rsquo;image. L\u2019arri\u00e8re-plan est l\u00e9g\u00e8rement flou, sugg\u00e9rant un environnement int\u00e9rieur avec une fen\u00eatre visible \u00e0 droite et des \u00e9l\u00e9ments v\u00e9g\u00e9taux \u00e0 gauche.<\/p>\n<p data-start=\"620\" data-end=\"830\" data-is-last-node=\"\">L\u2019homme porte un pull ou un t-shirt de couleur neutre, contribuant \u00e0 une apparence sobre et d\u00e9contract\u00e9e. La composition de l\u2019image est \u00e9quilibr\u00e9e, mettant en avant le sujet de mani\u00e8re naturelle et harmonieuse.<\/p>\n<p>[\/et_pb_text][\/et_pb_column][\/et_pb_row][et_pb_row _builder_version=\u00a0\u00bb4.27.4&Prime; _module_preset=\u00a0\u00bbdefault\u00a0\u00bb column_structure=\u00a0\u00bb1_2,1_2&Prime; theme_builder_area=\u00a0\u00bbpost_content\u00a0\u00bb hover_enabled=\u00a0\u00bb0&Prime; sticky_enabled=\u00a0\u00bb0&Prime;][et_pb_column _builder_version=\u00a0\u00bb4.27.4&Prime; _module_preset=\u00a0\u00bbdefault\u00a0\u00bb type=\u00a0\u00bb1_2&Prime; theme_builder_area=\u00a0\u00bbpost_content\u00a0\u00bb][et_pb_text _builder_version=\u00a0\u00bb4.27.4&Prime; _module_preset=\u00a0\u00bbdefault\u00a0\u00bb theme_builder_area=\u00a0\u00bbpost_content\u00a0\u00bb]<\/p>\n<p data-start=\"0\" data-end=\"280\">L&rsquo;image pr\u00e9sente un portrait d&rsquo;un homme avec une barbe fournie et bien entretenue. Ses cheveux sont courts, fonc\u00e9s et soigneusement coiff\u00e9s. Il affiche un sourire discret, donnant une impression de s\u00e9r\u00e9nit\u00e9 et de convivialit\u00e9. Son teint est clair, et ses traits sont bien d\u00e9finis.<\/p>\n<p data-start=\"282\" data-end=\"518\">L&rsquo;\u00e9clairage est chaleureux, mettant en valeur la texture de la peau et la structure du visage. L&rsquo;arri\u00e8re-plan est l\u00e9g\u00e8rement flou, avec des \u00e9l\u00e9ments d\u00e9coratifs visibles, notamment des fleurs blanches et une ambiance int\u00e9rieure agr\u00e9able.<\/p>\n<p data-start=\"520\" data-end=\"735\" data-is-last-node=\"\">Il porte un pull de couleur sombre avec un col rond, renfor\u00e7ant un style sobre et d\u00e9contract\u00e9. L&rsquo;ensemble de la composition est \u00e9quilibr\u00e9, avec une mise en avant naturelle du sujet, dans une atmosph\u00e8re accueillante.<\/p>\n<p>[\/et_pb_text][\/et_pb_column][et_pb_column _builder_version=\u00a0\u00bb4.27.4&Prime; _module_preset=\u00a0\u00bbdefault\u00a0\u00bb type=\u00a0\u00bb1_2&Prime; theme_builder_area=\u00a0\u00bbpost_content\u00a0\u00bb][et_pb_team_member name=\u00a0\u00bbJean MAXIME\u00a0\u00bb image_url=\u00a0\u00bbhttps:\/\/supexup.formatome.fr\/2024-2025\/RPMC\/1\/wp-content\/uploads\/2024\/10\/IMG_20230427_230255_586-1.jpg\u00a0\u00bb _builder_version=\u00a0\u00bb4.27.4&Prime; _module_preset=\u00a0\u00bbdefault\u00a0\u00bb theme_builder_area=\u00a0\u00bbpost_content\u00a0\u00bb title_text=\u00a0\u00bbIMG_20230427_230255_586 (1)\u00a0\u00bb hover_enabled=\u00a0\u00bb0&Prime; sticky_enabled=\u00a0\u00bb0&Prime;][\/et_pb_team_member][\/et_pb_column][\/et_pb_row][et_pb_row _builder_version=\u00a0\u00bb4.27.4&Prime; _module_preset=\u00a0\u00bbdefault\u00a0\u00bb theme_builder_area=\u00a0\u00bbpost_content\u00a0\u00bb][et_pb_column _builder_version=\u00a0\u00bb4.27.4&Prime; _module_preset=\u00a0\u00bbdefault\u00a0\u00bb type=\u00a0\u00bb4_4&Prime; theme_builder_area=\u00a0\u00bbpost_content\u00a0\u00bb][et_pb_heading title=\u00a0\u00bbM\u00eame personne, barbe plus fournie, ambiance similaire.\u00a0\u00bb _builder_version=\u00a0\u00bb4.27.4&Prime; _module_preset=\u00a0\u00bbdefault\u00a0\u00bb theme_builder_area=\u00a0\u00bbpost_content\u00a0\u00bb hover_enabled=\u00a0\u00bb0&Prime; sticky_enabled=\u00a0\u00bb0&Prime;][\/et_pb_heading][\/et_pb_column][\/et_pb_row][\/et_pb_section]<\/p>\n","protected":false},"excerpt":{"rendered":"<p>L&rsquo;image pr\u00e9sente un portrait d&rsquo;un homme jeune, aux traits bien d\u00e9finis, avec une barbe courte et soign\u00e9e. Il a les cheveux bruns, coup\u00e9s court sur les c\u00f4t\u00e9s et l\u00e9g\u00e8rement plus longs sur le dessus. Son teint est clair, et son expression faciale est neutre avec un l\u00e9ger sourire. Son regard est dirig\u00e9 l\u00e9g\u00e8rement sur le [&hellip;]<\/p>\n","protected":false},"author":1,"featured_media":0,"parent":0,"menu_order":0,"comment_status":"closed","ping_status":"closed","template":"","meta":{"_et_pb_use_builder":"on","_et_pb_old_content":"","_et_gb_content_width":"","footnotes":""},"class_list":["post-20","page","type-page","status-publish","hentry"],"_links":{"self":[{"href":"https:\/\/supexup.formatome.fr\/2024-2025\/RPMC\/1\/index.php?rest_route=\/wp\/v2\/pages\/20","targetHints":{"allow":["GET"]}}],"collection":[{"href":"https:\/\/supexup.formatome.fr\/2024-2025\/RPMC\/1\/index.php?rest_route=\/wp\/v2\/pages"}],"about":[{"href":"https:\/\/supexup.formatome.fr\/2024-2025\/RPMC\/1\/index.php?rest_route=\/wp\/v2\/types\/page"}],"author":[{"embeddable":true,"href":"https:\/\/supexup.formatome.fr\/2024-2025\/RPMC\/1\/index.php?rest_route=\/wp\/v2\/users\/1"}],"replies":[{"embeddable":true,"href":"https:\/\/supexup.formatome.fr\/2024-2025\/RPMC\/1\/index.php?rest_route=%2Fwp%2Fv2%2Fcomments&post=20"}],"version-history":[{"count":3,"href":"https:\/\/supexup.formatome.fr\/2024-2025\/RPMC\/1\/index.php?rest_route=\/wp\/v2\/pages\/20\/revisions"}],"predecessor-version":[{"id":184,"href":"https:\/\/supexup.formatome.fr\/2024-2025\/RPMC\/1\/index.php?rest_route=\/wp\/v2\/pages\/20\/revisions\/184"}],"wp:attachment":[{"href":"https:\/\/supexup.formatome.fr\/2024-2025\/RPMC\/1\/index.php?rest_route=%2Fwp%2Fv2%2Fmedia&parent=20"}],"curies":[{"name":"wp","href":"https:\/\/api.w.org\/{rel}","templated":true}]}}