{"id":155,"date":"2025-01-10T09:40:58","date_gmt":"2025-01-10T08:40:58","guid":{"rendered":"https:\/\/supexup.formatome.fr\/2024-2025\/RPMC\/1\/?page_id=155"},"modified":"2025-02-18T11:46:58","modified_gmt":"2025-02-18T10:46:58","slug":"155-2","status":"publish","type":"page","link":"https:\/\/supexup.formatome.fr\/2024-2025\/RPMC\/1\/?page_id=155","title":{"rendered":"Nos cr\u00e9ations"},"content":{"rendered":"<p>[et_pb_section fb_built=\u00a0\u00bb1&Prime; admin_label=\u00a0\u00bbClasses Section\u00a0\u00bb _builder_version=\u00a0\u00bb4.16&Prime; background_color=\u00a0\u00bb#1e1d1c\u00a0\u00bb custom_padding=\u00a0\u00bb91px||91px|\u00a0\u00bb global_colors_info=\u00a0\u00bb{}\u00a0\u00bb][et_pb_row column_structure=\u00a0\u00bb1_3,1_3,1_3&Prime; make_equal=\u00a0\u00bbon\u00a0\u00bb admin_label=\u00a0\u00bbClasses Area\u00a0\u00bb _builder_version=\u00a0\u00bb4.27.4&Prime; max_width=\u00a0\u00bb1440px\u00a0\u00bb min_height=\u00a0\u00bb450.8px\u00a0\u00bb hover_enabled=\u00a0\u00bb0&Prime; use_custom_width=\u00a0\u00bbon\u00a0\u00bb custom_width_px=\u00a0\u00bb1440px\u00a0\u00bb global_colors_info=\u00a0\u00bb{}\u00a0\u00bb sticky_enabled=\u00a0\u00bb0&Prime;][et_pb_column type=\u00a0\u00bb1_3&Prime; _builder_version=\u00a0\u00bb4.16&Prime; background_color=\u00a0\u00bb#282624&Prime; custom_padding=\u00a0\u00bb|||\u00a0\u00bb global_colors_info=\u00a0\u00bb{}\u00a0\u00bb custom_padding__hover=\u00a0\u00bb|||\u00a0\u00bb][et_pb_image src=\u00a0\u00bbhttps:\/\/supexup.formatome.fr\/2024-2025\/RPMC\/1\/wp-content\/uploads\/2024\/11\/DALL\u00b7E-2024-11-18-11.29.29-A-simple-statuette-inspired-by-the-Binding-of-Isaac-universe.-The-statuette-features-a-small-teardrop-eyed-character-with-a-minimalist-and-slightly-e.webp\u00a0\u00bb title_text=\u00a0\u00bbDALL\u00b7E 2024-11-18 11.29.29 &#8211; A simple statuette inspired by the Binding of Isaac universe. The statuette features a small, teardrop-eyed character with a minimalist and slightly e\u00a0\u00bb force_fullwidth=\u00a0\u00bbon\u00a0\u00bb align_tablet=\u00a0\u00bbcenter\u00a0\u00bb align_phone=\u00a0\u00bbcenter\u00a0\u00bb align_last_edited=\u00a0\u00bbon|desktop\u00a0\u00bb _builder_version=\u00a0\u00bb4.27.0&Prime; custom_margin=\u00a0\u00bb||0px|\u00a0\u00bb global_colors_info=\u00a0\u00bb{}\u00a0\u00bb][\/et_pb_image][et_pb_text admin_label=\u00a0\u00bbTitle\u00a0\u00bb _builder_version=\u00a0\u00bb4.27.4&Prime; _dynamic_attributes=\u00a0\u00bblink_option_url\u00a0\u00bb text_font=\u00a0\u00bbPoppins||||||||\u00a0\u00bb text_text_color=\u00a0\u00bbrgba(255,255,255,0.7)\u00a0\u00bb text_font_size=\u00a0\u00bb18px\u00a0\u00bb text_line_height=\u00a0\u00bb1.8em\u00a0\u00bb link_font=\u00a0\u00bb|600||on|||||\u00a0\u00bb link_text_color=\u00a0\u00bb#fdb467&Prime; link_font_size=\u00a0\u00bb16px\u00a0\u00bb link_letter_spacing=\u00a0\u00bb3px\u00a0\u00bb link_line_height=\u00a0\u00bb1.8em\u00a0\u00bb header_font=\u00a0\u00bb||||||||\u00a0\u00bb header_3_font=\u00a0\u00bbPoppins|600|||||||\u00a0\u00bb header_3_text_align=\u00a0\u00bbcenter\u00a0\u00bb header_3_font_size=\u00a0\u00bb24px\u00a0\u00bb header_3_line_height=\u00a0\u00bb1.8em\u00a0\u00bb background_color=\u00a0\u00bb#282624&Prime; text_orientation=\u00a0\u00bbcenter\u00a0\u00bb background_layout=\u00a0\u00bbdark\u00a0\u00bb custom_margin=\u00a0\u00bb|||\u00a0\u00bb custom_padding=\u00a0\u00bb40px|40px|40px|40px\u00a0\u00bb animation_style=\u00a0\u00bbfade\u00a0\u00bb link_option_url=\u00a0\u00bb@ET-DC@eyJkeW5hbWljIjp0cnVlLCJjb250ZW50IjoicG9zdF9saW5rX3VybF9wYWdlIiwic2V0dGluZ3MiOnsicG9zdF9pZCI6IjEwOSJ9fQ==@\u00a0\u00bb hover_enabled=\u00a0\u00bb0&Prime; global_colors_info=\u00a0\u00bb{}\u00a0\u00bb sticky_enabled=\u00a0\u00bb0&Prime;]<\/p>\n<h3>Basiques<\/h3>\n<p><a href=\"#\">Acc\u00e9es mod\u00e8les basiques<\/a><\/p>\n<p>[\/et_pb_text][\/et_pb_column][et_pb_column type=\u00a0\u00bb1_3&Prime; _builder_version=\u00a0\u00bb4.16&Prime; background_color=\u00a0\u00bb#282624&Prime; custom_padding=\u00a0\u00bb|||\u00a0\u00bb global_colors_info=\u00a0\u00bb{}\u00a0\u00bb custom_padding__hover=\u00a0\u00bb|||\u00a0\u00bb][et_pb_image src=\u00a0\u00bbhttps:\/\/supexup.formatome.fr\/2024-2025\/RPMC\/1\/wp-content\/uploads\/2024\/11\/DALL\u00b7E-2024-11-18-11.15.28-A-detailed-statuette-design-inspired-by-the-Hollow-Knight-universe.-The-statuette-features-an-elegant-bug-like-figure-with-intricate-gothic-details.webp\u00a0\u00bb title_text=\u00a0\u00bbDALL\u00b7E 2024-11-18 11.15.28 &#8211; A detailed statuette design inspired by the Hollow Knight universe. The statuette features an elegant, bug-like figure with intricate, gothic details\u00a0\u00bb force_fullwidth=\u00a0\u00bbon\u00a0\u00bb align_tablet=\u00a0\u00bbcenter\u00a0\u00bb align_phone=\u00a0\u00bbcenter\u00a0\u00bb align_last_edited=\u00a0\u00bbon|desktop\u00a0\u00bb _builder_version=\u00a0\u00bb4.27.4&Prime; custom_margin=\u00a0\u00bb||0px|\u00a0\u00bb hover_enabled=\u00a0\u00bb0&Prime; global_colors_info=\u00a0\u00bb{}\u00a0\u00bb locked=\u00a0\u00bboff\u00a0\u00bb sticky_enabled=\u00a0\u00bb0&Prime;][\/et_pb_image][et_pb_text admin_label=\u00a0\u00bbTitle\u00a0\u00bb _builder_version=\u00a0\u00bb4.27.4&Prime; _dynamic_attributes=\u00a0\u00bblink_option_url\u00a0\u00bb text_font=\u00a0\u00bbPoppins||||||||\u00a0\u00bb text_text_color=\u00a0\u00bbrgba(255,255,255,0.7)\u00a0\u00bb text_font_size=\u00a0\u00bb18px\u00a0\u00bb text_line_height=\u00a0\u00bb1.8em\u00a0\u00bb link_font=\u00a0\u00bb|600||on|||||\u00a0\u00bb link_text_color=\u00a0\u00bb#fdb467&Prime; link_font_size=\u00a0\u00bb16px\u00a0\u00bb link_letter_spacing=\u00a0\u00bb3px\u00a0\u00bb link_line_height=\u00a0\u00bb1.8em\u00a0\u00bb header_font=\u00a0\u00bb||||||||\u00a0\u00bb header_3_font=\u00a0\u00bbPoppins|600|||||||\u00a0\u00bb header_3_text_align=\u00a0\u00bbcenter\u00a0\u00bb header_3_font_size=\u00a0\u00bb24px\u00a0\u00bb header_3_line_height=\u00a0\u00bb1.8em\u00a0\u00bb background_color=\u00a0\u00bb#282624&Prime; text_orientation=\u00a0\u00bbcenter\u00a0\u00bb background_layout=\u00a0\u00bbdark\u00a0\u00bb custom_margin=\u00a0\u00bb|||\u00a0\u00bb custom_padding=\u00a0\u00bb40px|40px|40px|40px\u00a0\u00bb animation_style=\u00a0\u00bbfade\u00a0\u00bb link_option_url=\u00a0\u00bb@ET-DC@eyJkeW5hbWljIjp0cnVlLCJjb250ZW50IjoicG9zdF9saW5rX3VybF9wYWdlIiwic2V0dGluZ3MiOnsicG9zdF9pZCI6IjI3In19@\u00a0\u00bb hover_enabled=\u00a0\u00bb0&Prime; global_colors_info=\u00a0\u00bb{}\u00a0\u00bb sticky_enabled=\u00a0\u00bb0&Prime;]<\/p>\n<h3>Extras<\/h3>\n<p><a href=\"#\">Acc\u00e9es mod\u00e8les Extras<\/a><\/p>\n<p>[\/et_pb_text][\/et_pb_column][et_pb_column type=\u00a0\u00bb1_3&Prime; _builder_version=\u00a0\u00bb4.16&Prime; background_color=\u00a0\u00bb#282624&Prime; custom_padding=\u00a0\u00bb|||\u00a0\u00bb global_colors_info=\u00a0\u00bb{}\u00a0\u00bb custom_padding__hover=\u00a0\u00bb|||\u00a0\u00bb][et_pb_image src=\u00a0\u00bbhttps:\/\/supexup.formatome.fr\/2024-2025\/RPMC\/1\/wp-content\/uploads\/2024\/11\/DALL\u00b7E-2024-11-18-11.40.57-A-Minecraft-crafting-table-with-a-partially-built-statuette-on-top.-The-statuette-is-made-from-blocks-resembling-stone-and-wood-forming-an-abstract-f.webp\u00a0\u00bb title_text=\u00a0\u00bbDALL\u00b7E 2024-11-18 11.40.57 &#8211; A Minecraft crafting table with a partially built statuette on top. The statuette is made from blocks resembling stone and wood, forming an abstract f\u00a0\u00bb force_fullwidth=\u00a0\u00bbon\u00a0\u00bb align_tablet=\u00a0\u00bbcenter\u00a0\u00bb align_phone=\u00a0\u00bbcenter\u00a0\u00bb align_last_edited=\u00a0\u00bbon|desktop\u00a0\u00bb _builder_version=\u00a0\u00bb4.27.0&Prime; custom_margin=\u00a0\u00bb||0px|\u00a0\u00bb locked=\u00a0\u00bboff\u00a0\u00bb global_colors_info=\u00a0\u00bb{}\u00a0\u00bb][\/et_pb_image][et_pb_text admin_label=\u00a0\u00bbTitle\u00a0\u00bb _builder_version=\u00a0\u00bb4.27.4&Prime; _dynamic_attributes=\u00a0\u00bblink_option_url\u00a0\u00bb text_font=\u00a0\u00bbPoppins||||||||\u00a0\u00bb text_text_color=\u00a0\u00bbrgba(255,255,255,0.7)\u00a0\u00bb text_font_size=\u00a0\u00bb18px\u00a0\u00bb text_line_height=\u00a0\u00bb1.8em\u00a0\u00bb link_font=\u00a0\u00bb|600||on|||||\u00a0\u00bb link_text_color=\u00a0\u00bb#fdb467&Prime; link_font_size=\u00a0\u00bb16px\u00a0\u00bb link_letter_spacing=\u00a0\u00bb3px\u00a0\u00bb link_line_height=\u00a0\u00bb1.8em\u00a0\u00bb header_font=\u00a0\u00bb||||||||\u00a0\u00bb header_3_font=\u00a0\u00bbPoppins|600|||||||\u00a0\u00bb header_3_text_align=\u00a0\u00bbcenter\u00a0\u00bb header_3_font_size=\u00a0\u00bb24px\u00a0\u00bb header_3_line_height=\u00a0\u00bb1.8em\u00a0\u00bb background_color=\u00a0\u00bb#282624&Prime; text_orientation=\u00a0\u00bbcenter\u00a0\u00bb background_layout=\u00a0\u00bbdark\u00a0\u00bb custom_margin=\u00a0\u00bb|||\u00a0\u00bb custom_padding=\u00a0\u00bb40px|40px|40px|40px\u00a0\u00bb animation_style=\u00a0\u00bbfade\u00a0\u00bb link_option_url=\u00a0\u00bb@ET-DC@eyJkeW5hbWljIjp0cnVlLCJjb250ZW50IjoicG9zdF9saW5rX3VybF9wYWdlIiwic2V0dGluZ3MiOnsicG9zdF9pZCI6IjI5In19@\u00a0\u00bb hover_enabled=\u00a0\u00bb0&Prime; locked=\u00a0\u00bboff\u00a0\u00bb global_colors_info=\u00a0\u00bb{}\u00a0\u00bb sticky_enabled=\u00a0\u00bb0&Prime;]<\/p>\n<h3>Cr\u00e9ations personnalis\u00e9es<\/h3>\n<p><a href=\"#\">Acc\u00e9es cr\u00e9ations personnalis\u00e9es<\/a><\/p>\n<p>[\/et_pb_text][\/et_pb_column][\/et_pb_row][\/et_pb_section]<\/p>\n","protected":false},"excerpt":{"rendered":"<p>Basiques Acc\u00e9es mod\u00e8les basiquesExtras Acc\u00e9es mod\u00e8les ExtrasCr\u00e9ations personnalis\u00e9es Acc\u00e9es cr\u00e9ations personnalis\u00e9es<\/p>\n","protected":false},"author":1,"featured_media":0,"parent":0,"menu_order":0,"comment_status":"closed","ping_status":"closed","template":"","meta":{"_et_pb_use_builder":"on","_et_pb_old_content":"","_et_gb_content_width":"","footnotes":""},"class_list":["post-155","page","type-page","status-publish","hentry"],"_links":{"self":[{"href":"https:\/\/supexup.formatome.fr\/2024-2025\/RPMC\/1\/index.php?rest_route=\/wp\/v2\/pages\/155","targetHints":{"allow":["GET"]}}],"collection":[{"href":"https:\/\/supexup.formatome.fr\/2024-2025\/RPMC\/1\/index.php?rest_route=\/wp\/v2\/pages"}],"about":[{"href":"https:\/\/supexup.formatome.fr\/2024-2025\/RPMC\/1\/index.php?rest_route=\/wp\/v2\/types\/page"}],"author":[{"embeddable":true,"href":"https:\/\/supexup.formatome.fr\/2024-2025\/RPMC\/1\/index.php?rest_route=\/wp\/v2\/users\/1"}],"replies":[{"embeddable":true,"href":"https:\/\/supexup.formatome.fr\/2024-2025\/RPMC\/1\/index.php?rest_route=%2Fwp%2Fv2%2Fcomments&post=155"}],"version-history":[{"count":8,"href":"https:\/\/supexup.formatome.fr\/2024-2025\/RPMC\/1\/index.php?rest_route=\/wp\/v2\/pages\/155\/revisions"}],"predecessor-version":[{"id":191,"href":"https:\/\/supexup.formatome.fr\/2024-2025\/RPMC\/1\/index.php?rest_route=\/wp\/v2\/pages\/155\/revisions\/191"}],"wp:attachment":[{"href":"https:\/\/supexup.formatome.fr\/2024-2025\/RPMC\/1\/index.php?rest_route=%2Fwp%2Fv2%2Fmedia&parent=155"}],"curies":[{"name":"wp","href":"https:\/\/api.w.org\/{rel}","templated":true}]}}