{"id":45,"date":"2024-10-07T14:13:46","date_gmt":"2024-10-07T12:13:46","guid":{"rendered":"https:\/\/supexup.formatome.fr\/2024-2025\/MSCM1\/5\/?page_id=45"},"modified":"2024-10-28T14:24:49","modified_gmt":"2024-10-28T13:24:49","slug":"panier","status":"publish","type":"page","link":"https:\/\/supexup.formatome.fr\/2024-2025\/MSCM1\/5\/?page_id=45","title":{"rendered":"Panier"},"content":{"rendered":"<div data-block-name=\"woocommerce\/cart\" class=\"wp-block-woocommerce-cart alignwide is-loading\"><div data-block-name=\"woocommerce\/filled-cart-block\" class=\"wp-block-woocommerce-filled-cart-block\"><div data-block-name=\"woocommerce\/cart-items-block\" class=\"wp-block-woocommerce-cart-items-block\"><div data-block-name=\"woocommerce\/cart-line-items-block\" class=\"wp-block-woocommerce-cart-line-items-block\"><\/div>\n\n<div data-block-name=\"woocommerce\/cart-cross-sells-block\" class=\"wp-block-woocommerce-cart-cross-sells-block\"><h2 class=\"wp-block-heading has-large-font-size\">\u00c7a peut vous int\u00e9resser&#8230;<\/h2>\n\n<div data-block-name=\"woocommerce\/cart-cross-sells-products-block\" class=\"wp-block-woocommerce-cart-cross-sells-products-block\"><\/div><\/div><\/div>\n\n<div data-block-name=\"woocommerce\/cart-totals-block\" class=\"wp-block-woocommerce-cart-totals-block\"><div data-block-name=\"woocommerce\/cart-order-summary-block\" class=\"wp-block-woocommerce-cart-order-summary-block\"><div data-block-name=\"woocommerce\/cart-order-summary-heading-block\" class=\"wp-block-woocommerce-cart-order-summary-heading-block\"><\/div><div data-block-name=\"woocommerce\/cart-order-summary-coupon-form-block\" class=\"wp-block-woocommerce-cart-order-summary-coupon-form-block\"><\/div><div data-block-name=\"woocommerce\/cart-order-summary-totals-block\" class=\"wp-block-woocommerce-cart-order-summary-totals-block\">\n<div data-block-name=\"woocommerce\/cart-order-summary-subtotal-block\" class=\"wp-block-woocommerce-cart-order-summary-subtotal-block\"><\/div>\n<div data-block-name=\"woocommerce\/cart-order-summary-discount-block\" class=\"wp-block-woocommerce-cart-order-summary-discount-block\"><\/div>\n<div data-block-name=\"woocommerce\/cart-order-summary-fee-block\" class=\"wp-block-woocommerce-cart-order-summary-fee-block\"><\/div>\n<div data-block-name=\"woocommerce\/cart-order-summary-shipping-block\" class=\"wp-block-woocommerce-cart-order-summary-shipping-block\"><\/div>\n<div data-block-name=\"woocommerce\/cart-order-summary-taxes-block\" class=\"wp-block-woocommerce-cart-order-summary-taxes-block\"><\/div><\/div><\/div>\n\n<div data-block-name=\"woocommerce\/cart-express-payment-block\" class=\"wp-block-woocommerce-cart-express-payment-block\"><\/div>\n\n<div data-block-name=\"woocommerce\/proceed-to-checkout-block\" class=\"wp-block-woocommerce-proceed-to-checkout-block\"><\/div>\n\n<div data-block-name=\"woocommerce\/cart-accepted-payment-methods-block\" class=\"wp-block-woocommerce-cart-accepted-payment-methods-block\"><\/div><\/div><\/div>\n\n<div data-block-name=\"woocommerce\/empty-cart-block\" class=\"wp-block-woocommerce-empty-cart-block\"><h2 class=\"wp-block-heading has-text-align-center with-empty-cart-icon wc-block-cart__empty-cart__title\">Votre panier est actuellement vide\u00a0!<\/h2>\n\n<hr class=\"wp-block-separator has-alpha-channel-opacity is-style-dots\"\/>\n\n<h2 class=\"wp-block-heading has-text-align-center\">Nouveau dans la boutique<\/h2>\n\n<div data-block-name=\"woocommerce\/product-new\" data-columns=\"4\" data-rows=\"1\" class=\"wc-block-grid wp-block-product-new wp-block-woocommerce-product-new wc-block-product-new has-4-columns\"><ul class=\"wc-block-grid__products\"><li class=\"wc-block-grid__product\">\n\t\t\t\t<a href=\"https:\/\/supexup.formatome.fr\/2024-2025\/MSCM1\/5\/?product=gants-de-boxe-professionnels-pour-hommes-et-femmes-equipement-dentrainement-mitaines-demi-doigt-udavid-sanda-declinaison-mma-poinconnage\" class=\"wc-block-grid__product-link\">\n\t\t\t\t\t<div class=\"wc-block-grid__product-onsale\">\n\t\t\t<span aria-hidden=\"true\">Promo<\/span>\n\t\t\t<span class=\"screen-reader-text\">Produit en promotion<\/span>\n\t\t<\/div>\n\t\t\t\t\t<div class=\"wc-block-grid__product-image\"><img loading=\"lazy\" decoding=\"async\" width=\"300\" height=\"300\" src=\"https:\/\/supexup.formatome.fr\/2024-2025\/MSCM1\/5\/wp-content\/uploads\/2024\/12\/Capture-decran-2024-12-19-151344-300x300.png\" class=\"attachment-woocommerce_thumbnail size-woocommerce_thumbnail\" alt=\"Gants de boxe professionnels pour hommes et femmes, \u00e9quipement d&#039;entra\u00eenement, mitaines, demi-doigt, UDavid, Sanda, d\u00e9clinaison, MMA, poin\u00e7onnage\" \/><\/div>\n\t\t\t\t\t<div class=\"wc-block-grid__product-title\">Gants de boxe professionnels pour hommes et femmes, \u00e9quipement d&rsquo;entra\u00eenement, mitaines, demi-doigt, UDavid, Sanda, d\u00e9clinaison, MMA, poin\u00e7onnage<\/div>\n\t\t\t\t<\/a>\n\t\t\t\t<div class=\"wc-block-grid__product-price price\"><del aria-hidden=\"true\"><span class=\"woocommerce-Price-amount amount\">40,00&nbsp;<span class=\"woocommerce-Price-currencySymbol\">&euro;<\/span><\/span><\/del> <span class=\"screen-reader-text\">Le prix initial \u00e9tait\u00a0: 40,00&nbsp;&euro;.<\/span><ins aria-hidden=\"true\"><span class=\"woocommerce-Price-amount amount\">30,00&nbsp;<span class=\"woocommerce-Price-currencySymbol\">&euro;<\/span><\/span><\/ins><span class=\"screen-reader-text\">Le prix actuel est\u00a0: 30,00&nbsp;&euro;.<\/span><\/div>\n\t\t\t\t\n\t\t\t\t<div class=\"wp-block-button wc-block-grid__product-add-to-cart\"><a href=\"?add-to-cart=241\" aria-label=\"Ajouter au panier\u00a0: &ldquo;Gants de boxe professionnels pour hommes et femmes, \u00e9quipement d&#039;entra\u00eenement, mitaines, demi-doigt, UDavid, Sanda, d\u00e9clinaison, MMA, poin\u00e7onnage&rdquo;\" data-quantity=\"1\" data-product_id=\"241\" data-product_sku=\"\" data-price=\"30\" rel=\"nofollow\" class=\"wp-block-button__link  add_to_cart_button ajax_add_to_cart\">Ajouter au panier<\/a><\/div>\n\t\t\t<\/li><li class=\"wc-block-grid__product\">\n\t\t\t\t<a href=\"https:\/\/supexup.formatome.fr\/2024-2025\/MSCM1\/5\/?product=gants-de-boxe-pour-hommes-et-femmes-gants-de-boxe-pour-enfants-sanda-rotterdam-ring-muay-thai-mma-karate-punch-training-mitts-declinaison-de-luva-deo-6-oz-8-oz-10-oz-12oz\" class=\"wc-block-grid__product-link\">\n\t\t\t\t\t<div class=\"wc-block-grid__product-onsale\">\n\t\t\t<span aria-hidden=\"true\">Promo<\/span>\n\t\t\t<span class=\"screen-reader-text\">Produit en promotion<\/span>\n\t\t<\/div>\n\t\t\t\t\t<div class=\"wc-block-grid__product-image\"><img loading=\"lazy\" decoding=\"async\" width=\"300\" height=\"300\" src=\"https:\/\/supexup.formatome.fr\/2024-2025\/MSCM1\/5\/wp-content\/uploads\/2024\/12\/Capture-decran-2024-12-19-145334-300x300.png\" class=\"attachment-woocommerce_thumbnail size-woocommerce_thumbnail\" alt=\"Gants de boxe pour hommes et femmes, gants de boxe pour enfants, Sanda Rotterdam ring, Muay Thai MMA, Karat\u00e9 Punch Training Mitts, d\u00e9clinaison De Luva DEO, 6 oz, 8 oz, 10 oz, 12oz\" \/><\/div>\n\t\t\t\t\t<div class=\"wc-block-grid__product-title\">Gants de boxe pour hommes et femmes, gants de boxe pour enfants, Sanda Rotterdam ring, Muay Thai MMA, Karat\u00e9 Punch Training Mitts, d\u00e9clinaison De Luva DEO, 6 oz, 8 oz, 10 oz, 12oz<\/div>\n\t\t\t\t<\/a>\n\t\t\t\t<div class=\"wc-block-grid__product-price price\"><del aria-hidden=\"true\"><span class=\"woocommerce-Price-amount amount\">30,00&nbsp;<span class=\"woocommerce-Price-currencySymbol\">&euro;<\/span><\/span><\/del> <span class=\"screen-reader-text\">Le prix initial \u00e9tait\u00a0: 30,00&nbsp;&euro;.<\/span><ins aria-hidden=\"true\"><span class=\"woocommerce-Price-amount amount\">25,00&nbsp;<span class=\"woocommerce-Price-currencySymbol\">&euro;<\/span><\/span><\/ins><span class=\"screen-reader-text\">Le prix actuel est\u00a0: 25,00&nbsp;&euro;.<\/span><\/div>\n\t\t\t\t\n\t\t\t\t<div class=\"wp-block-button wc-block-grid__product-add-to-cart\"><a href=\"?add-to-cart=235\" aria-label=\"Ajouter au panier\u00a0: &ldquo;Gants de boxe pour hommes et femmes, gants de boxe pour enfants, Sanda Rotterdam ring, Muay Thai MMA, Karat\u00e9 Punch Training Mitts, d\u00e9clinaison De Luva DEO, 6 oz, 8 oz, 10 oz, 12oz&rdquo;\" data-quantity=\"1\" data-product_id=\"235\" data-product_sku=\"\" data-price=\"25\" rel=\"nofollow\" class=\"wp-block-button__link  add_to_cart_button ajax_add_to_cart\">Ajouter au panier<\/a><\/div>\n\t\t\t<\/li><li class=\"wc-block-grid__product\">\n\t\t\t\t<a href=\"https:\/\/supexup.formatome.fr\/2024-2025\/MSCM1\/5\/?product=short-de-combat-soft-feroces-et-respirants-pour-mma-salle-de-fitness-tiger-muay-thai-boxe\" class=\"wc-block-grid__product-link\">\n\t\t\t\t\t<div class=\"wc-block-grid__product-onsale\">\n\t\t\t<span aria-hidden=\"true\">Promo<\/span>\n\t\t\t<span class=\"screen-reader-text\">Produit en promotion<\/span>\n\t\t<\/div>\n\t\t\t\t\t<div class=\"wc-block-grid__product-image\"><img loading=\"lazy\" decoding=\"async\" width=\"300\" height=\"300\" src=\"https:\/\/supexup.formatome.fr\/2024-2025\/MSCM1\/5\/wp-content\/uploads\/2024\/12\/Capture-decran-2024-12-19-144623-300x300.png\" class=\"attachment-woocommerce_thumbnail size-woocommerce_thumbnail\" alt=\"Short de combat SOFT f\u00e9roces et respirants pour MMA, salle de fitness, tiger muay-tha\u00ef, boxe\" \/><\/div>\n\t\t\t\t\t<div class=\"wc-block-grid__product-title\">Short de combat SOFT f\u00e9roces et respirants pour MMA, salle de fitness, tiger muay-tha\u00ef, boxe<\/div>\n\t\t\t\t<\/a>\n\t\t\t\t<div class=\"wc-block-grid__product-price price\"><del aria-hidden=\"true\"><span class=\"woocommerce-Price-amount amount\">20,00&nbsp;<span class=\"woocommerce-Price-currencySymbol\">&euro;<\/span><\/span><\/del> <span class=\"screen-reader-text\">Le prix initial \u00e9tait\u00a0: 20,00&nbsp;&euro;.<\/span><ins aria-hidden=\"true\"><span class=\"woocommerce-Price-amount amount\">17,99&nbsp;<span class=\"woocommerce-Price-currencySymbol\">&euro;<\/span><\/span><\/ins><span class=\"screen-reader-text\">Le prix actuel est\u00a0: 17,99&nbsp;&euro;.<\/span><\/div>\n\t\t\t\t\n\t\t\t\t<div class=\"wp-block-button wc-block-grid__product-add-to-cart\"><a href=\"?add-to-cart=119\" aria-label=\"Ajouter au panier\u00a0: &ldquo;Short de combat SOFT f\u00e9roces et respirants pour MMA, salle de fitness, tiger muay-tha\u00ef, boxe&rdquo;\" data-quantity=\"1\" data-product_id=\"119\" data-product_sku=\"\" data-price=\"17.99\" rel=\"nofollow\" class=\"wp-block-button__link  add_to_cart_button ajax_add_to_cart\">Ajouter au panier<\/a><\/div>\n\t\t\t<\/li><\/ul><\/div><\/div><\/div>","protected":false},"excerpt":{"rendered":"","protected":false},"author":1,"featured_media":0,"parent":0,"menu_order":0,"comment_status":"closed","ping_status":"closed","template":"","meta":{"_et_pb_use_builder":"","_et_pb_old_content":"","_et_gb_content_width":"","footnotes":""},"class_list":["post-45","page","type-page","status-publish","hentry"],"yoast_head":"<!-- This site is optimized with the Yoast SEO plugin v24.3 - https:\/\/yoast.com\/wordpress\/plugins\/seo\/ -->\n<title>Panier - Impact Fighters<\/title>\n<meta name=\"robots\" content=\"index, follow, max-snippet:-1, max-image-preview:large, max-video-preview:-1\" \/>\n<link rel=\"canonical\" href=\"https:\/\/supexup.formatome.fr\/2024-2025\/MSCM1\/5\/?page_id=45\" \/>\n<meta property=\"og:locale\" content=\"fr_FR\" \/>\n<meta property=\"og:type\" content=\"article\" \/>\n<meta property=\"og:title\" content=\"Panier - Impact Fighters\" \/>\n<meta property=\"og:url\" content=\"https:\/\/supexup.formatome.fr\/2024-2025\/MSCM1\/5\/?page_id=45\" \/>\n<meta property=\"og:site_name\" content=\"Impact Fighters\" \/>\n<meta property=\"article:modified_time\" content=\"2024-10-28T13:24:49+00:00\" \/>\n<meta name=\"twitter:card\" content=\"summary_large_image\" \/>\n<script type=\"application\/ld+json\" class=\"yoast-schema-graph\">{\"@context\":\"https:\/\/schema.org\",\"@graph\":[{\"@type\":\"WebPage\",\"@id\":\"https:\/\/supexup.formatome.fr\/2024-2025\/MSCM1\/5\/?page_id=45\",\"url\":\"https:\/\/supexup.formatome.fr\/2024-2025\/MSCM1\/5\/?page_id=45\",\"name\":\"Panier - Impact Fighters\",\"isPartOf\":{\"@id\":\"https:\/\/supexup.formatome.fr\/2024-2025\/MSCM1\/5\/#website\"},\"datePublished\":\"2024-10-07T12:13:46+00:00\",\"dateModified\":\"2024-10-28T13:24:49+00:00\",\"breadcrumb\":{\"@id\":\"https:\/\/supexup.formatome.fr\/2024-2025\/MSCM1\/5\/?page_id=45#breadcrumb\"},\"inLanguage\":\"fr-FR\",\"potentialAction\":[{\"@type\":\"ReadAction\",\"target\":[\"https:\/\/supexup.formatome.fr\/2024-2025\/MSCM1\/5\/?page_id=45\"]}]},{\"@type\":\"BreadcrumbList\",\"@id\":\"https:\/\/supexup.formatome.fr\/2024-2025\/MSCM1\/5\/?page_id=45#breadcrumb\",\"itemListElement\":[{\"@type\":\"ListItem\",\"position\":1,\"name\":\"Accueil\",\"item\":\"https:\/\/supexup.formatome.fr\/2024-2025\/MSCM1\/5\/\"},{\"@type\":\"ListItem\",\"position\":2,\"name\":\"Panier\"}]},{\"@type\":\"WebSite\",\"@id\":\"https:\/\/supexup.formatome.fr\/2024-2025\/MSCM1\/5\/#website\",\"url\":\"https:\/\/supexup.formatome.fr\/2024-2025\/MSCM1\/5\/\",\"name\":\"Faux Lacoste\",\"description\":\"\",\"publisher\":{\"@id\":\"https:\/\/supexup.formatome.fr\/2024-2025\/MSCM1\/5\/#organization\"},\"potentialAction\":[{\"@type\":\"SearchAction\",\"target\":{\"@type\":\"EntryPoint\",\"urlTemplate\":\"https:\/\/supexup.formatome.fr\/2024-2025\/MSCM1\/5\/?s={search_term_string}\"},\"query-input\":{\"@type\":\"PropertyValueSpecification\",\"valueRequired\":true,\"valueName\":\"search_term_string\"}}],\"inLanguage\":\"fr-FR\"},{\"@type\":\"Organization\",\"@id\":\"https:\/\/supexup.formatome.fr\/2024-2025\/MSCM1\/5\/#organization\",\"name\":\"Faux-Lacost\",\"url\":\"https:\/\/supexup.formatome.fr\/2024-2025\/MSCM1\/5\/\",\"logo\":{\"@type\":\"ImageObject\",\"inLanguage\":\"fr-FR\",\"@id\":\"https:\/\/supexup.formatome.fr\/2024-2025\/MSCM1\/5\/#\/schema\/logo\/image\/\",\"url\":\"https:\/\/supexup.formatome.fr\/2024-2025\/MSCM1\/5\/wp-content\/uploads\/2024\/10\/lacoste-logo-polo.jpg\",\"contentUrl\":\"https:\/\/supexup.formatome.fr\/2024-2025\/MSCM1\/5\/wp-content\/uploads\/2024\/10\/lacoste-logo-polo.jpg\",\"width\":640,\"height\":171,\"caption\":\"Faux-Lacost\"},\"image\":{\"@id\":\"https:\/\/supexup.formatome.fr\/2024-2025\/MSCM1\/5\/#\/schema\/logo\/image\/\"}}]}<\/script>\n<!-- \/ Yoast SEO plugin. -->","yoast_head_json":{"title":"Panier - Impact Fighters","robots":{"index":"index","follow":"follow","max-snippet":"max-snippet:-1","max-image-preview":"max-image-preview:large","max-video-preview":"max-video-preview:-1"},"canonical":"https:\/\/supexup.formatome.fr\/2024-2025\/MSCM1\/5\/?page_id=45","og_locale":"fr_FR","og_type":"article","og_title":"Panier - Impact Fighters","og_url":"https:\/\/supexup.formatome.fr\/2024-2025\/MSCM1\/5\/?page_id=45","og_site_name":"Impact Fighters","article_modified_time":"2024-10-28T13:24:49+00:00","twitter_card":"summary_large_image","schema":{"@context":"https:\/\/schema.org","@graph":[{"@type":"WebPage","@id":"https:\/\/supexup.formatome.fr\/2024-2025\/MSCM1\/5\/?page_id=45","url":"https:\/\/supexup.formatome.fr\/2024-2025\/MSCM1\/5\/?page_id=45","name":"Panier - Impact Fighters","isPartOf":{"@id":"https:\/\/supexup.formatome.fr\/2024-2025\/MSCM1\/5\/#website"},"datePublished":"2024-10-07T12:13:46+00:00","dateModified":"2024-10-28T13:24:49+00:00","breadcrumb":{"@id":"https:\/\/supexup.formatome.fr\/2024-2025\/MSCM1\/5\/?page_id=45#breadcrumb"},"inLanguage":"fr-FR","potentialAction":[{"@type":"ReadAction","target":["https:\/\/supexup.formatome.fr\/2024-2025\/MSCM1\/5\/?page_id=45"]}]},{"@type":"BreadcrumbList","@id":"https:\/\/supexup.formatome.fr\/2024-2025\/MSCM1\/5\/?page_id=45#breadcrumb","itemListElement":[{"@type":"ListItem","position":1,"name":"Accueil","item":"https:\/\/supexup.formatome.fr\/2024-2025\/MSCM1\/5\/"},{"@type":"ListItem","position":2,"name":"Panier"}]},{"@type":"WebSite","@id":"https:\/\/supexup.formatome.fr\/2024-2025\/MSCM1\/5\/#website","url":"https:\/\/supexup.formatome.fr\/2024-2025\/MSCM1\/5\/","name":"Faux Lacoste","description":"","publisher":{"@id":"https:\/\/supexup.formatome.fr\/2024-2025\/MSCM1\/5\/#organization"},"potentialAction":[{"@type":"SearchAction","target":{"@type":"EntryPoint","urlTemplate":"https:\/\/supexup.formatome.fr\/2024-2025\/MSCM1\/5\/?s={search_term_string}"},"query-input":{"@type":"PropertyValueSpecification","valueRequired":true,"valueName":"search_term_string"}}],"inLanguage":"fr-FR"},{"@type":"Organization","@id":"https:\/\/supexup.formatome.fr\/2024-2025\/MSCM1\/5\/#organization","name":"Faux-Lacost","url":"https:\/\/supexup.formatome.fr\/2024-2025\/MSCM1\/5\/","logo":{"@type":"ImageObject","inLanguage":"fr-FR","@id":"https:\/\/supexup.formatome.fr\/2024-2025\/MSCM1\/5\/#\/schema\/logo\/image\/","url":"https:\/\/supexup.formatome.fr\/2024-2025\/MSCM1\/5\/wp-content\/uploads\/2024\/10\/lacoste-logo-polo.jpg","contentUrl":"https:\/\/supexup.formatome.fr\/2024-2025\/MSCM1\/5\/wp-content\/uploads\/2024\/10\/lacoste-logo-polo.jpg","width":640,"height":171,"caption":"Faux-Lacost"},"image":{"@id":"https:\/\/supexup.formatome.fr\/2024-2025\/MSCM1\/5\/#\/schema\/logo\/image\/"}}]}},"_links":{"self":[{"href":"https:\/\/supexup.formatome.fr\/2024-2025\/MSCM1\/5\/index.php?rest_route=\/wp\/v2\/pages\/45","targetHints":{"allow":["GET"]}}],"collection":[{"href":"https:\/\/supexup.formatome.fr\/2024-2025\/MSCM1\/5\/index.php?rest_route=\/wp\/v2\/pages"}],"about":[{"href":"https:\/\/supexup.formatome.fr\/2024-2025\/MSCM1\/5\/index.php?rest_route=\/wp\/v2\/types\/page"}],"author":[{"embeddable":true,"href":"https:\/\/supexup.formatome.fr\/2024-2025\/MSCM1\/5\/index.php?rest_route=\/wp\/v2\/users\/1"}],"replies":[{"embeddable":true,"href":"https:\/\/supexup.formatome.fr\/2024-2025\/MSCM1\/5\/index.php?rest_route=%2Fwp%2Fv2%2Fcomments&post=45"}],"version-history":[{"count":1,"href":"https:\/\/supexup.formatome.fr\/2024-2025\/MSCM1\/5\/index.php?rest_route=\/wp\/v2\/pages\/45\/revisions"}],"predecessor-version":[{"id":94,"href":"https:\/\/supexup.formatome.fr\/2024-2025\/MSCM1\/5\/index.php?rest_route=\/wp\/v2\/pages\/45\/revisions\/94"}],"wp:attachment":[{"href":"https:\/\/supexup.formatome.fr\/2024-2025\/MSCM1\/5\/index.php?rest_route=%2Fwp%2Fv2%2Fmedia&parent=45"}],"curies":[{"name":"wp","href":"https:\/\/api.w.org\/{rel}","templated":true}]}}