{"id":287,"date":"2024-12-19T16:51:13","date_gmt":"2024-12-19T15:51:13","guid":{"rendered":"https:\/\/supexup.formatome.fr\/2024-2025\/MSCM1\/5\/?page_id=287"},"modified":"2024-12-19T17:26:24","modified_gmt":"2024-12-19T16:26:24","slug":"nous-contacter","status":"publish","type":"page","link":"https:\/\/supexup.formatome.fr\/2024-2025\/MSCM1\/5\/?page_id=287","title":{"rendered":"Nous contacter"},"content":{"rendered":"<p>[et_pb_section fb_built=\u00a0\u00bb1&Prime; _builder_version=\u00a0\u00bb4.27.3&Prime; _module_preset=\u00a0\u00bbdefault\u00a0\u00bb global_colors_info=\u00a0\u00bb{}\u00a0\u00bb][et_pb_row _builder_version=\u00a0\u00bb4.27.3&Prime; _module_preset=\u00a0\u00bbdefault\u00a0\u00bb global_colors_info=\u00a0\u00bb{}\u00a0\u00bb][et_pb_column type=\u00a0\u00bb4_4&Prime; _builder_version=\u00a0\u00bb4.27.3&Prime; _module_preset=\u00a0\u00bbdefault\u00a0\u00bb global_colors_info=\u00a0\u00bb{}\u00a0\u00bb][et_pb_text _builder_version=\u00a0\u00bb4.27.3&Prime; _module_preset=\u00a0\u00bbdefault\u00a0\u00bb text_font=\u00a0\u00bbRoboto|900|||||||\u00a0\u00bb text_text_color=\u00a0\u00bb#000000&Prime; text_font_size=\u00a0\u00bb24px\u00a0\u00bb global_colors_info=\u00a0\u00bb{}\u00a0\u00bb]<\/p>\n<p>FAQ :<\/p>\n<p>[\/et_pb_text][\/et_pb_column][\/et_pb_row][et_pb_row _builder_version=\u00a0\u00bb4.27.3&Prime; _module_preset=\u00a0\u00bbdefault\u00a0\u00bb global_colors_info=\u00a0\u00bb{}\u00a0\u00bb][et_pb_column type=\u00a0\u00bb4_4&Prime; _builder_version=\u00a0\u00bb4.27.3&Prime; _module_preset=\u00a0\u00bbdefault\u00a0\u00bb global_colors_info=\u00a0\u00bb{}\u00a0\u00bb][et_pb_accordion _builder_version=\u00a0\u00bb4.27.3&Prime; _module_preset=\u00a0\u00bbdefault\u00a0\u00bb global_colors_info=\u00a0\u00bb{}\u00a0\u00bb][et_pb_accordion_item title=\u00a0\u00bb Quels types de produits proposez-vous ?\u00a0\u00bb _builder_version=\u00a0\u00bb4.27.3&Prime; _module_preset=\u00a0\u00bbdefault\u00a0\u00bb global_colors_info=\u00a0\u00bb{}\u00a0\u00bb open=\u00a0\u00bbon\u00a0\u00bb]<\/p>\n<p>Nous proposons une large gamme de produits de boxe et MMA, incluant des gants, des prot\u00e8ge-tibias, des sacs de frappe, des \u00e9quipements de protection et des accessoires pour les amateurs et d\u00e9butants.<\/p>\n<p>[\/et_pb_accordion_item][et_pb_accordion_item title=\u00a0\u00bb Est-ce que la livraison est gratuite ?\u00a0\u00bb _builder_version=\u00a0\u00bb4.27.3&Prime; _module_preset=\u00a0\u00bbdefault\u00a0\u00bb global_colors_info=\u00a0\u00bb{}\u00a0\u00bb open=\u00a0\u00bboff\u00a0\u00bb]<\/p>\n<p>La livraison est gratuite pour toutes les commandes sup\u00e9rieures \u00e0 50\u20ac en France. Pour les commandes inf\u00e9rieures \u00e0 ce montant, un tarif de livraison standard est appliqu\u00e9.<\/p>\n<p>[\/et_pb_accordion_item][et_pb_accordion_item title=\u00a0\u00bbQuels sont vos d\u00e9lais de livraison ?\u00a0\u00bb open=\u00a0\u00bboff\u00a0\u00bb _builder_version=\u00a0\u00bb4.27.3&Prime; _module_preset=\u00a0\u00bbdefault\u00a0\u00bb global_colors_info=\u00a0\u00bb{}\u00a0\u00bb]<\/p>\n<p>Les d\u00e9lais de livraison varient g\u00e9n\u00e9ralement entre 3 et 7 jours ouvr\u00e9s, en fonction de votre localisation.<\/p>\n<p>[\/et_pb_accordion_item][et_pb_accordion_item title=\u00a0\u00bbAcceptez-vous les retours ou \u00e9changes ?\u00a0\u00bb _builder_version=\u00a0\u00bb4.27.3&Prime; _module_preset=\u00a0\u00bbdefault\u00a0\u00bb global_colors_info=\u00a0\u00bb{}\u00a0\u00bb open=\u00a0\u00bboff\u00a0\u00bb]<\/p>\n<p>Oui, nous acceptons les retours et \u00e9changes dans un d\u00e9lai de 14 jours apr\u00e8s r\u00e9ception de votre commande, \u00e0 condition que les produits soient dans leur \u00e9tat d&rsquo;origine.<\/p>\n<p>[\/et_pb_accordion_item][et_pb_accordion_item title=\u00a0\u00bbEst-ce que vos produits sont adapt\u00e9s aux d\u00e9butants ?\u00a0\u00bb _builder_version=\u00a0\u00bb4.27.3&Prime; _module_preset=\u00a0\u00bbdefault\u00a0\u00bb global_colors_info=\u00a0\u00bb{}\u00a0\u00bb open=\u00a0\u00bboff\u00a0\u00bb]<\/p>\n<p>Oui, nous avons s\u00e9lectionn\u00e9 des produits sp\u00e9cialement con\u00e7us pour les d\u00e9butants, afin d&rsquo;assurer s\u00e9curit\u00e9, confort et performance pendant l&rsquo;entra\u00eenement.<\/p>\n<p>[\/et_pb_accordion_item][et_pb_accordion_item title=\u00a0\u00bbComment puis-je suivre ma commande ?\u00a0\u00bb _builder_version=\u00a0\u00bb4.27.3&Prime; _module_preset=\u00a0\u00bbdefault\u00a0\u00bb global_colors_info=\u00a0\u00bb{}\u00a0\u00bb open=\u00a0\u00bboff\u00a0\u00bb]<\/p>\n<p>D\u00e8s que votre commande est exp\u00e9di\u00e9e, vous recevrez un e-mail avec un lien pour suivre son acheminement.<\/p>\n<p>[\/et_pb_accordion_item][et_pb_accordion_item title=\u00a0\u00bbQuels modes de paiement acceptez-vous ?\u00a0\u00bb _builder_version=\u00a0\u00bb4.27.3&Prime; _module_preset=\u00a0\u00bbdefault\u00a0\u00bb global_colors_info=\u00a0\u00bb{}\u00a0\u00bb open=\u00a0\u00bboff\u00a0\u00bb]<\/p>\n<p>Nous acceptons les paiements par carte bancaire (Visa, MasterCard), PayPal et virement bancaire.<\/p>\n<p>[\/et_pb_accordion_item][\/et_pb_accordion][\/et_pb_column][\/et_pb_row][et_pb_row _builder_version=\u00a0\u00bb4.27.3&Prime; _module_preset=\u00a0\u00bbdefault\u00a0\u00bb global_colors_info=\u00a0\u00bb{}\u00a0\u00bb][et_pb_column type=\u00a0\u00bb4_4&Prime; _builder_version=\u00a0\u00bb4.27.3&Prime; _module_preset=\u00a0\u00bbdefault\u00a0\u00bb global_colors_info=\u00a0\u00bb{}\u00a0\u00bb][et_pb_divider color=\u00a0\u00bb#000000&Prime; _builder_version=\u00a0\u00bb4.27.3&Prime; _module_preset=\u00a0\u00bbdefault\u00a0\u00bb global_colors_info=\u00a0\u00bb{}\u00a0\u00bb][\/et_pb_divider][\/et_pb_column][\/et_pb_row][et_pb_row _builder_version=\u00a0\u00bb4.27.3&Prime; _module_preset=\u00a0\u00bbdefault\u00a0\u00bb global_colors_info=\u00a0\u00bb{}\u00a0\u00bb][et_pb_column type=\u00a0\u00bb4_4&Prime; _builder_version=\u00a0\u00bb4.27.3&Prime; _module_preset=\u00a0\u00bbdefault\u00a0\u00bb global_colors_info=\u00a0\u00bb{}\u00a0\u00bb][et_pb_text _builder_version=\u00a0\u00bb4.27.3&Prime; _module_preset=\u00a0\u00bbdefault\u00a0\u00bb text_font=\u00a0\u00bbRoboto|900|||||||\u00a0\u00bb text_text_color=\u00a0\u00bb#000000&Prime; text_font_size=\u00a0\u00bb21px\u00a0\u00bb global_colors_info=\u00a0\u00bb{}\u00a0\u00bb]<\/p>\n<p>Vous n&rsquo;avez pas trouvez la r\u00e9ponse ? Il vous reste une question ? Nous contacter :<\/p>\n<p>[\/et_pb_text][et_pb_contact_form _builder_version=\u00a0\u00bb4.27.3&Prime; _module_preset=\u00a0\u00bbdefault\u00a0\u00bb _unique_id=\u00a0\u00bbc5348811-3bfa-44a3-981c-e27e20242fba\u00a0\u00bb hover_enabled=\u00a0\u00bb0&Prime; global_colors_info=\u00a0\u00bb{}\u00a0\u00bb sticky_enabled=\u00a0\u00bb0&Prime;][et_pb_contact_field field_id=\u00a0\u00bbName\u00a0\u00bb field_title=\u00a0\u00bbNom\u00a0\u00bb _builder_version=\u00a0\u00bb4.16&Prime; global_colors_info=\u00a0\u00bb{}\u00a0\u00bb button_text_size__hover_enabled=\u00a0\u00bboff\u00a0\u00bb button_one_text_size__hover_enabled=\u00a0\u00bboff\u00a0\u00bb button_two_text_size__hover_enabled=\u00a0\u00bboff\u00a0\u00bb button_text_color__hover_enabled=\u00a0\u00bboff\u00a0\u00bb button_one_text_color__hover_enabled=\u00a0\u00bboff\u00a0\u00bb button_two_text_color__hover_enabled=\u00a0\u00bboff\u00a0\u00bb button_border_width__hover_enabled=\u00a0\u00bboff\u00a0\u00bb button_one_border_width__hover_enabled=\u00a0\u00bboff\u00a0\u00bb button_two_border_width__hover_enabled=\u00a0\u00bboff\u00a0\u00bb button_border_color__hover_enabled=\u00a0\u00bboff\u00a0\u00bb button_one_border_color__hover_enabled=\u00a0\u00bboff\u00a0\u00bb button_two_border_color__hover_enabled=\u00a0\u00bboff\u00a0\u00bb button_border_radius__hover_enabled=\u00a0\u00bboff\u00a0\u00bb button_one_border_radius__hover_enabled=\u00a0\u00bboff\u00a0\u00bb button_two_border_radius__hover_enabled=\u00a0\u00bboff\u00a0\u00bb button_letter_spacing__hover_enabled=\u00a0\u00bboff\u00a0\u00bb button_one_letter_spacing__hover_enabled=\u00a0\u00bboff\u00a0\u00bb button_two_letter_spacing__hover_enabled=\u00a0\u00bboff\u00a0\u00bb button_bg_color__hover_enabled=\u00a0\u00bboff\u00a0\u00bb button_one_bg_color__hover_enabled=\u00a0\u00bboff\u00a0\u00bb button_two_bg_color__hover_enabled=\u00a0\u00bboff\u00a0\u00bb][\/et_pb_contact_field][et_pb_contact_field field_id=\u00a0\u00bbEmail\u00a0\u00bb field_title=\u00a0\u00bbAdresse e-mail\u00a0\u00bb field_type=\u00a0\u00bbemail\u00a0\u00bb _builder_version=\u00a0\u00bb4.16&Prime; global_colors_info=\u00a0\u00bb{}\u00a0\u00bb button_text_size__hover_enabled=\u00a0\u00bboff\u00a0\u00bb button_one_text_size__hover_enabled=\u00a0\u00bboff\u00a0\u00bb button_two_text_size__hover_enabled=\u00a0\u00bboff\u00a0\u00bb button_text_color__hover_enabled=\u00a0\u00bboff\u00a0\u00bb button_one_text_color__hover_enabled=\u00a0\u00bboff\u00a0\u00bb button_two_text_color__hover_enabled=\u00a0\u00bboff\u00a0\u00bb button_border_width__hover_enabled=\u00a0\u00bboff\u00a0\u00bb button_one_border_width__hover_enabled=\u00a0\u00bboff\u00a0\u00bb button_two_border_width__hover_enabled=\u00a0\u00bboff\u00a0\u00bb button_border_color__hover_enabled=\u00a0\u00bboff\u00a0\u00bb button_one_border_color__hover_enabled=\u00a0\u00bboff\u00a0\u00bb button_two_border_color__hover_enabled=\u00a0\u00bboff\u00a0\u00bb button_border_radius__hover_enabled=\u00a0\u00bboff\u00a0\u00bb button_one_border_radius__hover_enabled=\u00a0\u00bboff\u00a0\u00bb button_two_border_radius__hover_enabled=\u00a0\u00bboff\u00a0\u00bb button_letter_spacing__hover_enabled=\u00a0\u00bboff\u00a0\u00bb button_one_letter_spacing__hover_enabled=\u00a0\u00bboff\u00a0\u00bb button_two_letter_spacing__hover_enabled=\u00a0\u00bboff\u00a0\u00bb button_bg_color__hover_enabled=\u00a0\u00bboff\u00a0\u00bb button_one_bg_color__hover_enabled=\u00a0\u00bboff\u00a0\u00bb button_two_bg_color__hover_enabled=\u00a0\u00bboff\u00a0\u00bb][\/et_pb_contact_field][et_pb_contact_field field_id=\u00a0\u00bbMessage\u00a0\u00bb field_title=\u00a0\u00bbMessage\u00a0\u00bb field_type=\u00a0\u00bbtext\u00a0\u00bb fullwidth_field=\u00a0\u00bbon\u00a0\u00bb _builder_version=\u00a0\u00bb4.16&Prime; global_colors_info=\u00a0\u00bb{}\u00a0\u00bb button_text_size__hover_enabled=\u00a0\u00bboff\u00a0\u00bb button_one_text_size__hover_enabled=\u00a0\u00bboff\u00a0\u00bb button_two_text_size__hover_enabled=\u00a0\u00bboff\u00a0\u00bb button_text_color__hover_enabled=\u00a0\u00bboff\u00a0\u00bb button_one_text_color__hover_enabled=\u00a0\u00bboff\u00a0\u00bb button_two_text_color__hover_enabled=\u00a0\u00bboff\u00a0\u00bb button_border_width__hover_enabled=\u00a0\u00bboff\u00a0\u00bb button_one_border_width__hover_enabled=\u00a0\u00bboff\u00a0\u00bb button_two_border_width__hover_enabled=\u00a0\u00bboff\u00a0\u00bb button_border_color__hover_enabled=\u00a0\u00bboff\u00a0\u00bb button_one_border_color__hover_enabled=\u00a0\u00bboff\u00a0\u00bb button_two_border_color__hover_enabled=\u00a0\u00bboff\u00a0\u00bb button_border_radius__hover_enabled=\u00a0\u00bboff\u00a0\u00bb button_one_border_radius__hover_enabled=\u00a0\u00bboff\u00a0\u00bb button_two_border_radius__hover_enabled=\u00a0\u00bboff\u00a0\u00bb button_letter_spacing__hover_enabled=\u00a0\u00bboff\u00a0\u00bb button_one_letter_spacing__hover_enabled=\u00a0\u00bboff\u00a0\u00bb button_two_letter_spacing__hover_enabled=\u00a0\u00bboff\u00a0\u00bb button_bg_color__hover_enabled=\u00a0\u00bboff\u00a0\u00bb button_one_bg_color__hover_enabled=\u00a0\u00bboff\u00a0\u00bb button_two_bg_color__hover_enabled=\u00a0\u00bboff\u00a0\u00bb][\/et_pb_contact_field][\/et_pb_contact_form][\/et_pb_column][\/et_pb_row][\/et_pb_section]<\/p>\n","protected":false},"excerpt":{"rendered":"<p>FAQ :Nous proposons une large gamme de produits de boxe et MMA, incluant des gants, des prot\u00e8ge-tibias, des sacs de frappe, des \u00e9quipements de protection et des accessoires pour les amateurs et d\u00e9butants.La livraison est gratuite pour toutes les commandes sup\u00e9rieures \u00e0 50\u20ac en France. Pour les commandes inf\u00e9rieures \u00e0 ce montant, un tarif de [&hellip;]<\/p>\n","protected":false},"author":1,"featured_media":0,"parent":0,"menu_order":0,"comment_status":"closed","ping_status":"closed","template":"","meta":{"_et_pb_use_builder":"on","_et_pb_old_content":"","_et_gb_content_width":"","footnotes":""},"class_list":["post-287","page","type-page","status-publish","hentry"],"yoast_head":"<!-- This site is optimized with the Yoast SEO plugin v24.3 - https:\/\/yoast.com\/wordpress\/plugins\/seo\/ -->\n<title>Nous contacter - Impact Fighters<\/title>\n<meta name=\"robots\" content=\"index, follow, max-snippet:-1, max-image-preview:large, max-video-preview:-1\" \/>\n<link rel=\"canonical\" href=\"https:\/\/supexup.formatome.fr\/2024-2025\/MSCM1\/5\/?page_id=287\" \/>\n<meta property=\"og:locale\" content=\"fr_FR\" \/>\n<meta property=\"og:type\" content=\"article\" \/>\n<meta property=\"og:title\" content=\"Nous contacter - Impact Fighters\" \/>\n<meta property=\"og:description\" content=\"FAQ :Nous proposons une large gamme de produits de boxe et MMA, incluant des gants, des prot\u00e8ge-tibias, des sacs de frappe, des \u00e9quipements de protection et des accessoires pour les amateurs et d\u00e9butants.La livraison est gratuite pour toutes les commandes sup\u00e9rieures \u00e0 50\u20ac en France. Pour les commandes inf\u00e9rieures \u00e0 ce montant, un tarif de [&hellip;]\" \/>\n<meta property=\"og:url\" content=\"https:\/\/supexup.formatome.fr\/2024-2025\/MSCM1\/5\/?page_id=287\" \/>\n<meta property=\"og:site_name\" content=\"Impact Fighters\" \/>\n<meta property=\"article:modified_time\" content=\"2024-12-19T16:26:24+00:00\" \/>\n<meta name=\"twitter:card\" content=\"summary_large_image\" \/>\n<script type=\"application\/ld+json\" class=\"yoast-schema-graph\">{\"@context\":\"https:\/\/schema.org\",\"@graph\":[{\"@type\":\"WebPage\",\"@id\":\"https:\/\/supexup.formatome.fr\/2024-2025\/MSCM1\/5\/?page_id=287\",\"url\":\"https:\/\/supexup.formatome.fr\/2024-2025\/MSCM1\/5\/?page_id=287\",\"name\":\"Nous contacter - Impact Fighters\",\"isPartOf\":{\"@id\":\"https:\/\/supexup.formatome.fr\/2024-2025\/MSCM1\/5\/#website\"},\"datePublished\":\"2024-12-19T15:51:13+00:00\",\"dateModified\":\"2024-12-19T16:26:24+00:00\",\"breadcrumb\":{\"@id\":\"https:\/\/supexup.formatome.fr\/2024-2025\/MSCM1\/5\/?page_id=287#breadcrumb\"},\"inLanguage\":\"fr-FR\",\"potentialAction\":[{\"@type\":\"ReadAction\",\"target\":[\"https:\/\/supexup.formatome.fr\/2024-2025\/MSCM1\/5\/?page_id=287\"]}]},{\"@type\":\"BreadcrumbList\",\"@id\":\"https:\/\/supexup.formatome.fr\/2024-2025\/MSCM1\/5\/?page_id=287#breadcrumb\",\"itemListElement\":[{\"@type\":\"ListItem\",\"position\":1,\"name\":\"Accueil\",\"item\":\"https:\/\/supexup.formatome.fr\/2024-2025\/MSCM1\/5\/\"},{\"@type\":\"ListItem\",\"position\":2,\"name\":\"Nous contacter\"}]},{\"@type\":\"WebSite\",\"@id\":\"https:\/\/supexup.formatome.fr\/2024-2025\/MSCM1\/5\/#website\",\"url\":\"https:\/\/supexup.formatome.fr\/2024-2025\/MSCM1\/5\/\",\"name\":\"Faux Lacoste\",\"description\":\"\",\"publisher\":{\"@id\":\"https:\/\/supexup.formatome.fr\/2024-2025\/MSCM1\/5\/#organization\"},\"potentialAction\":[{\"@type\":\"SearchAction\",\"target\":{\"@type\":\"EntryPoint\",\"urlTemplate\":\"https:\/\/supexup.formatome.fr\/2024-2025\/MSCM1\/5\/?s={search_term_string}\"},\"query-input\":{\"@type\":\"PropertyValueSpecification\",\"valueRequired\":true,\"valueName\":\"search_term_string\"}}],\"inLanguage\":\"fr-FR\"},{\"@type\":\"Organization\",\"@id\":\"https:\/\/supexup.formatome.fr\/2024-2025\/MSCM1\/5\/#organization\",\"name\":\"Faux-Lacost\",\"url\":\"https:\/\/supexup.formatome.fr\/2024-2025\/MSCM1\/5\/\",\"logo\":{\"@type\":\"ImageObject\",\"inLanguage\":\"fr-FR\",\"@id\":\"https:\/\/supexup.formatome.fr\/2024-2025\/MSCM1\/5\/#\/schema\/logo\/image\/\",\"url\":\"https:\/\/supexup.formatome.fr\/2024-2025\/MSCM1\/5\/wp-content\/uploads\/2024\/10\/lacoste-logo-polo.jpg\",\"contentUrl\":\"https:\/\/supexup.formatome.fr\/2024-2025\/MSCM1\/5\/wp-content\/uploads\/2024\/10\/lacoste-logo-polo.jpg\",\"width\":640,\"height\":171,\"caption\":\"Faux-Lacost\"},\"image\":{\"@id\":\"https:\/\/supexup.formatome.fr\/2024-2025\/MSCM1\/5\/#\/schema\/logo\/image\/\"}}]}<\/script>\n<!-- \/ Yoast SEO plugin. -->","yoast_head_json":{"title":"Nous contacter - Impact Fighters","robots":{"index":"index","follow":"follow","max-snippet":"max-snippet:-1","max-image-preview":"max-image-preview:large","max-video-preview":"max-video-preview:-1"},"canonical":"https:\/\/supexup.formatome.fr\/2024-2025\/MSCM1\/5\/?page_id=287","og_locale":"fr_FR","og_type":"article","og_title":"Nous contacter - Impact Fighters","og_description":"FAQ :Nous proposons une large gamme de produits de boxe et MMA, incluant des gants, des prot\u00e8ge-tibias, des sacs de frappe, des \u00e9quipements de protection et des accessoires pour les amateurs et d\u00e9butants.La livraison est gratuite pour toutes les commandes sup\u00e9rieures \u00e0 50\u20ac en France. Pour les commandes inf\u00e9rieures \u00e0 ce montant, un tarif de [&hellip;]","og_url":"https:\/\/supexup.formatome.fr\/2024-2025\/MSCM1\/5\/?page_id=287","og_site_name":"Impact Fighters","article_modified_time":"2024-12-19T16:26:24+00:00","twitter_card":"summary_large_image","schema":{"@context":"https:\/\/schema.org","@graph":[{"@type":"WebPage","@id":"https:\/\/supexup.formatome.fr\/2024-2025\/MSCM1\/5\/?page_id=287","url":"https:\/\/supexup.formatome.fr\/2024-2025\/MSCM1\/5\/?page_id=287","name":"Nous contacter - Impact Fighters","isPartOf":{"@id":"https:\/\/supexup.formatome.fr\/2024-2025\/MSCM1\/5\/#website"},"datePublished":"2024-12-19T15:51:13+00:00","dateModified":"2024-12-19T16:26:24+00:00","breadcrumb":{"@id":"https:\/\/supexup.formatome.fr\/2024-2025\/MSCM1\/5\/?page_id=287#breadcrumb"},"inLanguage":"fr-FR","potentialAction":[{"@type":"ReadAction","target":["https:\/\/supexup.formatome.fr\/2024-2025\/MSCM1\/5\/?page_id=287"]}]},{"@type":"BreadcrumbList","@id":"https:\/\/supexup.formatome.fr\/2024-2025\/MSCM1\/5\/?page_id=287#breadcrumb","itemListElement":[{"@type":"ListItem","position":1,"name":"Accueil","item":"https:\/\/supexup.formatome.fr\/2024-2025\/MSCM1\/5\/"},{"@type":"ListItem","position":2,"name":"Nous contacter"}]},{"@type":"WebSite","@id":"https:\/\/supexup.formatome.fr\/2024-2025\/MSCM1\/5\/#website","url":"https:\/\/supexup.formatome.fr\/2024-2025\/MSCM1\/5\/","name":"Faux Lacoste","description":"","publisher":{"@id":"https:\/\/supexup.formatome.fr\/2024-2025\/MSCM1\/5\/#organization"},"potentialAction":[{"@type":"SearchAction","target":{"@type":"EntryPoint","urlTemplate":"https:\/\/supexup.formatome.fr\/2024-2025\/MSCM1\/5\/?s={search_term_string}"},"query-input":{"@type":"PropertyValueSpecification","valueRequired":true,"valueName":"search_term_string"}}],"inLanguage":"fr-FR"},{"@type":"Organization","@id":"https:\/\/supexup.formatome.fr\/2024-2025\/MSCM1\/5\/#organization","name":"Faux-Lacost","url":"https:\/\/supexup.formatome.fr\/2024-2025\/MSCM1\/5\/","logo":{"@type":"ImageObject","inLanguage":"fr-FR","@id":"https:\/\/supexup.formatome.fr\/2024-2025\/MSCM1\/5\/#\/schema\/logo\/image\/","url":"https:\/\/supexup.formatome.fr\/2024-2025\/MSCM1\/5\/wp-content\/uploads\/2024\/10\/lacoste-logo-polo.jpg","contentUrl":"https:\/\/supexup.formatome.fr\/2024-2025\/MSCM1\/5\/wp-content\/uploads\/2024\/10\/lacoste-logo-polo.jpg","width":640,"height":171,"caption":"Faux-Lacost"},"image":{"@id":"https:\/\/supexup.formatome.fr\/2024-2025\/MSCM1\/5\/#\/schema\/logo\/image\/"}}]}},"_links":{"self":[{"href":"https:\/\/supexup.formatome.fr\/2024-2025\/MSCM1\/5\/index.php?rest_route=\/wp\/v2\/pages\/287","targetHints":{"allow":["GET"]}}],"collection":[{"href":"https:\/\/supexup.formatome.fr\/2024-2025\/MSCM1\/5\/index.php?rest_route=\/wp\/v2\/pages"}],"about":[{"href":"https:\/\/supexup.formatome.fr\/2024-2025\/MSCM1\/5\/index.php?rest_route=\/wp\/v2\/types\/page"}],"author":[{"embeddable":true,"href":"https:\/\/supexup.formatome.fr\/2024-2025\/MSCM1\/5\/index.php?rest_route=\/wp\/v2\/users\/1"}],"replies":[{"embeddable":true,"href":"https:\/\/supexup.formatome.fr\/2024-2025\/MSCM1\/5\/index.php?rest_route=%2Fwp%2Fv2%2Fcomments&post=287"}],"version-history":[{"count":4,"href":"https:\/\/supexup.formatome.fr\/2024-2025\/MSCM1\/5\/index.php?rest_route=\/wp\/v2\/pages\/287\/revisions"}],"predecessor-version":[{"id":294,"href":"https:\/\/supexup.formatome.fr\/2024-2025\/MSCM1\/5\/index.php?rest_route=\/wp\/v2\/pages\/287\/revisions\/294"}],"wp:attachment":[{"href":"https:\/\/supexup.formatome.fr\/2024-2025\/MSCM1\/5\/index.php?rest_route=%2Fwp%2Fv2%2Fmedia&parent=287"}],"curies":[{"name":"wp","href":"https:\/\/api.w.org\/{rel}","templated":true}]}}