{"id":109,"date":"2024-11-20T09:51:33","date_gmt":"2024-11-20T08:51:33","guid":{"rendered":"https:\/\/supexup.formatome.fr\/2024-2025\/MSCM1\/2\/?page_id=109"},"modified":"2025-01-31T15:37:19","modified_gmt":"2025-01-31T14:37:19","slug":"accueil","status":"publish","type":"page","link":"https:\/\/supexup.formatome.fr\/2024-2025\/MSCM1\/2\/","title":{"rendered":"Accueil"},"content":{"rendered":"<p>[et_pb_section fb_built=\u00a0\u00bb1&Prime; admin_label=\u00a0\u00bbHeader\u00a0\u00bb _builder_version=\u00a0\u00bb4.27.3&Prime; _module_preset=\u00a0\u00bbdefault\u00a0\u00bb use_background_color_gradient=\u00a0\u00bbon\u00a0\u00bb background_color_gradient_stops=\u00a0\u00bbrgba(0,0,0,0.5) 0%|rgba(0,0,0,0.5) 100%\u00a0\u00bb background_color_gradient_overlays_image=\u00a0\u00bbon\u00a0\u00bb background_image=\u00a0\u00bbhttps:\/\/supexup.formatome.fr\/2024-2025\/MSCM1\/2\/wp-content\/uploads\/2024\/12\/grapes-7157943_1280.jpg\u00a0\u00bb custom_padding=\u00a0\u00bb24vw||24vw||true|false\u00a0\u00bb animation_style=\u00a0\u00bbfade\u00a0\u00bb collapsed=\u00a0\u00bbon\u00a0\u00bb global_colors_info=\u00a0\u00bb{}\u00a0\u00bb][et_pb_row _builder_version=\u00a0\u00bb4.20.0&Prime; _module_preset=\u00a0\u00bbdefault\u00a0\u00bb global_colors_info=\u00a0\u00bb{}\u00a0\u00bb][et_pb_column type=\u00a0\u00bb4_4&Prime; _builder_version=\u00a0\u00bb4.20.0&Prime; _module_preset=\u00a0\u00bbdefault\u00a0\u00bb global_colors_info=\u00a0\u00bb{}\u00a0\u00bb][et_pb_text _builder_version=\u00a0\u00bb4.27.3&Prime; _module_preset=\u00a0\u00bb22246a85-d0a3-4fa8-8121-118c6feae51d\u00a0\u00bb text_font=\u00a0\u00bbMontserrat||||||||\u00a0\u00bb text_text_color=\u00a0\u00bb#786859&Prime; header_text_color=\u00a0\u00bbRGBA(255,255,255,0)\u00a0\u00bb header_4_text_color=\u00a0\u00bb#FFFFFF\u00a0\u00bb text_orientation=\u00a0\u00bbcenter\u00a0\u00bb global_colors_info=\u00a0\u00bb{}\u00a0\u00bb]<\/p>\n<h4>Domaine viticole<\/h4>\n<p>[\/et_pb_text][et_pb_text _builder_version=\u00a0\u00bb4.27.3&Prime; _module_preset=\u00a0\u00bb207bbad5-e350-4449-be74-c7a39ff6392b\u00a0\u00bb text_font=\u00a0\u00bbAguafina Script||||||||\u00a0\u00bb header_text_color=\u00a0\u00bb#FFFFFF\u00a0\u00bb text_orientation=\u00a0\u00bbcenter\u00a0\u00bb global_colors_info=\u00a0\u00bb{}\u00a0\u00bb]<\/p>\n<h1>La Parro des Rigal<\/h1>\n<p>[\/et_pb_text][et_pb_button button_text=\u00a0\u00bbNos vins\u00a0\u00bb button_alignment=\u00a0\u00bbcenter\u00a0\u00bb _builder_version=\u00a0\u00bb4.27.3&Prime; _module_preset=\u00a0\u00bb7dac3ab6-3670-416a-a0a4-3349507d86fd\u00a0\u00bb global_colors_info=\u00a0\u00bb{}\u00a0\u00bb][\/et_pb_button][\/et_pb_column][\/et_pb_row][\/et_pb_section][et_pb_section fb_built=\u00a0\u00bb1&Prime; _builder_version=\u00a0\u00bb4.27.3&Prime; _module_preset=\u00a0\u00bbdefault\u00a0\u00bb scroll_horizontal_motion_enable=\u00a0\u00bbon\u00a0\u00bb global_colors_info=\u00a0\u00bb{}\u00a0\u00bb][et_pb_row column_structure=\u00a0\u00bb1_4,1_4,1_4,1_4&Prime; _builder_version=\u00a0\u00bb4.27.3&Prime; _module_preset=\u00a0\u00bbdefault\u00a0\u00bb global_colors_info=\u00a0\u00bb{}\u00a0\u00bb][et_pb_column type=\u00a0\u00bb1_4&Prime; _builder_version=\u00a0\u00bb4.27.3&Prime; _module_preset=\u00a0\u00bbdefault\u00a0\u00bb global_colors_info=\u00a0\u00bb{}\u00a0\u00bb][et_pb_icon font_icon=\u00a0\u00bb&#xe023;||divi||400&Prime; icon_color=\u00a0\u00bb#800020&Prime; _builder_version=\u00a0\u00bb4.27.3&Prime; _module_preset=\u00a0\u00bbdefault\u00a0\u00bb global_colors_info=\u00a0\u00bb{}\u00a0\u00bb][\/et_pb_icon][et_pb_text _builder_version=\u00a0\u00bb4.27.3&Prime; _module_preset=\u00a0\u00bbdefault\u00a0\u00bb text_font=\u00a0\u00bbMontserrat Alternates||||||||\u00a0\u00bb global_colors_info=\u00a0\u00bb{}\u00a0\u00bb]<\/p>\n<h3 style=\"text-align: center;\"><span>Famille Rigal depuis 1987<\/span><\/h3>\n<p>[\/et_pb_text][\/et_pb_column][et_pb_column type=\u00a0\u00bb1_4&Prime; _builder_version=\u00a0\u00bb4.27.3&Prime; _module_preset=\u00a0\u00bbdefault\u00a0\u00bb global_colors_info=\u00a0\u00bb{}\u00a0\u00bb][et_pb_icon font_icon=\u00a0\u00bb&#x57;||divi||400&Prime; icon_color=\u00a0\u00bb#800020&Prime; _builder_version=\u00a0\u00bb4.27.3&Prime; _module_preset=\u00a0\u00bbdefault\u00a0\u00bb global_colors_info=\u00a0\u00bb{}\u00a0\u00bb][\/et_pb_icon][et_pb_text _builder_version=\u00a0\u00bb4.27.3&Prime; _module_preset=\u00a0\u00bbdefault\u00a0\u00bb text_font=\u00a0\u00bbMontserrat Alternates||||||||\u00a0\u00bb global_colors_info=\u00a0\u00bb{}\u00a0\u00bb]<\/p>\n<h3 style=\"text-align: center;\"><span>12 hectares<\/span><\/h3>\n<p>[\/et_pb_text][\/et_pb_column][et_pb_column type=\u00a0\u00bb1_4&Prime; _builder_version=\u00a0\u00bb4.27.3&Prime; _module_preset=\u00a0\u00bbdefault\u00a0\u00bb global_colors_info=\u00a0\u00bb{}\u00a0\u00bb][et_pb_icon font_icon=\u00a0\u00bb&#xf5ce;||fa||900&Prime; icon_color=\u00a0\u00bb#800020&Prime; _builder_version=\u00a0\u00bb4.27.3&Prime; _module_preset=\u00a0\u00bbdefault\u00a0\u00bb global_colors_info=\u00a0\u00bb{}\u00a0\u00bb][\/et_pb_icon][et_pb_text _builder_version=\u00a0\u00bb4.27.3&Prime; _module_preset=\u00a0\u00bbdefault\u00a0\u00bb text_font=\u00a0\u00bbMontserrat Alternates||||||||\u00a0\u00bb global_colors_info=\u00a0\u00bb{}\u00a0\u00bb]<\/p>\n<h3 style=\"text-align: center;\"><span>400 hectolitres de vin par an<\/span><\/h3>\n<p>[\/et_pb_text][\/et_pb_column][et_pb_column type=\u00a0\u00bb1_4&Prime; _builder_version=\u00a0\u00bb4.27.3&Prime; _module_preset=\u00a0\u00bbdefault\u00a0\u00bb global_colors_info=\u00a0\u00bb{}\u00a0\u00bb][et_pb_icon font_icon=\u00a0\u00bb&#xf72f;||fa||900&Prime; icon_color=\u00a0\u00bb#800020&Prime; _builder_version=\u00a0\u00bb4.27.3&Prime; _module_preset=\u00a0\u00bbdefault\u00a0\u00bb global_colors_info=\u00a0\u00bb{}\u00a0\u00bb][\/et_pb_icon][et_pb_text _builder_version=\u00a0\u00bb4.27.3&Prime; _module_preset=\u00a0\u00bbdefault\u00a0\u00bb text_font=\u00a0\u00bbMontserrat Alternates||||||||\u00a0\u00bb global_colors_info=\u00a0\u00bb{}\u00a0\u00bb]<\/p>\n<h3 style=\"text-align: center;\"><span>Cinq cuv\u00e9es diff\u00e9rentes chaque ann\u00e9e<\/span><\/h3>\n<p>[\/et_pb_text][\/et_pb_column][\/et_pb_row][\/et_pb_section][et_pb_section fb_built=\u00a0\u00bb1&Prime; admin_label=\u00a0\u00bbAbout\u00a0\u00bb _builder_version=\u00a0\u00bb4.27.3&Prime; _module_preset=\u00a0\u00bbdefault\u00a0\u00bb background_color=\u00a0\u00bb#6d071a\u00a0\u00bb custom_margin=\u00a0\u00bb117px|||||\u00a0\u00bb custom_padding=\u00a0\u00bb0px|||||\u00a0\u00bb collapsed=\u00a0\u00bbon\u00a0\u00bb global_colors_info=\u00a0\u00bb{}\u00a0\u00bb][et_pb_row column_structure=\u00a0\u00bb3_5,2_5&Prime; _builder_version=\u00a0\u00bb4.20.0&Prime; _module_preset=\u00a0\u00bbdefault\u00a0\u00bb custom_margin=\u00a0\u00bb-112px|auto||auto||\u00a0\u00bb custom_padding=\u00a0\u00bb25px||0px||false|false\u00a0\u00bb global_colors_info=\u00a0\u00bb{}\u00a0\u00bb][et_pb_column type=\u00a0\u00bb3_5&Prime; _builder_version=\u00a0\u00bb4.20.0&Prime; _module_preset=\u00a0\u00bbdefault\u00a0\u00bb global_colors_info=\u00a0\u00bb{}\u00a0\u00bb][et_pb_text _builder_version=\u00a0\u00bb4.20.0&Prime; _module_preset=\u00a0\u00bb34280052-b6be-44a9-b920-83aeadb3981b\u00a0\u00bb header_2_text_color=\u00a0\u00bb#FFFFFF\u00a0\u00bb global_colors_info=\u00a0\u00bb{}\u00a0\u00bb]<\/p>\n<h2>Notre domaine<\/h2>\n<p>[\/et_pb_text][et_pb_image src=\u00a0\u00bbhttps:\/\/supexup.formatome.fr\/2024-2025\/MSCM1\/2\/wp-content\/uploads\/2024\/12\/b589c196-be3f-4982-a6f7-c389e4cf16f7-2.jpg\u00a0\u00bb title_text=\u00a0\u00bbb589c196-be3f-4982-a6f7-c389e4cf16f7 2&Prime; _builder_version=\u00a0\u00bb4.27.3&Prime; _module_preset=\u00a0\u00bbdefault\u00a0\u00bb custom_margin=\u00a0\u00bb||104px|||\u00a0\u00bb custom_padding=\u00a0\u00bb|||0px||\u00a0\u00bb global_colors_info=\u00a0\u00bb{}\u00a0\u00bb][\/et_pb_image][et_pb_image src=\u00a0\u00bbhttps:\/\/supexup.formatome.fr\/2024-2025\/MSCM1\/2\/wp-content\/uploads\/2024\/12\/4c3c27c7-d10c-48cc-bde0-5c2e6cd57bfd.jpg\u00a0\u00bb title_text=\u00a0\u00bb4c3c27c7-d10c-48cc-bde0-5c2e6cd57bfd\u00a0\u00bb _builder_version=\u00a0\u00bb4.27.3&Prime; _module_preset=\u00a0\u00bbdefault\u00a0\u00bb width=\u00a0\u00bb100%\u00a0\u00bb custom_margin=\u00a0\u00bb|19px||||\u00a0\u00bb custom_padding=\u00a0\u00bb|5px||||\u00a0\u00bb global_colors_info=\u00a0\u00bb{}\u00a0\u00bb][\/et_pb_image][\/et_pb_column][et_pb_column type=\u00a0\u00bb2_5&Prime; _builder_version=\u00a0\u00bb4.20.0&Prime; _module_preset=\u00a0\u00bbdefault\u00a0\u00bb global_colors_info=\u00a0\u00bb{}\u00a0\u00bb][et_pb_text _builder_version=\u00a0\u00bb4.27.3&Prime; _module_preset=\u00a0\u00bb8c131c3a-bc74-47a8-a4b0-bcaa794dd9af\u00a0\u00bb text_font=\u00a0\u00bbMontserrat||||||||\u00a0\u00bb text_text_color=\u00a0\u00bb#FFFFFF\u00a0\u00bb min_height=\u00a0\u00bb587.5px\u00a0\u00bb custom_margin=\u00a0\u00bb|-161px|91px|||\u00a0\u00bb custom_padding=\u00a0\u00bb||74px|||\u00a0\u00bb global_colors_info=\u00a0\u00bb{}\u00a0\u00bb]<\/p>\n<p style=\"text-align: justify;\"><strong><\/strong><\/p>\n<p style=\"text-align: justify;\"><strong><\/strong><\/p>\n<p style=\"text-align: justify;\"><strong><\/strong><\/p>\n<p style=\"text-align: justify;\"><strong><\/strong><\/p>\n<p style=\"text-align: justify;\"><strong><\/strong><\/p>\n<p style=\"text-align: justify;\"><strong><\/strong><\/p>\n<p style=\"text-align: justify;\"><strong>Depuis 1987, la famille Rigal est propri\u00e9taire de ce domaine viticole d\u2019une dizaine d\u2019hectares.<\/strong><\/p>\n<p style=\"text-align: justify;\"><strong><\/strong><\/p>\n<p style=\"text-align: justify;\"><strong><\/strong><\/p>\n<p style=\"text-align: justify;\"><strong>La propri\u00e9t\u00e9 a \u00e9t\u00e9 restructur\u00e9e \u00e0 70 % avec des c\u00e9pages am\u00e9liorateurs (Syrah, Grenache, Merlot, Marsanne) qui ont remplac\u00e9 les Aramons et \u0152illades, qui \u00e0 l\u2019\u00e9poque, \u00e9taient cultiv\u00e9s pour des rendements plus cons\u00e9quents et moins aromatiques.<\/strong><\/p>\n<p style=\"text-align: justify;\"><strong><\/strong><\/p>\n<p style=\"text-align: justify;\"><strong><\/strong><\/p>\n<p style=\"text-align: justify;\"><strong>Quelques Carignans centenaires ont \u00e9t\u00e9 conserv\u00e9s car bien vinifi\u00e9s, ils sont aujourd\u2019hui la fiert\u00e9 et le fleuron de notre exploitation.<\/strong><\/p>\n<p style=\"text-align: justify;\"><strong><\/strong><\/p>\n<p style=\"text-align: justify;\"><strong><\/strong><\/p>\n<p style=\"text-align: justify;\"><strong>A flanc de coteaux du plateau du Larzac, ce petit domaine familial vinifie autour de 400 hls de vin issu principalement de c\u00e9pages m\u00e9diterran\u00e9ens de l\u2019appellation AOP Coteaux du Languedoc \u2013 Terrasses du Larzac.<\/strong><\/p>\n<p style=\"text-align: justify;\"><strong><\/strong><\/p>\n<p style=\"text-align: justify;\"><strong><\/strong><\/p>\n<p style=\"text-align: justify;\"><strong>Des vins ronds, fruit\u00e9s, \u00e9pic\u00e9s vous seront propos\u00e9 suivant les cuv\u00e9es choisies pour l\u2019accompagnement de vos diff\u00e9rents mets.<\/strong><\/p>\n<p style=\"text-align: justify;\"><strong><\/strong><\/p>\n<p style=\"text-align: justify;\"><strong><\/strong><\/p>\n<p style=\"text-align: justify;\"><strong>La cave, semi-souterraine toute en pierres de taille aux couleurs de nos terres, renferme une fra\u00eecheur et une convivialit\u00e9 \u00e0 d\u00e9couvrir autour d\u2019un bon verre de vin.<\/strong><\/p>\n<p>[\/et_pb_text][\/et_pb_column][\/et_pb_row][et_pb_row _builder_version=\u00a0\u00bb4.27.3&Prime; _module_preset=\u00a0\u00bbdefault\u00a0\u00bb global_colors_info=\u00a0\u00bb{}\u00a0\u00bb][et_pb_column type=\u00a0\u00bb4_4&Prime; _builder_version=\u00a0\u00bb4.27.3&Prime; _module_preset=\u00a0\u00bbdefault\u00a0\u00bb global_colors_info=\u00a0\u00bb{}\u00a0\u00bb][et_pb_button button_url=\u00a0\u00bbhttps:\/\/supexup.formatome.fr\/2024-2025\/MSCM1\/2\/?page_id=157&Prime; button_text=\u00a0\u00bbNOTRE HISTOIRE\u00a0\u00bb button_alignment=\u00a0\u00bbright\u00a0\u00bb _builder_version=\u00a0\u00bb4.27.3&Prime; _module_preset=\u00a0\u00bbdefault\u00a0\u00bb custom_button=\u00a0\u00bbon\u00a0\u00bb button_font=\u00a0\u00bbCormorant Garamond||||||||\u00a0\u00bb custom_margin=\u00a0\u00bb-127px|||||\u00a0\u00bb global_colors_info=\u00a0\u00bb{}\u00a0\u00bb][\/et_pb_button][\/et_pb_column][\/et_pb_row][\/et_pb_section][et_pb_section fb_built=\u00a0\u00bb1&Prime; admin_label=\u00a0\u00bbProjects\u00a0\u00bb _builder_version=\u00a0\u00bb4.20.0&Prime; _module_preset=\u00a0\u00bbdefault\u00a0\u00bb custom_margin=\u00a0\u00bb-67px|||||\u00a0\u00bb collapsed=\u00a0\u00bbon\u00a0\u00bb global_colors_info=\u00a0\u00bb{}\u00a0\u00bb][\/et_pb_section][et_pb_section fb_built=\u00a0\u00bb1&Prime; admin_label=\u00a0\u00bbAbout\u00a0\u00bb _builder_version=\u00a0\u00bb4.27.3&Prime; _module_preset=\u00a0\u00bbdefault\u00a0\u00bb background_color=\u00a0\u00bb#FFFFFF\u00a0\u00bb custom_margin=\u00a0\u00bb117px|||||\u00a0\u00bb custom_padding=\u00a0\u00bb0px|||||\u00a0\u00bb collapsed=\u00a0\u00bbon\u00a0\u00bb global_colors_info=\u00a0\u00bb{}\u00a0\u00bb][et_pb_row column_structure=\u00a0\u00bb3_5,2_5&Prime; _builder_version=\u00a0\u00bb4.20.0&Prime; _module_preset=\u00a0\u00bbdefault\u00a0\u00bb custom_margin=\u00a0\u00bb-112px|auto||auto||\u00a0\u00bb custom_padding=\u00a0\u00bb25px||0px||false|false\u00a0\u00bb global_colors_info=\u00a0\u00bb{}\u00a0\u00bb][et_pb_column type=\u00a0\u00bb3_5&Prime; _builder_version=\u00a0\u00bb4.20.0&Prime; _module_preset=\u00a0\u00bbdefault\u00a0\u00bb global_colors_info=\u00a0\u00bb{}\u00a0\u00bb][et_pb_text _builder_version=\u00a0\u00bb4.27.3&Prime; _module_preset=\u00a0\u00bb34280052-b6be-44a9-b920-83aeadb3981b\u00a0\u00bb text_text_color=\u00a0\u00bb#800020&Prime; header_2_text_color=\u00a0\u00bb#FFFFFF\u00a0\u00bb global_colors_info=\u00a0\u00bb{}\u00a0\u00bb]<\/p>\n<h2><span style=\"color: #800020;\">nos vins<\/span><\/h2>\n<p>[\/et_pb_text][et_pb_image src=\u00a0\u00bbhttps:\/\/supexup.formatome.fr\/2024-2025\/MSCM1\/2\/wp-content\/uploads\/2024\/12\/73a69156-2a5f-4313-9e2f-0f4ca6b4217f.jpg\u00a0\u00bb title_text=\u00a0\u00bb73a69156-2a5f-4313-9e2f-0f4ca6b4217f\u00a0\u00bb align=\u00a0\u00bbcenter\u00a0\u00bb _builder_version=\u00a0\u00bb4.27.3&Prime; _module_preset=\u00a0\u00bbdefault\u00a0\u00bb custom_margin=\u00a0\u00bb||104px|||\u00a0\u00bb custom_padding=\u00a0\u00bb|67px|0px|0px||\u00a0\u00bb global_colors_info=\u00a0\u00bb{}\u00a0\u00bb][\/et_pb_image][\/et_pb_column][et_pb_column type=\u00a0\u00bb2_5&Prime; _builder_version=\u00a0\u00bb4.20.0&Prime; _module_preset=\u00a0\u00bbdefault\u00a0\u00bb global_colors_info=\u00a0\u00bb{}\u00a0\u00bb][et_pb_text _builder_version=\u00a0\u00bb4.27.3&Prime; _module_preset=\u00a0\u00bb8c131c3a-bc74-47a8-a4b0-bcaa794dd9af\u00a0\u00bb text_font=\u00a0\u00bbMontserrat||||||||\u00a0\u00bb text_text_color=\u00a0\u00bb#800020&Prime; min_height=\u00a0\u00bb605px\u00a0\u00bb custom_margin=\u00a0\u00bb35px|-22px||-47px||\u00a0\u00bb custom_padding=\u00a0\u00bb153px|||0px||\u00a0\u00bb global_colors_info=\u00a0\u00bb{}\u00a0\u00bb]<\/p>\n<p style=\"text-align: justify;\"><strong>Au Domaine de la Parro, chaque bouteille raconte une histoire de passion et de tradition. Nos vins sont le reflet de notre terroir unique et de notre engagement envers la qualit\u00e9. Nous produisons des vins rouges, ros\u00e9s et blancs, chacun \u00e9labor\u00e9 avec soin pour capturer l&rsquo;essence de nos vignobles.<\/strong><\/p>\n<ul style=\"text-align: justify;\">\n<li><strong>Vin Rouge\u00a0: Un vin riche et complexe, aux ar\u00f4mes de fruits rouges et d&rsquo;\u00e9pices, parfait pour accompagner les plats de viande.<\/strong><\/li>\n<li><strong>Vin Ros\u00e9\u00a0: Un ros\u00e9 frais et fruit\u00e9, aux ar\u00f4mes de fraise et de framboise, id\u00e9al pour les ap\u00e9ritifs et les repas estivaux.<\/strong><\/li>\n<li><strong>Vin Blanc\u00a0: Un vin \u00e9l\u00e9gant et raffin\u00e9, avec des notes florales et une belle min\u00e9ralit\u00e9, parfait pour les fruits de mer et les fromages.<\/strong><\/li>\n<\/ul>\n<p style=\"text-align: justify;\"><strong>Nos vins sont le fruit d&rsquo;un travail minutieux et d&rsquo;une attention constante \u00e0 chaque \u00e9tape de la vinification. Nous vous invitons \u00e0 les d\u00e9couvrir et \u00e0 partager notre passion pour la viticulture.<\/strong><\/p>\n<p>[\/et_pb_text][et_pb_button button_text=\u00a0\u00bbNos cuv\u00e9es\u00a0\u00bb button_alignment=\u00a0\u00bbcenter\u00a0\u00bb _builder_version=\u00a0\u00bb4.27.3&Prime; _module_preset=\u00a0\u00bbdefault\u00a0\u00bb custom_button=\u00a0\u00bbon\u00a0\u00bb button_text_color=\u00a0\u00bb#800020&Prime; global_colors_info=\u00a0\u00bb{}\u00a0\u00bb][\/et_pb_button][\/et_pb_column][\/et_pb_row][\/et_pb_section]<\/p>\n","protected":false},"excerpt":{"rendered":"<p>Domaine viticoleLa Parro des RigalFamille Rigal depuis 198712 hectares400 hectolitres de vin par anCinq cuv\u00e9es diff\u00e9rentes chaque ann\u00e9eNotre domaine Depuis 1987, la famille Rigal est propri\u00e9taire de ce domaine viticole d\u2019une dizaine d\u2019hectares. La propri\u00e9t\u00e9 a \u00e9t\u00e9 restructur\u00e9e \u00e0 70 % avec des c\u00e9pages am\u00e9liorateurs (Syrah, Grenache, Merlot, Marsanne) qui ont remplac\u00e9 les Aramons et [&hellip;]<\/p>\n","protected":false},"author":1,"featured_media":0,"parent":0,"menu_order":0,"comment_status":"closed","ping_status":"closed","template":"","meta":{"_et_pb_use_builder":"on","_et_pb_old_content":"","_et_gb_content_width":"","footnotes":""},"class_list":["post-109","page","type-page","status-publish","hentry"],"yoast_head":"<!-- This site is optimized with the Yoast SEO plugin v23.9 - https:\/\/yoast.com\/wordpress\/plugins\/seo\/ -->\n<title>Accueil - MICHELET<\/title>\n<meta name=\"robots\" content=\"index, follow, max-snippet:-1, max-image-preview:large, max-video-preview:-1\" \/>\n<link rel=\"canonical\" href=\"https:\/\/supexup.formatome.fr\/2024-2025\/MSCM1\/2\/\" \/>\n<meta property=\"og:locale\" content=\"fr_FR\" \/>\n<meta property=\"og:type\" content=\"article\" \/>\n<meta property=\"og:title\" content=\"Accueil - MICHELET\" \/>\n<meta property=\"og:description\" content=\"Domaine viticoleLa Parro des RigalFamille Rigal depuis 198712 hectares400 hectolitres de vin par anCinq cuv\u00e9es diff\u00e9rentes chaque ann\u00e9eNotre domaine Depuis 1987, la famille Rigal est propri\u00e9taire de ce domaine viticole d\u2019une dizaine d\u2019hectares. La propri\u00e9t\u00e9 a \u00e9t\u00e9 restructur\u00e9e \u00e0 70 % avec des c\u00e9pages am\u00e9liorateurs (Syrah, Grenache, Merlot, Marsanne) qui ont remplac\u00e9 les Aramons et [&hellip;]\" \/>\n<meta property=\"og:url\" content=\"https:\/\/supexup.formatome.fr\/2024-2025\/MSCM1\/2\/\" \/>\n<meta property=\"og:site_name\" content=\"MICHELET\" \/>\n<meta property=\"article:modified_time\" content=\"2025-01-31T14:37:19+00:00\" \/>\n<meta name=\"twitter:card\" content=\"summary_large_image\" \/>\n<script type=\"application\/ld+json\" class=\"yoast-schema-graph\">{\"@context\":\"https:\/\/schema.org\",\"@graph\":[{\"@type\":\"WebPage\",\"@id\":\"https:\/\/supexup.formatome.fr\/2024-2025\/MSCM1\/2\/\",\"url\":\"https:\/\/supexup.formatome.fr\/2024-2025\/MSCM1\/2\/\",\"name\":\"Accueil - MICHELET\",\"isPartOf\":{\"@id\":\"https:\/\/supexup.formatome.fr\/2024-2025\/MSCM1\/2\/#website\"},\"datePublished\":\"2024-11-20T08:51:33+00:00\",\"dateModified\":\"2025-01-31T14:37:19+00:00\",\"breadcrumb\":{\"@id\":\"https:\/\/supexup.formatome.fr\/2024-2025\/MSCM1\/2\/#breadcrumb\"},\"inLanguage\":\"fr-FR\",\"potentialAction\":[{\"@type\":\"ReadAction\",\"target\":[\"https:\/\/supexup.formatome.fr\/2024-2025\/MSCM1\/2\/\"]}]},{\"@type\":\"BreadcrumbList\",\"@id\":\"https:\/\/supexup.formatome.fr\/2024-2025\/MSCM1\/2\/#breadcrumb\",\"itemListElement\":[{\"@type\":\"ListItem\",\"position\":1,\"name\":\"Accueil\",\"item\":\"https:\/\/supexup.formatome.fr\/2024-2025\/MSCM1\/2\/\"},{\"@type\":\"ListItem\",\"position\":2,\"name\":\"Accueil\"}]},{\"@type\":\"WebSite\",\"@id\":\"https:\/\/supexup.formatome.fr\/2024-2025\/MSCM1\/2\/#website\",\"url\":\"https:\/\/supexup.formatome.fr\/2024-2025\/MSCM1\/2\/\",\"name\":\"RM DESIGN\",\"description\":\"\",\"publisher\":{\"@id\":\"https:\/\/supexup.formatome.fr\/2024-2025\/MSCM1\/2\/#organization\"},\"potentialAction\":[{\"@type\":\"SearchAction\",\"target\":{\"@type\":\"EntryPoint\",\"urlTemplate\":\"https:\/\/supexup.formatome.fr\/2024-2025\/MSCM1\/2\/?s={search_term_string}\"},\"query-input\":{\"@type\":\"PropertyValueSpecification\",\"valueRequired\":true,\"valueName\":\"search_term_string\"}}],\"inLanguage\":\"fr-FR\"},{\"@type\":\"Organization\",\"@id\":\"https:\/\/supexup.formatome.fr\/2024-2025\/MSCM1\/2\/#organization\",\"name\":\"MICHELET\",\"url\":\"https:\/\/supexup.formatome.fr\/2024-2025\/MSCM1\/2\/\",\"logo\":{\"@type\":\"ImageObject\",\"inLanguage\":\"fr-FR\",\"@id\":\"https:\/\/supexup.formatome.fr\/2024-2025\/MSCM1\/2\/#\/schema\/logo\/image\/\",\"url\":\"https:\/\/supexup.formatome.fr\/2024-2025\/MSCM1\/2\/wp-content\/uploads\/2024\/10\/wonderfl_intense_50_ml_ecom_copie.webp\",\"contentUrl\":\"https:\/\/supexup.formatome.fr\/2024-2025\/MSCM1\/2\/wp-content\/uploads\/2024\/10\/wonderfl_intense_50_ml_ecom_copie.webp\",\"width\":1200,\"height\":1200,\"caption\":\"MICHELET\"},\"image\":{\"@id\":\"https:\/\/supexup.formatome.fr\/2024-2025\/MSCM1\/2\/#\/schema\/logo\/image\/\"}}]}<\/script>\n<!-- \/ Yoast SEO plugin. -->","yoast_head_json":{"title":"Accueil - MICHELET","robots":{"index":"index","follow":"follow","max-snippet":"max-snippet:-1","max-image-preview":"max-image-preview:large","max-video-preview":"max-video-preview:-1"},"canonical":"https:\/\/supexup.formatome.fr\/2024-2025\/MSCM1\/2\/","og_locale":"fr_FR","og_type":"article","og_title":"Accueil - MICHELET","og_description":"Domaine viticoleLa Parro des RigalFamille Rigal depuis 198712 hectares400 hectolitres de vin par anCinq cuv\u00e9es diff\u00e9rentes chaque ann\u00e9eNotre domaine Depuis 1987, la famille Rigal est propri\u00e9taire de ce domaine viticole d\u2019une dizaine d\u2019hectares. La propri\u00e9t\u00e9 a \u00e9t\u00e9 restructur\u00e9e \u00e0 70 % avec des c\u00e9pages am\u00e9liorateurs (Syrah, Grenache, Merlot, Marsanne) qui ont remplac\u00e9 les Aramons et [&hellip;]","og_url":"https:\/\/supexup.formatome.fr\/2024-2025\/MSCM1\/2\/","og_site_name":"MICHELET","article_modified_time":"2025-01-31T14:37:19+00:00","twitter_card":"summary_large_image","schema":{"@context":"https:\/\/schema.org","@graph":[{"@type":"WebPage","@id":"https:\/\/supexup.formatome.fr\/2024-2025\/MSCM1\/2\/","url":"https:\/\/supexup.formatome.fr\/2024-2025\/MSCM1\/2\/","name":"Accueil - MICHELET","isPartOf":{"@id":"https:\/\/supexup.formatome.fr\/2024-2025\/MSCM1\/2\/#website"},"datePublished":"2024-11-20T08:51:33+00:00","dateModified":"2025-01-31T14:37:19+00:00","breadcrumb":{"@id":"https:\/\/supexup.formatome.fr\/2024-2025\/MSCM1\/2\/#breadcrumb"},"inLanguage":"fr-FR","potentialAction":[{"@type":"ReadAction","target":["https:\/\/supexup.formatome.fr\/2024-2025\/MSCM1\/2\/"]}]},{"@type":"BreadcrumbList","@id":"https:\/\/supexup.formatome.fr\/2024-2025\/MSCM1\/2\/#breadcrumb","itemListElement":[{"@type":"ListItem","position":1,"name":"Accueil","item":"https:\/\/supexup.formatome.fr\/2024-2025\/MSCM1\/2\/"},{"@type":"ListItem","position":2,"name":"Accueil"}]},{"@type":"WebSite","@id":"https:\/\/supexup.formatome.fr\/2024-2025\/MSCM1\/2\/#website","url":"https:\/\/supexup.formatome.fr\/2024-2025\/MSCM1\/2\/","name":"RM DESIGN","description":"","publisher":{"@id":"https:\/\/supexup.formatome.fr\/2024-2025\/MSCM1\/2\/#organization"},"potentialAction":[{"@type":"SearchAction","target":{"@type":"EntryPoint","urlTemplate":"https:\/\/supexup.formatome.fr\/2024-2025\/MSCM1\/2\/?s={search_term_string}"},"query-input":{"@type":"PropertyValueSpecification","valueRequired":true,"valueName":"search_term_string"}}],"inLanguage":"fr-FR"},{"@type":"Organization","@id":"https:\/\/supexup.formatome.fr\/2024-2025\/MSCM1\/2\/#organization","name":"MICHELET","url":"https:\/\/supexup.formatome.fr\/2024-2025\/MSCM1\/2\/","logo":{"@type":"ImageObject","inLanguage":"fr-FR","@id":"https:\/\/supexup.formatome.fr\/2024-2025\/MSCM1\/2\/#\/schema\/logo\/image\/","url":"https:\/\/supexup.formatome.fr\/2024-2025\/MSCM1\/2\/wp-content\/uploads\/2024\/10\/wonderfl_intense_50_ml_ecom_copie.webp","contentUrl":"https:\/\/supexup.formatome.fr\/2024-2025\/MSCM1\/2\/wp-content\/uploads\/2024\/10\/wonderfl_intense_50_ml_ecom_copie.webp","width":1200,"height":1200,"caption":"MICHELET"},"image":{"@id":"https:\/\/supexup.formatome.fr\/2024-2025\/MSCM1\/2\/#\/schema\/logo\/image\/"}}]}},"_links":{"self":[{"href":"https:\/\/supexup.formatome.fr\/2024-2025\/MSCM1\/2\/index.php?rest_route=\/wp\/v2\/pages\/109","targetHints":{"allow":["GET"]}}],"collection":[{"href":"https:\/\/supexup.formatome.fr\/2024-2025\/MSCM1\/2\/index.php?rest_route=\/wp\/v2\/pages"}],"about":[{"href":"https:\/\/supexup.formatome.fr\/2024-2025\/MSCM1\/2\/index.php?rest_route=\/wp\/v2\/types\/page"}],"author":[{"embeddable":true,"href":"https:\/\/supexup.formatome.fr\/2024-2025\/MSCM1\/2\/index.php?rest_route=\/wp\/v2\/users\/1"}],"replies":[{"embeddable":true,"href":"https:\/\/supexup.formatome.fr\/2024-2025\/MSCM1\/2\/index.php?rest_route=%2Fwp%2Fv2%2Fcomments&post=109"}],"version-history":[{"count":19,"href":"https:\/\/supexup.formatome.fr\/2024-2025\/MSCM1\/2\/index.php?rest_route=\/wp\/v2\/pages\/109\/revisions"}],"predecessor-version":[{"id":207,"href":"https:\/\/supexup.formatome.fr\/2024-2025\/MSCM1\/2\/index.php?rest_route=\/wp\/v2\/pages\/109\/revisions\/207"}],"wp:attachment":[{"href":"https:\/\/supexup.formatome.fr\/2024-2025\/MSCM1\/2\/index.php?rest_route=%2Fwp%2Fv2%2Fmedia&parent=109"}],"curies":[{"name":"wp","href":"https:\/\/api.w.org\/{rel}","templated":true}]}}