{"id":93,"date":"2024-11-20T11:53:53","date_gmt":"2024-11-20T10:53:53","guid":{"rendered":"https:\/\/supexup.formatome.fr\/2024-2025\/MSCM1\/10\/?page_id=93"},"modified":"2025-02-21T00:45:31","modified_gmt":"2025-02-20T23:45:31","slug":"accueil","status":"publish","type":"page","link":"https:\/\/supexup.formatome.fr\/2024-2025\/MSCM1\/10\/","title":{"rendered":"Accueil"},"content":{"rendered":"<p>[et_pb_section fb_built=\u00a0\u00bb1&Prime; admin_label=\u00a0\u00bbAbout\u00a0\u00bb _builder_version=\u00a0\u00bb4.27.3&Prime; _module_preset=\u00a0\u00bbdefault\u00a0\u00bb use_background_color_gradient=\u00a0\u00bboff\u00a0\u00bb background_enable_image=\u00a0\u00bboff\u00a0\u00bb background_video_mp4=\u00a0\u00bbhttps:\/\/supexup.formatome.fr\/2024-2025\/MSCM1\/10\/wp-content\/uploads\/2024\/12\/Design-sans-titre-2.mp4&Prime; min_height=\u00a0\u00bb581.6px\u00a0\u00bb custom_padding=\u00a0\u00bb25vw||25vw||true|false\u00a0\u00bb hover_enabled=\u00a0\u00bb0&Prime; collapsed=\u00a0\u00bbon\u00a0\u00bb global_colors_info=\u00a0\u00bb{}\u00a0\u00bb sticky_enabled=\u00a0\u00bb0&Prime;][\/et_pb_section][et_pb_section fb_built=\u00a0\u00bb1&Prime; admin_label=\u00a0\u00bbMenu\u00a0\u00bb _builder_version=\u00a0\u00bb4.27.3&Prime; _module_preset=\u00a0\u00bbdefault\u00a0\u00bb background_color=\u00a0\u00bb#000000&Prime; use_background_color_gradient=\u00a0\u00bboff\u00a0\u00bb background_enable_image=\u00a0\u00bboff\u00a0\u00bb background_enable_video_mp4=\u00a0\u00bboff\u00a0\u00bb min_height=\u00a0\u00bb987.2px\u00a0\u00bb custom_margin=\u00a0\u00bb0px|||||\u00a0\u00bb custom_padding=\u00a0\u00bb42px|10%||10%|false|true\u00a0\u00bb collapsed=\u00a0\u00bbon\u00a0\u00bb global_colors_info=\u00a0\u00bb{}\u00a0\u00bb][et_pb_row column_structure=\u00a0\u00bb1_2,1_2&Prime; _builder_version=\u00a0\u00bb4.24.1&Prime; _module_preset=\u00a0\u00bbdefault\u00a0\u00bb width=\u00a0\u00bb100%\u00a0\u00bb max_width=\u00a0\u00bb2000px\u00a0\u00bb custom_margin=\u00a0\u00bb-24px|auto||auto||\u00a0\u00bb locked=\u00a0\u00bboff\u00a0\u00bb global_colors_info=\u00a0\u00bb{}\u00a0\u00bb][et_pb_column type=\u00a0\u00bb1_2&Prime; saved_specialty_column_type=\u00a0\u00bb1_2&Prime; _builder_version=\u00a0\u00bb4.24.1&Prime; _module_preset=\u00a0\u00bbdefault\u00a0\u00bb global_colors_info=\u00a0\u00bb{}\u00a0\u00bb][et_pb_text _builder_version=\u00a0\u00bb4.27.4&Prime; _module_preset=\u00a0\u00bb0b056398-6bd2-459e-90f9-9e378624b94e\u00a0\u00bb text_font_size=\u00a0\u00bb52px\u00a0\u00bb header_3_font=\u00a0\u00bbShippori Mincho||||on||||\u00a0\u00bb header_3_text_color=\u00a0\u00bb#FFFFFF\u00a0\u00bb background_color=\u00a0\u00bbRGBA(255,255,255,0)\u00a0\u00bb custom_margin=\u00a0\u00bb||10px||false|false\u00a0\u00bb link_option_url=\u00a0\u00bbhttps:\/\/supexup.formatome.fr\/2024-2025\/MSCM1\/10\/?page_id=166&Prime; inline_fonts=\u00a0\u00bbAbhaya Libre\u00a0\u00bb global_colors_info=\u00a0\u00bb{}\u00a0\u00bb]<\/p>\n<h3><strong><a href=\"https:\/\/supexup.formatome.fr\/2024-2025\/MSCM1\/10\/?page_id=27\"><span style=\"font-family: inherit; font-size: xx-large; color: #ffffff;\">D\u00e9couvrez nos Grands Crus<\/span><\/a><\/strong><\/h3>\n<p>[\/et_pb_text][et_pb_text _builder_version=\u00a0\u00bb4.27.4&Prime; _module_preset=\u00a0\u00bbaa16638b-e933-482d-8034-0c0da4e62004&Prime; text_text_color=\u00a0\u00bb#FFFFFF\u00a0\u00bb global_colors_info=\u00a0\u00bb{}\u00a0\u00bb]<\/p>\n<p>D\u00e9couvrez et commandez nos vins d\u2019exception.<\/p>\n<p>[\/et_pb_text][et_pb_image src=\u00a0\u00bbhttps:\/\/supexup.formatome.fr\/2024-2025\/MSCM1\/10\/wp-content\/uploads\/2024\/12\/1.jpeg\u00a0\u00bb title_text=\u00a0\u00bb_ (1)\u00a0\u00bb _builder_version=\u00a0\u00bb4.27.3&Prime; _module_preset=\u00a0\u00bbdefault\u00a0\u00bb scroll_vertical_motion_enable=\u00a0\u00bbon\u00a0\u00bb scroll_vertical_motion=\u00a0\u00bb0|50|50|100|1|0|-1&Prime; global_colors_info=\u00a0\u00bb{}\u00a0\u00bb][\/et_pb_image][\/et_pb_column][et_pb_column type=\u00a0\u00bb1_2&Prime; saved_specialty_column_type=\u00a0\u00bb1_2&Prime; _builder_version=\u00a0\u00bb4.24.1&Prime; _module_preset=\u00a0\u00bbdefault\u00a0\u00bb global_colors_info=\u00a0\u00bb{}\u00a0\u00bb][et_pb_image src=\u00a0\u00bbhttps:\/\/supexup.formatome.fr\/2024-2025\/MSCM1\/10\/wp-content\/uploads\/2024\/11\/4a88548d4ebd884f0a8598ee49b10d55-2.jpg\u00a0\u00bb title_text=\u00a0\u00bb4a88548d4ebd884f0a8598ee49b10d55&Prime; align=\u00a0\u00bbright\u00a0\u00bb _builder_version=\u00a0\u00bb4.27.3&Prime; _module_preset=\u00a0\u00bbdefault\u00a0\u00bb max_width=\u00a0\u00bb400px\u00a0\u00bb locked=\u00a0\u00bboff\u00a0\u00bb global_colors_info=\u00a0\u00bb{}\u00a0\u00bb][\/et_pb_image][et_pb_text _builder_version=\u00a0\u00bb4.27.3&Prime; _module_preset=\u00a0\u00bb0b056398-6bd2-459e-90f9-9e378624b94e\u00a0\u00bb header_3_font=\u00a0\u00bbShippori Mincho||||on||||\u00a0\u00bb header_3_text_color=\u00a0\u00bb#FFFFFF\u00a0\u00bb text_orientation=\u00a0\u00bbright\u00a0\u00bb custom_margin=\u00a0\u00bb||10px||false|false\u00a0\u00bb link_option_url=\u00a0\u00bbhttps:\/\/supexup.formatome.fr\/2024-2025\/MSCM1\/10\/?page_id=168&Prime; locked=\u00a0\u00bboff\u00a0\u00bb inline_fonts=\u00a0\u00bbAbhaya Libre\u00a0\u00bb global_colors_info=\u00a0\u00bb{}\u00a0\u00bb]<\/p>\n<h3><strong><span style=\"color: #ffffff;\"><a href=\"https:\/\/supexup.formatome.fr\/2024-2025\/MSCM1\/10\/?page_id=168\" style=\"color: #ffffff;\"><span style=\"font-family: 'Abhaya Libre'; font-size: xx-large;\">D\u00e9gustez l&rsquo;excellence de nos vins<\/span><\/a><\/span><\/strong><\/h3>\n<p>[\/et_pb_text][et_pb_text _builder_version=\u00a0\u00bb4.27.3&Prime; _module_preset=\u00a0\u00bbaa16638b-e933-482d-8034-0c0da4e62004&Prime; text_text_color=\u00a0\u00bb#FFFFFF\u00a0\u00bb text_orientation=\u00a0\u00bbright\u00a0\u00bb locked=\u00a0\u00bboff\u00a0\u00bb global_colors_info=\u00a0\u00bb{}\u00a0\u00bb]<\/p>\n<p>D\u00e9gustez nos vins d\u2019exception et savourez l\u2019art du terroir.<\/p>\n<p>[\/et_pb_text][\/et_pb_column][\/et_pb_row][\/et_pb_section][et_pb_section fb_built=\u00a0\u00bb1&Prime; admin_label=\u00a0\u00bbImage\u00a0\u00bb _builder_version=\u00a0\u00bb4.27.3&Prime; _module_preset=\u00a0\u00bbdefault\u00a0\u00bb background_enable_color=\u00a0\u00bboff\u00a0\u00bb use_background_color_gradient=\u00a0\u00bboff\u00a0\u00bb background_enable_image=\u00a0\u00bboff\u00a0\u00bb parallax=\u00a0\u00bbon\u00a0\u00bb background_video_mp4=\u00a0\u00bbhttps:\/\/supexup.formatome.fr\/2024-2025\/MSCM1\/10\/wp-content\/uploads\/2024\/12\/Design-sans-titre-3.mp4&Prime; collapsed=\u00a0\u00bbon\u00a0\u00bb global_colors_info=\u00a0\u00bb{}\u00a0\u00bb][et_pb_row _builder_version=\u00a0\u00bb4.24.1&Prime; _module_preset=\u00a0\u00bbdefault\u00a0\u00bb global_colors_info=\u00a0\u00bb{}\u00a0\u00bb][et_pb_column type=\u00a0\u00bb4_4&Prime; _builder_version=\u00a0\u00bb4.24.1&Prime; _module_preset=\u00a0\u00bbdefault\u00a0\u00bb global_colors_info=\u00a0\u00bb{}\u00a0\u00bb][et_pb_divider show_divider=\u00a0\u00bboff\u00a0\u00bb _builder_version=\u00a0\u00bb4.24.2&Prime; _module_preset=\u00a0\u00bbdefault\u00a0\u00bb height=\u00a0\u00bb30vw\u00a0\u00bb global_colors_info=\u00a0\u00bb{}\u00a0\u00bb][\/et_pb_divider][\/et_pb_column][\/et_pb_row][\/et_pb_section][et_pb_section fb_built=\u00a0\u00bb1&Prime; make_equal=\u00a0\u00bbon\u00a0\u00bb specialty=\u00a0\u00bbon\u00a0\u00bb parallax_2=\u00a0\u00bbon\u00a0\u00bb bg_img_2=\u00a0\u00bbhttps:\/\/supexup.formatome.fr\/2024-2025\/MSCM1\/10\/wp-content\/uploads\/2024\/12\/Vibrant-and-Joyful-Wedding-Reception-Celebration.jpeg\u00a0\u00bb padding_top_1=\u00a0\u00bb60px\u00a0\u00bb padding_bottom_1=\u00a0\u00bb60px\u00a0\u00bb padding_top_bottom_link_1=\u00a0\u00bbtrue\u00a0\u00bb padding_left_right_link_1=\u00a0\u00bbfalse\u00a0\u00bb padding_1_tablet=\u00a0\u00bb0px||0px||true|false\u00a0\u00bb padding_1_phone=\u00a0\u00bb0px||0px||true|false\u00a0\u00bb padding_1_last_edited=\u00a0\u00bbon|desktop\u00a0\u00bb admin_label=\u00a0\u00bbFeatures\u00a0\u00bb _builder_version=\u00a0\u00bb4.27.4&Prime; _module_preset=\u00a0\u00bbdefault\u00a0\u00bb inner_max_width=\u00a0\u00bb2000px\u00a0\u00bb collapsed=\u00a0\u00bbon\u00a0\u00bb global_colors_info=\u00a0\u00bb{}\u00a0\u00bb][et_pb_column type=\u00a0\u00bb1_2&Prime; specialty_columns=\u00a0\u00bb2&Prime; _builder_version=\u00a0\u00bb4.16&Prime; _module_preset=\u00a0\u00bbdefault\u00a0\u00bb custom_padding=\u00a0\u00bb|||\u00a0\u00bb global_colors_info=\u00a0\u00bb{}\u00a0\u00bb custom_padding__hover=\u00a0\u00bb|||\u00a0\u00bb][et_pb_row_inner _builder_version=\u00a0\u00bb4.24.1&Prime; _module_preset=\u00a0\u00bbdefault\u00a0\u00bb global_colors_info=\u00a0\u00bb{}\u00a0\u00bb][et_pb_column_inner saved_specialty_column_type=\u00a0\u00bb1_2&Prime; _builder_version=\u00a0\u00bb4.24.1&Prime; _module_preset=\u00a0\u00bbdefault\u00a0\u00bb global_colors_info=\u00a0\u00bb{}\u00a0\u00bb][et_pb_text _builder_version=\u00a0\u00bb4.27.4&Prime; _module_preset=\u00a0\u00bbc35eaa69-13a4-4a8c-945a-9831546f5990&Prime; max_width=\u00a0\u00bb510px\u00a0\u00bb link_option_url=\u00a0\u00bbhttps:\/\/supexup.formatome.fr\/2024-2025\/MSCM1\/10\/?page_id=2&Prime; inline_fonts=\u00a0\u00bbAbhaya Libre\u00a0\u00bb global_colors_info=\u00a0\u00bb{}\u00a0\u00bb]<\/p>\n<h2><strong><span style=\"color: #561b00;\"><a href=\"https:\/\/supexup.formatome.fr\/2024-2025\/MSCM1\/10\/?page_id=2\" style=\"color: #561b00;\"><span style=\"text-decoration: underline;\"><span style=\"font-family: 'Abhaya Libre'; font-size: xx-large;\">Organisez vos \u00c9v\u00e9nements d\u2019Exception<\/span><\/span><\/a><\/span><\/strong><\/h2>\n<p>[\/et_pb_text][et_pb_text _builder_version=\u00a0\u00bb4.27.4&Prime; _module_preset=\u00a0\u00bbe088880a-105d-4e35-9eac-567900340e5c\u00a0\u00bb max_width=\u00a0\u00bb510px\u00a0\u00bb custom_margin=\u00a0\u00bb||0px||false|false\u00a0\u00bb link_option_url=\u00a0\u00bbhttps:\/\/supexup.formatome.fr\/2024-2025\/MSCM1\/10\/?page_id=188&Prime; global_colors_info=\u00a0\u00bb{}\u00a0\u00bb]<\/p>\n<h5><span style=\"font-size: medium;\">Mariages<\/span><\/h5>\n<p>[\/et_pb_text][et_pb_text _builder_version=\u00a0\u00bb4.24.1&Prime; _module_preset=\u00a0\u00bbaa16638b-e933-482d-8034-0c0da4e62004&Prime; max_width=\u00a0\u00bb510px\u00a0\u00bb global_colors_info=\u00a0\u00bb{}\u00a0\u00bb]<\/p>\n<p>C\u00e9l\u00e9brez le plus beau jour de votre vie dans un cadre magique.<\/p>\n<p>[\/et_pb_text][et_pb_text _builder_version=\u00a0\u00bb4.27.4&Prime; _module_preset=\u00a0\u00bbe088880a-105d-4e35-9eac-567900340e5c\u00a0\u00bb max_width=\u00a0\u00bb510px\u00a0\u00bb custom_margin=\u00a0\u00bb||0px||false|false\u00a0\u00bb link_option_url=\u00a0\u00bbhttps:\/\/supexup.formatome.fr\/2024-2025\/MSCM1\/10\/?page_id=190&Prime; global_colors_info=\u00a0\u00bb{}\u00a0\u00bb]<\/p>\n<h5><span style=\"font-size: medium;\">Nos Soir\u00e9es\u00a0<\/span><\/h5>\n<p>[\/et_pb_text][et_pb_text _builder_version=\u00a0\u00bb4.27.3&Prime; _module_preset=\u00a0\u00bbaa16638b-e933-482d-8034-0c0da4e62004&Prime; max_width=\u00a0\u00bb510px\u00a0\u00bb custom_padding=\u00a0\u00bb||2px|||\u00a0\u00bb global_colors_info=\u00a0\u00bb{}\u00a0\u00bb]<\/p>\n<p>Offrez \u00e0 vos invit\u00e9s une soir\u00e9e m\u00e9morable dans l\u2019\u00e9l\u00e9gance de notre ch\u00e2teau.<\/p>\n<p>[\/et_pb_text][et_pb_text _builder_version=\u00a0\u00bb4.27.4&Prime; _module_preset=\u00a0\u00bbe088880a-105d-4e35-9eac-567900340e5c\u00a0\u00bb max_width=\u00a0\u00bb510px\u00a0\u00bb custom_margin=\u00a0\u00bb||0px||false|false\u00a0\u00bb link_option_url=\u00a0\u00bbhttps:\/\/supexup.formatome.fr\/2024-2025\/MSCM1\/10\/?page_id=192&Prime; global_colors_info=\u00a0\u00bb{}\u00a0\u00bb]<\/p>\n<h5><span style=\"font-size: medium;\">Vos S\u00e9minaires, R\u00e9unions et Soir\u00e9es<\/span><\/h5>\n<p>[\/et_pb_text][et_pb_text _builder_version=\u00a0\u00bb4.27.3&Prime; _module_preset=\u00a0\u00bbaa16638b-e933-482d-8034-0c0da4e62004&Prime; max_width=\u00a0\u00bb510px\u00a0\u00bb global_colors_info=\u00a0\u00bb{}\u00a0\u00bb]<\/p>\n<p>Profitez de l\u2019exclusivit\u00e9 totale du ch\u00e2teau pour vos \u00e9v\u00e9nements les plus prestigieux.<\/p>\n<p>[\/et_pb_text][\/et_pb_column_inner][\/et_pb_row_inner][\/et_pb_column][et_pb_column type=\u00a0\u00bb1_2&Prime; _builder_version=\u00a0\u00bb4.16&Prime; _module_preset=\u00a0\u00bbdefault\u00a0\u00bb custom_padding=\u00a0\u00bb|||\u00a0\u00bb global_colors_info=\u00a0\u00bb{}\u00a0\u00bb custom_padding__hover=\u00a0\u00bb|||\u00a0\u00bb][\/et_pb_column][\/et_pb_section][et_pb_section fb_built=\u00a0\u00bb1&Prime; admin_label=\u00a0\u00bbGallery\u00a0\u00bb _builder_version=\u00a0\u00bb4.27.3&Prime; _module_preset=\u00a0\u00bbdefault\u00a0\u00bb background_color=\u00a0\u00bb#750700&Prime; use_background_color_gradient=\u00a0\u00bboff\u00a0\u00bb background_enable_image=\u00a0\u00bboff\u00a0\u00bb background_enable_video_mp4=\u00a0\u00bboff\u00a0\u00bb collapsed=\u00a0\u00bbon\u00a0\u00bb global_colors_info=\u00a0\u00bb{}\u00a0\u00bb][et_pb_row column_structure=\u00a0\u00bb1_2,1_2&Prime; _builder_version=\u00a0\u00bb4.24.2&Prime; _module_preset=\u00a0\u00bbdefault\u00a0\u00bb width=\u00a0\u00bb90%\u00a0\u00bb max_width=\u00a0\u00bb2000px\u00a0\u00bb global_colors_info=\u00a0\u00bb{}\u00a0\u00bb][et_pb_column type=\u00a0\u00bb1_2&Prime; _builder_version=\u00a0\u00bb4.24.1&Prime; _module_preset=\u00a0\u00bbdefault\u00a0\u00bb global_colors_info=\u00a0\u00bb{}\u00a0\u00bb][et_pb_image src=\u00a0\u00bbhttps:\/\/supexup.formatome.fr\/2024-2025\/MSCM1\/10\/wp-content\/uploads\/2024\/12\/1b2c42af-8f0f-45ad-b819-cf1fab99f4fc.jpeg\u00a0\u00bb title_text=\u00a0\u00bb1b2c42af-8f0f-45ad-b819-cf1fab99f4fc\u00a0\u00bb _builder_version=\u00a0\u00bb4.27.3&Prime; _module_preset=\u00a0\u00bbdefault\u00a0\u00bb global_colors_info=\u00a0\u00bb{}\u00a0\u00bb][\/et_pb_image][\/et_pb_column][et_pb_column type=\u00a0\u00bb1_2&Prime; _builder_version=\u00a0\u00bb4.24.1&Prime; _module_preset=\u00a0\u00bbdefault\u00a0\u00bb global_colors_info=\u00a0\u00bb{}\u00a0\u00bb][et_pb_image src=\u00a0\u00bbhttps:\/\/supexup.formatome.fr\/2024-2025\/MSCM1\/10\/wp-content\/uploads\/2024\/12\/979165b9-546c-4efc-b350-dde33201649c.jpeg\u00a0\u00bb title_text=\u00a0\u00bb979165b9-546c-4efc-b350-dde33201649c\u00a0\u00bb _builder_version=\u00a0\u00bb4.27.3&Prime; _module_preset=\u00a0\u00bbdefault\u00a0\u00bb locked=\u00a0\u00bboff\u00a0\u00bb global_colors_info=\u00a0\u00bb{}\u00a0\u00bb][\/et_pb_image][\/et_pb_column][\/et_pb_row][\/et_pb_section][et_pb_section fb_built=\u00a0\u00bb1&Prime; admin_label=\u00a0\u00bbCall to Action\u00a0\u00bb _builder_version=\u00a0\u00bb4.27.3&Prime; _module_preset=\u00a0\u00bbdefault\u00a0\u00bb use_background_color_gradient=\u00a0\u00bboff\u00a0\u00bb background_enable_image=\u00a0\u00bboff\u00a0\u00bb parallax=\u00a0\u00bbon\u00a0\u00bb background_video_mp4=\u00a0\u00bbhttps:\/\/supexup.formatome.fr\/2024-2025\/MSCM1\/10\/wp-content\/uploads\/2024\/12\/Design-sans-titre-6.mp4&Prime; min_height=\u00a0\u00bb567.4px\u00a0\u00bb custom_padding=\u00a0\u00bb8%||8%||true|false\u00a0\u00bb collapsed=\u00a0\u00bbon\u00a0\u00bb global_colors_info=\u00a0\u00bb{}\u00a0\u00bb][\/et_pb_section][et_pb_section fb_built=\u00a0\u00bb1&Prime; admin_label=\u00a0\u00bbFooter\u00a0\u00bb _builder_version=\u00a0\u00bb4.27.3&Prime; _module_preset=\u00a0\u00bbdefault\u00a0\u00bb background_color=\u00a0\u00bb#000000&Prime; use_background_color_gradient=\u00a0\u00bboff\u00a0\u00bb background_enable_image=\u00a0\u00bboff\u00a0\u00bb background_enable_video_mp4=\u00a0\u00bboff\u00a0\u00bb custom_padding=\u00a0\u00bb||||false|false\u00a0\u00bb saved_tabs=\u00a0\u00bball\u00a0\u00bb locked=\u00a0\u00bboff\u00a0\u00bb collapsed=\u00a0\u00bbon\u00a0\u00bb global_colors_info=\u00a0\u00bb{}\u00a0\u00bb][et_pb_row column_structure=\u00a0\u00bb1_3,1_3,1_3&Prime; _builder_version=\u00a0\u00bb4.24.2&Prime; _module_preset=\u00a0\u00bbdefault\u00a0\u00bb width=\u00a0\u00bb90%\u00a0\u00bb max_width=\u00a0\u00bbnone\u00a0\u00bb global_colors_info=\u00a0\u00bb{}\u00a0\u00bb][et_pb_column type=\u00a0\u00bb1_3&Prime; _builder_version=\u00a0\u00bb4.24.1&Prime; _module_preset=\u00a0\u00bbdefault\u00a0\u00bb global_colors_info=\u00a0\u00bb{}\u00a0\u00bb][\/et_pb_column][et_pb_column type=\u00a0\u00bb1_3&Prime; _builder_version=\u00a0\u00bb4.24.1&Prime; _module_preset=\u00a0\u00bbdefault\u00a0\u00bb global_colors_info=\u00a0\u00bb{}\u00a0\u00bb][et_pb_button button_url=\u00a0\u00bbhttps:\/\/supexup.formatome.fr\/2024-2025\/MSCM1\/10\/?page_id=31&Prime; button_text=\u00a0\u00bbR\u00e9servez une date\u00a0\u00bb button_alignment=\u00a0\u00bbcenter\u00a0\u00bb _builder_version=\u00a0\u00bb4.27.4&Prime; _module_preset=\u00a0\u00bb0c103e8d-4cb4-46bd-8224-32e79f3fc21f\u00a0\u00bb global_colors_info=\u00a0\u00bb{}\u00a0\u00bb][\/et_pb_button][\/et_pb_column][et_pb_column type=\u00a0\u00bb1_3&Prime; _builder_version=\u00a0\u00bb4.24.1&Prime; _module_preset=\u00a0\u00bbdefault\u00a0\u00bb global_colors_info=\u00a0\u00bb{}\u00a0\u00bb][\/et_pb_column][\/et_pb_row][\/et_pb_section]<\/p>\n","protected":false},"excerpt":{"rendered":"<p>D\u00e9couvrez nos Grands CrusD\u00e9couvrez et commandez nos vins d\u2019exception.D\u00e9gustez l&rsquo;excellence de nos vinsD\u00e9gustez nos vins d\u2019exception et savourez l\u2019art du terroir.Organisez vos \u00c9v\u00e9nements d\u2019ExceptionMariagesC\u00e9l\u00e9brez le plus beau jour de votre vie dans un cadre magique.Nos Soir\u00e9es\u00a0Offrez \u00e0 vos invit\u00e9s une soir\u00e9e m\u00e9morable dans l\u2019\u00e9l\u00e9gance de notre ch\u00e2teau.Vos S\u00e9minaires, R\u00e9unions et Soir\u00e9esProfitez de l\u2019exclusivit\u00e9 totale du [&hellip;]<\/p>\n","protected":false},"author":1,"featured_media":0,"parent":0,"menu_order":0,"comment_status":"closed","ping_status":"closed","template":"","meta":{"_et_pb_use_builder":"on","_et_pb_old_content":"","_et_gb_content_width":"","footnotes":""},"class_list":["post-93","page","type-page","status-publish","hentry"],"yoast_head":"<!-- This site is optimized with the Yoast SEO plugin v24.2 - https:\/\/yoast.com\/wordpress\/plugins\/seo\/ -->\n<title>Accueil - Le Ch\u00e2teau Enchant\u00e9<\/title>\n<meta name=\"robots\" content=\"index, follow, max-snippet:-1, max-image-preview:large, max-video-preview:-1\" \/>\n<link rel=\"canonical\" href=\"https:\/\/supexup.formatome.fr\/2024-2025\/MSCM1\/10\/\" \/>\n<meta property=\"og:locale\" content=\"fr_FR\" \/>\n<meta property=\"og:type\" content=\"article\" \/>\n<meta property=\"og:title\" content=\"Accueil - Le Ch\u00e2teau Enchant\u00e9\" \/>\n<meta property=\"og:description\" content=\"D\u00e9couvrez nos Grands CrusD\u00e9couvrez et commandez nos vins d\u2019exception.D\u00e9gustez l&#039;excellence de nos vinsD\u00e9gustez nos vins d\u2019exception et savourez l\u2019art du terroir.Organisez vos \u00c9v\u00e9nements d\u2019ExceptionMariagesC\u00e9l\u00e9brez le plus beau jour de votre vie dans un cadre magique.Nos Soir\u00e9es\u00a0Offrez \u00e0 vos invit\u00e9s une soir\u00e9e m\u00e9morable dans l\u2019\u00e9l\u00e9gance de notre ch\u00e2teau.Vos S\u00e9minaires, R\u00e9unions et Soir\u00e9esProfitez de l\u2019exclusivit\u00e9 totale du [&hellip;]\" \/>\n<meta property=\"og:url\" content=\"https:\/\/supexup.formatome.fr\/2024-2025\/MSCM1\/10\/\" \/>\n<meta property=\"og:site_name\" content=\"Le Ch\u00e2teau Enchant\u00e9\" \/>\n<meta property=\"article:modified_time\" content=\"2025-02-20T23:45:31+00:00\" \/>\n<meta name=\"twitter:card\" content=\"summary_large_image\" \/>\n<script type=\"application\/ld+json\" class=\"yoast-schema-graph\">{\"@context\":\"https:\/\/schema.org\",\"@graph\":[{\"@type\":\"WebPage\",\"@id\":\"https:\/\/supexup.formatome.fr\/2024-2025\/MSCM1\/10\/\",\"url\":\"https:\/\/supexup.formatome.fr\/2024-2025\/MSCM1\/10\/\",\"name\":\"Accueil - Le Ch\u00e2teau Enchant\u00e9\",\"isPartOf\":{\"@id\":\"https:\/\/supexup.formatome.fr\/2024-2025\/MSCM1\/10\/#website\"},\"datePublished\":\"2024-11-20T10:53:53+00:00\",\"dateModified\":\"2025-02-20T23:45:31+00:00\",\"breadcrumb\":{\"@id\":\"https:\/\/supexup.formatome.fr\/2024-2025\/MSCM1\/10\/#breadcrumb\"},\"inLanguage\":\"fr-FR\",\"potentialAction\":[{\"@type\":\"ReadAction\",\"target\":[\"https:\/\/supexup.formatome.fr\/2024-2025\/MSCM1\/10\/\"]}]},{\"@type\":\"BreadcrumbList\",\"@id\":\"https:\/\/supexup.formatome.fr\/2024-2025\/MSCM1\/10\/#breadcrumb\",\"itemListElement\":[{\"@type\":\"ListItem\",\"position\":1,\"name\":\"Accueil\",\"item\":\"https:\/\/supexup.formatome.fr\/2024-2025\/MSCM1\/10\/\"},{\"@type\":\"ListItem\",\"position\":2,\"name\":\"Accueil\"}]},{\"@type\":\"WebSite\",\"@id\":\"https:\/\/supexup.formatome.fr\/2024-2025\/MSCM1\/10\/#website\",\"url\":\"https:\/\/supexup.formatome.fr\/2024-2025\/MSCM1\/10\/\",\"name\":\"Charlotte FOX\",\"description\":\"\",\"potentialAction\":[{\"@type\":\"SearchAction\",\"target\":{\"@type\":\"EntryPoint\",\"urlTemplate\":\"https:\/\/supexup.formatome.fr\/2024-2025\/MSCM1\/10\/?s={search_term_string}\"},\"query-input\":{\"@type\":\"PropertyValueSpecification\",\"valueRequired\":true,\"valueName\":\"search_term_string\"}}],\"inLanguage\":\"fr-FR\"}]}<\/script>\n<!-- \/ Yoast SEO plugin. -->","yoast_head_json":{"title":"Accueil - Le Ch\u00e2teau Enchant\u00e9","robots":{"index":"index","follow":"follow","max-snippet":"max-snippet:-1","max-image-preview":"max-image-preview:large","max-video-preview":"max-video-preview:-1"},"canonical":"https:\/\/supexup.formatome.fr\/2024-2025\/MSCM1\/10\/","og_locale":"fr_FR","og_type":"article","og_title":"Accueil - Le Ch\u00e2teau Enchant\u00e9","og_description":"D\u00e9couvrez nos Grands CrusD\u00e9couvrez et commandez nos vins d\u2019exception.D\u00e9gustez l'excellence de nos vinsD\u00e9gustez nos vins d\u2019exception et savourez l\u2019art du terroir.Organisez vos \u00c9v\u00e9nements d\u2019ExceptionMariagesC\u00e9l\u00e9brez le plus beau jour de votre vie dans un cadre magique.Nos Soir\u00e9es\u00a0Offrez \u00e0 vos invit\u00e9s une soir\u00e9e m\u00e9morable dans l\u2019\u00e9l\u00e9gance de notre ch\u00e2teau.Vos S\u00e9minaires, R\u00e9unions et Soir\u00e9esProfitez de l\u2019exclusivit\u00e9 totale du [&hellip;]","og_url":"https:\/\/supexup.formatome.fr\/2024-2025\/MSCM1\/10\/","og_site_name":"Le Ch\u00e2teau Enchant\u00e9","article_modified_time":"2025-02-20T23:45:31+00:00","twitter_card":"summary_large_image","schema":{"@context":"https:\/\/schema.org","@graph":[{"@type":"WebPage","@id":"https:\/\/supexup.formatome.fr\/2024-2025\/MSCM1\/10\/","url":"https:\/\/supexup.formatome.fr\/2024-2025\/MSCM1\/10\/","name":"Accueil - Le Ch\u00e2teau Enchant\u00e9","isPartOf":{"@id":"https:\/\/supexup.formatome.fr\/2024-2025\/MSCM1\/10\/#website"},"datePublished":"2024-11-20T10:53:53+00:00","dateModified":"2025-02-20T23:45:31+00:00","breadcrumb":{"@id":"https:\/\/supexup.formatome.fr\/2024-2025\/MSCM1\/10\/#breadcrumb"},"inLanguage":"fr-FR","potentialAction":[{"@type":"ReadAction","target":["https:\/\/supexup.formatome.fr\/2024-2025\/MSCM1\/10\/"]}]},{"@type":"BreadcrumbList","@id":"https:\/\/supexup.formatome.fr\/2024-2025\/MSCM1\/10\/#breadcrumb","itemListElement":[{"@type":"ListItem","position":1,"name":"Accueil","item":"https:\/\/supexup.formatome.fr\/2024-2025\/MSCM1\/10\/"},{"@type":"ListItem","position":2,"name":"Accueil"}]},{"@type":"WebSite","@id":"https:\/\/supexup.formatome.fr\/2024-2025\/MSCM1\/10\/#website","url":"https:\/\/supexup.formatome.fr\/2024-2025\/MSCM1\/10\/","name":"Charlotte FOX","description":"","potentialAction":[{"@type":"SearchAction","target":{"@type":"EntryPoint","urlTemplate":"https:\/\/supexup.formatome.fr\/2024-2025\/MSCM1\/10\/?s={search_term_string}"},"query-input":{"@type":"PropertyValueSpecification","valueRequired":true,"valueName":"search_term_string"}}],"inLanguage":"fr-FR"}]}},"_links":{"self":[{"href":"https:\/\/supexup.formatome.fr\/2024-2025\/MSCM1\/10\/index.php?rest_route=\/wp\/v2\/pages\/93","targetHints":{"allow":["GET"]}}],"collection":[{"href":"https:\/\/supexup.formatome.fr\/2024-2025\/MSCM1\/10\/index.php?rest_route=\/wp\/v2\/pages"}],"about":[{"href":"https:\/\/supexup.formatome.fr\/2024-2025\/MSCM1\/10\/index.php?rest_route=\/wp\/v2\/types\/page"}],"author":[{"embeddable":true,"href":"https:\/\/supexup.formatome.fr\/2024-2025\/MSCM1\/10\/index.php?rest_route=\/wp\/v2\/users\/1"}],"replies":[{"embeddable":true,"href":"https:\/\/supexup.formatome.fr\/2024-2025\/MSCM1\/10\/index.php?rest_route=%2Fwp%2Fv2%2Fcomments&post=93"}],"version-history":[{"count":48,"href":"https:\/\/supexup.formatome.fr\/2024-2025\/MSCM1\/10\/index.php?rest_route=\/wp\/v2\/pages\/93\/revisions"}],"predecessor-version":[{"id":870,"href":"https:\/\/supexup.formatome.fr\/2024-2025\/MSCM1\/10\/index.php?rest_route=\/wp\/v2\/pages\/93\/revisions\/870"}],"wp:attachment":[{"href":"https:\/\/supexup.formatome.fr\/2024-2025\/MSCM1\/10\/index.php?rest_route=%2Fwp%2Fv2%2Fmedia&parent=93"}],"curies":[{"name":"wp","href":"https:\/\/api.w.org\/{rel}","templated":true}]}}