{"id":59,"date":"2024-10-28T10:05:30","date_gmt":"2024-10-28T09:05:30","guid":{"rendered":"https:\/\/supexup.formatome.fr\/2024-2025\/MCO2\/V2\/8\/?page_id=59"},"modified":"2024-10-28T10:05:36","modified_gmt":"2024-10-28T09:05:36","slug":"valentin","status":"publish","type":"page","link":"https:\/\/supexup.formatome.fr\/2024-2025\/MCO2\/V2\/8\/","title":{"rendered":"Valentin"},"content":{"rendered":"<p>[et_pb_section fb_built=\u00a0\u00bb1&Prime; theme_builder_area=\u00a0\u00bbpost_content\u00a0\u00bb _builder_version=\u00a0\u00bb4.27.0&Prime; _module_preset=\u00a0\u00bbdefault\u00a0\u00bb background_color=\u00a0\u00bb#fca400&Prime; hover_enabled=\u00a0\u00bb0&Prime; sticky_enabled=\u00a0\u00bb0&Prime;][et_pb_row _builder_version=\u00a0\u00bb4.27.0&Prime; _module_preset=\u00a0\u00bbdefault\u00a0\u00bb column_structure=\u00a0\u00bb1_2,1_2&Prime; theme_builder_area=\u00a0\u00bbpost_content\u00a0\u00bb][et_pb_column _builder_version=\u00a0\u00bb4.27.0&Prime; _module_preset=\u00a0\u00bbdefault\u00a0\u00bb type=\u00a0\u00bb1_2&Prime; theme_builder_area=\u00a0\u00bbpost_content\u00a0\u00bb][et_pb_image src=\u00a0\u00bbhttp:\/\/supexup.formatome.fr\/2024-2025\/MCO2\/V2\/8\/wp-content\/uploads\/2024\/10\/photo-638566577153828577-2.jpg\u00a0\u00bb _builder_version=\u00a0\u00bb4.27.0&Prime; _module_preset=\u00a0\u00bbdefault\u00a0\u00bb theme_builder_area=\u00a0\u00bbpost_content\u00a0\u00bb hover_enabled=\u00a0\u00bb0&Prime; sticky_enabled=\u00a0\u00bb0&Prime; src_last_edited=\u00a0\u00bbon|desktop\u00a0\u00bb title_text=\u00a0\u00bbphoto-638566577153828577-2&Prime; src_tablet=\u00a0\u00bbhttp:\/\/supexup.formatome.fr\/2024-2025\/MCO2\/V2\/8\/wp-content\/uploads\/2024\/10\/photo-638566577153828577-2.jpg\u00a0\u00bb src_phone=\u00a0\u00bbhttp:\/\/supexup.formatome.fr\/2024-2025\/MCO2\/V2\/8\/wp-content\/uploads\/2024\/10\/photo-638566577153828577-2.jpg\u00a0\u00bb][\/et_pb_image][\/et_pb_column][et_pb_column _builder_version=\u00a0\u00bb4.27.0&Prime; _module_preset=\u00a0\u00bbdefault\u00a0\u00bb type=\u00a0\u00bb1_2&Prime; theme_builder_area=\u00a0\u00bbpost_content\u00a0\u00bb][et_pb_text _builder_version=\u00a0\u00bb4.27.0&Prime; _module_preset=\u00a0\u00bbdefault\u00a0\u00bb theme_builder_area=\u00a0\u00bbpost_content\u00a0\u00bb hover_enabled=\u00a0\u00bb0&Prime; sticky_enabled=\u00a0\u00bb0&Prime;]<\/p>\n<p>Bonjour<\/p>\n<p>Votre espace de vacances Camping&amp;Co vous souhaite la bienvenus et vous invite a prendre rendez-vous pour vos vacances. Nous vous laissons d\u00e9couviri le site afin de vous informer de nos annimaions, de notre espace piscine et des diff\u00e9rents emplacements disponibles.<\/p>\n<p>A votre disposition il y a \u00e9galement des informations sur les activit\u00e9s a faire aux alentour de notre camping.<\/p>\n<p>[\/et_pb_text][et_pb_countdown_timer title=\u00a0\u00bbVotre Camping&#038;Co ouvre dans :\u00a0\u00bb date_time=\u00a0\u00bb2025-04-21 10:00&Prime; _builder_version=\u00a0\u00bb4.27.0&Prime; _module_preset=\u00a0\u00bbdefault\u00a0\u00bb theme_builder_area=\u00a0\u00bbpost_content\u00a0\u00bb hover_enabled=\u00a0\u00bb0&Prime; sticky_enabled=\u00a0\u00bb0&Prime; background_color=\u00a0\u00bb#00a005&Prime;][\/et_pb_countdown_timer][\/et_pb_column][\/et_pb_row][\/et_pb_section]<\/p>\n","protected":false},"excerpt":{"rendered":"<p>Bonjour Votre espace de vacances Camping&amp;Co vous souhaite la bienvenus et vous invite a prendre rendez-vous pour vos vacances. Nous vous laissons d\u00e9couviri le site afin de vous informer de nos annimaions, de notre espace piscine et des diff\u00e9rents emplacements disponibles. A votre disposition il y a \u00e9galement des informations sur les activit\u00e9s a faire [&hellip;]<\/p>\n","protected":false},"author":1,"featured_media":0,"parent":0,"menu_order":0,"comment_status":"closed","ping_status":"closed","template":"","meta":{"_et_pb_use_builder":"on","_et_pb_old_content":"","_et_gb_content_width":"","footnotes":""},"class_list":["post-59","page","type-page","status-publish","hentry"],"yoast_head":"<!-- This site is optimized with the Yoast SEO plugin v23.5 - https:\/\/yoast.com\/wordpress\/plugins\/seo\/ -->\n<title>Valentin - site de Lv<\/title>\n<meta name=\"robots\" content=\"noindex, follow, max-snippet:-1, max-image-preview:large, max-video-preview:-1\" \/>\n<meta property=\"og:locale\" content=\"fr_FR\" \/>\n<meta property=\"og:type\" content=\"article\" \/>\n<meta property=\"og:title\" content=\"Valentin - site de Lv\" \/>\n<meta property=\"og:description\" content=\"Bonjour Votre espace de vacances Camping&amp;Co vous souhaite la bienvenus et vous invite a prendre rendez-vous pour vos vacances. Nous vous laissons d\u00e9couviri le site afin de vous informer de nos annimaions, de notre espace piscine et des diff\u00e9rents emplacements disponibles. A votre disposition il y a \u00e9galement des informations sur les activit\u00e9s a faire [&hellip;]\" \/>\n<meta property=\"og:url\" content=\"http:\/\/supexup.formatome.fr\/2024-2025\/MCO2\/V2\/8\/\" \/>\n<meta property=\"og:site_name\" content=\"site de Lv\" \/>\n<meta property=\"article:modified_time\" content=\"2024-10-28T09:05:36+00:00\" \/>\n<meta name=\"twitter:card\" content=\"summary_large_image\" \/>\n<script type=\"application\/ld+json\" class=\"yoast-schema-graph\">{\"@context\":\"https:\/\/schema.org\",\"@graph\":[{\"@type\":\"WebPage\",\"@id\":\"http:\/\/supexup.formatome.fr\/2024-2025\/MCO2\/V2\/8\/\",\"url\":\"http:\/\/supexup.formatome.fr\/2024-2025\/MCO2\/V2\/8\/\",\"name\":\"Valentin - site de Lv\",\"isPartOf\":{\"@id\":\"http:\/\/supexup.formatome.fr\/2024-2025\/MCO2\/V2\/8\/#website\"},\"datePublished\":\"2024-10-28T09:05:30+00:00\",\"dateModified\":\"2024-10-28T09:05:36+00:00\",\"breadcrumb\":{\"@id\":\"http:\/\/supexup.formatome.fr\/2024-2025\/MCO2\/V2\/8\/#breadcrumb\"},\"inLanguage\":\"fr-FR\",\"potentialAction\":[{\"@type\":\"ReadAction\",\"target\":[\"http:\/\/supexup.formatome.fr\/2024-2025\/MCO2\/V2\/8\/\"]}]},{\"@type\":\"BreadcrumbList\",\"@id\":\"http:\/\/supexup.formatome.fr\/2024-2025\/MCO2\/V2\/8\/#breadcrumb\",\"itemListElement\":[{\"@type\":\"ListItem\",\"position\":1,\"name\":\"Accueil\",\"item\":\"http:\/\/supexup.formatome.fr\/2024-2025\/MCO2\/V2\/8\/\"},{\"@type\":\"ListItem\",\"position\":2,\"name\":\"Valentin\"}]},{\"@type\":\"WebSite\",\"@id\":\"http:\/\/supexup.formatome.fr\/2024-2025\/MCO2\/V2\/8\/#website\",\"url\":\"http:\/\/supexup.formatome.fr\/2024-2025\/MCO2\/V2\/8\/\",\"name\":\"site de Lv\",\"description\":\"\",\"potentialAction\":[{\"@type\":\"SearchAction\",\"target\":{\"@type\":\"EntryPoint\",\"urlTemplate\":\"http:\/\/supexup.formatome.fr\/2024-2025\/MCO2\/V2\/8\/?s={search_term_string}\"},\"query-input\":{\"@type\":\"PropertyValueSpecification\",\"valueRequired\":true,\"valueName\":\"search_term_string\"}}],\"inLanguage\":\"fr-FR\"}]}<\/script>\n<!-- \/ Yoast SEO plugin. -->","yoast_head_json":{"title":"Valentin - site de Lv","robots":{"index":"noindex","follow":"follow","max-snippet":"max-snippet:-1","max-image-preview":"max-image-preview:large","max-video-preview":"max-video-preview:-1"},"og_locale":"fr_FR","og_type":"article","og_title":"Valentin - site de Lv","og_description":"Bonjour Votre espace de vacances Camping&amp;Co vous souhaite la bienvenus et vous invite a prendre rendez-vous pour vos vacances. Nous vous laissons d\u00e9couviri le site afin de vous informer de nos annimaions, de notre espace piscine et des diff\u00e9rents emplacements disponibles. A votre disposition il y a \u00e9galement des informations sur les activit\u00e9s a faire [&hellip;]","og_url":"http:\/\/supexup.formatome.fr\/2024-2025\/MCO2\/V2\/8\/","og_site_name":"site de Lv","article_modified_time":"2024-10-28T09:05:36+00:00","twitter_card":"summary_large_image","schema":{"@context":"https:\/\/schema.org","@graph":[{"@type":"WebPage","@id":"http:\/\/supexup.formatome.fr\/2024-2025\/MCO2\/V2\/8\/","url":"http:\/\/supexup.formatome.fr\/2024-2025\/MCO2\/V2\/8\/","name":"Valentin - site de Lv","isPartOf":{"@id":"http:\/\/supexup.formatome.fr\/2024-2025\/MCO2\/V2\/8\/#website"},"datePublished":"2024-10-28T09:05:30+00:00","dateModified":"2024-10-28T09:05:36+00:00","breadcrumb":{"@id":"http:\/\/supexup.formatome.fr\/2024-2025\/MCO2\/V2\/8\/#breadcrumb"},"inLanguage":"fr-FR","potentialAction":[{"@type":"ReadAction","target":["http:\/\/supexup.formatome.fr\/2024-2025\/MCO2\/V2\/8\/"]}]},{"@type":"BreadcrumbList","@id":"http:\/\/supexup.formatome.fr\/2024-2025\/MCO2\/V2\/8\/#breadcrumb","itemListElement":[{"@type":"ListItem","position":1,"name":"Accueil","item":"http:\/\/supexup.formatome.fr\/2024-2025\/MCO2\/V2\/8\/"},{"@type":"ListItem","position":2,"name":"Valentin"}]},{"@type":"WebSite","@id":"http:\/\/supexup.formatome.fr\/2024-2025\/MCO2\/V2\/8\/#website","url":"http:\/\/supexup.formatome.fr\/2024-2025\/MCO2\/V2\/8\/","name":"site de Lv","description":"","potentialAction":[{"@type":"SearchAction","target":{"@type":"EntryPoint","urlTemplate":"http:\/\/supexup.formatome.fr\/2024-2025\/MCO2\/V2\/8\/?s={search_term_string}"},"query-input":{"@type":"PropertyValueSpecification","valueRequired":true,"valueName":"search_term_string"}}],"inLanguage":"fr-FR"}]}},"_links":{"self":[{"href":"https:\/\/supexup.formatome.fr\/2024-2025\/MCO2\/V2\/8\/wp-json\/wp\/v2\/pages\/59","targetHints":{"allow":["GET"]}}],"collection":[{"href":"https:\/\/supexup.formatome.fr\/2024-2025\/MCO2\/V2\/8\/wp-json\/wp\/v2\/pages"}],"about":[{"href":"https:\/\/supexup.formatome.fr\/2024-2025\/MCO2\/V2\/8\/wp-json\/wp\/v2\/types\/page"}],"author":[{"embeddable":true,"href":"https:\/\/supexup.formatome.fr\/2024-2025\/MCO2\/V2\/8\/wp-json\/wp\/v2\/users\/1"}],"replies":[{"embeddable":true,"href":"https:\/\/supexup.formatome.fr\/2024-2025\/MCO2\/V2\/8\/wp-json\/wp\/v2\/comments?post=59"}],"version-history":[{"count":2,"href":"https:\/\/supexup.formatome.fr\/2024-2025\/MCO2\/V2\/8\/wp-json\/wp\/v2\/pages\/59\/revisions"}],"predecessor-version":[{"id":63,"href":"https:\/\/supexup.formatome.fr\/2024-2025\/MCO2\/V2\/8\/wp-json\/wp\/v2\/pages\/59\/revisions\/63"}],"wp:attachment":[{"href":"https:\/\/supexup.formatome.fr\/2024-2025\/MCO2\/V2\/8\/wp-json\/wp\/v2\/media?parent=59"}],"curies":[{"name":"wp","href":"https:\/\/api.w.org\/{rel}","templated":true}]}}