{"id":25,"date":"2024-10-28T10:34:30","date_gmt":"2024-10-28T09:34:30","guid":{"rendered":"https:\/\/supexup.formatome.fr\/2024-2025\/MCO2\/V2\/7\/?post_type=product&#038;p=25"},"modified":"2024-10-28T10:34:31","modified_gmt":"2024-10-28T09:34:31","slug":"phasme-en-pleine-forme","status":"publish","type":"product","link":"https:\/\/supexup.formatome.fr\/2024-2025\/MCO2\/V2\/7\/produit\/phasme-en-pleine-forme\/","title":{"rendered":"Phasme en pleine forme"},"content":{"rendered":"<p>Phasme d&rsquo;\u00e9levage, en pleine forme, a grandi en pratiquant une activit\u00e9 physique r\u00e9guli\u00e8re (d&rsquo;o\u00f9 les gros bras). Peut monter la garde.<\/p>\n","protected":false},"excerpt":{"rendered":"<p>Phasme d&rsquo;\u00e9levage, en pleine forme, a grandi en pratiquant une activit\u00e9 physique r\u00e9guli\u00e8re (d&rsquo;o\u00f9 les gros bras). Peut monter la garde.<\/p>\n","protected":false},"featured_media":26,"comment_status":"open","ping_status":"closed","template":"","meta":{"_et_pb_use_builder":"","_et_pb_old_content":"","_et_gb_content_width":""},"product_cat":[17],"product_tag":[],"class_list":{"0":"post-25","1":"product","2":"type-product","3":"status-publish","4":"has-post-thumbnail","6":"product_cat-insectes","8":"first","9":"instock","10":"sale","11":"shipping-taxable","12":"purchasable","13":"product-type-simple"},"yoast_head":"<!-- This site is optimized with the Yoast SEO plugin v23.5 - https:\/\/yoast.com\/wordpress\/plugins\/seo\/ -->\n<title>Phasme en pleine forme - RyopWear<\/title>\n<meta name=\"description\" content=\"Phasme d&#039;\u00e9levage, en pleine forme, a grandi en pratiquant une activit\u00e9 physique r\u00e9guli\u00e8re (d&#039;o\u00f9 les gros bras). Peut monter la garde.\" \/>\n<meta name=\"robots\" content=\"noindex, follow, max-snippet:-1, max-image-preview:large, max-video-preview:-1\" \/>\n<meta property=\"og:locale\" content=\"fr_FR\" \/>\n<meta property=\"og:type\" content=\"article\" \/>\n<meta property=\"og:title\" content=\"Phasme en pleine forme - RyopWear\" \/>\n<meta property=\"og:description\" content=\"Phasme d&#039;\u00e9levage, en pleine forme, a grandi en pratiquant une activit\u00e9 physique r\u00e9guli\u00e8re (d&#039;o\u00f9 les gros bras). Peut monter la garde.\" \/>\n<meta property=\"og:url\" content=\"http:\/\/supexup.formatome.fr\/2024-2025\/MCO2\/V2\/7\/produit\/phasme-en-pleine-forme\/\" \/>\n<meta property=\"og:site_name\" content=\"RyopWear\" \/>\n<meta property=\"article:modified_time\" content=\"2024-10-28T09:34:31+00:00\" \/>\n<meta property=\"og:image\" content=\"http:\/\/supexup.formatome.fr\/2024-2025\/MCO2\/V2\/7\/wp-content\/uploads\/2024\/10\/498c1efe6c_50019896_dryococelus-australis-pterhalasz-wikimedia-02.jpg\" \/>\n\t<meta property=\"og:image:width\" content=\"295\" \/>\n\t<meta property=\"og:image:height\" content=\"600\" \/>\n\t<meta property=\"og:image:type\" content=\"image\/jpeg\" \/>\n<meta name=\"twitter:card\" content=\"summary_large_image\" \/>\n<meta name=\"twitter:label1\" content=\"Dur\u00e9e de lecture estim\u00e9e\" \/>\n\t<meta name=\"twitter:data1\" content=\"1 minute\" \/>\n<script type=\"application\/ld+json\" class=\"yoast-schema-graph\">{\"@context\":\"https:\/\/schema.org\",\"@graph\":[{\"@type\":\"WebPage\",\"@id\":\"http:\/\/supexup.formatome.fr\/2024-2025\/MCO2\/V2\/7\/produit\/phasme-en-pleine-forme\/\",\"url\":\"http:\/\/supexup.formatome.fr\/2024-2025\/MCO2\/V2\/7\/produit\/phasme-en-pleine-forme\/\",\"name\":\"Phasme en pleine forme - RyopWear\",\"isPartOf\":{\"@id\":\"http:\/\/supexup.formatome.fr\/2024-2025\/MCO2\/V2\/7\/#website\"},\"primaryImageOfPage\":{\"@id\":\"http:\/\/supexup.formatome.fr\/2024-2025\/MCO2\/V2\/7\/produit\/phasme-en-pleine-forme\/#primaryimage\"},\"image\":{\"@id\":\"http:\/\/supexup.formatome.fr\/2024-2025\/MCO2\/V2\/7\/produit\/phasme-en-pleine-forme\/#primaryimage\"},\"thumbnailUrl\":\"https:\/\/supexup.formatome.fr\/2024-2025\/MCO2\/V2\/7\/wp-content\/uploads\/2024\/10\/498c1efe6c_50019896_dryococelus-australis-pterhalasz-wikimedia-02.jpg\",\"datePublished\":\"2024-10-28T09:34:30+00:00\",\"dateModified\":\"2024-10-28T09:34:31+00:00\",\"description\":\"Phasme d'\u00e9levage, en pleine forme, a grandi en pratiquant une activit\u00e9 physique r\u00e9guli\u00e8re (d'o\u00f9 les gros bras). Peut monter la garde.\",\"breadcrumb\":{\"@id\":\"http:\/\/supexup.formatome.fr\/2024-2025\/MCO2\/V2\/7\/produit\/phasme-en-pleine-forme\/#breadcrumb\"},\"inLanguage\":\"fr-FR\",\"potentialAction\":[{\"@type\":\"ReadAction\",\"target\":[\"http:\/\/supexup.formatome.fr\/2024-2025\/MCO2\/V2\/7\/produit\/phasme-en-pleine-forme\/\"]}]},{\"@type\":\"ImageObject\",\"inLanguage\":\"fr-FR\",\"@id\":\"http:\/\/supexup.formatome.fr\/2024-2025\/MCO2\/V2\/7\/produit\/phasme-en-pleine-forme\/#primaryimage\",\"url\":\"https:\/\/supexup.formatome.fr\/2024-2025\/MCO2\/V2\/7\/wp-content\/uploads\/2024\/10\/498c1efe6c_50019896_dryococelus-australis-pterhalasz-wikimedia-02.jpg\",\"contentUrl\":\"https:\/\/supexup.formatome.fr\/2024-2025\/MCO2\/V2\/7\/wp-content\/uploads\/2024\/10\/498c1efe6c_50019896_dryococelus-australis-pterhalasz-wikimedia-02.jpg\",\"width\":295,\"height\":600},{\"@type\":\"BreadcrumbList\",\"@id\":\"http:\/\/supexup.formatome.fr\/2024-2025\/MCO2\/V2\/7\/produit\/phasme-en-pleine-forme\/#breadcrumb\",\"itemListElement\":[{\"@type\":\"ListItem\",\"position\":1,\"name\":\"Accueil\",\"item\":\"http:\/\/supexup.formatome.fr\/2024-2025\/MCO2\/V2\/7\/\"},{\"@type\":\"ListItem\",\"position\":2,\"name\":\"Boutique\",\"item\":\"https:\/\/supexup.formatome.fr\/2024-2025\/MCO2\/V2\/7\/boutique\/\"},{\"@type\":\"ListItem\",\"position\":3,\"name\":\"Phasme en pleine forme\"}]},{\"@type\":\"WebSite\",\"@id\":\"http:\/\/supexup.formatome.fr\/2024-2025\/MCO2\/V2\/7\/#website\",\"url\":\"http:\/\/supexup.formatome.fr\/2024-2025\/MCO2\/V2\/7\/\",\"name\":\"RyopWear\",\"description\":\"\",\"potentialAction\":[{\"@type\":\"SearchAction\",\"target\":{\"@type\":\"EntryPoint\",\"urlTemplate\":\"http:\/\/supexup.formatome.fr\/2024-2025\/MCO2\/V2\/7\/?s={search_term_string}\"},\"query-input\":{\"@type\":\"PropertyValueSpecification\",\"valueRequired\":true,\"valueName\":\"search_term_string\"}}],\"inLanguage\":\"fr-FR\"}]}<\/script>\n<!-- \/ Yoast SEO plugin. -->","yoast_head_json":{"title":"Phasme en pleine forme - RyopWear","description":"Phasme d'\u00e9levage, en pleine forme, a grandi en pratiquant une activit\u00e9 physique r\u00e9guli\u00e8re (d'o\u00f9 les gros bras). Peut monter la garde.","robots":{"index":"noindex","follow":"follow","max-snippet":"max-snippet:-1","max-image-preview":"max-image-preview:large","max-video-preview":"max-video-preview:-1"},"og_locale":"fr_FR","og_type":"article","og_title":"Phasme en pleine forme - RyopWear","og_description":"Phasme d'\u00e9levage, en pleine forme, a grandi en pratiquant une activit\u00e9 physique r\u00e9guli\u00e8re (d'o\u00f9 les gros bras). Peut monter la garde.","og_url":"http:\/\/supexup.formatome.fr\/2024-2025\/MCO2\/V2\/7\/produit\/phasme-en-pleine-forme\/","og_site_name":"RyopWear","article_modified_time":"2024-10-28T09:34:31+00:00","og_image":[{"width":295,"height":600,"url":"http:\/\/supexup.formatome.fr\/2024-2025\/MCO2\/V2\/7\/wp-content\/uploads\/2024\/10\/498c1efe6c_50019896_dryococelus-australis-pterhalasz-wikimedia-02.jpg","type":"image\/jpeg"}],"twitter_card":"summary_large_image","twitter_misc":{"Dur\u00e9e de lecture estim\u00e9e":"1 minute"},"schema":{"@context":"https:\/\/schema.org","@graph":[{"@type":"WebPage","@id":"http:\/\/supexup.formatome.fr\/2024-2025\/MCO2\/V2\/7\/produit\/phasme-en-pleine-forme\/","url":"http:\/\/supexup.formatome.fr\/2024-2025\/MCO2\/V2\/7\/produit\/phasme-en-pleine-forme\/","name":"Phasme en pleine forme - RyopWear","isPartOf":{"@id":"http:\/\/supexup.formatome.fr\/2024-2025\/MCO2\/V2\/7\/#website"},"primaryImageOfPage":{"@id":"http:\/\/supexup.formatome.fr\/2024-2025\/MCO2\/V2\/7\/produit\/phasme-en-pleine-forme\/#primaryimage"},"image":{"@id":"http:\/\/supexup.formatome.fr\/2024-2025\/MCO2\/V2\/7\/produit\/phasme-en-pleine-forme\/#primaryimage"},"thumbnailUrl":"https:\/\/supexup.formatome.fr\/2024-2025\/MCO2\/V2\/7\/wp-content\/uploads\/2024\/10\/498c1efe6c_50019896_dryococelus-australis-pterhalasz-wikimedia-02.jpg","datePublished":"2024-10-28T09:34:30+00:00","dateModified":"2024-10-28T09:34:31+00:00","description":"Phasme d'\u00e9levage, en pleine forme, a grandi en pratiquant une activit\u00e9 physique r\u00e9guli\u00e8re (d'o\u00f9 les gros bras). Peut monter la garde.","breadcrumb":{"@id":"http:\/\/supexup.formatome.fr\/2024-2025\/MCO2\/V2\/7\/produit\/phasme-en-pleine-forme\/#breadcrumb"},"inLanguage":"fr-FR","potentialAction":[{"@type":"ReadAction","target":["http:\/\/supexup.formatome.fr\/2024-2025\/MCO2\/V2\/7\/produit\/phasme-en-pleine-forme\/"]}]},{"@type":"ImageObject","inLanguage":"fr-FR","@id":"http:\/\/supexup.formatome.fr\/2024-2025\/MCO2\/V2\/7\/produit\/phasme-en-pleine-forme\/#primaryimage","url":"https:\/\/supexup.formatome.fr\/2024-2025\/MCO2\/V2\/7\/wp-content\/uploads\/2024\/10\/498c1efe6c_50019896_dryococelus-australis-pterhalasz-wikimedia-02.jpg","contentUrl":"https:\/\/supexup.formatome.fr\/2024-2025\/MCO2\/V2\/7\/wp-content\/uploads\/2024\/10\/498c1efe6c_50019896_dryococelus-australis-pterhalasz-wikimedia-02.jpg","width":295,"height":600},{"@type":"BreadcrumbList","@id":"http:\/\/supexup.formatome.fr\/2024-2025\/MCO2\/V2\/7\/produit\/phasme-en-pleine-forme\/#breadcrumb","itemListElement":[{"@type":"ListItem","position":1,"name":"Accueil","item":"http:\/\/supexup.formatome.fr\/2024-2025\/MCO2\/V2\/7\/"},{"@type":"ListItem","position":2,"name":"Boutique","item":"https:\/\/supexup.formatome.fr\/2024-2025\/MCO2\/V2\/7\/boutique\/"},{"@type":"ListItem","position":3,"name":"Phasme en pleine forme"}]},{"@type":"WebSite","@id":"http:\/\/supexup.formatome.fr\/2024-2025\/MCO2\/V2\/7\/#website","url":"http:\/\/supexup.formatome.fr\/2024-2025\/MCO2\/V2\/7\/","name":"RyopWear","description":"","potentialAction":[{"@type":"SearchAction","target":{"@type":"EntryPoint","urlTemplate":"http:\/\/supexup.formatome.fr\/2024-2025\/MCO2\/V2\/7\/?s={search_term_string}"},"query-input":{"@type":"PropertyValueSpecification","valueRequired":true,"valueName":"search_term_string"}}],"inLanguage":"fr-FR"}]}},"_links":{"self":[{"href":"https:\/\/supexup.formatome.fr\/2024-2025\/MCO2\/V2\/7\/wp-json\/wp\/v2\/product\/25","targetHints":{"allow":["GET"]}}],"collection":[{"href":"https:\/\/supexup.formatome.fr\/2024-2025\/MCO2\/V2\/7\/wp-json\/wp\/v2\/product"}],"about":[{"href":"https:\/\/supexup.formatome.fr\/2024-2025\/MCO2\/V2\/7\/wp-json\/wp\/v2\/types\/product"}],"replies":[{"embeddable":true,"href":"https:\/\/supexup.formatome.fr\/2024-2025\/MCO2\/V2\/7\/wp-json\/wp\/v2\/comments?post=25"}],"wp:featuredmedia":[{"embeddable":true,"href":"https:\/\/supexup.formatome.fr\/2024-2025\/MCO2\/V2\/7\/wp-json\/wp\/v2\/media\/26"}],"wp:attachment":[{"href":"https:\/\/supexup.formatome.fr\/2024-2025\/MCO2\/V2\/7\/wp-json\/wp\/v2\/media?parent=25"}],"wp:term":[{"taxonomy":"product_cat","embeddable":true,"href":"https:\/\/supexup.formatome.fr\/2024-2025\/MCO2\/V2\/7\/wp-json\/wp\/v2\/product_cat?post=25"},{"taxonomy":"product_tag","embeddable":true,"href":"https:\/\/supexup.formatome.fr\/2024-2025\/MCO2\/V2\/7\/wp-json\/wp\/v2\/product_tag?post=25"}],"curies":[{"name":"wp","href":"https:\/\/api.w.org\/{rel}","templated":true}]}}