{"id":19,"date":"2024-10-28T10:10:14","date_gmt":"2024-10-28T09:10:14","guid":{"rendered":"https:\/\/supexup.formatome.fr\/2024-2025\/MCO2\/V2\/7\/?page_id=19"},"modified":"2024-10-28T10:10:21","modified_gmt":"2024-10-28T09:10:21","slug":"saucisse","status":"publish","type":"page","link":"https:\/\/supexup.formatome.fr\/2024-2025\/MCO2\/V2\/7\/","title":{"rendered":"Saucisse"},"content":{"rendered":"<p>[et_pb_section fb_built=\u00a0\u00bb1&Prime; theme_builder_area=\u00a0\u00bbpost_content\u00a0\u00bb _builder_version=\u00a0\u00bb4.27.0&Prime; _module_preset=\u00a0\u00bbdefault\u00a0\u00bb background_color=\u00a0\u00bbrgba(163,224,215,0.74)\u00a0\u00bb hover_enabled=\u00a0\u00bb0&Prime; sticky_enabled=\u00a0\u00bb0&Prime; animation_style=\u00a0\u00bbfade\u00a0\u00bb global_colors_info=\u00a0\u00bb{}\u00a0\u00bb][et_pb_row _builder_version=\u00a0\u00bb4.27.0&Prime; _module_preset=\u00a0\u00bbdefault\u00a0\u00bb column_structure=\u00a0\u00bb1_2,1_2&Prime; theme_builder_area=\u00a0\u00bbpost_content\u00a0\u00bb min_height=\u00a0\u00bb501.1px\u00a0\u00bb custom_padding=\u00a0\u00bb49px|||||\u00a0\u00bb hover_enabled=\u00a0\u00bb0&Prime; sticky_enabled=\u00a0\u00bb0&Prime;][et_pb_column _builder_version=\u00a0\u00bb4.27.0&Prime; _module_preset=\u00a0\u00bbdefault\u00a0\u00bb type=\u00a0\u00bb1_2&Prime; theme_builder_area=\u00a0\u00bbpost_content\u00a0\u00bb][et_pb_image src=\u00a0\u00bbhttp:\/\/supexup.formatome.fr\/2024-2025\/MCO2\/V2\/7\/wp-content\/uploads\/2024\/10\/saus.png\u00a0\u00bb _builder_version=\u00a0\u00bb4.27.0&Prime; _module_preset=\u00a0\u00bbdefault\u00a0\u00bb theme_builder_area=\u00a0\u00bbpost_content\u00a0\u00bb hover_enabled=\u00a0\u00bb0&Prime; sticky_enabled=\u00a0\u00bb0&Prime; min_height=\u00a0\u00bb363.8px\u00a0\u00bb title_text=\u00a0\u00bbsaus\u00a0\u00bb width=\u00a0\u00bb100%\u00a0\u00bb][\/et_pb_image][\/et_pb_column][et_pb_column _builder_version=\u00a0\u00bb4.27.0&Prime; _module_preset=\u00a0\u00bbdefault\u00a0\u00bb type=\u00a0\u00bb1_2&Prime; theme_builder_area=\u00a0\u00bbpost_content\u00a0\u00bb][et_pb_text _builder_version=\u00a0\u00bb4.27.0&Prime; _module_preset=\u00a0\u00bbdefault\u00a0\u00bb theme_builder_area=\u00a0\u00bbpost_content\u00a0\u00bb hover_enabled=\u00a0\u00bb0&Prime; sticky_enabled=\u00a0\u00bb0&Prime;]<\/p>\n<p>C&rsquo;est s\u00fbr tu n&rsquo;as jamais go\u00fbt\u00e9 une Saucisse comme celle l\u00e0 ! Elle r\u00e9haussera le go\u00fbt de tes Hot Dog sans le moindre effort ! Explosion de saveur pour tes papilles assur\u00e9e !!<\/p>\n<p>[\/et_pb_text][et_pb_countdown_timer title=\u00a0\u00bbQui gagnera la premi\u00e8re Saucisse ?\u00a0\u00bb date_time=\u00a0\u00bb2024-11-27 09:33&Prime; _builder_version=\u00a0\u00bb4.27.0&Prime; _module_preset=\u00a0\u00bbdefault\u00a0\u00bb theme_builder_area=\u00a0\u00bbpost_content\u00a0\u00bb hover_enabled=\u00a0\u00bb0&Prime; sticky_enabled=\u00a0\u00bb0&Prime;][\/et_pb_countdown_timer][\/et_pb_column][\/et_pb_row][\/et_pb_section]<\/p>\n","protected":false},"excerpt":{"rendered":"<p>C&rsquo;est s\u00fbr tu n&rsquo;as jamais go\u00fbt\u00e9 une Saucisse comme celle l\u00e0 ! Elle r\u00e9haussera le go\u00fbt de tes Hot Dog sans le moindre effort ! Explosion de saveur pour tes papilles assur\u00e9e !!<\/p>\n","protected":false},"author":1,"featured_media":0,"parent":0,"menu_order":0,"comment_status":"closed","ping_status":"closed","template":"","meta":{"_et_pb_use_builder":"on","_et_pb_old_content":"","_et_gb_content_width":"","footnotes":""},"class_list":["post-19","page","type-page","status-publish","hentry"],"yoast_head":"<!-- This site is optimized with the Yoast SEO plugin v23.5 - https:\/\/yoast.com\/wordpress\/plugins\/seo\/ -->\n<title>Saucisse - RyopWear<\/title>\n<meta name=\"robots\" content=\"noindex, follow, max-snippet:-1, max-image-preview:large, max-video-preview:-1\" \/>\n<meta property=\"og:locale\" content=\"fr_FR\" \/>\n<meta property=\"og:type\" content=\"article\" \/>\n<meta property=\"og:title\" content=\"Saucisse - RyopWear\" \/>\n<meta property=\"og:description\" content=\"C&#039;est s\u00fbr tu n&#039;as jamais go\u00fbt\u00e9 une Saucisse comme celle l\u00e0 ! Elle r\u00e9haussera le go\u00fbt de tes Hot Dog sans le moindre effort ! Explosion de saveur pour tes papilles assur\u00e9e !!\" \/>\n<meta property=\"og:url\" content=\"http:\/\/supexup.formatome.fr\/2024-2025\/MCO2\/V2\/7\/\" \/>\n<meta property=\"og:site_name\" content=\"RyopWear\" \/>\n<meta property=\"article:modified_time\" content=\"2024-10-28T09:10:21+00:00\" \/>\n<meta name=\"twitter:card\" content=\"summary_large_image\" \/>\n<script type=\"application\/ld+json\" class=\"yoast-schema-graph\">{\"@context\":\"https:\/\/schema.org\",\"@graph\":[{\"@type\":\"WebPage\",\"@id\":\"http:\/\/supexup.formatome.fr\/2024-2025\/MCO2\/V2\/7\/\",\"url\":\"http:\/\/supexup.formatome.fr\/2024-2025\/MCO2\/V2\/7\/\",\"name\":\"Saucisse - RyopWear\",\"isPartOf\":{\"@id\":\"http:\/\/supexup.formatome.fr\/2024-2025\/MCO2\/V2\/7\/#website\"},\"datePublished\":\"2024-10-28T09:10:14+00:00\",\"dateModified\":\"2024-10-28T09:10:21+00:00\",\"breadcrumb\":{\"@id\":\"http:\/\/supexup.formatome.fr\/2024-2025\/MCO2\/V2\/7\/#breadcrumb\"},\"inLanguage\":\"fr-FR\",\"potentialAction\":[{\"@type\":\"ReadAction\",\"target\":[\"http:\/\/supexup.formatome.fr\/2024-2025\/MCO2\/V2\/7\/\"]}]},{\"@type\":\"BreadcrumbList\",\"@id\":\"http:\/\/supexup.formatome.fr\/2024-2025\/MCO2\/V2\/7\/#breadcrumb\",\"itemListElement\":[{\"@type\":\"ListItem\",\"position\":1,\"name\":\"Accueil\",\"item\":\"http:\/\/supexup.formatome.fr\/2024-2025\/MCO2\/V2\/7\/\"},{\"@type\":\"ListItem\",\"position\":2,\"name\":\"Saucisse\"}]},{\"@type\":\"WebSite\",\"@id\":\"http:\/\/supexup.formatome.fr\/2024-2025\/MCO2\/V2\/7\/#website\",\"url\":\"http:\/\/supexup.formatome.fr\/2024-2025\/MCO2\/V2\/7\/\",\"name\":\"RyopWear\",\"description\":\"\",\"potentialAction\":[{\"@type\":\"SearchAction\",\"target\":{\"@type\":\"EntryPoint\",\"urlTemplate\":\"http:\/\/supexup.formatome.fr\/2024-2025\/MCO2\/V2\/7\/?s={search_term_string}\"},\"query-input\":{\"@type\":\"PropertyValueSpecification\",\"valueRequired\":true,\"valueName\":\"search_term_string\"}}],\"inLanguage\":\"fr-FR\"}]}<\/script>\n<!-- \/ Yoast SEO plugin. -->","yoast_head_json":{"title":"Saucisse - RyopWear","robots":{"index":"noindex","follow":"follow","max-snippet":"max-snippet:-1","max-image-preview":"max-image-preview:large","max-video-preview":"max-video-preview:-1"},"og_locale":"fr_FR","og_type":"article","og_title":"Saucisse - RyopWear","og_description":"C'est s\u00fbr tu n'as jamais go\u00fbt\u00e9 une Saucisse comme celle l\u00e0 ! Elle r\u00e9haussera le go\u00fbt de tes Hot Dog sans le moindre effort ! Explosion de saveur pour tes papilles assur\u00e9e !!","og_url":"http:\/\/supexup.formatome.fr\/2024-2025\/MCO2\/V2\/7\/","og_site_name":"RyopWear","article_modified_time":"2024-10-28T09:10:21+00:00","twitter_card":"summary_large_image","schema":{"@context":"https:\/\/schema.org","@graph":[{"@type":"WebPage","@id":"http:\/\/supexup.formatome.fr\/2024-2025\/MCO2\/V2\/7\/","url":"http:\/\/supexup.formatome.fr\/2024-2025\/MCO2\/V2\/7\/","name":"Saucisse - RyopWear","isPartOf":{"@id":"http:\/\/supexup.formatome.fr\/2024-2025\/MCO2\/V2\/7\/#website"},"datePublished":"2024-10-28T09:10:14+00:00","dateModified":"2024-10-28T09:10:21+00:00","breadcrumb":{"@id":"http:\/\/supexup.formatome.fr\/2024-2025\/MCO2\/V2\/7\/#breadcrumb"},"inLanguage":"fr-FR","potentialAction":[{"@type":"ReadAction","target":["http:\/\/supexup.formatome.fr\/2024-2025\/MCO2\/V2\/7\/"]}]},{"@type":"BreadcrumbList","@id":"http:\/\/supexup.formatome.fr\/2024-2025\/MCO2\/V2\/7\/#breadcrumb","itemListElement":[{"@type":"ListItem","position":1,"name":"Accueil","item":"http:\/\/supexup.formatome.fr\/2024-2025\/MCO2\/V2\/7\/"},{"@type":"ListItem","position":2,"name":"Saucisse"}]},{"@type":"WebSite","@id":"http:\/\/supexup.formatome.fr\/2024-2025\/MCO2\/V2\/7\/#website","url":"http:\/\/supexup.formatome.fr\/2024-2025\/MCO2\/V2\/7\/","name":"RyopWear","description":"","potentialAction":[{"@type":"SearchAction","target":{"@type":"EntryPoint","urlTemplate":"http:\/\/supexup.formatome.fr\/2024-2025\/MCO2\/V2\/7\/?s={search_term_string}"},"query-input":{"@type":"PropertyValueSpecification","valueRequired":true,"valueName":"search_term_string"}}],"inLanguage":"fr-FR"}]}},"_links":{"self":[{"href":"https:\/\/supexup.formatome.fr\/2024-2025\/MCO2\/V2\/7\/wp-json\/wp\/v2\/pages\/19","targetHints":{"allow":["GET"]}}],"collection":[{"href":"https:\/\/supexup.formatome.fr\/2024-2025\/MCO2\/V2\/7\/wp-json\/wp\/v2\/pages"}],"about":[{"href":"https:\/\/supexup.formatome.fr\/2024-2025\/MCO2\/V2\/7\/wp-json\/wp\/v2\/types\/page"}],"author":[{"embeddable":true,"href":"https:\/\/supexup.formatome.fr\/2024-2025\/MCO2\/V2\/7\/wp-json\/wp\/v2\/users\/1"}],"replies":[{"embeddable":true,"href":"https:\/\/supexup.formatome.fr\/2024-2025\/MCO2\/V2\/7\/wp-json\/wp\/v2\/comments?post=19"}],"version-history":[{"count":3,"href":"https:\/\/supexup.formatome.fr\/2024-2025\/MCO2\/V2\/7\/wp-json\/wp\/v2\/pages\/19\/revisions"}],"predecessor-version":[{"id":33,"href":"https:\/\/supexup.formatome.fr\/2024-2025\/MCO2\/V2\/7\/wp-json\/wp\/v2\/pages\/19\/revisions\/33"}],"wp:attachment":[{"href":"https:\/\/supexup.formatome.fr\/2024-2025\/MCO2\/V2\/7\/wp-json\/wp\/v2\/media?parent=19"}],"curies":[{"name":"wp","href":"https:\/\/api.w.org\/{rel}","templated":true}]}}