{"id":9,"date":"2024-09-30T11:05:04","date_gmt":"2024-09-30T09:05:04","guid":{"rendered":"https:\/\/supexup.formatome.fr\/2024-2025\/MCO2\/V2\/14\/?page_id=9"},"modified":"2024-09-30T11:37:01","modified_gmt":"2024-09-30T09:37:01","slug":"agence-voyage","status":"publish","type":"page","link":"https:\/\/supexup.formatome.fr\/2024-2025\/MCO2\/V2\/14\/?page_id=9","title":{"rendered":"Boutique"},"content":{"rendered":"","protected":false},"excerpt":{"rendered":"","protected":false},"author":1,"featured_media":0,"parent":0,"menu_order":0,"comment_status":"closed","ping_status":"closed","template":"","meta":{"_et_pb_use_builder":"on","_et_pb_old_content":"","_et_gb_content_width":"","footnotes":""},"class_list":["post-9","page","type-page","status-publish","hentry"],"yoast_head":"<!-- This site is optimized with the Yoast SEO plugin v23.5 - https:\/\/yoast.com\/wordpress\/plugins\/seo\/ -->\n<title>Agence de voyage - RENARDOO<\/title>\n<meta name=\"description\" content=\"D\u00e9couvrez votre prochaine aventure avec notre agence de voyage \u00e0 Montpellier. Nous cr\u00e9ons des s\u00e9jours uniques en France et \u00e0 l&#039;international .\" \/>\n<meta name=\"robots\" content=\"noindex, follow, max-snippet:-1, max-image-preview:large, max-video-preview:-1\" \/>\n<meta property=\"og:locale\" content=\"fr_FR\" \/>\n<meta property=\"og:type\" content=\"article\" \/>\n<meta property=\"og:title\" content=\"Agence de voyage - RENARDOO\" \/>\n<meta property=\"og:description\" content=\"D\u00e9couvrez votre prochaine aventure avec notre agence de voyage \u00e0 Montpellier. Nous cr\u00e9ons des s\u00e9jours uniques en France et \u00e0 l&#039;international .\" \/>\n<meta property=\"og:url\" content=\"https:\/\/supexup.formatome.fr\/2024-2025\/MCO2\/V2\/14\/?page_id=9\" \/>\n<meta property=\"og:site_name\" content=\"RENARDOO\" \/>\n<meta property=\"article:modified_time\" content=\"2024-09-30T09:37:01+00:00\" \/>\n<meta name=\"twitter:card\" content=\"summary_large_image\" \/>\n<script type=\"application\/ld+json\" class=\"yoast-schema-graph\">{\"@context\":\"https:\/\/schema.org\",\"@graph\":[{\"@type\":\"WebPage\",\"@id\":\"https:\/\/supexup.formatome.fr\/2024-2025\/MCO2\/V2\/14\/?page_id=9\",\"url\":\"https:\/\/supexup.formatome.fr\/2024-2025\/MCO2\/V2\/14\/?page_id=9\",\"name\":\"Agence de voyage - RENARDOO\",\"isPartOf\":{\"@id\":\"https:\/\/supexup.formatome.fr\/2024-2025\/MCO2\/V2\/14\/#website\"},\"datePublished\":\"2024-09-30T09:05:04+00:00\",\"dateModified\":\"2024-09-30T09:37:01+00:00\",\"description\":\"D\u00e9couvrez votre prochaine aventure avec notre agence de voyage \u00e0 Montpellier. Nous cr\u00e9ons des s\u00e9jours uniques en France et \u00e0 l'international .\",\"breadcrumb\":{\"@id\":\"https:\/\/supexup.formatome.fr\/2024-2025\/MCO2\/V2\/14\/?page_id=9#breadcrumb\"},\"inLanguage\":\"fr-FR\",\"potentialAction\":[{\"@type\":\"ReadAction\",\"target\":[\"https:\/\/supexup.formatome.fr\/2024-2025\/MCO2\/V2\/14\/?page_id=9\"]}]},{\"@type\":\"BreadcrumbList\",\"@id\":\"https:\/\/supexup.formatome.fr\/2024-2025\/MCO2\/V2\/14\/?page_id=9#breadcrumb\",\"itemListElement\":[{\"@type\":\"ListItem\",\"position\":1,\"name\":\"Accueil\",\"item\":\"https:\/\/supexup.formatome.fr\/2024-2025\/MCO2\/V2\/14\"},{\"@type\":\"ListItem\",\"position\":2,\"name\":\"Boutique\"}]},{\"@type\":\"WebSite\",\"@id\":\"https:\/\/supexup.formatome.fr\/2024-2025\/MCO2\/V2\/14\/#website\",\"url\":\"https:\/\/supexup.formatome.fr\/2024-2025\/MCO2\/V2\/14\/\",\"name\":\"RENARDOO\",\"description\":\"\",\"potentialAction\":[{\"@type\":\"SearchAction\",\"target\":{\"@type\":\"EntryPoint\",\"urlTemplate\":\"https:\/\/supexup.formatome.fr\/2024-2025\/MCO2\/V2\/14\/?s={search_term_string}\"},\"query-input\":{\"@type\":\"PropertyValueSpecification\",\"valueRequired\":true,\"valueName\":\"search_term_string\"}}],\"inLanguage\":\"fr-FR\"}]}<\/script>\n<!-- \/ Yoast SEO plugin. -->","yoast_head_json":{"title":"Agence de voyage - RENARDOO","description":"D\u00e9couvrez votre prochaine aventure avec notre agence de voyage \u00e0 Montpellier. Nous cr\u00e9ons des s\u00e9jours uniques en France et \u00e0 l'international .","robots":{"index":"noindex","follow":"follow","max-snippet":"max-snippet:-1","max-image-preview":"max-image-preview:large","max-video-preview":"max-video-preview:-1"},"og_locale":"fr_FR","og_type":"article","og_title":"Agence de voyage - RENARDOO","og_description":"D\u00e9couvrez votre prochaine aventure avec notre agence de voyage \u00e0 Montpellier. Nous cr\u00e9ons des s\u00e9jours uniques en France et \u00e0 l'international .","og_url":"https:\/\/supexup.formatome.fr\/2024-2025\/MCO2\/V2\/14\/?page_id=9","og_site_name":"RENARDOO","article_modified_time":"2024-09-30T09:37:01+00:00","twitter_card":"summary_large_image","schema":{"@context":"https:\/\/schema.org","@graph":[{"@type":"WebPage","@id":"https:\/\/supexup.formatome.fr\/2024-2025\/MCO2\/V2\/14\/?page_id=9","url":"https:\/\/supexup.formatome.fr\/2024-2025\/MCO2\/V2\/14\/?page_id=9","name":"Agence de voyage - RENARDOO","isPartOf":{"@id":"https:\/\/supexup.formatome.fr\/2024-2025\/MCO2\/V2\/14\/#website"},"datePublished":"2024-09-30T09:05:04+00:00","dateModified":"2024-09-30T09:37:01+00:00","description":"D\u00e9couvrez votre prochaine aventure avec notre agence de voyage \u00e0 Montpellier. Nous cr\u00e9ons des s\u00e9jours uniques en France et \u00e0 l'international .","breadcrumb":{"@id":"https:\/\/supexup.formatome.fr\/2024-2025\/MCO2\/V2\/14\/?page_id=9#breadcrumb"},"inLanguage":"fr-FR","potentialAction":[{"@type":"ReadAction","target":["https:\/\/supexup.formatome.fr\/2024-2025\/MCO2\/V2\/14\/?page_id=9"]}]},{"@type":"BreadcrumbList","@id":"https:\/\/supexup.formatome.fr\/2024-2025\/MCO2\/V2\/14\/?page_id=9#breadcrumb","itemListElement":[{"@type":"ListItem","position":1,"name":"Accueil","item":"https:\/\/supexup.formatome.fr\/2024-2025\/MCO2\/V2\/14"},{"@type":"ListItem","position":2,"name":"Boutique"}]},{"@type":"WebSite","@id":"https:\/\/supexup.formatome.fr\/2024-2025\/MCO2\/V2\/14\/#website","url":"https:\/\/supexup.formatome.fr\/2024-2025\/MCO2\/V2\/14\/","name":"RENARDOO","description":"","potentialAction":[{"@type":"SearchAction","target":{"@type":"EntryPoint","urlTemplate":"https:\/\/supexup.formatome.fr\/2024-2025\/MCO2\/V2\/14\/?s={search_term_string}"},"query-input":{"@type":"PropertyValueSpecification","valueRequired":true,"valueName":"search_term_string"}}],"inLanguage":"fr-FR"}]}},"_links":{"self":[{"href":"https:\/\/supexup.formatome.fr\/2024-2025\/MCO2\/V2\/14\/index.php?rest_route=\/wp\/v2\/pages\/9","targetHints":{"allow":["GET"]}}],"collection":[{"href":"https:\/\/supexup.formatome.fr\/2024-2025\/MCO2\/V2\/14\/index.php?rest_route=\/wp\/v2\/pages"}],"about":[{"href":"https:\/\/supexup.formatome.fr\/2024-2025\/MCO2\/V2\/14\/index.php?rest_route=\/wp\/v2\/types\/page"}],"author":[{"embeddable":true,"href":"https:\/\/supexup.formatome.fr\/2024-2025\/MCO2\/V2\/14\/index.php?rest_route=\/wp\/v2\/users\/1"}],"replies":[{"embeddable":true,"href":"https:\/\/supexup.formatome.fr\/2024-2025\/MCO2\/V2\/14\/index.php?rest_route=%2Fwp%2Fv2%2Fcomments&post=9"}],"version-history":[{"count":2,"href":"https:\/\/supexup.formatome.fr\/2024-2025\/MCO2\/V2\/14\/index.php?rest_route=\/wp\/v2\/pages\/9\/revisions"}],"predecessor-version":[{"id":16,"href":"https:\/\/supexup.formatome.fr\/2024-2025\/MCO2\/V2\/14\/index.php?rest_route=\/wp\/v2\/pages\/9\/revisions\/16"}],"wp:attachment":[{"href":"https:\/\/supexup.formatome.fr\/2024-2025\/MCO2\/V2\/14\/index.php?rest_route=%2Fwp%2Fv2%2Fmedia&parent=9"}],"curies":[{"name":"wp","href":"https:\/\/api.w.org\/{rel}","templated":true}]}}