{"id":7,"date":"2024-09-30T11:02:53","date_gmt":"2024-09-30T09:02:53","guid":{"rendered":"https:\/\/supexup.formatome.fr\/2024-2025\/MCO2\/V2\/13\/?page_id=7"},"modified":"2024-09-30T11:23:44","modified_gmt":"2024-09-30T09:23:44","slug":"araignee_exotic","status":"publish","type":"page","link":"https:\/\/supexup.formatome.fr\/2024-2025\/MCO2\/V2\/13\/?page_id=7","title":{"rendered":""},"content":{"rendered":"","protected":false},"excerpt":{"rendered":"","protected":false},"author":1,"featured_media":0,"parent":0,"menu_order":0,"comment_status":"closed","ping_status":"closed","template":"","meta":{"_et_pb_use_builder":"on","_et_pb_old_content":"","_et_gb_content_width":"","footnotes":""},"class_list":["post-7","page","type-page","status-publish","hentry"],"yoast_head":"<!-- This site is optimized with the Yoast SEO plugin v23.5 - https:\/\/yoast.com\/wordpress\/plugins\/seo\/ -->\n<title>ARAIGNEE EXOTIC<\/title>\n<meta name=\"description\" content=\"\u00ab Plongez dans l\u2019exotisme et laissez-vous envo\u00fbter par la beaut\u00e9 myst\u00e9rieuse de notre araign\u00e9e exotique ! \u00bb\" \/>\n<meta name=\"robots\" content=\"index, follow, max-snippet:-1, max-image-preview:large, max-video-preview:-1\" \/>\n<link rel=\"canonical\" href=\"https:\/\/supexup.formatome.fr\/2024-2025\/MCO2\/V2\/13\/?page_id=7\" \/>\n<meta property=\"og:locale\" content=\"fr_FR\" \/>\n<meta property=\"og:type\" content=\"article\" \/>\n<meta property=\"og:title\" content=\"ARAIGNEE EXOTIC\" \/>\n<meta property=\"og:description\" content=\"\u00ab Plongez dans l\u2019exotisme et laissez-vous envo\u00fbter par la beaut\u00e9 myst\u00e9rieuse de notre araign\u00e9e exotique ! \u00bb\" \/>\n<meta property=\"og:url\" content=\"https:\/\/supexup.formatome.fr\/2024-2025\/MCO2\/V2\/13\/?page_id=7\" \/>\n<meta property=\"og:site_name\" content=\"spider212\" \/>\n<meta property=\"article:modified_time\" content=\"2024-09-30T09:23:44+00:00\" \/>\n<meta name=\"twitter:card\" content=\"summary_large_image\" \/>\n<script type=\"application\/ld+json\" class=\"yoast-schema-graph\">{\"@context\":\"https:\/\/schema.org\",\"@graph\":[{\"@type\":\"WebPage\",\"@id\":\"https:\/\/supexup.formatome.fr\/2024-2025\/MCO2\/V2\/13\/?page_id=7\",\"url\":\"https:\/\/supexup.formatome.fr\/2024-2025\/MCO2\/V2\/13\/?page_id=7\",\"name\":\"ARAIGNEE EXOTIC\",\"isPartOf\":{\"@id\":\"https:\/\/supexup.formatome.fr\/2024-2025\/MCO2\/V2\/13\/#website\"},\"datePublished\":\"2024-09-30T09:02:53+00:00\",\"dateModified\":\"2024-09-30T09:23:44+00:00\",\"description\":\"\u00ab Plongez dans l\u2019exotisme et laissez-vous envo\u00fbter par la beaut\u00e9 myst\u00e9rieuse de notre araign\u00e9e exotique ! \u00bb\",\"inLanguage\":\"fr-FR\",\"potentialAction\":[{\"@type\":\"ReadAction\",\"target\":[\"https:\/\/supexup.formatome.fr\/2024-2025\/MCO2\/V2\/13\/?page_id=7\"]}]},{\"@type\":\"WebSite\",\"@id\":\"https:\/\/supexup.formatome.fr\/2024-2025\/MCO2\/V2\/13\/#website\",\"url\":\"https:\/\/supexup.formatome.fr\/2024-2025\/MCO2\/V2\/13\/\",\"name\":\"spider212\",\"description\":\"\",\"potentialAction\":[{\"@type\":\"SearchAction\",\"target\":{\"@type\":\"EntryPoint\",\"urlTemplate\":\"https:\/\/supexup.formatome.fr\/2024-2025\/MCO2\/V2\/13\/?s={search_term_string}\"},\"query-input\":{\"@type\":\"PropertyValueSpecification\",\"valueRequired\":true,\"valueName\":\"search_term_string\"}}],\"inLanguage\":\"fr-FR\"}]}<\/script>\n<!-- \/ Yoast SEO plugin. -->","yoast_head_json":{"title":"ARAIGNEE EXOTIC","description":"\u00ab Plongez dans l\u2019exotisme et laissez-vous envo\u00fbter par la beaut\u00e9 myst\u00e9rieuse de notre araign\u00e9e exotique ! \u00bb","robots":{"index":"index","follow":"follow","max-snippet":"max-snippet:-1","max-image-preview":"max-image-preview:large","max-video-preview":"max-video-preview:-1"},"canonical":"https:\/\/supexup.formatome.fr\/2024-2025\/MCO2\/V2\/13\/?page_id=7","og_locale":"fr_FR","og_type":"article","og_title":"ARAIGNEE EXOTIC","og_description":"\u00ab Plongez dans l\u2019exotisme et laissez-vous envo\u00fbter par la beaut\u00e9 myst\u00e9rieuse de notre araign\u00e9e exotique ! \u00bb","og_url":"https:\/\/supexup.formatome.fr\/2024-2025\/MCO2\/V2\/13\/?page_id=7","og_site_name":"spider212","article_modified_time":"2024-09-30T09:23:44+00:00","twitter_card":"summary_large_image","schema":{"@context":"https:\/\/schema.org","@graph":[{"@type":"WebPage","@id":"https:\/\/supexup.formatome.fr\/2024-2025\/MCO2\/V2\/13\/?page_id=7","url":"https:\/\/supexup.formatome.fr\/2024-2025\/MCO2\/V2\/13\/?page_id=7","name":"ARAIGNEE EXOTIC","isPartOf":{"@id":"https:\/\/supexup.formatome.fr\/2024-2025\/MCO2\/V2\/13\/#website"},"datePublished":"2024-09-30T09:02:53+00:00","dateModified":"2024-09-30T09:23:44+00:00","description":"\u00ab Plongez dans l\u2019exotisme et laissez-vous envo\u00fbter par la beaut\u00e9 myst\u00e9rieuse de notre araign\u00e9e exotique ! \u00bb","inLanguage":"fr-FR","potentialAction":[{"@type":"ReadAction","target":["https:\/\/supexup.formatome.fr\/2024-2025\/MCO2\/V2\/13\/?page_id=7"]}]},{"@type":"WebSite","@id":"https:\/\/supexup.formatome.fr\/2024-2025\/MCO2\/V2\/13\/#website","url":"https:\/\/supexup.formatome.fr\/2024-2025\/MCO2\/V2\/13\/","name":"spider212","description":"","potentialAction":[{"@type":"SearchAction","target":{"@type":"EntryPoint","urlTemplate":"https:\/\/supexup.formatome.fr\/2024-2025\/MCO2\/V2\/13\/?s={search_term_string}"},"query-input":{"@type":"PropertyValueSpecification","valueRequired":true,"valueName":"search_term_string"}}],"inLanguage":"fr-FR"}]}},"_links":{"self":[{"href":"https:\/\/supexup.formatome.fr\/2024-2025\/MCO2\/V2\/13\/index.php?rest_route=\/wp\/v2\/pages\/7","targetHints":{"allow":["GET"]}}],"collection":[{"href":"https:\/\/supexup.formatome.fr\/2024-2025\/MCO2\/V2\/13\/index.php?rest_route=\/wp\/v2\/pages"}],"about":[{"href":"https:\/\/supexup.formatome.fr\/2024-2025\/MCO2\/V2\/13\/index.php?rest_route=\/wp\/v2\/types\/page"}],"author":[{"embeddable":true,"href":"https:\/\/supexup.formatome.fr\/2024-2025\/MCO2\/V2\/13\/index.php?rest_route=\/wp\/v2\/users\/1"}],"replies":[{"embeddable":true,"href":"https:\/\/supexup.formatome.fr\/2024-2025\/MCO2\/V2\/13\/index.php?rest_route=%2Fwp%2Fv2%2Fcomments&post=7"}],"version-history":[{"count":1,"href":"https:\/\/supexup.formatome.fr\/2024-2025\/MCO2\/V2\/13\/index.php?rest_route=\/wp\/v2\/pages\/7\/revisions"}],"predecessor-version":[{"id":9,"href":"https:\/\/supexup.formatome.fr\/2024-2025\/MCO2\/V2\/13\/index.php?rest_route=\/wp\/v2\/pages\/7\/revisions\/9"}],"wp:attachment":[{"href":"https:\/\/supexup.formatome.fr\/2024-2025\/MCO2\/V2\/13\/index.php?rest_route=%2Fwp%2Fv2%2Fmedia&parent=7"}],"curies":[{"name":"wp","href":"https:\/\/api.w.org\/{rel}","templated":true}]}}