{"id":5,"date":"2024-09-30T11:03:03","date_gmt":"2024-09-30T09:03:03","guid":{"rendered":"https:\/\/supexup.formatome.fr\/2024-2025\/MCO2\/V2\/10\/?page_id=5"},"modified":"2024-09-30T11:40:39","modified_gmt":"2024-09-30T09:40:39","slug":"booking-showcase","status":"publish","type":"page","link":"https:\/\/supexup.formatome.fr\/2024-2025\/MCO2\/V2\/10\/?page_id=5","title":{"rendered":"Accueil"},"content":{"rendered":"","protected":false},"excerpt":{"rendered":"","protected":false},"author":1,"featured_media":0,"parent":0,"menu_order":0,"comment_status":"closed","ping_status":"closed","template":"","meta":{"_et_pb_use_builder":"on","_et_pb_old_content":"","_et_gb_content_width":"","footnotes":""},"class_list":["post-5","page","type-page","status-publish","hentry"],"yoast_head":"<!-- This site is optimized with the Yoast SEO plugin v23.5 - https:\/\/yoast.com\/wordpress\/plugins\/seo\/ -->\n<title>BOOKING SHOWCASE<\/title>\n<meta name=\"description\" content=\"Kekelamala vous propose une large gammes de diff\u00e9rents rappeurs et encore d&#039;autres nouvelles surprises \u00e0 venir pour vos meilleurs soir\u00e9es.\" \/>\n<meta name=\"robots\" content=\"index, follow, max-snippet:-1, max-image-preview:large, max-video-preview:-1\" \/>\n<link rel=\"canonical\" href=\"https:\/\/supexup.formatome.fr\/2024-2025\/MCO2\/V2\/10\/?page_id=5\" \/>\n<meta property=\"og:locale\" content=\"fr_FR\" \/>\n<meta property=\"og:type\" content=\"article\" \/>\n<meta property=\"og:title\" content=\"BOOKING SHOWCASE\" \/>\n<meta property=\"og:description\" content=\"Kekelamala vous propose une large gammes de diff\u00e9rents rappeurs et encore d&#039;autres nouvelles surprises \u00e0 venir pour vos meilleurs soir\u00e9es.\" \/>\n<meta property=\"og:url\" content=\"https:\/\/supexup.formatome.fr\/2024-2025\/MCO2\/V2\/10\/?page_id=5\" \/>\n<meta property=\"og:site_name\" content=\"kekelamala\" \/>\n<meta property=\"article:modified_time\" content=\"2024-09-30T09:40:39+00:00\" \/>\n<meta name=\"twitter:card\" content=\"summary_large_image\" \/>\n<script type=\"application\/ld+json\" class=\"yoast-schema-graph\">{\"@context\":\"https:\/\/schema.org\",\"@graph\":[{\"@type\":\"WebPage\",\"@id\":\"https:\/\/supexup.formatome.fr\/2024-2025\/MCO2\/V2\/10\/?page_id=5\",\"url\":\"https:\/\/supexup.formatome.fr\/2024-2025\/MCO2\/V2\/10\/?page_id=5\",\"name\":\"BOOKING SHOWCASE\",\"isPartOf\":{\"@id\":\"https:\/\/supexup.formatome.fr\/2024-2025\/MCO2\/V2\/10\/#website\"},\"datePublished\":\"2024-09-30T09:03:03+00:00\",\"dateModified\":\"2024-09-30T09:40:39+00:00\",\"description\":\"Kekelamala vous propose une large gammes de diff\u00e9rents rappeurs et encore d'autres nouvelles surprises \u00e0 venir pour vos meilleurs soir\u00e9es.\",\"breadcrumb\":{\"@id\":\"https:\/\/supexup.formatome.fr\/2024-2025\/MCO2\/V2\/10\/?page_id=5#breadcrumb\"},\"inLanguage\":\"fr-FR\",\"potentialAction\":[{\"@type\":\"ReadAction\",\"target\":[\"https:\/\/supexup.formatome.fr\/2024-2025\/MCO2\/V2\/10\/?page_id=5\"]}]},{\"@type\":\"BreadcrumbList\",\"@id\":\"https:\/\/supexup.formatome.fr\/2024-2025\/MCO2\/V2\/10\/?page_id=5#breadcrumb\",\"itemListElement\":[{\"@type\":\"ListItem\",\"position\":1,\"name\":\"Accueil\",\"item\":\"https:\/\/supexup.formatome.fr\/2024-2025\/MCO2\/V2\/10\"},{\"@type\":\"ListItem\",\"position\":2,\"name\":\"Accueil\"}]},{\"@type\":\"WebSite\",\"@id\":\"https:\/\/supexup.formatome.fr\/2024-2025\/MCO2\/V2\/10\/#website\",\"url\":\"https:\/\/supexup.formatome.fr\/2024-2025\/MCO2\/V2\/10\/\",\"name\":\"kekelamala\",\"description\":\"\",\"potentialAction\":[{\"@type\":\"SearchAction\",\"target\":{\"@type\":\"EntryPoint\",\"urlTemplate\":\"https:\/\/supexup.formatome.fr\/2024-2025\/MCO2\/V2\/10\/?s={search_term_string}\"},\"query-input\":{\"@type\":\"PropertyValueSpecification\",\"valueRequired\":true,\"valueName\":\"search_term_string\"}}],\"inLanguage\":\"fr-FR\"}]}<\/script>\n<!-- \/ Yoast SEO plugin. -->","yoast_head_json":{"title":"BOOKING SHOWCASE","description":"Kekelamala vous propose une large gammes de diff\u00e9rents rappeurs et encore d'autres nouvelles surprises \u00e0 venir pour vos meilleurs soir\u00e9es.","robots":{"index":"index","follow":"follow","max-snippet":"max-snippet:-1","max-image-preview":"max-image-preview:large","max-video-preview":"max-video-preview:-1"},"canonical":"https:\/\/supexup.formatome.fr\/2024-2025\/MCO2\/V2\/10\/?page_id=5","og_locale":"fr_FR","og_type":"article","og_title":"BOOKING SHOWCASE","og_description":"Kekelamala vous propose une large gammes de diff\u00e9rents rappeurs et encore d'autres nouvelles surprises \u00e0 venir pour vos meilleurs soir\u00e9es.","og_url":"https:\/\/supexup.formatome.fr\/2024-2025\/MCO2\/V2\/10\/?page_id=5","og_site_name":"kekelamala","article_modified_time":"2024-09-30T09:40:39+00:00","twitter_card":"summary_large_image","schema":{"@context":"https:\/\/schema.org","@graph":[{"@type":"WebPage","@id":"https:\/\/supexup.formatome.fr\/2024-2025\/MCO2\/V2\/10\/?page_id=5","url":"https:\/\/supexup.formatome.fr\/2024-2025\/MCO2\/V2\/10\/?page_id=5","name":"BOOKING SHOWCASE","isPartOf":{"@id":"https:\/\/supexup.formatome.fr\/2024-2025\/MCO2\/V2\/10\/#website"},"datePublished":"2024-09-30T09:03:03+00:00","dateModified":"2024-09-30T09:40:39+00:00","description":"Kekelamala vous propose une large gammes de diff\u00e9rents rappeurs et encore d'autres nouvelles surprises \u00e0 venir pour vos meilleurs soir\u00e9es.","breadcrumb":{"@id":"https:\/\/supexup.formatome.fr\/2024-2025\/MCO2\/V2\/10\/?page_id=5#breadcrumb"},"inLanguage":"fr-FR","potentialAction":[{"@type":"ReadAction","target":["https:\/\/supexup.formatome.fr\/2024-2025\/MCO2\/V2\/10\/?page_id=5"]}]},{"@type":"BreadcrumbList","@id":"https:\/\/supexup.formatome.fr\/2024-2025\/MCO2\/V2\/10\/?page_id=5#breadcrumb","itemListElement":[{"@type":"ListItem","position":1,"name":"Accueil","item":"https:\/\/supexup.formatome.fr\/2024-2025\/MCO2\/V2\/10"},{"@type":"ListItem","position":2,"name":"Accueil"}]},{"@type":"WebSite","@id":"https:\/\/supexup.formatome.fr\/2024-2025\/MCO2\/V2\/10\/#website","url":"https:\/\/supexup.formatome.fr\/2024-2025\/MCO2\/V2\/10\/","name":"kekelamala","description":"","potentialAction":[{"@type":"SearchAction","target":{"@type":"EntryPoint","urlTemplate":"https:\/\/supexup.formatome.fr\/2024-2025\/MCO2\/V2\/10\/?s={search_term_string}"},"query-input":{"@type":"PropertyValueSpecification","valueRequired":true,"valueName":"search_term_string"}}],"inLanguage":"fr-FR"}]}},"_links":{"self":[{"href":"https:\/\/supexup.formatome.fr\/2024-2025\/MCO2\/V2\/10\/index.php?rest_route=\/wp\/v2\/pages\/5","targetHints":{"allow":["GET"]}}],"collection":[{"href":"https:\/\/supexup.formatome.fr\/2024-2025\/MCO2\/V2\/10\/index.php?rest_route=\/wp\/v2\/pages"}],"about":[{"href":"https:\/\/supexup.formatome.fr\/2024-2025\/MCO2\/V2\/10\/index.php?rest_route=\/wp\/v2\/types\/page"}],"author":[{"embeddable":true,"href":"https:\/\/supexup.formatome.fr\/2024-2025\/MCO2\/V2\/10\/index.php?rest_route=\/wp\/v2\/users\/1"}],"replies":[{"embeddable":true,"href":"https:\/\/supexup.formatome.fr\/2024-2025\/MCO2\/V2\/10\/index.php?rest_route=%2Fwp%2Fv2%2Fcomments&post=5"}],"version-history":[{"count":3,"href":"https:\/\/supexup.formatome.fr\/2024-2025\/MCO2\/V2\/10\/index.php?rest_route=\/wp\/v2\/pages\/5\/revisions"}],"predecessor-version":[{"id":30,"href":"https:\/\/supexup.formatome.fr\/2024-2025\/MCO2\/V2\/10\/index.php?rest_route=\/wp\/v2\/pages\/5\/revisions\/30"}],"wp:attachment":[{"href":"https:\/\/supexup.formatome.fr\/2024-2025\/MCO2\/V2\/10\/index.php?rest_route=%2Fwp%2Fv2%2Fmedia&parent=5"}],"curies":[{"name":"wp","href":"https:\/\/api.w.org\/{rel}","templated":true}]}}