{"id":13,"date":"2024-09-04T15:30:49","date_gmt":"2024-09-04T13:30:49","guid":{"rendered":"http:\/\/supexup.formatome.fr\/2024-2025\/MCO2\/V1\/6\/?page_id=13"},"modified":"2024-09-04T15:30:49","modified_gmt":"2024-09-04T13:30:49","slug":"13-2","status":"publish","type":"page","link":"https:\/\/supexup.formatome.fr\/2024-2025\/MCO2\/V1\/6\/13-2\/","title":{"rendered":""},"content":{"rendered":"<div class=\"wp-block-group alignfull has-accent-4-background-color has-background is-vertical is-content-justification-center is-nowrap is-layout-flex wp-container-core-group-is-layout-2215816d wp-block-group-is-layout-flex\" style=\"min-height:100vh;margin-top:0;margin-bottom:0;padding-top:var(--wp--preset--spacing--50);padding-right:var(--wp--preset--spacing--50);padding-bottom:var(--wp--preset--spacing--50);padding-left:var(--wp--preset--spacing--50)\"><div class=\"wp-block-columns alignwide are-vertically-aligned-center is-layout-flex wp-container-core-columns-is-layout-47c06fe3 wp-block-columns-is-layout-flex\"><div class=\"wp-block-column is-vertically-aligned-center is-layout-flow wp-block-column-is-layout-flow\" style=\"flex-basis:40%\"><h1 class=\"wp-block-heading has-text-align-right\" style=\"margin-right:0;margin-left:calc( var(--wp--preset--spacing--20) * -1);font-size:clamp(5.174rem, 5.174rem + ((1vw - 0.2rem) * 11.377), 12rem);line-height:1;writing-mode:vertical-rl\"> new3<\/h1>\n\n<div class=\"wp-block-group is-layout-flow wp-container-core-group-is-layout-8f7ed23f wp-block-group-is-layout-flow\" style=\"min-height:100%;margin-top:0;margin-bottom:0;padding-right:0;padding-left:0\"><div class=\"wp-block-group has-global-padding is-content-justification-left is-layout-constrained wp-container-core-group-is-layout-0207514c wp-block-group-is-layout-constrained\" style=\"padding-right:0;padding-left:0\"><p class=\"wp-container-content-0733e5d0\">Le New3, c\u2019est bien plus qu\u2019un t\u00e9l\u00e9phone. C\u2019est une cl\u00e9 ouvrant la porte vers de nouveaux horizons num\u00e9riques, o\u00f9 chaque touche effleure l\u2019avenir, et chaque geste r\u00e9invente le quotidien. Un souffle de technologie, au creux de votre main.\u00a0\u00bb<\/p>\n\n<div class=\"wp-block-buttons is-layout-flex wp-block-buttons-is-layout-flex\"><div class=\"wp-block-button\"><a class=\"wp-block-button__link wp-element-button\">Reserve your spot<\/a><\/div><\/div><\/div><\/div><\/div>\n\n<div class=\"wp-block-column is-vertically-aligned-top is-layout-flow wp-block-column-is-layout-flow\" style=\"flex-basis:60%\"><figure class=\"wp-block-gallery has-nested-images columns-default is-cropped wp-block-gallery-2 is-layout-flex wp-block-gallery-is-layout-flex\"><figure class=\"wp-block-image size-full is-style-rounded is-style-rounded--1\"><img loading=\"lazy\" decoding=\"async\" width=\"1024\" height=\"1024\" data-id=\"15\" src=\"http:\/\/supexup.formatome.fr\/2024-2025\/MCO2\/V1\/6\/wp-content\/uploads\/2024\/09\/ea5b9e6b-c7af-4283-bed5-f6ba995ca767.webp\" alt=\"\" class=\"wp-image-15\" style=\"aspect-ratio:3\/4;object-fit:cover\" srcset=\"https:\/\/supexup.formatome.fr\/2024-2025\/MCO2\/V1\/6\/wp-content\/uploads\/2024\/09\/ea5b9e6b-c7af-4283-bed5-f6ba995ca767.webp 1024w, https:\/\/supexup.formatome.fr\/2024-2025\/MCO2\/V1\/6\/wp-content\/uploads\/2024\/09\/ea5b9e6b-c7af-4283-bed5-f6ba995ca767-300x300.webp 300w, https:\/\/supexup.formatome.fr\/2024-2025\/MCO2\/V1\/6\/wp-content\/uploads\/2024\/09\/ea5b9e6b-c7af-4283-bed5-f6ba995ca767-100x100.webp 100w, https:\/\/supexup.formatome.fr\/2024-2025\/MCO2\/V1\/6\/wp-content\/uploads\/2024\/09\/ea5b9e6b-c7af-4283-bed5-f6ba995ca767-600x600.webp 600w, https:\/\/supexup.formatome.fr\/2024-2025\/MCO2\/V1\/6\/wp-content\/uploads\/2024\/09\/ea5b9e6b-c7af-4283-bed5-f6ba995ca767-150x150.webp 150w, https:\/\/supexup.formatome.fr\/2024-2025\/MCO2\/V1\/6\/wp-content\/uploads\/2024\/09\/ea5b9e6b-c7af-4283-bed5-f6ba995ca767-768x768.webp 768w\" sizes=\"auto, (max-width: 1024px) 100vw, 1024px\" \/><\/figure><\/figure><\/div><\/div><\/div><blockquote class=\"wp-block-quote is-layout-flow wp-block-quote-is-layout-flow\"><p>\u201cLes t\u00e9l\u00e9phones modernes ne sont pas seulement des outils de communication, mais des portails vers un monde d\u2019innovation et de possibilit\u00e9s infinies.\u201d<\/p><\/blockquote><figure class=\"wp-block-image size-full\"><img loading=\"lazy\" decoding=\"async\" width=\"922\" height=\"531\" src=\"http:\/\/supexup.formatome.fr\/2024-2025\/MCO2\/V1\/6\/wp-content\/uploads\/2024\/09\/image.png\" alt=\"\" class=\"wp-image-18\" srcset=\"https:\/\/supexup.formatome.fr\/2024-2025\/MCO2\/V1\/6\/wp-content\/uploads\/2024\/09\/image.png 922w, https:\/\/supexup.formatome.fr\/2024-2025\/MCO2\/V1\/6\/wp-content\/uploads\/2024\/09\/image-600x346.png 600w, https:\/\/supexup.formatome.fr\/2024-2025\/MCO2\/V1\/6\/wp-content\/uploads\/2024\/09\/image-300x173.png 300w, https:\/\/supexup.formatome.fr\/2024-2025\/MCO2\/V1\/6\/wp-content\/uploads\/2024\/09\/image-768x442.png 768w\" sizes=\"auto, (max-width: 922px) 100vw, 922px\" \/><\/figure><ul class=\"wp-block-list\"><li><strong>\u00c9cran<\/strong>\u00a0: 6.8 pouces AMOLED, r\u00e9solution 3200&#215;1440 pixels, taux de rafra\u00eechissement 120Hz<\/li>\n\n<li><strong>Processeur<\/strong>\u00a0: Qualcomm Snapdragon 8 Gen 3<\/li>\n\n<li><strong>M\u00e9moire RAM<\/strong>\u00a0: 16 Go LPDDR5X<\/li>\n\n<li><strong>Stockage interne<\/strong>\u00a0: 512 Go, extensible via microSD jusqu\u2019\u00e0 2 To<\/li>\n\n<li><strong>Appareil photo arri\u00e8re<\/strong>\u00a0: Quad cam\u00e9ra 200 MP (grand-angle) + 50 MP (ultra grand-angle) + 20 MP (t\u00e9l\u00e9objectif) + 12 MP (macro)<\/li>\n\n<li><strong>Appareil photo avant<\/strong>\u00a0: 40 MP<\/li>\n\n<li><strong>Batterie<\/strong>\u00a0: 6000 mAh avec charge rapide 65W et charge sans fil 30W<\/li>\n\n<li><strong>Syst\u00e8me d\u2019exploitation<\/strong>\u00a0: Android 14<\/li>\n\n<li><strong>Connectivit\u00e9<\/strong>\u00a0: 5G, Wi-Fi 7, Bluetooth 5.3, NFC, USB Type-C 4.0<\/li>\n\n<li><strong>S\u00e9curit\u00e9<\/strong>\u00a0: Capteur d\u2019empreintes digitales sous l\u2019\u00e9cran, reconnaissance faciale 3D<\/li>\n\n<li><strong>Fonctionnalit\u00e9s suppl\u00e9mentaires<\/strong>\u00a0: R\u00e9sistance \u00e0 l\u2019eau et \u00e0 la poussi\u00e8re IP68, S-Pen int\u00e9gr\u00e9, haut-parleurs st\u00e9r\u00e9o Dolby Atmos<\/li>\n\n<li><strong>Couleurs disponibles<\/strong>\u00a0: Noir, Blanc, Bleu, Vert, et Rouge<\/li><\/ul><p><\/p>","protected":false},"excerpt":{"rendered":"<p>new3 Le New3, c\u2019est bien plus qu\u2019un t\u00e9l\u00e9phone. C\u2019est une cl\u00e9 ouvrant la porte vers de nouveaux horizons num\u00e9riques, o\u00f9 chaque touche effleure l\u2019avenir, et chaque geste r\u00e9invente le quotidien. Un souffle de technologie, au creux de votre main.\u00a0\u00bb \u201cLes t\u00e9l\u00e9phones modernes ne sont pas seulement des outils de communication, mais des portails vers un [&hellip;]<\/p>\n","protected":false},"author":1,"featured_media":0,"parent":0,"menu_order":0,"comment_status":"closed","ping_status":"closed","template":"","meta":{"footnotes":""},"class_list":["post-13","page","type-page","status-publish","hentry"],"jetpack_sharing_enabled":true,"_links":{"self":[{"href":"https:\/\/supexup.formatome.fr\/2024-2025\/MCO2\/V1\/6\/wp-json\/wp\/v2\/pages\/13","targetHints":{"allow":["GET"]}}],"collection":[{"href":"https:\/\/supexup.formatome.fr\/2024-2025\/MCO2\/V1\/6\/wp-json\/wp\/v2\/pages"}],"about":[{"href":"https:\/\/supexup.formatome.fr\/2024-2025\/MCO2\/V1\/6\/wp-json\/wp\/v2\/types\/page"}],"author":[{"embeddable":true,"href":"https:\/\/supexup.formatome.fr\/2024-2025\/MCO2\/V1\/6\/wp-json\/wp\/v2\/users\/1"}],"replies":[{"embeddable":true,"href":"https:\/\/supexup.formatome.fr\/2024-2025\/MCO2\/V1\/6\/wp-json\/wp\/v2\/comments?post=13"}],"version-history":[{"count":1,"href":"https:\/\/supexup.formatome.fr\/2024-2025\/MCO2\/V1\/6\/wp-json\/wp\/v2\/pages\/13\/revisions"}],"predecessor-version":[{"id":19,"href":"https:\/\/supexup.formatome.fr\/2024-2025\/MCO2\/V1\/6\/wp-json\/wp\/v2\/pages\/13\/revisions\/19"}],"wp:attachment":[{"href":"https:\/\/supexup.formatome.fr\/2024-2025\/MCO2\/V1\/6\/wp-json\/wp\/v2\/media?parent=13"}],"curies":[{"name":"wp","href":"https:\/\/api.w.org\/{rel}","templated":true}]}}