{"id":74,"date":"2024-09-04T16:07:22","date_gmt":"2024-09-04T14:07:22","guid":{"rendered":"https:\/\/supexup.formatome.fr\/2024-2025\/MCO2\/V1\/14\/?post_type=product&#038;p=74"},"modified":"2024-10-21T15:29:43","modified_gmt":"2024-10-21T13:29:43","slug":"voyage-dune-semaine-a-tenerife","status":"publish","type":"product","link":"https:\/\/supexup.formatome.fr\/2024-2025\/MCO2\/V1\/14\/?product=voyage-dune-semaine-a-tenerife","title":{"rendered":"voyage d&rsquo;une semaine \u00e0 Tenerife"},"content":{"rendered":"<p>C&rsquo;est une agence qui vous propose un voyage exceptionnelle a Las Playas Americas aux iles Canaries.<\/p>\n<p>Nous vous proposons les meilleures h\u00f4tels niveau qualit\u00e9\/prix et proposons de nombreuses activit\u00e9s pendant votre s\u00e9jour \u00e0 des prix accessibles, tels que Siam Park l&rsquo;un des plus grand parc aquatique ou encore du buggy\u00a0 qui vous am\u00e8ne visiter le volcan de l&rsquo;ile&#8230;<\/p>\n<p>Tout cela pour vous faire profiter au maximum a des prix accessibles.<\/p>\n","protected":false},"excerpt":{"rendered":"<p>C&rsquo;est une agence qui vous propose un voyage exceptionnelle a Las Playas Americas aux iles Canaries. Nous vous proposons les meilleures h\u00f4tels niveau qualit\u00e9\/prix et proposons de nombreuses activit\u00e9s pendant votre s\u00e9jour \u00e0 des prix accessibles, tels que Siam Park l&rsquo;un des plus grand parc aquatique ou encore du buggy\u00a0 qui vous am\u00e8ne visiter le [&hellip;]<\/p>\n","protected":false},"featured_media":0,"comment_status":"open","ping_status":"closed","template":"","meta":[],"product_cat":[16],"product_tag":[],"class_list":{"0":"post-74","1":"product","2":"type-product","3":"status-publish","5":"product_cat-non-classe","7":"first","8":"instock","9":"downloadable","10":"virtual","11":"purchasable","12":"product-type-simple"},"jetpack_sharing_enabled":true,"_links":{"self":[{"href":"https:\/\/supexup.formatome.fr\/2024-2025\/MCO2\/V1\/14\/index.php?rest_route=\/wp\/v2\/product\/74","targetHints":{"allow":["GET"]}}],"collection":[{"href":"https:\/\/supexup.formatome.fr\/2024-2025\/MCO2\/V1\/14\/index.php?rest_route=\/wp\/v2\/product"}],"about":[{"href":"https:\/\/supexup.formatome.fr\/2024-2025\/MCO2\/V1\/14\/index.php?rest_route=\/wp\/v2\/types\/product"}],"replies":[{"embeddable":true,"href":"https:\/\/supexup.formatome.fr\/2024-2025\/MCO2\/V1\/14\/index.php?rest_route=%2Fwp%2Fv2%2Fcomments&post=74"}],"wp:attachment":[{"href":"https:\/\/supexup.formatome.fr\/2024-2025\/MCO2\/V1\/14\/index.php?rest_route=%2Fwp%2Fv2%2Fmedia&parent=74"}],"wp:term":[{"taxonomy":"product_cat","embeddable":true,"href":"https:\/\/supexup.formatome.fr\/2024-2025\/MCO2\/V1\/14\/index.php?rest_route=%2Fwp%2Fv2%2Fproduct_cat&post=74"},{"taxonomy":"product_tag","embeddable":true,"href":"https:\/\/supexup.formatome.fr\/2024-2025\/MCO2\/V1\/14\/index.php?rest_route=%2Fwp%2Fv2%2Fproduct_tag&post=74"}],"curies":[{"name":"wp","href":"https:\/\/api.w.org\/{rel}","templated":true}]}}