{"id":84,"date":"2024-10-28T10:40:27","date_gmt":"2024-10-28T09:40:27","guid":{"rendered":"https:\/\/supexup.formatome.fr\/2024-2025\/MCO2\/V1\/13\/?post_type=product&#038;p=84"},"modified":"2024-10-28T10:40:27","modified_gmt":"2024-10-28T09:40:27","slug":"phidippus-regius-juvenile-araignee-exotic","status":"publish","type":"product","link":"https:\/\/supexup.formatome.fr\/2024-2025\/MCO2\/V1\/13\/?product=phidippus-regius-juvenile-araignee-exotic","title":{"rendered":"Phidippus regius, juv\u00e9nile araign\u00e9e exotic"},"content":{"rendered":"<p>Le <em>Phidippus regius<\/em>, aussi appel\u00e9e araign\u00e9e sauteuse royale, est une esp\u00e8ce captivante originaire d\u2019Am\u00e9rique du Nord et des Cara\u00efbes. En version juv\u00e9nile, cette petite araign\u00e9e arbore des teintes douces et souvent plus discr\u00e8tes que les adultes, bien qu&rsquo;elle conserve des motifs distinctifs. Ses grands yeux noirs lui donnent un regard expressif et presque curieux, qui renforce sa r\u00e9putation d\u2019araign\u00e9e \u00ab\u00a0attachante\u00a0\u00bb pour les passionn\u00e9s.<\/p>\n<p>Les jeunes <em>Phidippus regius<\/em> sont de petits acrobates : elles se d\u00e9placent par bonds rapides et pr\u00e9cis, ce qui en fait des chasseuses agiles et efficaces. Leur comportement joueur et leur tol\u00e9rance au contact humain en font des araign\u00e9es tr\u00e8s pris\u00e9es pour l&rsquo;observation et l&rsquo;\u00e9levage.<\/p>\n","protected":false},"excerpt":{"rendered":"<p>Le <em>Phidippus regius<\/em> juv\u00e9nile est une petite araign\u00e9e sauteuse aux motifs subtils et aux grands yeux expressifs. Agile et curieuse, elle se d\u00e9place par bonds rapides, captivant les observateurs par son comportement joueur.<\/p>\n","protected":false},"featured_media":85,"comment_status":"open","ping_status":"closed","template":"","meta":{"_et_pb_use_builder":"","_et_pb_old_content":"","_et_gb_content_width":""},"product_cat":[16],"product_tag":[],"class_list":{"0":"post-84","1":"product","2":"type-product","3":"status-publish","4":"has-post-thumbnail","6":"product_cat-non-classe","8":"first","9":"instock","10":"shipping-taxable","11":"purchasable","12":"product-type-simple"},"jetpack_sharing_enabled":true,"_links":{"self":[{"href":"https:\/\/supexup.formatome.fr\/2024-2025\/MCO2\/V1\/13\/index.php?rest_route=\/wp\/v2\/product\/84","targetHints":{"allow":["GET"]}}],"collection":[{"href":"https:\/\/supexup.formatome.fr\/2024-2025\/MCO2\/V1\/13\/index.php?rest_route=\/wp\/v2\/product"}],"about":[{"href":"https:\/\/supexup.formatome.fr\/2024-2025\/MCO2\/V1\/13\/index.php?rest_route=\/wp\/v2\/types\/product"}],"replies":[{"embeddable":true,"href":"https:\/\/supexup.formatome.fr\/2024-2025\/MCO2\/V1\/13\/index.php?rest_route=%2Fwp%2Fv2%2Fcomments&post=84"}],"wp:featuredmedia":[{"embeddable":true,"href":"https:\/\/supexup.formatome.fr\/2024-2025\/MCO2\/V1\/13\/index.php?rest_route=\/wp\/v2\/media\/85"}],"wp:attachment":[{"href":"https:\/\/supexup.formatome.fr\/2024-2025\/MCO2\/V1\/13\/index.php?rest_route=%2Fwp%2Fv2%2Fmedia&parent=84"}],"wp:term":[{"taxonomy":"product_cat","embeddable":true,"href":"https:\/\/supexup.formatome.fr\/2024-2025\/MCO2\/V1\/13\/index.php?rest_route=%2Fwp%2Fv2%2Fproduct_cat&post=84"},{"taxonomy":"product_tag","embeddable":true,"href":"https:\/\/supexup.formatome.fr\/2024-2025\/MCO2\/V1\/13\/index.php?rest_route=%2Fwp%2Fv2%2Fproduct_tag&post=84"}],"curies":[{"name":"wp","href":"https:\/\/api.w.org\/{rel}","templated":true}]}}