{"id":75,"date":"2024-09-04T16:07:37","date_gmt":"2024-09-04T14:07:37","guid":{"rendered":"https:\/\/supexup.formatome.fr\/2024-2025\/MCO2\/V1\/13\/?post_type=product&#038;p=75"},"modified":"2024-09-04T16:21:26","modified_gmt":"2024-09-04T14:21:26","slug":"boutique-araignee-exotique","status":"publish","type":"product","link":"https:\/\/supexup.formatome.fr\/2024-2025\/MCO2\/V1\/13\/?product=boutique-araignee-exotique","title":{"rendered":"boutique araign\u00e9e exotique"},"content":{"rendered":"<p>c&rsquo;est une boutique d&rsquo;araign\u00e9e exotique dans laquelle vous allez d\u00e9couvrir le monde qui fais peur a tous le monde.<\/p>\n<p>le premier site de r\u00e9f\u00e9rence pour les passionn\u00e9s d\u2019araign\u00e9es exotiques ! Que vous soyez un collectionneur chevronn\u00e9 ou un amateur curieux, nous avons tout ce qu\u2019il vous faut pour enrichir votre collection avec des sp\u00e9cimens rares et fascinants.<\/p>\n<p>Nous sommes fiers de promouvoir la conservation et l\u2019\u00e9levage durable. Nos araign\u00e9es sont issues de programmes d\u2019\u00e9levage responsables, respectueux des r\u00e9glementations internationales et des normes \u00e9thiques.<\/p>\n","protected":false},"excerpt":{"rendered":"<p>c&rsquo;est une boutique d&rsquo;araign\u00e9e exotique dans laquelle vous allez d\u00e9couvrir le monde qui fais peur a tous le monde. le premier site de r\u00e9f\u00e9rence pour les passionn\u00e9s d\u2019araign\u00e9es exotiques ! Que vous soyez un collectionneur chevronn\u00e9 ou un amateur curieux, nous avons tout ce qu\u2019il vous faut pour enrichir votre collection avec des sp\u00e9cimens rares [&hellip;]<\/p>\n","protected":false},"featured_media":0,"comment_status":"open","ping_status":"closed","template":"","meta":{"_et_pb_use_builder":"","_et_pb_old_content":"","_et_gb_content_width":""},"product_cat":[16],"product_tag":[],"class_list":{"0":"post-75","1":"product","2":"type-product","3":"status-publish","5":"product_cat-non-classe","7":"first","8":"instock","9":"shipping-taxable","10":"product-type-simple"},"jetpack_sharing_enabled":true,"_links":{"self":[{"href":"https:\/\/supexup.formatome.fr\/2024-2025\/MCO2\/V1\/13\/index.php?rest_route=\/wp\/v2\/product\/75","targetHints":{"allow":["GET"]}}],"collection":[{"href":"https:\/\/supexup.formatome.fr\/2024-2025\/MCO2\/V1\/13\/index.php?rest_route=\/wp\/v2\/product"}],"about":[{"href":"https:\/\/supexup.formatome.fr\/2024-2025\/MCO2\/V1\/13\/index.php?rest_route=\/wp\/v2\/types\/product"}],"replies":[{"embeddable":true,"href":"https:\/\/supexup.formatome.fr\/2024-2025\/MCO2\/V1\/13\/index.php?rest_route=%2Fwp%2Fv2%2Fcomments&post=75"}],"wp:attachment":[{"href":"https:\/\/supexup.formatome.fr\/2024-2025\/MCO2\/V1\/13\/index.php?rest_route=%2Fwp%2Fv2%2Fmedia&parent=75"}],"wp:term":[{"taxonomy":"product_cat","embeddable":true,"href":"https:\/\/supexup.formatome.fr\/2024-2025\/MCO2\/V1\/13\/index.php?rest_route=%2Fwp%2Fv2%2Fproduct_cat&post=75"},{"taxonomy":"product_tag","embeddable":true,"href":"https:\/\/supexup.formatome.fr\/2024-2025\/MCO2\/V1\/13\/index.php?rest_route=%2Fwp%2Fv2%2Fproduct_tag&post=75"}],"curies":[{"name":"wp","href":"https:\/\/api.w.org\/{rel}","templated":true}]}}