{"id":89,"date":"2024-10-28T10:05:33","date_gmt":"2024-10-28T09:05:33","guid":{"rendered":"https:\/\/supexup.formatome.fr\/2024-2025\/MCO2\/V1\/12\/?page_id=89"},"modified":"2024-10-28T10:05:42","modified_gmt":"2024-10-28T09:05:42","slug":"kekelamala","status":"publish","type":"page","link":"https:\/\/supexup.formatome.fr\/2024-2025\/MCO2\/V1\/12\/kekelamala\/","title":{"rendered":"KEKELAMALA"},"content":{"rendered":"<p>[et_pb_section fb_built=\u00a0\u00bb1&Prime; theme_builder_area=\u00a0\u00bbpost_content\u00a0\u00bb _builder_version=\u00a0\u00bb4.27.0&Prime; _module_preset=\u00a0\u00bbdefault\u00a0\u00bb][et_pb_row _builder_version=\u00a0\u00bb4.27.0&Prime; _module_preset=\u00a0\u00bbdefault\u00a0\u00bb column_structure=\u00a0\u00bb1_2,1_2&Prime; theme_builder_area=\u00a0\u00bbpost_content\u00a0\u00bb hover_enabled=\u00a0\u00bb0&Prime; sticky_enabled=\u00a0\u00bb0&Prime;][et_pb_column _builder_version=\u00a0\u00bb4.27.0&Prime; _module_preset=\u00a0\u00bbdefault\u00a0\u00bb type=\u00a0\u00bb1_2&Prime; theme_builder_area=\u00a0\u00bbpost_content\u00a0\u00bb][et_pb_image src=\u00a0\u00bbhttp:\/\/supexup.formatome.fr\/2024-2025\/MCO2\/V1\/12\/wp-content\/uploads\/2024\/10\/aya-nakamura-showcase.webp\u00a0\u00bb _builder_version=\u00a0\u00bb4.27.0&Prime; _module_preset=\u00a0\u00bbdefault\u00a0\u00bb theme_builder_area=\u00a0\u00bbpost_content\u00a0\u00bb hover_enabled=\u00a0\u00bb0&Prime; sticky_enabled=\u00a0\u00bb0&Prime; title_text=\u00a0\u00bbaya nakamura showcase\u00a0\u00bb][\/et_pb_image][\/et_pb_column][et_pb_column _builder_version=\u00a0\u00bb4.27.0&Prime; _module_preset=\u00a0\u00bbdefault\u00a0\u00bb type=\u00a0\u00bb1_2&Prime; theme_builder_area=\u00a0\u00bbpost_content\u00a0\u00bb][et_pb_text _builder_version=\u00a0\u00bb4.27.0&Prime; _module_preset=\u00a0\u00bbdefault\u00a0\u00bb theme_builder_area=\u00a0\u00bbpost_content\u00a0\u00bb hover_enabled=\u00a0\u00bb0&Prime; sticky_enabled=\u00a0\u00bb0&Prime;]<\/p>\n<p>Tout a commencer durant l&rsquo;\u00e9t\u00e9 2022, mon ami et moi nous rendions en club \u00e0 saint-tropez. Au cour de la soir\u00e9e nous nous sommes li\u00e9e d&rsquo;amiti\u00e9 avec le patron et celui-ci nous expliquer \u00e0 quel point il \u00e9t\u00e9 difficile pour lui et son \u00e9quipe de booker un rappeur pour un showcase. Et ni une ni deux mon amis et moi avons eu l&rsquo;id\u00e9e de ce concept. Le but de notre d\u00e9marche est donc de faciliter la prise de rendez-vous de rappeur pour les patrons de club.<\/p>\n<p>[\/et_pb_text][\/et_pb_column][\/et_pb_row][\/et_pb_section]<\/p>\n","protected":false},"excerpt":{"rendered":"<p>Tout a commencer durant l&rsquo;\u00e9t\u00e9 2022, mon ami et moi nous rendions en club \u00e0 saint-tropez. Au cour de la soir\u00e9e nous nous sommes li\u00e9e d&rsquo;amiti\u00e9 avec le patron et celui-ci nous expliquer \u00e0 quel point il \u00e9t\u00e9 difficile pour lui et son \u00e9quipe de booker un rappeur pour un showcase. Et ni une ni [&hellip;]<\/p>\n","protected":false},"author":1,"featured_media":0,"parent":0,"menu_order":0,"comment_status":"closed","ping_status":"closed","template":"","meta":{"_et_pb_use_builder":"on","_et_pb_old_content":"","_et_gb_content_width":"","footnotes":""},"class_list":["post-89","page","type-page","status-publish","hentry"],"jetpack_sharing_enabled":true,"_links":{"self":[{"href":"https:\/\/supexup.formatome.fr\/2024-2025\/MCO2\/V1\/12\/wp-json\/wp\/v2\/pages\/89","targetHints":{"allow":["GET"]}}],"collection":[{"href":"https:\/\/supexup.formatome.fr\/2024-2025\/MCO2\/V1\/12\/wp-json\/wp\/v2\/pages"}],"about":[{"href":"https:\/\/supexup.formatome.fr\/2024-2025\/MCO2\/V1\/12\/wp-json\/wp\/v2\/types\/page"}],"author":[{"embeddable":true,"href":"https:\/\/supexup.formatome.fr\/2024-2025\/MCO2\/V1\/12\/wp-json\/wp\/v2\/users\/1"}],"replies":[{"embeddable":true,"href":"https:\/\/supexup.formatome.fr\/2024-2025\/MCO2\/V1\/12\/wp-json\/wp\/v2\/comments?post=89"}],"version-history":[{"count":2,"href":"https:\/\/supexup.formatome.fr\/2024-2025\/MCO2\/V1\/12\/wp-json\/wp\/v2\/pages\/89\/revisions"}],"predecessor-version":[{"id":93,"href":"https:\/\/supexup.formatome.fr\/2024-2025\/MCO2\/V1\/12\/wp-json\/wp\/v2\/pages\/89\/revisions\/93"}],"wp:attachment":[{"href":"https:\/\/supexup.formatome.fr\/2024-2025\/MCO2\/V1\/12\/wp-json\/wp\/v2\/media?parent=89"}],"curies":[{"name":"wp","href":"https:\/\/api.w.org\/{rel}","templated":true}]}}