{"id":6,"date":"2024-09-04T15:28:34","date_gmt":"2024-09-04T13:28:34","guid":{"rendered":"http:\/\/supexup.formatome.fr\/2024-2025\/MCO2\/V1\/12\/?page_id=6"},"modified":"2024-09-04T15:28:34","modified_gmt":"2024-09-04T13:28:34","slug":"booking-showcase","status":"publish","type":"page","link":"https:\/\/supexup.formatome.fr\/2024-2025\/MCO2\/V1\/12\/booking-showcase\/","title":{"rendered":"BOOKING SHOWCASE"},"content":{"rendered":"<p class=\"has-text-align-center\">          <strong>KEKELAMALA propose un large choix de rappeur pour organiser vos   meilleur showcase !<\/strong><\/p><div class=\"wp-block-group alignfull has-contrast-color has-text-color has-link-color wp-elements-37a31bcca9ece742a6ba8ab3bdfd339a is-content-justification-left is-layout-constrained wp-container-core-group-is-layout-4515af47 wp-block-group-is-layout-constrained\" style=\"padding-top:var(--wp--preset--spacing--50);padding-right:var(--wp--preset--spacing--50);padding-bottom:var(--wp--preset--spacing--50);padding-left:var(--wp--preset--spacing--50)\"><div class=\"wp-block-group alignwide is-content-justification-right is-layout-constrained wp-container-core-group-is-layout-c68b98da wp-block-group-is-layout-constrained\"><div style=\"height:1.25rem\" aria-hidden=\"true\" class=\"wp-block-spacer\"><\/div>\n\n<div class=\"wp-block-buttons is-content-justification-space-between is-layout-flex wp-container-core-buttons-is-layout-3d213aab wp-block-buttons-is-layout-flex\"><div class=\"wp-block-button has-custom-width wp-block-button__width-75 is-style-fill\"><a class=\"wp-block-button__link wp-element-button\"><strong>NOS RAPPEUR ET LEUR PRIX :<\/strong><\/a><\/div><\/div>\n\n<div style=\"height:1.25rem\" aria-hidden=\"true\" class=\"wp-block-spacer\"><\/div><\/div>\n\n<figure class=\"wp-block-image alignwide size-full is-style-default\"><img loading=\"lazy\" decoding=\"async\" width=\"580\" height=\"580\" src=\"http:\/\/supexup.formatome.fr\/2024-2025\/MCO2\/V1\/12\/wp-content\/uploads\/2024\/09\/JUL-JUL-JUL.jpg\" alt=\"\" class=\"wp-image-8\" srcset=\"https:\/\/supexup.formatome.fr\/2024-2025\/MCO2\/V1\/12\/wp-content\/uploads\/2024\/09\/JUL-JUL-JUL.jpg 580w, https:\/\/supexup.formatome.fr\/2024-2025\/MCO2\/V1\/12\/wp-content\/uploads\/2024\/09\/JUL-JUL-JUL-300x300.jpg 300w, https:\/\/supexup.formatome.fr\/2024-2025\/MCO2\/V1\/12\/wp-content\/uploads\/2024\/09\/JUL-JUL-JUL-100x100.jpg 100w, https:\/\/supexup.formatome.fr\/2024-2025\/MCO2\/V1\/12\/wp-content\/uploads\/2024\/09\/JUL-JUL-JUL-150x150.jpg 150w\" sizes=\"auto, (max-width: 580px) 100vw, 580px\" \/><figcaption class=\"wp-element-caption\"><br>                                                                              <strong><mark style=\"background-color:rgba(0, 0, 0, 0)\" class=\"has-inline-color has-contrast-color\">JUL : Disponibilit\u00e9 en MP, prix 200K<\/mark><\/strong><\/figcaption><\/figure>\n\n<figure class=\"wp-block-image size-large is-resized\"><img loading=\"lazy\" decoding=\"async\" width=\"1024\" height=\"724\" src=\"http:\/\/supexup.formatome.fr\/2024-2025\/MCO2\/V1\/12\/wp-content\/uploads\/2024\/09\/image-1024x724.png\" alt=\"\" class=\"wp-image-9\" style=\"width:810px;height:auto\" srcset=\"https:\/\/supexup.formatome.fr\/2024-2025\/MCO2\/V1\/12\/wp-content\/uploads\/2024\/09\/image-1024x724.png 1024w, https:\/\/supexup.formatome.fr\/2024-2025\/MCO2\/V1\/12\/wp-content\/uploads\/2024\/09\/image-600x424.png 600w, https:\/\/supexup.formatome.fr\/2024-2025\/MCO2\/V1\/12\/wp-content\/uploads\/2024\/09\/image-300x212.png 300w, https:\/\/supexup.formatome.fr\/2024-2025\/MCO2\/V1\/12\/wp-content\/uploads\/2024\/09\/image-768x543.png 768w, https:\/\/supexup.formatome.fr\/2024-2025\/MCO2\/V1\/12\/wp-content\/uploads\/2024\/09\/image-1536x1085.png 1536w, https:\/\/supexup.formatome.fr\/2024-2025\/MCO2\/V1\/12\/wp-content\/uploads\/2024\/09\/image-2048x1447.png 2048w\" sizes=\"auto, (max-width: 1024px) 100vw, 1024px\" \/><\/figure>\n\n<p class=\"has-text-align-center has-contrast-color has-text-color has-link-color has-small-font-size wp-elements-2c9b4148dca602465a6cae00a38958fc\">                                         <strong>SDM : Disponible tout l&rsquo;hiver, prix 25K<\/strong><\/p>\n\n<figure class=\"wp-block-image size-full is-resized\"><img loading=\"lazy\" decoding=\"async\" width=\"580\" height=\"387\" src=\"http:\/\/supexup.formatome.fr\/2024-2025\/MCO2\/V1\/12\/wp-content\/uploads\/2024\/09\/KOBA-KOBA-KOBA.webp\" alt=\"\" class=\"wp-image-10\" style=\"width:816px;height:auto\" srcset=\"https:\/\/supexup.formatome.fr\/2024-2025\/MCO2\/V1\/12\/wp-content\/uploads\/2024\/09\/KOBA-KOBA-KOBA.webp 580w, https:\/\/supexup.formatome.fr\/2024-2025\/MCO2\/V1\/12\/wp-content\/uploads\/2024\/09\/KOBA-KOBA-KOBA-300x200.webp 300w\" sizes=\"auto, (max-width: 580px) 100vw, 580px\" \/><\/figure>\n\n<p class=\"has-text-align-right has-contrast-color has-text-color has-link-color has-small-font-size wp-elements-df9af66e2bc59aa254545ece8ccc495f\">                                                      <strong>Koba La D : Disponibilit\u00e9 24h\/24 ce que d\u00e9place sur Paris  (disponibilit\u00e9 pour aussi m&rsquo;avoir dans les loges), prix 30K + un flash<\/strong><\/p>\n\n<figure class=\"wp-block-image size-full is-resized\"><img loading=\"lazy\" decoding=\"async\" width=\"844\" height=\"1024\" src=\"http:\/\/supexup.formatome.fr\/2024-2025\/MCO2\/V1\/12\/wp-content\/uploads\/2024\/09\/AYA-NAKAKAKAKA.webp\" alt=\"\" class=\"wp-image-11\" style=\"width:811px;height:auto\" srcset=\"https:\/\/supexup.formatome.fr\/2024-2025\/MCO2\/V1\/12\/wp-content\/uploads\/2024\/09\/AYA-NAKAKAKAKA.webp 844w, https:\/\/supexup.formatome.fr\/2024-2025\/MCO2\/V1\/12\/wp-content\/uploads\/2024\/09\/AYA-NAKAKAKAKA-600x728.webp 600w, https:\/\/supexup.formatome.fr\/2024-2025\/MCO2\/V1\/12\/wp-content\/uploads\/2024\/09\/AYA-NAKAKAKAKA-247x300.webp 247w, https:\/\/supexup.formatome.fr\/2024-2025\/MCO2\/V1\/12\/wp-content\/uploads\/2024\/09\/AYA-NAKAKAKAKA-768x932.webp 768w\" sizes=\"auto, (max-width: 844px) 100vw, 844px\" \/><\/figure>\n\n<p class=\"has-small-font-size\">                                             <strong>Aya Nakamura : Disponibilit\u00e9 tr\u00e8s limit\u00e9 (voir en MP), prix 150K<\/strong><\/p>\n\n<figure class=\"wp-block-image size-large is-resized\"><img loading=\"lazy\" decoding=\"async\" width=\"1024\" height=\"750\" src=\"http:\/\/supexup.formatome.fr\/2024-2025\/MCO2\/V1\/12\/wp-content\/uploads\/2024\/09\/LACRIM-1024x750.jpg\" alt=\"\" class=\"wp-image-12\" style=\"width:814px;height:auto\" srcset=\"https:\/\/supexup.formatome.fr\/2024-2025\/MCO2\/V1\/12\/wp-content\/uploads\/2024\/09\/LACRIM-1024x750.jpg 1024w, https:\/\/supexup.formatome.fr\/2024-2025\/MCO2\/V1\/12\/wp-content\/uploads\/2024\/09\/LACRIM-600x440.jpg 600w, https:\/\/supexup.formatome.fr\/2024-2025\/MCO2\/V1\/12\/wp-content\/uploads\/2024\/09\/LACRIM-300x220.jpg 300w, https:\/\/supexup.formatome.fr\/2024-2025\/MCO2\/V1\/12\/wp-content\/uploads\/2024\/09\/LACRIM-768x563.jpg 768w, https:\/\/supexup.formatome.fr\/2024-2025\/MCO2\/V1\/12\/wp-content\/uploads\/2024\/09\/LACRIM.jpg 1440w\" sizes=\"auto, (max-width: 1024px) 100vw, 1024px\" \/><\/figure>\n\n<p class=\"has-contrast-color has-text-color has-link-color has-small-font-size wp-elements-c9cda0e5193e7115f6ba76e897789c48\">                                    <strong>Lacrim : Disponibilit\u00e9 uniquement au mois de juillet et ao\u00fbt, prix 13K<\/strong><\/p><\/div><div class=\"wp-block-group alignfull has-base-2-background-color has-background is-layout-constrained wp-container-core-group-is-layout-2bafd31c wp-block-group-is-layout-constrained\" style=\"margin-top:0;margin-bottom:0;padding-top:var(--wp--preset--spacing--50);padding-right:var(--wp--preset--spacing--50);padding-bottom:var(--wp--preset--spacing--50);padding-left:var(--wp--preset--spacing--50)\"><div class=\"wp-block-group is-vertical is-content-justification-center is-layout-flex wp-container-core-group-is-layout-7681721f wp-block-group-is-layout-flex\"><h2 class=\"wp-block-heading has-text-align-center is-style-asterisk\">A passion for creating spaces<\/h2>\n\n<div style=\"height:0px\" aria-hidden=\"true\" class=\"wp-block-spacer wp-container-content-4f2ccadb\"><\/div>\n\n<p class=\"has-text-align-center\">Our comprehensive suite of professional services caters to a diverse clientele, ranging from homeowners to commercial developers.<\/p><\/div>\n\n<div style=\"margin-top:0;margin-bottom:0;height:var(--wp--preset--spacing--40)\" aria-hidden=\"true\" class=\"wp-block-spacer\"><\/div>\n\n<div class=\"wp-block-columns alignwide is-layout-flex wp-container-core-columns-is-layout-2aabe216 wp-block-columns-is-layout-flex\"><div class=\"wp-block-column is-layout-flow wp-block-column-is-layout-flow\"><h3 class=\"wp-block-heading has-text-align-left is-style-asterisk has-body-font-family has-medium-font-size\" style=\"font-style:normal;font-weight:600\">Renovation and restoration<\/h3>\n\n<p class=\"has-text-align-left\">Experience the fusion of imagination and expertise with \u00c9tudes Architectural Solutions.<\/p><\/div>\n\n<div class=\"wp-block-column is-layout-flow wp-block-column-is-layout-flow\"><h3 class=\"wp-block-heading has-text-align-left is-style-asterisk has-body-font-family has-medium-font-size\" style=\"font-style:normal;font-weight:600\">Continuous Support<\/h3>\n\n<p class=\"has-text-align-left\">Experience the fusion of imagination and expertise with \u00c9tudes Architectural Solutions.<\/p><\/div>\n\n<div class=\"wp-block-column is-layout-flow wp-block-column-is-layout-flow\"><h3 class=\"wp-block-heading has-text-align-left is-style-asterisk has-body-font-family has-medium-font-size\" style=\"font-style:normal;font-weight:600\">App Access<\/h3>\n\n<p class=\"has-text-align-left\">Experience the fusion of imagination and expertise with \u00c9tudes Architectural Solutions.<\/p><\/div><\/div>\n\n<div style=\"height:var(--wp--preset--spacing--20)\" aria-hidden=\"true\" class=\"wp-block-spacer\"><\/div>\n\n<div class=\"wp-block-columns alignwide is-layout-flex wp-container-core-columns-is-layout-2aabe216 wp-block-columns-is-layout-flex\"><div class=\"wp-block-column is-layout-flow wp-block-column-is-layout-flow\"><h3 class=\"wp-block-heading has-text-align-left is-style-asterisk has-body-font-family has-medium-font-size\" style=\"font-style:normal;font-weight:600\">Consulting<\/h3>\n\n<p class=\"has-text-align-left\">Experience the fusion of imagination and expertise with \u00c9tudes Architectural Solutions.<\/p><\/div>\n\n<div class=\"wp-block-column is-layout-flow wp-block-column-is-layout-flow\"><h3 class=\"wp-block-heading has-text-align-left is-style-asterisk has-body-font-family has-medium-font-size\" style=\"font-style:normal;font-weight:600\">Project Management<\/h3>\n\n<p class=\"has-text-align-left\">Experience the fusion of imagination and expertise with \u00c9tudes Architectural Solutions.<\/p><\/div>\n\n<div class=\"wp-block-column is-layout-flow wp-block-column-is-layout-flow\"><h3 class=\"wp-block-heading has-text-align-left is-style-asterisk has-body-font-family has-medium-font-size\" style=\"font-style:normal;font-weight:600\">Architectural Solutions<\/h3>\n\n<p class=\"has-text-align-left\">Experience the fusion of imagination and expertise with \u00c9tudes Architectural Solutions.<\/p><\/div><\/div><\/div><div class=\"wp-block-group alignfull is-layout-constrained wp-container-core-group-is-layout-9cf8f26d wp-block-group-is-layout-constrained\" style=\"margin-top:0;margin-bottom:0;padding-top:var(--wp--preset--spacing--50);padding-right:var(--wp--preset--spacing--50);padding-bottom:var(--wp--preset--spacing--50);padding-left:var(--wp--preset--spacing--50)\"><div class=\"wp-block-group alignwide is-layout-constrained wp-block-group-is-layout-constrained\"><div class=\"wp-block-group is-vertical is-content-justification-center is-layout-flex wp-container-core-group-is-layout-a170cc76 wp-block-group-is-layout-flex\"><h2 class=\"wp-block-heading has-text-align-center is-style-asterisk\">An array of resources<\/h2>\n\n<p class=\"has-text-align-center\">Our comprehensive suite of professional services caters to a diverse clientele, ranging from homeowners to commercial developers.<\/p><\/div>\n\n<div style=\"height:var(--wp--preset--spacing--40)\" aria-hidden=\"true\" class=\"wp-block-spacer\"><\/div>\n\n<div class=\"wp-block-columns alignwide is-layout-flex wp-container-core-columns-is-layout-b1b80ead wp-block-columns-is-layout-flex\"><div class=\"wp-block-column is-vertically-aligned-center is-layout-flow wp-block-column-is-layout-flow\" style=\"flex-basis:40%\"><h3 class=\"wp-block-heading is-style-asterisk\">\u00c9tudes Architect App<\/h3>\n\n<ul style=\"line-height:1.75\" class=\"wp-block-list is-style-checkmark-list\"><li>Collaborate with fellow architects.<\/li>\n\n<li>Showcase your projects.<\/li>\n\n<li>Experience the world of architecture.<\/li><\/ul><\/div>\n\n<div class=\"wp-block-column is-layout-flow wp-block-column-is-layout-flow\" style=\"flex-basis:50%\"><figure class=\"wp-block-image size-large is-style-rounded\"><img decoding=\"async\" src=\"http:\/\/supexup.formatome.fr\/2024-2025\/MCO2\/V1\/12\/wp-content\/themes\/twentytwentyfour\/assets\/images\/tourist-and-building.webp\" alt=\"Tourist taking photo of a building\"\/><\/figure><\/div><\/div>\n\n<div style=\"height:var(--wp--preset--spacing--40)\" aria-hidden=\"true\" class=\"wp-block-spacer\"><\/div>\n\n<div class=\"wp-block-columns alignwide is-layout-flex wp-container-core-columns-is-layout-b1b80ead wp-block-columns-is-layout-flex\"><div class=\"wp-block-column is-layout-flow wp-block-column-is-layout-flow\" style=\"flex-basis:50%\"><figure class=\"wp-block-image size-large is-style-rounded\"><img decoding=\"async\" src=\"http:\/\/supexup.formatome.fr\/2024-2025\/MCO2\/V1\/12\/wp-content\/themes\/twentytwentyfour\/assets\/images\/windows.webp\" alt=\"Windows of a building in Nuremberg, Germany\"\/><\/figure><\/div>\n\n<div class=\"wp-block-column is-vertically-aligned-center is-layout-flow wp-block-column-is-layout-flow\" style=\"flex-basis:40%\"><h3 class=\"wp-block-heading is-style-asterisk\">\u00c9tudes Newsletter<\/h3>\n\n<ul style=\"line-height:1.75\" class=\"wp-block-list is-style-checkmark-list\"><li>A world of thought-provoking articles.<\/li>\n\n<li>Case studies that celebrate architecture.<\/li>\n\n<li>Exclusive access to design insights.<\/li><\/ul><\/div><\/div><\/div><\/div><div class=\"wp-block-group alignfull has-base-color has-contrast-background-color has-text-color has-background is-layout-constrained wp-container-core-group-is-layout-6b0914bc wp-block-group-is-layout-constrained\" style=\"margin-top:0;margin-bottom:0;padding-top:var(--wp--preset--spacing--60);padding-right:var(--wp--preset--spacing--60);padding-bottom:var(--wp--preset--spacing--60);padding-left:var(--wp--preset--spacing--60)\"><div class=\"wp-block-group is-layout-constrained wp-block-group-is-layout-constrained\"><p class=\"has-text-align-center has-base-color has-text-color has-heading-font-family has-x-large-font-size\" style=\"line-height:1.2\">\n\t\t\t<em>\u201c\u00c9tudes has saved us thousands of hours of work and has unlocked insights we never thought possible.\u201d<\/em>\n\t\t<\/p>\n\n<div style=\"height:var(--wp--preset--spacing--10)\" aria-hidden=\"true\" class=\"wp-block-spacer\"><\/div>\n\n<div class=\"wp-block-group is-vertical is-content-justification-center is-nowrap is-layout-flex wp-container-core-group-is-layout-a9ff9874 wp-block-group-is-layout-flex\">\n\n<p class=\"has-text-align-center\" style=\"margin-top:var(--wp--preset--spacing--10);margin-bottom:0\">Annie Steiner<\/p>\n\n<p class=\"has-text-align-center has-contrast-3-color has-text-color has-small-font-size\" style=\"font-style:normal;font-weight:300\">CEO, Greenprint<\/p><\/div><\/div><\/div><div class=\"wp-block-group alignfull is-layout-constrained wp-container-core-group-is-layout-9cf8f26d wp-block-group-is-layout-constrained\" style=\"margin-top:0;margin-bottom:0;padding-top:var(--wp--preset--spacing--50);padding-right:var(--wp--preset--spacing--50);padding-bottom:var(--wp--preset--spacing--50);padding-left:var(--wp--preset--spacing--50)\"><h2 class=\"wp-block-heading alignwide has-x-large-font-size\" style=\"margin-top:0;margin-bottom:var(--wp--preset--spacing--40);line-height:1\">Watch, Read, Listen<\/h2>\n\n<div class=\"wp-block-group alignwide is-layout-constrained wp-block-group-is-layout-constrained\"><div class=\"wp-block-query alignwide is-layout-flow wp-block-query-is-layout-flow\">\n\n<div style=\"height:var(--wp--preset--spacing--30)\" aria-hidden=\"true\" class=\"wp-block-spacer\"><\/div>\n\n\n\n<div class=\"wp-block-query-no-results\">\n<p>No posts were found.<\/p>\n<\/div><\/div><\/div><\/div><div class=\"wp-block-group alignfull is-layout-constrained wp-container-core-group-is-layout-9cf8f26d wp-block-group-is-layout-constrained\" style=\"margin-top:0;margin-bottom:0;padding-top:var(--wp--preset--spacing--50);padding-right:var(--wp--preset--spacing--50);padding-bottom:var(--wp--preset--spacing--50);padding-left:var(--wp--preset--spacing--50)\"><div class=\"wp-block-group alignwide has-base-2-background-color has-background is-layout-constrained wp-container-core-group-is-layout-282d97d7 wp-block-group-is-layout-constrained\" style=\"border-radius:16px;padding-top:var(--wp--preset--spacing--40);padding-right:var(--wp--preset--spacing--50);padding-bottom:var(--wp--preset--spacing--40);padding-left:var(--wp--preset--spacing--50)\"><div style=\"height:var(--wp--preset--spacing--10)\" aria-hidden=\"true\" class=\"wp-block-spacer\"><\/div>\n\n<h2 class=\"wp-block-heading has-text-align-center has-x-large-font-size\">Join 900+ subscribers<\/h2>\n\n<p class=\"has-text-align-center\">Stay in the loop with everything you need to know.<\/p>\n\n<div class=\"wp-block-buttons is-content-justification-center is-layout-flex wp-container-core-buttons-is-layout-16018d1d wp-block-buttons-is-layout-flex\"><div class=\"wp-block-button\"><a class=\"wp-block-button__link wp-element-button\">Sign up<\/a><\/div><\/div>\n\n<div style=\"height:var(--wp--preset--spacing--10)\" aria-hidden=\"true\" class=\"wp-block-spacer\"><\/div><\/div><\/div>","protected":false},"excerpt":{"rendered":"<p>KEKELAMALA propose un large choix de rappeur pour organiser vos meilleur showcase ! SDM : Disponible tout l&rsquo;hiver, prix 25K Koba La D : Disponibilit\u00e9 24h\/24 ce que d\u00e9place sur Paris (disponibilit\u00e9 pour aussi m&rsquo;avoir dans les loges), prix 30K + un flash Aya Nakamura : Disponibilit\u00e9 tr\u00e8s limit\u00e9 (voir en MP), prix 150K Lacrim [&hellip;]<\/p>\n","protected":false},"author":1,"featured_media":0,"parent":0,"menu_order":0,"comment_status":"closed","ping_status":"closed","template":"","meta":{"_et_pb_use_builder":"","_et_pb_old_content":"","_et_gb_content_width":"","footnotes":""},"class_list":["post-6","page","type-page","status-publish","hentry"],"jetpack_sharing_enabled":true,"_links":{"self":[{"href":"https:\/\/supexup.formatome.fr\/2024-2025\/MCO2\/V1\/12\/wp-json\/wp\/v2\/pages\/6","targetHints":{"allow":["GET"]}}],"collection":[{"href":"https:\/\/supexup.formatome.fr\/2024-2025\/MCO2\/V1\/12\/wp-json\/wp\/v2\/pages"}],"about":[{"href":"https:\/\/supexup.formatome.fr\/2024-2025\/MCO2\/V1\/12\/wp-json\/wp\/v2\/types\/page"}],"author":[{"embeddable":true,"href":"https:\/\/supexup.formatome.fr\/2024-2025\/MCO2\/V1\/12\/wp-json\/wp\/v2\/users\/1"}],"replies":[{"embeddable":true,"href":"https:\/\/supexup.formatome.fr\/2024-2025\/MCO2\/V1\/12\/wp-json\/wp\/v2\/comments?post=6"}],"version-history":[{"count":1,"href":"https:\/\/supexup.formatome.fr\/2024-2025\/MCO2\/V1\/12\/wp-json\/wp\/v2\/pages\/6\/revisions"}],"predecessor-version":[{"id":13,"href":"https:\/\/supexup.formatome.fr\/2024-2025\/MCO2\/V1\/12\/wp-json\/wp\/v2\/pages\/6\/revisions\/13"}],"wp:attachment":[{"href":"https:\/\/supexup.formatome.fr\/2024-2025\/MCO2\/V1\/12\/wp-json\/wp\/v2\/media?parent=6"}],"curies":[{"name":"wp","href":"https:\/\/api.w.org\/{rel}","templated":true}]}}