{"id":8,"date":"2024-09-04T15:28:32","date_gmt":"2024-09-04T13:28:32","guid":{"rendered":"http:\/\/supexup.formatome.fr\/2024-2025\/MCO2\/V1\/11\/?page_id=8"},"modified":"2024-09-04T15:28:32","modified_gmt":"2024-09-04T13:28:32","slug":"agence-renardo","status":"publish","type":"page","link":"https:\/\/supexup.formatome.fr\/2024-2025\/MCO2\/V1\/11\/agence-renardo\/","title":{"rendered":"AGENCE RENARDO"},"content":{"rendered":"<div class=\"wp-block-group alignfull has-background is-nowrap is-layout-flex wp-container-core-group-is-layout-b5abd03e wp-block-group-is-layout-flex\" style=\"background-color:#70c8c8;margin-top:0;margin-bottom:0;padding-top:var(--wp--preset--spacing--50);padding-right:var(--wp--preset--spacing--50);padding-bottom:var(--wp--preset--spacing--50);padding-left:var(--wp--preset--spacing--50)\"><div class=\"wp-block-columns alignwide is-layout-flex wp-container-core-columns-is-layout-28f84493 wp-block-columns-is-layout-flex\"><div class=\"wp-block-column is-layout-flow wp-block-column-is-layout-flow\" style=\"flex-basis:60%\"><p class=\"has-text-align-center has-heading-font-family has-medium-font-size\" style=\"line-height:1.2\">  Bienvenue chez l&#8217;agence RENARDO. <\/p>\n\n<p class=\"has-text-align-center has-heading-font-family has-medium-font-size\" style=\"line-height:1.2\">Nous sommes ici pour vous aider \u00e0 r\u00e9aliser vos r\u00eaves de voyage. Que vous cherchiez \u00e0 explorer de nouvelles destinations, \u00e0 vous d\u00e9tendre au soleil, ou \u00e0 vivre des aventures inoubliables!!!<\/p>\n\n<p class=\"has-text-align-center has-heading-font-family has-medium-font-size\" style=\"line-height:1.2\">Avec nous, chaque voyage devient une exp\u00e9rience unique. Partez l&#8217;esprit tranquille, nous nous occupons de tout.<\/p><\/div><\/div>\n\n<div style=\"height:min(4rem, 5vw);width:0px\" aria-hidden=\"true\" class=\"wp-block-spacer wp-container-content-9760934e\"><\/div>\n\n<figure class=\"wp-block-image alignwide size-full is-style-rounded is-style-rounded--1\"><img loading=\"lazy\" decoding=\"async\" width=\"1920\" height=\"1080\" src=\"http:\/\/supexup.formatome.fr\/2024-2025\/MCO2\/V1\/11\/wp-content\/uploads\/2024\/09\/e.webp\" alt=\"\" class=\"wp-image-9\" srcset=\"https:\/\/supexup.formatome.fr\/2024-2025\/MCO2\/V1\/11\/wp-content\/uploads\/2024\/09\/e.webp 1920w, https:\/\/supexup.formatome.fr\/2024-2025\/MCO2\/V1\/11\/wp-content\/uploads\/2024\/09\/e-300x169.webp 300w, https:\/\/supexup.formatome.fr\/2024-2025\/MCO2\/V1\/11\/wp-content\/uploads\/2024\/09\/e-1024x576.webp 1024w, https:\/\/supexup.formatome.fr\/2024-2025\/MCO2\/V1\/11\/wp-content\/uploads\/2024\/09\/e-768x432.webp 768w, https:\/\/supexup.formatome.fr\/2024-2025\/MCO2\/V1\/11\/wp-content\/uploads\/2024\/09\/e-1536x864.webp 1536w\" sizes=\"auto, (max-width: 1920px) 100vw, 1920px\" \/><\/figure><\/div><div class=\"wp-block-group alignfull has-base-background-color has-background has-global-padding is-layout-constrained wp-container-core-group-is-layout-d89aad35 wp-block-group-is-layout-constrained\" style=\"margin-top:0;margin-bottom:0;padding-top:var(--wp--preset--spacing--50);padding-right:var(--wp--preset--spacing--50);padding-bottom:var(--wp--preset--spacing--50);padding-left:var(--wp--preset--spacing--50)\"><div class=\"wp-block-columns alignwide is-layout-flex wp-container-core-columns-is-layout-549b0c86 wp-block-columns-is-layout-flex\"><div class=\"wp-block-column has-global-padding is-content-justification-left is-layout-constrained wp-container-core-column-is-layout-4f15e8fe wp-block-column-is-layout-constrained\" style=\"flex-basis:40%\"><p>The revitalized art gallery is set to redefine cultural landscape.<\/p><\/div>\n\n<div class=\"wp-block-column is-layout-flow wp-container-core-column-is-layout-119bc444 wp-block-column-is-layout-flow\" style=\"flex-basis:60%\"><p class=\"has-heading-font-family has-x-large-font-size\" style=\"line-height:1.2\">With meticulous attention to detail and a commitment to excellence, we create spaces that inspire, elevate, and enrich the lives of those who inhabit them.<\/p>\n\n<div class=\"wp-block-columns is-layout-flex wp-container-core-columns-is-layout-87beb0d0 wp-block-columns-is-layout-flex\"><div class=\"wp-block-column is-layout-flow wp-block-column-is-layout-flow\"><p class=\"wp-container-content-9cfa9a5a\">The revitalized Art Gallery is set to redefine the cultural landscape of Toronto, serving as a nexus of artistic expression, community engagement, and architectural marvel. The expansion and renovation project pay homage to the Art Gallery&#8217;s rich history while embracing the future, ensuring that the gallery remains a beacon of inspiration.<\/p><\/div>\n\n<div class=\"wp-block-column is-layout-flow wp-block-column-is-layout-flow\"><p>The revitalized Art Gallery is set to redefine the cultural landscape of Toronto, serving as a nexus of artistic expression, community engagement, and architectural marvel. The expansion and renovation project pay homage to the Art Gallery&#8217;s rich history while embracing the future, ensuring that the gallery remains a beacon of inspiration.<\/p><\/div><\/div><\/div><\/div><\/div><div class=\"wp-block-cover alignfull is-light has-parallax\" style=\"padding-top:var(--wp--preset--spacing--50);padding-right:var(--wp--preset--spacing--50);padding-bottom:var(--wp--preset--spacing--50);padding-left:var(--wp--preset--spacing--50);min-height:100vh;aspect-ratio:unset;\"><span aria-hidden=\"true\" class=\"wp-block-cover__background has-base-background-color has-background-dim-0 has-background-dim\"><\/span><div class=\"wp-block-cover__image-background has-parallax\" style=\"background-position:50% 50%;background-image:url(http:\/\/supexup.formatome.fr\/2024-2025\/MCO2\/V1\/11\/wp-content\/themes\/twentytwentyfour\/assets\/images\/art-gallery.webp)\"><\/div><div class=\"wp-block-cover__inner-container has-global-padding is-layout-constrained wp-container-core-cover-is-layout-e4fd886c wp-block-cover-is-layout-constrained\"><div style=\"height:500px\" aria-hidden=\"true\" class=\"wp-block-spacer\"><\/div><\/div><\/div><div class=\"wp-block-group alignfull has-base-2-background-color has-background has-global-padding is-layout-constrained wp-container-core-group-is-layout-7cd14b77 wp-block-group-is-layout-constrained\" style=\"margin-top:0;margin-bottom:0;padding-top:var(--wp--preset--spacing--60);padding-right:var(--wp--preset--spacing--60);padding-bottom:var(--wp--preset--spacing--60);padding-left:var(--wp--preset--spacing--60)\"><div class=\"wp-block-group alignwide is-layout-flow wp-block-group-is-layout-flow\"><div style=\"height:var(--wp--preset--spacing--50)\" aria-hidden=\"true\" class=\"wp-block-spacer\"><\/div>\n\n<p class=\"has-text-align-center has-heading-font-family has-x-large-font-size\" style=\"font-style:normal;font-weight:400;line-height:1.2\"><em>\u00c9tudes<\/em> is not confined to the past\u2014we are passionate about the cutting edge designs shaping our world today.<\/p>\n\n<div style=\"height:var(--wp--preset--spacing--50)\" aria-hidden=\"true\" class=\"wp-block-spacer\"><\/div><\/div><\/div><div class=\"wp-block-group alignfull has-base-2-color has-contrast-background-color has-text-color has-background has-link-color wp-elements-7b057b1ba97a82accb700bda8409350c has-global-padding is-layout-constrained wp-container-core-group-is-layout-facafb6f wp-block-group-is-layout-constrained\" style=\"margin-top:0;margin-bottom:0;padding-top:var(--wp--preset--spacing--50);padding-right:var(--wp--preset--spacing--50);padding-bottom:var(--wp--preset--spacing--50);padding-left:var(--wp--preset--spacing--50)\"><div class=\"wp-block-columns alignwide is-layout-flex wp-container-core-columns-is-layout-d1c656ed wp-block-columns-is-layout-flex\"><div class=\"wp-block-column is-vertically-aligned-stretch is-layout-flow wp-block-column-is-layout-flow\" style=\"padding-right:0;flex-basis:60%\"><div class=\"wp-block-group is-vertical is-content-justification-stretch is-layout-flex wp-container-core-group-is-layout-ae24f51d wp-block-group-is-layout-flex\" style=\"min-height:100%\"><figure class=\"wp-block-image size-large is-style-rounded is-style-rounded--2\"><img decoding=\"async\" src=\"http:\/\/supexup.formatome.fr\/2024-2025\/MCO2\/V1\/11\/wp-content\/themes\/twentytwentyfour\/assets\/images\/angular-roof.webp\" alt=\"An empty staircase under an angular roof in Darling Harbour, Sydney, Australia\" style=\"aspect-ratio:9\/16;object-fit:cover\"\/><\/figure>\n\n<p class=\"has-medium-font-size\">1. Through \u00c9tudes, we aspire to redefine architectural boundaries and usher in a new era of design excellence that leaves an indelible mark on the built environment.<\/p><\/div><\/div>\n\n<div class=\"wp-block-column is-layout-flow wp-block-column-is-layout-flow\" style=\"flex-basis:40%\"><div class=\"wp-block-group has-global-padding is-layout-constrained wp-block-group-is-layout-constrained\"><p class=\"has-large-font-size\" style=\"font-style:normal;font-weight:500;line-height:1.2\">Our comprehensive suite of professional services caters to a diverse clientele, ranging from homeowners to commercial developers. With a commitment to innovation and sustainability, \u00c9tudes is the bridge that transforms architectural dreams into remarkable built realities.<\/p>\n\n<div style=\"height:var(--wp--preset--spacing--40)\" aria-hidden=\"true\" class=\"wp-block-spacer\"><\/div>\n\n<div class=\"wp-block-group is-layout-flow wp-block-group-is-layout-flow\"><p class=\"has-medium-font-size\">2. Case studies that celebrate the artistry can fuel curiosity and ignite inspiration.<\/p>\n\n<figure class=\"wp-block-image size-large is-style-rounded is-style-rounded--3\"><img decoding=\"async\" src=\"http:\/\/supexup.formatome.fr\/2024-2025\/MCO2\/V1\/11\/wp-content\/themes\/twentytwentyfour\/assets\/images\/art-gallery.webp\" alt=\"Art Gallery of Ontario, Toronto, Canada\" style=\"aspect-ratio:9\/16;object-fit:cover\"\/><\/figure><\/div><\/div><\/div><\/div><\/div>","protected":false},"excerpt":{"rendered":"<p>Bienvenue chez l&#8217;agence RENARDO. Nous sommes ici pour vous aider \u00e0 r\u00e9aliser vos r\u00eaves de voyage. Que vous cherchiez \u00e0 explorer de nouvelles destinations, \u00e0 vous d\u00e9tendre au soleil, ou \u00e0 vivre des aventures inoubliables!!! Avec nous, chaque voyage devient une exp\u00e9rience unique. Partez l&#8217;esprit tranquille, nous nous occupons de tout. The revitalized art gallery [&hellip;]<\/p>\n","protected":false},"author":1,"featured_media":0,"parent":0,"menu_order":0,"comment_status":"closed","ping_status":"closed","template":"","meta":{"footnotes":""},"class_list":["post-8","page","type-page","status-publish","hentry"],"jetpack_sharing_enabled":true,"_links":{"self":[{"href":"https:\/\/supexup.formatome.fr\/2024-2025\/MCO2\/V1\/11\/wp-json\/wp\/v2\/pages\/8","targetHints":{"allow":["GET"]}}],"collection":[{"href":"https:\/\/supexup.formatome.fr\/2024-2025\/MCO2\/V1\/11\/wp-json\/wp\/v2\/pages"}],"about":[{"href":"https:\/\/supexup.formatome.fr\/2024-2025\/MCO2\/V1\/11\/wp-json\/wp\/v2\/types\/page"}],"author":[{"embeddable":true,"href":"https:\/\/supexup.formatome.fr\/2024-2025\/MCO2\/V1\/11\/wp-json\/wp\/v2\/users\/1"}],"replies":[{"embeddable":true,"href":"https:\/\/supexup.formatome.fr\/2024-2025\/MCO2\/V1\/11\/wp-json\/wp\/v2\/comments?post=8"}],"version-history":[{"count":1,"href":"https:\/\/supexup.formatome.fr\/2024-2025\/MCO2\/V1\/11\/wp-json\/wp\/v2\/pages\/8\/revisions"}],"predecessor-version":[{"id":10,"href":"https:\/\/supexup.formatome.fr\/2024-2025\/MCO2\/V1\/11\/wp-json\/wp\/v2\/pages\/8\/revisions\/10"}],"wp:attachment":[{"href":"https:\/\/supexup.formatome.fr\/2024-2025\/MCO2\/V1\/11\/wp-json\/wp\/v2\/media?parent=8"}],"curies":[{"name":"wp","href":"https:\/\/api.w.org\/{rel}","templated":true}]}}