{"id":42,"date":"2025-01-27T17:10:44","date_gmt":"2025-01-27T16:10:44","guid":{"rendered":"https:\/\/supexup.formatome.fr\/2024-2025\/MCO1\/19\/?page_id=42"},"modified":"2025-01-30T09:30:11","modified_gmt":"2025-01-30T08:30:11","slug":"garcia-lucie-commande","status":"publish","type":"page","link":"https:\/\/supexup.formatome.fr\/2024-2025\/MCO1\/19\/?page_id=42","title":{"rendered":"GARCIA Lucie commande"},"content":{"rendered":"<figure class=\"wp-block-image\"><img decoding=\"async\" src=\"https:\/\/i.pinimg.com\/736x\/aa\/b8\/d2\/aab8d25cac97aa4095f40ae3f179cac1.jpg\" alt=\"\"\/><\/figure><h3 class=\"wp-block-heading has-text-align-center has-base-background-color has-background\"><strong>Commander Votre Bijou Cartier<\/strong><\/h3><p>Bienvenue sur la page de commande Cartier. Nous sommes ravis de vous offrir une exp\u00e9rience d&rsquo;achat en ligne personnalis\u00e9e et haut de gamme.<\/p><h4 class=\"wp-block-heading\"><strong><em>1. S\u00e9lectionnez Votre Bijou<\/em><\/strong><\/h4><p><strong>Choisissez parmi nos collections de bijoux iconiques<\/strong><\/p><ul class=\"wp-block-list\"><li><strong>Bagues<\/strong><br><em>Exemple : Bague de fian\u00e7ailles Solitaire, Bague Love, Bague Trinity<\/em><\/li>\n\n<li><strong>Colliers et pendentifs<\/strong><br><em>Exemple : Collier Juste un Clou, Pendentif Panth\u00e8re de Cartier<\/em><\/li>\n\n<li><strong>Bracelets et montres<\/strong><br><em>Exemple : Bracelet Love, Montre Ballon Bleu de Cartier<\/em><\/li>\n\n<li><strong>Boucles d&rsquo;oreilles<\/strong><br><em>Exemple : Boucles d&rsquo;oreilles Panth\u00e8re, Boucles d\u2019oreilles Cactus de Cartier<\/em><\/li><\/ul><hr class=\"wp-block-separator has-alpha-channel-opacity\"\/><h4 class=\"wp-block-heading\"><strong><em>2. Personnalisez Votre Bijou<\/em><\/strong><\/h4><p>Offrez une touche personnelle \u00e0 votre bijou en choisissant les options suivantes (si disponibles) :<\/p><ul class=\"wp-block-list\"><li>\u26cf\ufe0f <strong>Gravure<\/strong><br>Ajoutez un message personnalis\u00e9 pour rendre votre bijou encore plus sp\u00e9cial.<\/li>\n\n<li>\ud83d\udc8e <strong>Choix des pierres<\/strong><br>S\u00e9lectionnez parmi une gamme de pierres pr\u00e9cieuses : Diamant, Saphir, Rubis, \u00c9meraude.<\/li>\n\n<li>\ud83d\udccf <strong>Taille<\/strong><br>Indiquez votre taille pour les bagues ou bracelets.<\/li><\/ul><hr class=\"wp-block-separator has-alpha-channel-opacity\"\/><h4 class=\"wp-block-heading\"><strong><em>3. Ajoutez au Panier<\/em><\/strong><\/h4><p>Une fois votre bijou s\u00e9lectionn\u00e9 et personnalis\u00e9, ajoutez le \u00e0 votre panier.<\/p><hr class=\"wp-block-separator has-alpha-channel-opacity\"\/><h4 class=\"wp-block-heading\"><strong><em>4. D\u00e9tails de Livraison<\/em><\/strong><\/h4><p><strong>Adresse de Livraison<\/strong><br>Entrez l\u2019adresse de livraison de votre choix.<\/p><ul class=\"wp-block-list\"><li>Nom<\/li>\n\n<li>Adresse compl\u00e8te<\/li>\n\n<li>Code postal<\/li>\n\n<li>Ville<\/li>\n\n<li>Pays<\/li><\/ul><p><strong>Mode de Livraison<\/strong><\/p><ul class=\"wp-block-list\"><li>Livraison Standard (Gratuite)<\/li>\n\n<li>Livraison Express (Option payante)<\/li>\n\n<li>Livraison en Boutique Cartier (Option gratuite)<\/li><\/ul><hr class=\"wp-block-separator has-alpha-channel-opacity\"\/><h4 class=\"wp-block-heading\"><strong><em>5. Paiement S\u00e9curis\u00e9<\/em><\/strong><\/h4><p><strong>Choisissez votre mode de paiement<\/strong><\/p><ul class=\"wp-block-list\"><li><strong>Carte Bancaire<\/strong><\/li>\n\n<li><strong>PayPal<\/strong><\/li>\n\n<li><strong>Financement Cartier<\/strong> <em>(Options de paiement en plusieurs fois)<\/em><\/li><\/ul><p>Entrez vos informations de paiement s\u00e9curis\u00e9es.<\/p><hr class=\"wp-block-separator has-alpha-channel-opacity\"\/><h4 class=\"wp-block-heading\"><strong><em>6. Confirmation de Commande<\/em><\/strong><\/h4><p>Apr\u00e8s avoir pass\u00e9 votre commande, vous recevrez un email de confirmation avec le d\u00e9tail de votre achat et un suivi de livraison.<\/p>","protected":false},"excerpt":{"rendered":"<p>Commander Votre Bijou Cartier Bienvenue sur la page de commande Cartier. Nous sommes ravis de vous offrir une exp\u00e9rience d&rsquo;achat en ligne personnalis\u00e9e et haut de gamme. 1. S\u00e9lectionnez Votre Bijou Choisissez parmi nos collections de bijoux iconiques 2. Personnalisez Votre Bijou Offrez une touche personnelle \u00e0 votre bijou en choisissant les options suivantes (si [&hellip;]<\/p>\n","protected":false},"author":1,"featured_media":0,"parent":0,"menu_order":0,"comment_status":"closed","ping_status":"closed","template":"","meta":{"footnotes":""},"class_list":["post-42","page","type-page","status-publish","hentry"],"_links":{"self":[{"href":"https:\/\/supexup.formatome.fr\/2024-2025\/MCO1\/19\/index.php?rest_route=\/wp\/v2\/pages\/42","targetHints":{"allow":["GET"]}}],"collection":[{"href":"https:\/\/supexup.formatome.fr\/2024-2025\/MCO1\/19\/index.php?rest_route=\/wp\/v2\/pages"}],"about":[{"href":"https:\/\/supexup.formatome.fr\/2024-2025\/MCO1\/19\/index.php?rest_route=\/wp\/v2\/types\/page"}],"author":[{"embeddable":true,"href":"https:\/\/supexup.formatome.fr\/2024-2025\/MCO1\/19\/index.php?rest_route=\/wp\/v2\/users\/1"}],"replies":[{"embeddable":true,"href":"https:\/\/supexup.formatome.fr\/2024-2025\/MCO1\/19\/index.php?rest_route=%2Fwp%2Fv2%2Fcomments&post=42"}],"version-history":[{"count":4,"href":"https:\/\/supexup.formatome.fr\/2024-2025\/MCO1\/19\/index.php?rest_route=\/wp\/v2\/pages\/42\/revisions"}],"predecessor-version":[{"id":53,"href":"https:\/\/supexup.formatome.fr\/2024-2025\/MCO1\/19\/index.php?rest_route=\/wp\/v2\/pages\/42\/revisions\/53"}],"wp:attachment":[{"href":"https:\/\/supexup.formatome.fr\/2024-2025\/MCO1\/19\/index.php?rest_route=%2Fwp%2Fv2%2Fmedia&parent=42"}],"curies":[{"name":"wp","href":"https:\/\/api.w.org\/{rel}","templated":true}]}}