{"id":402,"date":"2025-01-27T22:46:24","date_gmt":"2025-01-27T21:46:24","guid":{"rendered":"http:\/\/supexup.formatome.fr\/2024-2025\/RPMC\/6\/?page_id=402"},"modified":"2025-01-27T23:19:13","modified_gmt":"2025-01-27T22:19:13","slug":"a-proximite-2","status":"publish","type":"page","link":"http:\/\/supexup.formatome.fr\/2024-2025\/RPMC\/6\/a-proximite-2\/","title":{"rendered":"A proximit\u00e9 massif de la gardiole"},"content":{"rendered":"\n[et_pb_section fb_built=\u00a0\u00bb1&Prime; admin_label=\u00a0\u00bbHeader\u00a0\u00bb _builder_version=\u00a0\u00bb4.27.0&Prime; _module_preset=\u00a0\u00bbdefault\u00a0\u00bb use_background_color_gradient=\u00a0\u00bbon\u00a0\u00bb background_color_gradient_stops=\u00a0\u00bbrgba(10,10,10,0.5) 0%|rgba(0,0,0,0.6) 100%\u00a0\u00bb background_color_gradient_overlays_image=\u00a0\u00bbon\u00a0\u00bb background_image=\u00a0\u00bbhttp:\/\/supexup.formatome.fr\/2024-2025\/RPMC\/6\/wp-content\/uploads\/2025\/01\/randonnee-amies-istock-ascentxmedia.jpg\u00a0\u00bb custom_padding=\u00a0\u00bb10vw||10vw||true|false\u00a0\u00bb collapsed=\u00a0\u00bbon\u00a0\u00bb global_colors_info=\u00a0\u00bb{}\u00a0\u00bb][et_pb_row _builder_version=\u00a0\u00bb4.24.3&Prime; _module_preset=\u00a0\u00bbdefault\u00a0\u00bb width=\u00a0\u00bb50%\u00a0\u00bb width_tablet=\u00a0\u00bb80%\u00a0\u00bb width_phone=\u00a0\u00bb80%\u00a0\u00bb width_last_edited=\u00a0\u00bbon|desktop\u00a0\u00bb max_width=\u00a0\u00bbnone\u00a0\u00bb global_colors_info=\u00a0\u00bb{}\u00a0\u00bb][et_pb_column type=\u00a0\u00bb4_4&Prime; _builder_version=\u00a0\u00bb4.24.3&Prime; _module_preset=\u00a0\u00bbdefault\u00a0\u00bb global_colors_info=\u00a0\u00bb{}\u00a0\u00bb][et_pb_heading title=\u00a0\u00bbparcours \u00e0 proximit\u00e9 de chez vous\u00a0\u00bb _builder_version=\u00a0\u00bb4.24.3&Prime; _module_preset=\u00a0\u00bb7561185c-50a2-4104-b895-d6feca6f8108&Prime; title_text_align=\u00a0\u00bbcenter\u00a0\u00bb title_text_color=\u00a0\u00bb#FFFFFF\u00a0\u00bb title_font_size=\u00a0\u00bb5vw\u00a0\u00bb global_colors_info=\u00a0\u00bb{}\u00a0\u00bb][\/et_pb_heading][\/et_pb_column][\/et_pb_row][et_pb_row _builder_version=\u00a0\u00bb4.27.0&Prime; _module_preset=\u00a0\u00bbdefault\u00a0\u00bb global_colors_info=\u00a0\u00bb{}\u00a0\u00bb][et_pb_column type=\u00a0\u00bb4_4&Prime; _builder_version=\u00a0\u00bb4.27.0&Prime; _module_preset=\u00a0\u00bbdefault\u00a0\u00bb global_colors_info=\u00a0\u00bb{}\u00a0\u00bb][et_pb_search placeholder=\u00a0\u00bbD\u00e9couvrez votre r\u00e9gion \u00a0\u00bb _builder_version=\u00a0\u00bb4.27.0&Prime; _module_preset=\u00a0\u00bbdefault\u00a0\u00bb global_colors_info=\u00a0\u00bb{}\u00a0\u00bb][\/et_pb_search][\/et_pb_column][\/et_pb_row][\/et_pb_section][et_pb_section fb_built=\u00a0\u00bb1&Prime; admin_label=\u00a0\u00bbAbout\u00a0\u00bb _builder_version=\u00a0\u00bb4.27.0&Prime; _module_preset=\u00a0\u00bbdefault\u00a0\u00bb background_color=\u00a0\u00bbgcid-b6c4f12c-f25d-4f61-9fb1-6e96404634cd\u00a0\u00bb collapsed=\u00a0\u00bbon\u00a0\u00bb global_colors_info=\u00a0\u00bb{%22gcid-b6c4f12c-f25d-4f61-9fb1-6e96404634cd%22:%91%22background_color%22%93}\u00a0\u00bb][et_pb_row column_structure=\u00a0\u00bb1_4,1_4,1_4,1_4&Prime; _builder_version=\u00a0\u00bb4.24.3&Prime; _module_preset=\u00a0\u00bbdefault\u00a0\u00bb max_width=\u00a0\u00bbnone\u00a0\u00bb global_colors_info=\u00a0\u00bb{}\u00a0\u00bb][et_pb_column type=\u00a0\u00bb1_4&Prime; _builder_version=\u00a0\u00bb4.24.3&Prime; _module_preset=\u00a0\u00bbdefault\u00a0\u00bb global_colors_info=\u00a0\u00bb{}\u00a0\u00bb][et_pb_heading title=\u00a0\u00bbLE MASSIF DE LA GARDIOLE\u00a0\u00bb _builder_version=\u00a0\u00bb4.27.0&Prime; _module_preset=\u00a0\u00bb2da89bff-1185-462d-89aa-765f48d25e91&Prime; title_text_color=\u00a0\u00bbgcid-348622c2-6f0e-429d-b3e5-2dbd5059632f\u00a0\u00bb title_font_size=\u00a0\u00bb3vw\u00a0\u00bb global_colors_info=\u00a0\u00bb{%22gcid-3e93bdc5-146d-448e-a761-9f1b4dd51113%22:%91%22link_text_color%22,%22quote_border_color%22,%22link_text_color%22,%22quote_border_color%22%93,%22gcid-c7d8f091-13fc-48ff-a161-01fd58ed72d5%22:%91%22quote_text_color%22,%22quote_text_color%22,%22quote_text_color%22%93,%22gcid-348622c2-6f0e-429d-b3e5-2dbd5059632f%22:%91%22title_text_color%22%93}\u00a0\u00bb][\/et_pb_heading][\/et_pb_column][et_pb_column type=\u00a0\u00bb1_4&Prime; _builder_version=\u00a0\u00bb4.27.0&Prime; _module_preset=\u00a0\u00bbdefault\u00a0\u00bb global_colors_info=\u00a0\u00bb{}\u00a0\u00bb][et_pb_image src=\u00a0\u00bbhttp:\/\/supexup.formatome.fr\/2024-2025\/RPMC\/6\/wp-content\/uploads\/2025\/01\/75ad55c3a2aca2ef347d6ed48a9de64e.jpg\u00a0\u00bb title_text=\u00a0\u00bb75ad55c3a2aca2ef347d6ed48a9de64e\u00a0\u00bb _builder_version=\u00a0\u00bb4.27.0&Prime; _module_preset=\u00a0\u00bbdefault\u00a0\u00bb width=\u00a0\u00bb100%\u00a0\u00bb max_width=\u00a0\u00bb100%\u00a0\u00bb min_height=\u00a0\u00bb413px\u00a0\u00bb global_colors_info=\u00a0\u00bb{}\u00a0\u00bb][\/et_pb_image][\/et_pb_column][et_pb_column type=\u00a0\u00bb1_4&Prime; _builder_version=\u00a0\u00bb4.24.3&Prime; _module_preset=\u00a0\u00bbdefault\u00a0\u00bb global_colors_info=\u00a0\u00bb{}\u00a0\u00bb][et_pb_image src=\u00a0\u00bbhttp:\/\/supexup.formatome.fr\/2024-2025\/RPMC\/6\/wp-content\/uploads\/2025\/01\/6c1a648519a84d4703243ad2961fa1c9.jpg\u00a0\u00bb title_text=\u00a0\u00bb6c1a648519a84d4703243ad2961fa1c9&Prime; _builder_version=\u00a0\u00bb4.27.0&Prime; _module_preset=\u00a0\u00bbdefault\u00a0\u00bb global_colors_info=\u00a0\u00bb{}\u00a0\u00bb][\/et_pb_image][\/et_pb_column][et_pb_column type=\u00a0\u00bb1_4&Prime; _builder_version=\u00a0\u00bb4.24.3&Prime; _module_preset=\u00a0\u00bbdefault\u00a0\u00bb global_colors_info=\u00a0\u00bb{}\u00a0\u00bb][et_pb_image src=\u00a0\u00bbhttp:\/\/supexup.formatome.fr\/2024-2025\/RPMC\/6\/wp-content\/uploads\/2025\/01\/6b45c135135d0fda057d0319ac54f4cf.jpg\u00a0\u00bb title_text=\u00a0\u00bb6b45c135135d0fda057d0319ac54f4cf\u00a0\u00bb _builder_version=\u00a0\u00bb4.27.0&Prime; _module_preset=\u00a0\u00bbdefault\u00a0\u00bb width=\u00a0\u00bb100%\u00a0\u00bb max_width=\u00a0\u00bb89%\u00a0\u00bb min_height=\u00a0\u00bb362px\u00a0\u00bb global_colors_info=\u00a0\u00bb{}\u00a0\u00bb][\/et_pb_image][\/et_pb_column][\/et_pb_row][et_pb_row _builder_version=\u00a0\u00bb4.27.0&Prime; _module_preset=\u00a0\u00bbdefault\u00a0\u00bb global_colors_info=\u00a0\u00bb{}\u00a0\u00bb][et_pb_column type=\u00a0\u00bb4_4&Prime; _builder_version=\u00a0\u00bb4.27.0&Prime; _module_preset=\u00a0\u00bbdefault\u00a0\u00bb global_colors_info=\u00a0\u00bb{}\u00a0\u00bb][et_pb_text _builder_version=\u00a0\u00bb4.27.0&Prime; _module_preset=\u00a0\u00bbdefault\u00a0\u00bb global_colors_info=\u00a0\u00bb{}\u00a0\u00bb]<h3><strong>Le Massif de la Gardiole &#8211; 5min de chez vous<\/strong><\/h3>\n<p><strong>Distance :<\/strong> Environ 10 \u00e0 15 km (selon les circuits)<br \/><strong>Dur\u00e9e :<\/strong> 3 \u00e0 5 heures<br \/><strong>Difficult\u00e9 :<\/strong> Facile \u00e0 mod\u00e9r\u00e9e<\/p>\n<p>Le Massif de la Gardiole, situ\u00e9 entre Montpellier et S\u00e8te, est une destination id\u00e9ale pour une randonn\u00e9e m\u00ealant nature et panoramas m\u00e9diterran\u00e9ens. Ce massif calcaire s\u2019\u00e9tend sur plusieurs kilom\u00e8tres et offre une grande diversit\u00e9 de paysages : collines bois\u00e9es, vignes et oliveraies, avec en toile de fond une vue imprenable sur la mer M\u00e9diterran\u00e9e.<\/p>\n<p>Le sentier vous conduit \u00e0 travers des chemins ombrag\u00e9s de pins et des garrigues typiques, o\u00f9 vous pourrez appr\u00e9cier les senteurs de la nature proven\u00e7ale. Le point culminant du massif vous d\u00e9voile des panoramas spectaculaires, allant des \u00e9tangs de Thau aux plages de S\u00e8te.<\/p>\n<p>Cette randonn\u00e9e est accessible \u00e0 tous et parfaite pour une escapade \u00e0 la journ\u00e9e. Pour les amateurs de patrimoine, vous pouvez \u00e9galement d\u00e9couvrir la chapelle Notre-Dame des Auzils ou des vestiges historiques diss\u00e9min\u00e9s sur le parcours. N\u2019oubliez pas de vous munir d\u2019eau, car le climat peut \u00eatre chaud, surtout en \u00e9t\u00e9.<\/p>[\/et_pb_text][\/et_pb_column][\/et_pb_row][\/et_pb_section]\n","protected":false},"excerpt":{"rendered":"<p>Le Massif de la Gardiole &#8211; 5min de chez vous Distance : Environ 10 \u00e0 15 km (selon les circuits)Dur\u00e9e : 3 \u00e0 5 heuresDifficult\u00e9 : Facile \u00e0 mod\u00e9r\u00e9e Le Massif de la Gardiole, situ\u00e9 entre Montpellier et S\u00e8te, est une destination id\u00e9ale pour une randonn\u00e9e m\u00ealant nature et panoramas m\u00e9diterran\u00e9ens. Ce massif calcaire s\u2019\u00e9tend [&hellip;]<\/p>\n","protected":false},"author":1,"featured_media":0,"parent":0,"menu_order":0,"comment_status":"closed","ping_status":"closed","template":"","meta":{"_et_pb_use_builder":"on","_et_pb_old_content":"[et_pb_section fb_built=\"1\" admin_label=\"Header\" _builder_version=\"4.27.0\" _module_preset=\"default\" use_background_color_gradient=\"on\" background_color_gradient_stops=\"rgba(10,10,10,0.5) 0%|rgba(0,0,0,0.6) 100%\" background_color_gradient_overlays_image=\"on\" background_image=\"http:\/\/supexup.formatome.fr\/2024-2025\/RPMC\/6\/wp-content\/uploads\/2025\/01\/randonnee-amies-istock-ascentxmedia.jpg\" custom_padding=\"10vw||10vw||true|false\" hover_enabled=\"0\" collapsed=\"on\" global_colors_info=\"{}\" title_text=\"randonnee-amies-istock-ascentxmedia\" sticky_enabled=\"0\"][et_pb_row _builder_version=\"4.24.3\" _module_preset=\"default\" width=\"50%\" width_tablet=\"80%\" width_phone=\"80%\" width_last_edited=\"on|desktop\" max_width=\"none\" global_colors_info=\"{}\"][et_pb_column type=\"4_4\" _builder_version=\"4.24.3\" _module_preset=\"default\" global_colors_info=\"{}\"][et_pb_heading title=\"parcours \u00e0 proximit\u00e9 de chez vous\" _builder_version=\"4.24.3\" _module_preset=\"7561185c-50a2-4104-b895-d6feca6f8108\" title_text_align=\"center\" title_text_color=\"#FFFFFF\" title_font_size=\"5vw\" global_colors_info=\"{}\"][\/et_pb_heading][\/et_pb_column][\/et_pb_row][et_pb_row _builder_version=\"4.27.0\" _module_preset=\"default\" global_colors_info=\"{}\"][et_pb_column type=\"4_4\" _builder_version=\"4.27.0\" _module_preset=\"default\" global_colors_info=\"{}\"][et_pb_search _builder_version=\"4.27.0\" _module_preset=\"default\" placeholder=\"D\u00e9couvrez votre r\u00e9gion \" hover_enabled=\"0\" sticky_enabled=\"0\"][\/et_pb_search][\/et_pb_column][\/et_pb_row][\/et_pb_section][et_pb_section fb_built=\"1\" admin_label=\"About\" _builder_version=\"4.27.0\" _module_preset=\"default\" background_color=\"gcid-b6c4f12c-f25d-4f61-9fb1-6e96404634cd\" collapsed=\"on\" global_colors_info=\"{%22gcid-b6c4f12c-f25d-4f61-9fb1-6e96404634cd%22:%91%22background_color%22%93}\"][et_pb_row column_structure=\"1_4,1_4,1_4,1_4\" _builder_version=\"4.24.3\" _module_preset=\"default\" max_width=\"none\" global_colors_info=\"{}\"][et_pb_column type=\"1_4\" _builder_version=\"4.24.3\" _module_preset=\"default\" global_colors_info=\"{}\"][et_pb_heading title=\"LE MASSIF DE LA GARDIOLE\" _builder_version=\"4.27.0\" _module_preset=\"2da89bff-1185-462d-89aa-765f48d25e91\" title_text_color=\"gcid-348622c2-6f0e-429d-b3e5-2dbd5059632f\" title_font_size=\"3vw\" global_colors_info=\"{%22gcid-3e93bdc5-146d-448e-a761-9f1b4dd51113%22:%91%22link_text_color%22,%22quote_border_color%22,%22link_text_color%22,%22quote_border_color%22%93,%22gcid-c7d8f091-13fc-48ff-a161-01fd58ed72d5%22:%91%22quote_text_color%22,%22quote_text_color%22,%22quote_text_color%22%93,%22gcid-348622c2-6f0e-429d-b3e5-2dbd5059632f%22:%91%22title_text_color%22%93}\"][\/et_pb_heading][\/et_pb_column][et_pb_column type=\"1_4\" _builder_version=\"4.27.0\" _module_preset=\"default\" global_colors_info=\"{}\"][et_pb_image src=\"http:\/\/supexup.formatome.fr\/2024-2025\/RPMC\/6\/wp-content\/uploads\/2025\/01\/75ad55c3a2aca2ef347d6ed48a9de64e.jpg\" title_text=\"75ad55c3a2aca2ef347d6ed48a9de64e\" _builder_version=\"4.27.0\" _module_preset=\"default\" width=\"100%\" max_width=\"100%\" min_height=\"413px\" global_colors_info=\"{}\"][\/et_pb_image][\/et_pb_column][et_pb_column type=\"1_4\" _builder_version=\"4.24.3\" _module_preset=\"default\" global_colors_info=\"{}\"][et_pb_image src=\"http:\/\/supexup.formatome.fr\/2024-2025\/RPMC\/6\/wp-content\/uploads\/2025\/01\/6c1a648519a84d4703243ad2961fa1c9.jpg\" title_text=\"6c1a648519a84d4703243ad2961fa1c9\" _builder_version=\"4.27.0\" _module_preset=\"default\" global_colors_info=\"{}\"][\/et_pb_image][\/et_pb_column][et_pb_column type=\"1_4\" _builder_version=\"4.24.3\" _module_preset=\"default\" global_colors_info=\"{}\"][et_pb_image src=\"http:\/\/supexup.formatome.fr\/2024-2025\/RPMC\/6\/wp-content\/uploads\/2025\/01\/6b45c135135d0fda057d0319ac54f4cf.jpg\" title_text=\"6b45c135135d0fda057d0319ac54f4cf\" _builder_version=\"4.27.0\" _module_preset=\"default\" width=\"100%\" max_width=\"89%\" min_height=\"362px\" global_colors_info=\"{}\"][\/et_pb_image][\/et_pb_column][\/et_pb_row][et_pb_row _builder_version=\"4.27.0\" _module_preset=\"default\" global_colors_info=\"{}\"][et_pb_column type=\"4_4\" _builder_version=\"4.27.0\" _module_preset=\"default\" global_colors_info=\"{}\"][et_pb_text _builder_version=\"4.27.0\" _module_preset=\"default\" hover_enabled=\"0\" global_colors_info=\"{}\" sticky_enabled=\"0\"]<h3><strong>Le Massif de la Gardiole - 5min de chez vous<\/strong><\/h3>\n<p><strong>Distance :<\/strong> Environ 10 \u00e0 15 km (selon les circuits)<br \/><strong>Dur\u00e9e :<\/strong> 3 \u00e0 5 heures<br \/><strong>Difficult\u00e9 :<\/strong> Facile \u00e0 mod\u00e9r\u00e9e<\/p>\n<p>Le Massif de la Gardiole, situ\u00e9 entre Montpellier et S\u00e8te, est une destination id\u00e9ale pour une randonn\u00e9e m\u00ealant nature et panoramas m\u00e9diterran\u00e9ens. Ce massif calcaire s\u2019\u00e9tend sur plusieurs kilom\u00e8tres et offre une grande diversit\u00e9 de paysages : collines bois\u00e9es, vignes et oliveraies, avec en toile de fond une vue imprenable sur la mer M\u00e9diterran\u00e9e.<\/p>\n<p>Le sentier vous conduit \u00e0 travers des chemins ombrag\u00e9s de pins et des garrigues typiques, o\u00f9 vous pourrez appr\u00e9cier les senteurs de la nature proven\u00e7ale. Le point culminant du massif vous d\u00e9voile des panoramas spectaculaires, allant des \u00e9tangs de Thau aux plages de S\u00e8te.<\/p>\n<p>Cette randonn\u00e9e est accessible \u00e0 tous et parfaite pour une escapade \u00e0 la journ\u00e9e. Pour les amateurs de patrimoine, vous pouvez \u00e9galement d\u00e9couvrir la chapelle Notre-Dame des Auzils ou des vestiges historiques diss\u00e9min\u00e9s sur le parcours. N\u2019oubliez pas de vous munir d\u2019eau, car le climat peut \u00eatre chaud, surtout en \u00e9t\u00e9.<\/p>[\/et_pb_text][\/et_pb_column][\/et_pb_row][\/et_pb_section][et_pb_section fb_built=\"1\" admin_label=\"About\" _builder_version=\"4.27.0\" _module_preset=\"default\" background_color=\"gcid-b6c4f12c-f25d-4f61-9fb1-6e96404634cd\" collapsed=\"on\" global_colors_info=\"{%22gcid-b6c4f12c-f25d-4f61-9fb1-6e96404634cd%22:%91%22background_color%22%93}\"][et_pb_row column_structure=\"1_4,1_4,1_4,1_4\" _builder_version=\"4.24.3\" _module_preset=\"default\" max_width=\"none\" global_colors_info=\"{}\"][et_pb_column type=\"1_4\" _builder_version=\"4.24.3\" _module_preset=\"default\" global_colors_info=\"{}\"][et_pb_heading title=\"PIC SAINT LOUP\" _builder_version=\"4.27.0\" _module_preset=\"2da89bff-1185-462d-89aa-765f48d25e91\" title_text_color=\"gcid-348622c2-6f0e-429d-b3e5-2dbd5059632f\" title_font_size=\"3vw\" hover_enabled=\"0\" global_colors_info=\"{%22gcid-3e93bdc5-146d-448e-a761-9f1b4dd51113%22:%91%22link_text_color%22,%22quote_border_color%22,%22link_text_color%22,%22quote_border_color%22%93,%22gcid-c7d8f091-13fc-48ff-a161-01fd58ed72d5%22:%91%22quote_text_color%22,%22quote_text_color%22,%22quote_text_color%22%93,%22gcid-348622c2-6f0e-429d-b3e5-2dbd5059632f%22:%91%22title_text_color%22%93}\" sticky_enabled=\"0\"][\/et_pb_heading][\/et_pb_column][et_pb_column type=\"1_4\" _builder_version=\"4.27.0\" _module_preset=\"default\" global_colors_info=\"{}\"][et_pb_image src=\"http:\/\/supexup.formatome.fr\/2024-2025\/RPMC\/6\/wp-content\/uploads\/2025\/01\/27ef92efe89916af2800e5c6c7e76575.jpg\" title_text=\"27ef92efe89916af2800e5c6c7e76575\" _builder_version=\"4.27.0\" _module_preset=\"default\" width=\"100%\" max_width=\"100%\" min_height=\"361px\" hover_enabled=\"0\" global_colors_info=\"{}\" sticky_enabled=\"0\"][\/et_pb_image][\/et_pb_column][et_pb_column type=\"1_4\" _builder_version=\"4.24.3\" _module_preset=\"default\" global_colors_info=\"{}\"][et_pb_image src=\"http:\/\/supexup.formatome.fr\/2024-2025\/RPMC\/6\/wp-content\/uploads\/2025\/01\/77f32db79e01148f836f515884e56ccf.jpg\" title_text=\"77f32db79e01148f836f515884e56ccf\" _builder_version=\"4.27.0\" _module_preset=\"default\" hover_enabled=\"0\" global_colors_info=\"{}\" sticky_enabled=\"0\" width=\"100%\" min_height=\"349px\"][\/et_pb_image][\/et_pb_column][et_pb_column type=\"1_4\" _builder_version=\"4.24.3\" _module_preset=\"default\" global_colors_info=\"{}\"][et_pb_image src=\"http:\/\/supexup.formatome.fr\/2024-2025\/RPMC\/6\/wp-content\/uploads\/2025\/01\/a926aadabebc8ed9a6bd3fd81970ccee.jpg\" title_text=\"a926aadabebc8ed9a6bd3fd81970ccee\" _builder_version=\"4.27.0\" _module_preset=\"default\" width=\"100%\" max_width=\"89%\" min_height=\"358px\" hover_enabled=\"0\" global_colors_info=\"{}\" sticky_enabled=\"0\"][\/et_pb_image][\/et_pb_column][\/et_pb_row][et_pb_row _builder_version=\"4.27.0\" _module_preset=\"default\" global_colors_info=\"{}\"][et_pb_column type=\"4_4\" _builder_version=\"4.27.0\" _module_preset=\"default\" global_colors_info=\"{}\"][et_pb_text _builder_version=\"4.27.0\" _module_preset=\"default\" hover_enabled=\"0\" global_colors_info=\"{}\" sticky_enabled=\"0\"]<h3><strong>Le Pic Saint-Loup - 30min de chez vous<\/strong><\/h3>\n<p><strong>Distance :<\/strong> Environ 6 \u00e0 8 km (aller-retour, selon le point de d\u00e9part)<br \/><strong>Dur\u00e9e :<\/strong> 2 \u00e0 3 heures<br \/><strong>Difficult\u00e9 :<\/strong> Mod\u00e9r\u00e9e<\/p>\n<p>Le Pic Saint-Loup, situ\u00e9 \u00e0 une trentaine de kilom\u00e8tres de Montpellier, est l\u2019un des sommets embl\u00e9matiques de l\u2019Occitanie. Cette randonn\u00e9e vous m\u00e8ne \u00e0 travers des sentiers escarp\u00e9s et des paysages typiques de la garrigue, o\u00f9 vous pourrez profiter de la flore m\u00e9diterran\u00e9enne et des senteurs de thym et de romarin.<\/p>\n<p>Une fois au sommet, perch\u00e9 \u00e0 658 m\u00e8tres d\u2019altitude, vous serez r\u00e9compens\u00e9 par une vue spectaculaire \u00e0 360\u00b0 : les C\u00e9vennes au nord, la mer M\u00e9diterran\u00e9e au sud et m\u00eame, par temps clair, le Mont Ventoux \u00e0 l\u2019horizon. La croix qui tr\u00f4ne au sommet marque un lieu de contemplation unique.<\/p>\n<p>Cette randonn\u00e9e, bien qu\u2019assez courte, pr\u00e9sente un d\u00e9nivel\u00e9 cons\u00e9quent (environ 300 m), ce qui la rend id\u00e9ale pour les amateurs de challenges mod\u00e9r\u00e9s. Parfait pour une demi-journ\u00e9e d\u2019aventure et de d\u00e9couverte. Pensez \u00e0 bien vous chausser et \u00e0 emporter de l\u2019eau, surtout par temps chaud.<\/p>\n<p>Cette randonn\u00e9e est accessible \u00e0 tous et parfaite pour une escapade \u00e0 la journ\u00e9e. Pour les amateurs de patrimoine, vous pouvez \u00e9galement d\u00e9couvrir la chapelle Notre-Dame des Auzils ou des vestiges historiques diss\u00e9min\u00e9s sur le parcours. N\u2019oubliez pas de vous munir d\u2019eau, car le climat peut \u00eatre chaud, surtout en \u00e9t\u00e9.<\/p>[\/et_pb_text][\/et_pb_column][\/et_pb_row][\/et_pb_section][et_pb_section fb_built=\"1\" admin_label=\"About\" _builder_version=\"4.27.0\" _module_preset=\"default\" background_color=\"gcid-b6c4f12c-f25d-4f61-9fb1-6e96404634cd\" collapsed=\"on\" global_colors_info=\"{%22gcid-b6c4f12c-f25d-4f61-9fb1-6e96404634cd%22:%91%22background_color%22%93}\"][et_pb_row column_structure=\"1_4,1_4,1_4,1_4\" _builder_version=\"4.24.3\" _module_preset=\"default\" max_width=\"none\" global_colors_info=\"{}\"][et_pb_column type=\"1_4\" _builder_version=\"4.24.3\" _module_preset=\"default\" global_colors_info=\"{}\"][et_pb_heading title=\"LAC DU SALAGOU\" _builder_version=\"4.27.0\" _module_preset=\"2da89bff-1185-462d-89aa-765f48d25e91\" title_text_color=\"gcid-348622c2-6f0e-429d-b3e5-2dbd5059632f\" title_font_size=\"3vw\" hover_enabled=\"0\" global_colors_info=\"{%22gcid-3e93bdc5-146d-448e-a761-9f1b4dd51113%22:%91%22link_text_color%22,%22quote_border_color%22,%22link_text_color%22,%22quote_border_color%22%93,%22gcid-c7d8f091-13fc-48ff-a161-01fd58ed72d5%22:%91%22quote_text_color%22,%22quote_text_color%22,%22quote_text_color%22%93,%22gcid-348622c2-6f0e-429d-b3e5-2dbd5059632f%22:%91%22title_text_color%22%93}\" sticky_enabled=\"0\"][\/et_pb_heading][\/et_pb_column][et_pb_column type=\"1_4\" _builder_version=\"4.27.0\" _module_preset=\"default\" global_colors_info=\"{}\"][et_pb_image src=\"http:\/\/supexup.formatome.fr\/2024-2025\/RPMC\/6\/wp-content\/uploads\/2025\/01\/2ec31e4e5ba613bfb0813a4d797fc323.jpg\" title_text=\"2ec31e4e5ba613bfb0813a4d797fc323\" _builder_version=\"4.27.0\" _module_preset=\"default\" width=\"100%\" max_width=\"100%\" min_height=\"352px\" hover_enabled=\"0\" global_colors_info=\"{}\" sticky_enabled=\"0\"][\/et_pb_image][\/et_pb_column][et_pb_column type=\"1_4\" _builder_version=\"4.24.3\" _module_preset=\"default\" global_colors_info=\"{}\"][et_pb_image src=\"http:\/\/supexup.formatome.fr\/2024-2025\/RPMC\/6\/wp-content\/uploads\/2025\/01\/4ee4d004e9397276c0018064cad0134a.jpg\" title_text=\"4ee4d004e9397276c0018064cad0134a\" _builder_version=\"4.27.0\" _module_preset=\"default\" hover_enabled=\"0\" global_colors_info=\"{}\" sticky_enabled=\"0\" width=\"100%\" min_height=\"349px\"][\/et_pb_image][\/et_pb_column][et_pb_column type=\"1_4\" _builder_version=\"4.24.3\" _module_preset=\"default\" global_colors_info=\"{}\"][et_pb_image src=\"http:\/\/supexup.formatome.fr\/2024-2025\/RPMC\/6\/wp-content\/uploads\/2025\/01\/280cc81d75f19d3b0171ac88f13651e9.jpg\" title_text=\"280cc81d75f19d3b0171ac88f13651e9\" _builder_version=\"4.27.0\" _module_preset=\"default\" width=\"100%\" max_width=\"100%\" min_height=\"332px\" hover_enabled=\"0\" global_colors_info=\"{}\" sticky_enabled=\"0\"][\/et_pb_image][\/et_pb_column][\/et_pb_row][et_pb_row _builder_version=\"4.27.0\" _module_preset=\"default\" global_colors_info=\"{}\"][et_pb_column type=\"4_4\" _builder_version=\"4.27.0\" _module_preset=\"default\" global_colors_info=\"{}\"][et_pb_text _builder_version=\"4.27.0\" _module_preset=\"default\" hover_enabled=\"0\" global_colors_info=\"{}\" sticky_enabled=\"0\"]<h3><strong>Le Lac du Salagou - 15min de chez vous<\/strong><\/h3>\n<p><strong>Distance :<\/strong> De 5 \u00e0 15 km (selon les itin\u00e9raires choisis)<br \/><strong>Dur\u00e9e :<\/strong> 2 \u00e0 5 heures<br \/><strong>Difficult\u00e9 :<\/strong> Facile \u00e0 mod\u00e9r\u00e9e<\/p>\n<p>Le Lac du Salagou, situ\u00e9 dans l\u2019H\u00e9rault, est une destination incontournable pour une randonn\u00e9e m\u00ealant paysages atypiques et d\u00e9connexion. Entour\u00e9 de collines rouges caract\u00e9ristiques, appel\u00e9es \u00ab ruffes \u00bb, ce lac artificiel offre des itin\u00e9raires vari\u00e9s pour tous les niveaux.<\/p>\n<p>En parcourant ses sentiers, vous d\u00e9couvrirez des contrastes saisissants entre les terres rougeoyantes, le bleu du lac et la verdure des collines. Les randonneurs peuvent longer les berges pour profiter de la tranquillit\u00e9 des lieux ou grimper sur les hauteurs pour admirer des panoramas \u00e9poustouflants sur cette oasis unique.<\/p>\n<p>Id\u00e9al pour une sortie en famille ou entre amis, le lac est \u00e9galement un lieu propice \u00e0 l\u2019observation de la faune, notamment des oiseaux aquatiques. N\u2019oubliez pas votre appareil photo pour capturer la magie de ces paysages ! Pensez \u00e9galement \u00e0 emporter de l\u2019eau et de bonnes chaussures, surtout si vous optez pour un parcours plus long.<\/p>[\/et_pb_text][\/et_pb_column][\/et_pb_row][\/et_pb_section]","_et_gb_content_width":"","footnotes":""},"class_list":["post-402","page","type-page","status-publish","hentry"],"_links":{"self":[{"href":"http:\/\/supexup.formatome.fr\/2024-2025\/RPMC\/6\/wp-json\/wp\/v2\/pages\/402","targetHints":{"allow":["GET"]}}],"collection":[{"href":"http:\/\/supexup.formatome.fr\/2024-2025\/RPMC\/6\/wp-json\/wp\/v2\/pages"}],"about":[{"href":"http:\/\/supexup.formatome.fr\/2024-2025\/RPMC\/6\/wp-json\/wp\/v2\/types\/page"}],"author":[{"embeddable":true,"href":"http:\/\/supexup.formatome.fr\/2024-2025\/RPMC\/6\/wp-json\/wp\/v2\/users\/1"}],"replies":[{"embeddable":true,"href":"http:\/\/supexup.formatome.fr\/2024-2025\/RPMC\/6\/wp-json\/wp\/v2\/comments?post=402"}],"version-history":[{"count":5,"href":"http:\/\/supexup.formatome.fr\/2024-2025\/RPMC\/6\/wp-json\/wp\/v2\/pages\/402\/revisions"}],"predecessor-version":[{"id":419,"href":"http:\/\/supexup.formatome.fr\/2024-2025\/RPMC\/6\/wp-json\/wp\/v2\/pages\/402\/revisions\/419"}],"wp:attachment":[{"href":"http:\/\/supexup.formatome.fr\/2024-2025\/RPMC\/6\/wp-json\/wp\/v2\/media?parent=402"}],"curies":[{"name":"wp","href":"https:\/\/api.w.org\/{rel}","templated":true}]}}